{"id":12008,"date":"2017-05-12T13:08:05","date_gmt":"2017-05-12T11:08:05","guid":{"rendered":"https:\/\/rissmann.com\/sede-norimberga\/"},"modified":"2018-10-01T09:45:51","modified_gmt":"2018-10-01T07:45:51","slug":"sede-norimberga","status":"publish","type":"page","link":"https:\/\/rissmann.com\/it\/rissmann-live\/sede-norimberga\/","title":{"rendered":"sede Norimberga"},"content":{"rendered":"[vc_row][vc_column][vc_single_image image=&#8221;4143&#8243; img_size=&#8221;full&#8221; alignment=&#8221;center&#8221; title=&#8221;sede Norimberga&#8221;][\/vc_column][\/vc_row][vc_row css=&#8221;.vc_custom_1484147608868{margin-top: 50px !important;margin-right: 0px !important;margin-left: 0px !important;}&#8221;][vc_column][vc_row_inner css=&#8221;.vc_custom_1483013060204{padding-top: 30px !important;padding-right: 20px !important;padding-bottom: 30px !important;padding-left: 20px !important;background-color: #ffffff !important;}&#8221;][vc_column_inner width=&#8221;1\/2&#8243;][vc_column_text css_animation=&#8221;right-to-left&#8221; css=&#8221;.vc_custom_1487001049594{padding-bottom: 26px !important;}&#8221;]\n<h4 id=\"willkommen\"><strong>Benvenuti in RISSMANN<\/strong><\/h4>\n<p>Siamo produttori leader di soluzioni di imballaggio esclusive e individuali per l\u2019industria degli articoli di marca nel settore dei beni di alta qualit\u00e0 e lusso.<br \/>\nNella sede di Norimberga vengono creati e prodotti imballaggi ricercati e innovativi in forma di cartonaggi e buste per i nostri clienti nazionali e internazionali.<br \/>\nNel nostro reparto interno di creazione e sviluppo con costruzione di prototipi integrati lavoriamo continuamente a nuovi prodotti e tecniche innovative.[\/vc_column_text][\/vc_column_inner][vc_column_inner width=&#8221;1\/2&#8243;][vc_images_carousel images=&#8221;7049,10245,10244&#8243; img_size=&#8221;530&#215;353&#8243;][\/vc_column_inner][\/vc_row_inner][\/vc_column][\/vc_row][vc_row css=&#8221;.vc_custom_1486660430131{margin-top: 35px !important;margin-right: 0px !important;margin-left: 0px !important;}&#8221;][vc_column][vc_row_inner css=&#8221;.vc_custom_1483013060204{padding-top: 30px !important;padding-right: 20px !important;padding-bottom: 30px !important;padding-left: 20px !important;background-color: #ffffff !important;}&#8221;][vc_column_inner width=&#8221;1\/2&#8243;][vc_images_carousel images=&#8221;5274,5275,5276,5278,5279,5277,5280&#8243; img_size=&#8221;530&#215;353&#8243;][\/vc_column_inner][vc_column_inner width=&#8221;1\/2&#8243; css=&#8221;.vc_custom_1484226396996{padding-left: 23px !important;}&#8221;][vc_column_text css_animation=&#8221;right-to-left&#8221;]\n<h4 id=\"maschinen\"><strong>Parco macchine<\/strong><\/h4>\n<p>La nostra sede centrale si trova a Norimberga dal 1995. Qui vengono prodotti esclusivi cartonaggi duri e pieghevoli, nonch\u00e9 buste di carta di alta qualit\u00e0 nelle pi\u00f9 moderne linee di produzione semiautomatiche e completamente automatiche.<br \/>\nIl parco macchine in costante crescita e dotato di tecnologie complesse garantisce un&#8217;elevata produttivit\u00e0 a fronte della massima qualit\u00e0 e di cicli di produzione brevi.[\/vc_column_text][\/vc_column_inner][\/vc_row_inner][\/vc_column][\/vc_row][vc_row css=&#8221;.vc_custom_1487839978256{margin-top: 35px !important;margin-right: 0px !important;margin-bottom: 15px !important;margin-left: 0px !important;}&#8221;][vc_column][vc_row_inner css=&#8221;.vc_custom_1483013060204{padding-top: 30px !important;padding-right: 20px !important;padding-bottom: 30px !important;padding-left: 20px !important;background-color: #ffffff !important;}&#8221;][vc_column_inner width=&#8221;1\/2&#8243;][vc_column_text css_animation=&#8221;right-to-left&#8221; css=&#8221;.vc_custom_1487839653115{padding-bottom: 26px !important;}&#8221;]\n<h4 id=\"fertigung\"><strong>Produzione manuale e controllo di qualit\u00e0<\/strong><\/h4>\n<p>La nostra produzione manuale nella sede di Norimberga completa complessi cartonaggi in elevatissima qualit\u00e0, monta pezzi singoli speciali come ad es. inserti o parti di imbutitura o realizza nastri di chiusura e simili.<br \/>\nInfine i prodotti vengono sottoposti a rigidi controlli di qualit\u00e0.[\/vc_column_text][\/vc_column_inner][vc_column_inner width=&#8221;1\/2&#8243;][vc_single_image image=&#8221;10243&#8243; img_size=&#8221;530&#215;353&#8243;][\/vc_column_inner][\/vc_row_inner][\/vc_column][\/vc_row]\n","protected":false},"excerpt":{"rendered":"<p>[vc_row][vc_column][vc_single_image image=&#8221;4143&#8243; img_size=&#8221;full&#8221; alignment=&#8221;center&#8221; title=&#8221;sede Norimberga&#8221;][\/vc_column][\/vc_row][vc_row css=&#8221;.vc_custom_1484147608868{margin-top: 50px !important;margin-right: 0px !important;margin-left: 0px !important;}&#8221;][vc_column][vc_row_inner css=&#8221;.vc_custom_1483013060204{padding-top: 30px !important;padding-right: 20px !important;padding-bottom: 30px !important;padding-left: 20px !important;background-color: #ffffff !important;}&#8221;][vc_column_inner width=&#8221;1\/2&#8243;][vc_column_text css_animation=&#8221;right-to-left&#8221; css=&#8221;.vc_custom_1487001049594{padding-bottom: 26px !important;}&#8221;] Benvenuti in RISSMANN Siamo produttori leader di soluzioni di imballaggio esclusive e individuali per l\u2019industria degli articoli di marca nel settore dei beni di alta qualit\u00e0&#8230;<\/p>\n","protected":false},"author":1,"featured_media":0,"parent":12017,"menu_order":0,"comment_status":"closed","ping_status":"closed","template":"page-full.php","meta":[],"_links":{"self":[{"href":"https:\/\/rissmann.com\/it\/wp-json\/wp\/v2\/pages\/12008"}],"collection":[{"href":"https:\/\/rissmann.com\/it\/wp-json\/wp\/v2\/pages"}],"about":[{"href":"https:\/\/rissmann.com\/it\/wp-json\/wp\/v2\/types\/page"}],"author":[{"embeddable":true,"href":"https:\/\/rissmann.com\/it\/wp-json\/wp\/v2\/users\/1"}],"replies":[{"embeddable":true,"href":"https:\/\/rissmann.com\/it\/wp-json\/wp\/v2\/comments?post=12008"}],"version-history":[{"count":0,"href":"https:\/\/rissmann.com\/it\/wp-json\/wp\/v2\/pages\/12008\/revisions"}],"up":[{"embeddable":true,"href":"https:\/\/rissmann.com\/it\/wp-json\/wp\/v2\/pages\/12017"}],"wp:attachment":[{"href":"https:\/\/rissmann.com\/it\/wp-json\/wp\/v2\/media?parent=12008"}],"curies":[{"name":"wp","href":"https:\/\/api.w.org\/{rel}","templated":true}]}}