{"id":11998,"date":"2017-05-12T12:52:10","date_gmt":"2017-05-12T10:52:10","guid":{"rendered":"https:\/\/rissmann.com\/responsabilita\/"},"modified":"2025-05-15T11:08:59","modified_gmt":"2025-05-15T09:08:59","slug":"responsabilita","status":"publish","type":"page","link":"https:\/\/rissmann.com\/it\/rissmann-live\/responsabilita\/","title":{"rendered":"responsabilit\u00e0"},"content":{"rendered":"[vc_row][vc_column][vc_single_image image=&#8221;7569&#8243; img_size=&#8221;full&#8221; alignment=&#8221;center&#8221; title=&#8221;responsabilit\u00e0&#8221;][\/vc_column][\/vc_row][vc_row css=&#8221;.vc_custom_1487840039299{margin-top: 50px !important;margin-right: 0px !important;margin-left: 0px !important;}&#8221;][vc_column][vc_row_inner css=&#8221;.vc_custom_1487860299098{padding-top: 30px !important;padding-right: 20px !important;padding-bottom: 30px !important;padding-left: 20px !important;background-color: #ffffff !important;}&#8221;][vc_column_inner width=&#8221;1\/2&#8243;][vc_column_text css_animation=&#8221;right-to-left&#8221; css=&#8221;.vc_custom_1747300136637{margin-right: 15px !important;}&#8221;]\n<h4 id=\"umwelt\"><strong>Responsabilit\u00e0 ambientale<\/strong><\/h4>\n<p>Da met\u00e0 2014 siamo passati alla produzione di elettricit\u00e0 dall&#8217;energia solare: in media ogni anno il 65% del consumo elettrico \u00e8 coperto dalla produzione interna, permettendo un risparmio di 190 tonnellate di CO2 l&#8217;anno in media.<br \/>\nPuntiamo alla massima realizzazione della compatibilit\u00e0 ambientale.<br \/>\nIn qualit\u00e0 di azienda della lavorazione della carta diamo grande valore al riciclaggio e alla provenienza di legno e cellulosa da impianti sostenibili.<br \/>\nRissmann \u00e8 certificata FSC\u00ae\u00a0e collabora con partner certificati.<br \/>\nLa conformit\u00e0 con le norme REACH \u00e8 per noi la massima priorit\u00e0.<\/p>\n<p><strong>Contatti se siete interessati alla nostra politica ambientale<\/strong><br \/>\nPer ulteriori informazioni e interesse sulla politica ambientale del Gruppo RISSMANN, contattateci all&#8217;indirizzo <strong><a href=\"mailto:contact@rissmann.com\">contact@rissmann.com<\/a><\/strong> o tramite il nostro <a href=\"https:\/\/rissmann.com\/it\/contatti\/\"><strong>modulo di contatto<\/strong><\/a>.<br \/>\nSaremo lieti di ascoltarvi.[\/vc_column_text][\/vc_column_inner][vc_column_inner width=&#8221;1\/2&#8243;][vc_images_carousel images=&#8221;7004,7003,7005&#8243; img_size=&#8221;530&#215;353&#8243;][\/vc_column_inner][\/vc_row_inner][\/vc_column][\/vc_row][vc_row css=&#8221;.vc_custom_1487840050190{margin-top: 35px !important;margin-right: 0px !important;margin-bottom: 15px !important;margin-left: 0px !important;}&#8221;][vc_column][vc_row_inner css=&#8221;.vc_custom_1487859755732{padding-top: 30px !important;padding-right: 20px !important;padding-bottom: 30px !important;padding-left: 20px !important;background-color: #ffffff !important;}&#8221;][vc_column_inner width=&#8221;1\/2&#8243;][vc_images_carousel images=&#8221;7183,7024&#8243; img_size=&#8221;530&#215;353&#8243;][\/vc_column_inner][vc_column_inner width=&#8221;1\/2&#8243; css=&#8221;.vc_custom_1487859875482{padding-left: 20px !important;}&#8221;][vc_column_text css_animation=&#8221;right-to-left&#8221; css=&#8221;.vc_custom_1495093718538{padding-bottom: 26px !important;}&#8221;]\n<h4 id=\"verantwortung\"><strong>Responsabilit\u00e0 sociale<\/strong><\/h4>\n<p>Certificazione SA8000 e certificazione della maggior parte dei nostri partner secondo le direttive SA8000.<br \/>\nFilosofia aziendale eticamente valida.<br \/>\nNessun lavoro infantile: mai e in nessuna sede della nostra catena di creazione del valore.<br \/>\nCondizioni di lavoro sane e sicure.<br \/>\nNessuno sfruttamento del lavoro.<br \/>\nNessuna discriminazione di collaboratori, fornitori e partner.[\/vc_column_text][\/vc_column_inner][\/vc_row_inner][\/vc_column][\/vc_row]\n","protected":false},"excerpt":{"rendered":"<p>[vc_row][vc_column][vc_single_image image=&#8221;7569&#8243; img_size=&#8221;full&#8221; alignment=&#8221;center&#8221; title=&#8221;responsabilit\u00e0&#8221;][\/vc_column][\/vc_row][vc_row css=&#8221;.vc_custom_1487840039299{margin-top: 50px !important;margin-right: 0px !important;margin-left: 0px !important;}&#8221;][vc_column][vc_row_inner css=&#8221;.vc_custom_1487860299098{padding-top: 30px !important;padding-right: 20px !important;padding-bottom: 30px !important;padding-left: 20px !important;background-color: #ffffff !important;}&#8221;][vc_column_inner width=&#8221;1\/2&#8243;][vc_column_text css_animation=&#8221;right-to-left&#8221; css=&#8221;.vc_custom_1747300136637{margin-right: 15px !important;}&#8221;] Responsabilit\u00e0 ambientale Da met\u00e0 2014 siamo passati alla produzione di elettricit\u00e0 dall&#8217;energia solare: in media ogni anno il 65% del consumo elettrico \u00e8 coperto dalla produzione interna,&#8230;<\/p>\n","protected":false},"author":1,"featured_media":0,"parent":12017,"menu_order":0,"comment_status":"closed","ping_status":"closed","template":"page-full.php","meta":[],"_links":{"self":[{"href":"https:\/\/rissmann.com\/it\/wp-json\/wp\/v2\/pages\/11998"}],"collection":[{"href":"https:\/\/rissmann.com\/it\/wp-json\/wp\/v2\/pages"}],"about":[{"href":"https:\/\/rissmann.com\/it\/wp-json\/wp\/v2\/types\/page"}],"author":[{"embeddable":true,"href":"https:\/\/rissmann.com\/it\/wp-json\/wp\/v2\/users\/1"}],"replies":[{"embeddable":true,"href":"https:\/\/rissmann.com\/it\/wp-json\/wp\/v2\/comments?post=11998"}],"version-history":[{"count":4,"href":"https:\/\/rissmann.com\/it\/wp-json\/wp\/v2\/pages\/11998\/revisions"}],"predecessor-version":[{"id":475052,"href":"https:\/\/rissmann.com\/it\/wp-json\/wp\/v2\/pages\/11998\/revisions\/475052"}],"up":[{"embeddable":true,"href":"https:\/\/rissmann.com\/it\/wp-json\/wp\/v2\/pages\/12017"}],"wp:attachment":[{"href":"https:\/\/rissmann.com\/it\/wp-json\/wp\/v2\/media?parent=11998"}],"curies":[{"name":"wp","href":"https:\/\/api.w.org\/{rel}","templated":true}]}}