{"id":11670,"date":"2017-05-09T14:07:28","date_gmt":"2017-05-09T12:07:28","guid":{"rendered":"https:\/\/rissmann.com\/speciali\/"},"modified":"2017-05-19T10:09:43","modified_gmt":"2017-05-19T08:09:43","slug":"speciali","status":"publish","type":"page","link":"https:\/\/rissmann.com\/it\/concetti\/cartonaggi\/speciali\/","title":{"rendered":"speciali"},"content":{"rendered":"[vc_row css=&#8221;.vc_custom_1484583399042{margin-bottom: 0px !important;padding-top: 0px !important;padding-bottom: 0px !important;}&#8221;][vc_column][vc_single_image image=&#8221;3444&#8243; img_size=&#8221;full&#8221; alignment=&#8221;center&#8221; title=&#8221;speciali&#8221;][\/vc_column][\/vc_row][vc_row css=&#8221;.vc_custom_1484583421576{margin-top: 50px !important;margin-right: 0px !important;margin-bottom: 0px !important;margin-left: 0px !important;}&#8221;][vc_column][vc_row_inner css=&#8221;.vc_custom_1482965383778{padding-top: 30px !important;padding-right: 20px !important;padding-bottom: 30px !important;padding-left: 20px !important;background-color: #ffffff !important;}&#8221;][vc_column_inner width=&#8221;1\/3&#8243;][vc_column_text css_animation=&#8221;left-to-right&#8221; css=&#8221;.vc_custom_1494950282468{margin-bottom: 20px !important;}&#8221;]\n<h4 id=\"toc_0\"><strong>Confezione pieghevole<\/strong> con usi aggiuntivi<\/h4>\n<p>Questa scatola pieghevole con una parte fustellata pu\u00f2 essere aperta mediante una linguetta nella parte inferiore, permettendo di estrarre la parte superiore della confezione, all\u2019aspetto sembra un refrigeratore per champagne, in cui vi \u00e8 gi\u00e0 una bottiglia di champagne. \u2026allora cin-cin![\/vc_column_text][vc_toggle title=&#8221;componenti&#8221; style=&#8221;arrow&#8221; size=&#8221;sm&#8221; css_animation=&#8221;left-to-right&#8221; el_id=&#8221;1479333630554-608df785-0f22&#8243;]\n<ul>\n<li>parte fustellata di cartone (ca. 300-400g\/m2) con linguetta<\/li>\n<li>cartone interno pieghevole e resistente all&#8217;acqua dall\u2019aspetto di un refrigeratore per champagne<\/li>\n<li>telaio applicabile sottile per il fissaggio del refrigeratore (riempimento pi\u00f9 facile)<\/li>\n<\/ul>\n[\/vc_toggle][vc_toggle title=&#8221;opzioni&#8221; style=&#8221;arrow&#8221; size=&#8221;sm&#8221; css_animation=&#8221;left-to-right&#8221; el_id=&#8221;1479333689481-e0e9f43d-cef9&#8243;]\n<ul>\n<li>numerose possibilit\u00e0 di stampa e rifinitura (vernice UV, cellophanatura, stampe in rilievo, ecc.)<\/li>\n<\/ul>\n[\/vc_toggle][vc_button title=&#8221;video del prodotto&#8221; icon_fontawesome=&#8221;fa fa-play-circle&#8221; align=&#8221;left&#8221; add_icon=&#8221;true&#8221; href=&#8221;https:\/\/www.youtube.com\/watch?v=UvNZuPUcDlo&amp;rel=0&#8243; el_class=&#8221;video&#8221;][\/vc_column_inner][vc_column_inner width=&#8221;2\/3&#8243;][vc_images_carousel images=&#8221;6558,6559&#8243; img_size=&#8221;710&#215;473&#8243;][\/vc_column_inner][\/vc_row_inner][\/vc_column][\/vc_row][vc_row css=&#8221;.vc_custom_1484583434874{margin-top: 35px !important;margin-right: 0px !important;margin-bottom: 0px !important;margin-left: 0px !important;}&#8221;][vc_column][vc_row_inner css=&#8221;.vc_custom_1482965383778{padding-top: 30px !important;padding-right: 20px !important;padding-bottom: 30px !important;padding-left: 20px !important;background-color: #ffffff !important;}&#8221;][vc_column_inner width=&#8221;2\/3&#8243;][vc_images_carousel images=&#8221;4689&#8243; img_size=&#8221;710&#215;473&#8243;][\/vc_column_inner][vc_column_inner width=&#8221;1\/3&#8243;][vc_column_text css_animation=&#8221;left-to-right&#8221; css=&#8221;.vc_custom_1494950292830{margin-bottom: 20px !important;}&#8221;]\n<h4 id=\"toc_0\"><strong>Cofanetto in cartone<\/strong> con carta pieghevole<\/h4>\n<p>Il piccolo cofanetto regola \u00e8 una struttura assolutamente speciale con carta a comparsa incollata: stravagante e funzionale.[\/vc_column_text][vc_toggle title=&#8221;componenti&#8221; style=&#8221;arrow&#8221; size=&#8221;sm&#8221; css_animation=&#8221;left-to-right&#8221; el_id=&#8221;1484105032519-6b709346-e2bc&#8221;]\n<ul>\n<li>scatola esterna = cofanetto<\/li>\n<li>scatola interna = cassetto<\/li>\n<li>guida di apertura = linguetta, ad es. nastro\/\u2009cordino\/\u2009nastro in pelle \/ foro d\u2019impugnatura \/ maniglia in metallo ecc.<\/li>\n<li>carta pieghevole in cartone duro con inserto pop-up personalizzato<\/li>\n<\/ul>\n[\/vc_toggle][vc_toggle title=&#8221;opzioni&#8221; style=&#8221;arrow&#8221; size=&#8221;sm&#8221; css_animation=&#8221;left-to-right&#8221; el_id=&#8221;1484105032574-4bcf63d3-1cb1&#8243;]\n<ul>\n<li>tecnica di fustellatura con bordi obliqui<\/li>\n<li>tecnica di scanalatura con bordi a 90\u00b0<\/li>\n<li>inserto personalizzato possibile<\/li>\n<li>numerose possibilit\u00e0 di stampa e rifinitura (vernice UV, cellophanatura, stampe in rilievo ecc.)<\/li>\n<\/ul>\n[\/vc_toggle][\/vc_column_inner][\/vc_row_inner][\/vc_column][\/vc_row][vc_row css=&#8221;.vc_custom_1484583448975{margin-top: 35px !important;margin-right: 0px !important;margin-bottom: 0px !important;margin-left: 0px !important;}&#8221;][vc_column][vc_row_inner css=&#8221;.vc_custom_1482965383778{padding-top: 30px !important;padding-right: 20px !important;padding-bottom: 30px !important;padding-left: 20px !important;background-color: #ffffff !important;}&#8221;][vc_column_inner width=&#8221;1\/3&#8243;][vc_column_text css_animation=&#8221;left-to-right&#8221; css=&#8221;.vc_custom_1494950304194{margin-bottom: 20px !important;}&#8221;]\n<h4 id=\"toc_0\"><strong>Cartonaggio coperchio ribaltabile<\/strong> con diversi inserti<\/h4>\n<p>Il cartonaggio con coperchio ribaltabile con diversi inserti, nel cassetto e nel coperchio \u00e8 molto stravagante e funzionale.[\/vc_column_text][vc_toggle title=&#8221;componenti&#8221; style=&#8221;arrow&#8221; size=&#8221;sm&#8221; css_animation=&#8221;left-to-right&#8221; el_id=&#8221;1484105028385-b07dbafe-eaad&#8221;]\n<ul>\n<li>cassetto pieghevole (in cartone ondulato sottile)<\/li>\n<li>coperchio ribaltabile in cartone duro con magneti<\/li>\n<li>inserti con nastro di gomma nel coperchio<\/li>\n<li>inserti con incisioni nel cassetto<\/li>\n<li>ansa larga per il trasporto<\/li>\n<\/ul>\n[\/vc_toggle][vc_toggle title=&#8221;opzioni&#8221; style=&#8221;arrow&#8221; size=&#8221;sm&#8221; css_animation=&#8221;left-to-right&#8221; el_id=&#8221;1484105028424-e6934711-e219&#8243;]\n<ul>\n<li>numerose possibilit\u00e0 di stampa e rifinitura (vernice UV, cellophanatura, stampe in rilievo, ecc.)<\/li>\n<\/ul>\n[\/vc_toggle][\/vc_column_inner][vc_column_inner width=&#8221;2\/3&#8243;][vc_images_carousel images=&#8221;4694,4692&#8243; img_size=&#8221;710&#215;473&#8243;][\/vc_column_inner][\/vc_row_inner][\/vc_column][\/vc_row][vc_row css=&#8221;.vc_custom_1484583470666{margin-top: 35px !important;margin-right: 0px !important;margin-bottom: 0px !important;margin-left: 0px !important;}&#8221;][vc_column][vc_row_inner css=&#8221;.vc_custom_1482965383778{padding-top: 30px !important;padding-right: 20px !important;padding-bottom: 30px !important;padding-left: 20px !important;background-color: #ffffff !important;}&#8221;][vc_column_inner width=&#8221;2\/3&#8243;][vc_images_carousel images=&#8221;4695&#8243; img_size=&#8221;710&#215;473&#8243;][\/vc_column_inner][vc_column_inner width=&#8221;1\/3&#8243;][vc_column_text css_animation=&#8221;left-to-right&#8221; css=&#8221;.vc_custom_1494950314272{margin-bottom: 20px !important;}&#8221;]\n<h4 id=\"toc_0\"><strong>Cartonaggio a collare<\/strong> con inserti speciali<\/h4>\n<p>Il cartonaggio a collare con inserti speciali \u00e8 molto stravagante e scaltro.[\/vc_column_text][vc_toggle title=&#8221;componenti&#8221; style=&#8221;arrow&#8221; size=&#8221;sm&#8221; css_animation=&#8221;left-to-right&#8221; el_id=&#8221;1484105067577-ea668bce-3f41&#8243;]\n<ul>\n<li>cassetto inferiore<\/li>\n<li>inserti applicati in sovrapposizione (invece di cassetto interno) con scanalature<\/li>\n<li>coperchio superiore con incisioni e panello interno come supporto per l\u2019ansa<\/li>\n<li>chiusura con pomello in metallo e nastro in plastica largo per agganciare<\/li>\n<li>ampia ansa in plastica<\/li>\n<\/ul>\n[\/vc_toggle][vc_toggle title=&#8221;opzioni&#8221; style=&#8221;arrow&#8221; size=&#8221;sm&#8221; css_animation=&#8221;left-to-right&#8221; el_id=&#8221;1484105067640-515c5df4-439f&#8221;]\n<ul>\n<li>numerose possibilit\u00e0 di stampa e rifinitura (vernice UV, cellophanatura, stampe in rilievo, ecc.)<\/li>\n<\/ul>\n[\/vc_toggle][\/vc_column_inner][\/vc_row_inner][\/vc_column][\/vc_row][vc_row css=&#8221;.vc_custom_1484583481780{margin-top: 35px !important;margin-right: 0px !important;margin-bottom: 0px !important;margin-left: 0px !important;}&#8221;][vc_column][vc_row_inner css=&#8221;.vc_custom_1482965383778{padding-top: 30px !important;padding-right: 20px !important;padding-bottom: 30px !important;padding-left: 20px !important;background-color: #ffffff !important;}&#8221;][vc_column_inner width=&#8221;1\/3&#8243;][vc_column_text css_animation=&#8221;left-to-right&#8221; css=&#8221;.vc_custom_1484583566638{margin-bottom: 20px !important;}&#8221;]\n<h4 id=\"toc_0\"><strong>Scatola pieghevole ottagonale<\/strong><\/h4>\n<p>Questa scatola pieghevole molto stabile e compatta \u00e8 molto pi\u00f9 che stravagante: grazie alla forma ottagonale pu\u00f2 essere sistemata ovunque. Lo sportello solleva automaticamente il contenuto all\u2019apertura e lo presenta in maniera ottimale all\u2019utente.[\/vc_column_text][vc_toggle title=&#8221;componenti&#8221; style=&#8221;arrow&#8221; size=&#8221;sm&#8221; css_animation=&#8221;left-to-right&#8221; el_id=&#8221;1484105175918-e9b4829c-39b2&#8243;]\n<ul>\n<li>scatola a doppia parete, ottagonale, con sportello anteriore<\/li>\n<li>cassetto interno estraibile<\/li>\n<li>linguette interne ed esterne<\/li>\n<li>chiusura magnetica forte<\/li>\n<li>elementi decorativi<\/li>\n<\/ul>\n[\/vc_toggle][vc_toggle title=&#8221;opzioni&#8221; style=&#8221;arrow&#8221; size=&#8221;sm&#8221; css_animation=&#8221;left-to-right&#8221; el_id=&#8221;1484105176007-8ff0daa4-4493&#8243;]\n<ul>\n<li>ripiani individuali \/ inserti integrabili<\/li>\n<li>diverse linguette \/ guide di apertura<\/li>\n<li>numerose possibilit\u00e0 di stampa e rifinitura (vernice UV, cellophanatura, stampe in rilievo, ecc.)<\/li>\n<\/ul>\n[\/vc_toggle][\/vc_column_inner][vc_column_inner width=&#8221;2\/3&#8243;][vc_images_carousel images=&#8221;4684,4683&#8243; img_size=&#8221;710&#215;473&#8243;][\/vc_column_inner][\/vc_row_inner][\/vc_column][\/vc_row][vc_row css=&#8221;.vc_custom_1484583493467{margin-top: 35px !important;margin-right: 0px !important;margin-left: 0px !important;}&#8221;][vc_column][vc_row_inner css=&#8221;.vc_custom_1482965383778{padding-top: 30px !important;padding-right: 20px !important;padding-bottom: 30px !important;padding-left: 20px !important;background-color: #ffffff !important;}&#8221;][vc_column_inner width=&#8221;2\/3&#8243;][vc_images_carousel images=&#8221;4686,4688,4687&#8243; img_size=&#8221;710&#215;473&#8243;][\/vc_column_inner][vc_column_inner width=&#8221;1\/3&#8243;][vc_column_text css_animation=&#8221;left-to-right&#8221; css=&#8221;.vc_custom_1494950331656{margin-bottom: 20px !important;}&#8221;]\n<h4 id=\"toc_0\"><strong>Cofanetto<\/strong> e <strong>scatola pieghevole<\/strong> in legno<\/h4>\n<p>Queste confezioni in legno si presentano molto pregiate ed eleganti e rifinite con la pelle.[\/vc_column_text][vc_toggle title=&#8221;componenti&#8221; style=&#8221;arrow&#8221; size=&#8221;sm&#8221; css_animation=&#8221;left-to-right&#8221; el_id=&#8221;1484105174297-5084e462-9688&#8243;]\n<ul>\n<li>cofanetto in cartone con cassetto interno in legno e rilegatura in pelle<\/li>\n<li>diverse rilegature<\/li>\n<li>pomello in metallo come guida di apertura<\/li>\n<li>scatola pieghevole in legno con cerniere in metallo e inserto vellutato<\/li>\n<\/ul>\n[\/vc_toggle][vc_toggle title=&#8221;opzioni&#8221; style=&#8221;arrow&#8221; size=&#8221;sm&#8221; css_animation=&#8221;left-to-right&#8221; el_id=&#8221;1484105174371-b8706281-1115&#8243;]\n<ul>\n<li>stampe in rilievo, stampa interna, rifinitura in legno possibile<\/li>\n<\/ul>\n[\/vc_toggle][\/vc_column_inner][\/vc_row_inner][\/vc_column][\/vc_row][vc_row css=&#8221;.vc_custom_1484583505331{margin-top: 35px !important;margin-right: 0px !important;margin-left: 0px !important;}&#8221;][vc_column][vc_row_inner css=&#8221;.vc_custom_1482965383778{padding-top: 30px !important;padding-right: 20px !important;padding-bottom: 30px !important;padding-left: 20px !important;background-color: #ffffff !important;}&#8221;][vc_column_inner width=&#8221;1\/3&#8243;][vc_column_text css_animation=&#8221;left-to-right&#8221; css=&#8221;.vc_custom_1494950352939{margin-bottom: 20px !important;}&#8221;]\n<h4 id=\"toc_0\"><strong>Cartonaggio a corona<\/strong> doppio con cassetto interno<\/h4>\n<p>Questo speciale cartonaggio pu\u00f2 essere aperto in entrambe le direzioni, al fine di presentare il contenuto della scatola: una tipologia di apertura stravagante con un carattere di presentazione perfetto.[\/vc_column_text][vc_toggle title=&#8221;componenti&#8221; style=&#8221;arrow&#8221; size=&#8221;sm&#8221; css_animation=&#8221;left-to-right&#8221; el_id=&#8221;1484105172159-e85b3c53-bdba&#8221;]\n<ul>\n<li>due cassetti esterni per elementi scorrevoli<\/li>\n<li>due cassetti interni (=collare) per elementi scorrevoli<\/li>\n<li>cassetto interno per prodotto<\/li>\n<li>ripiano superiore e inferiore<\/li>\n<li>altri elementi decorativi opzionali<\/li>\n<li>linguette opzionali<\/li>\n<\/ul>\n[\/vc_toggle][vc_toggle title=&#8221;opzioni&#8221; style=&#8221;arrow&#8221; size=&#8221;sm&#8221; css_animation=&#8221;left-to-right&#8221; el_id=&#8221;1484105172228-f4323481-3b33&#8243;]\n<ul>\n<li>ripiani individuali \/ inserti integrabili<\/li>\n<li>linguette \/ guide di apertura<\/li>\n<li>numerose possibilit\u00e0 di stampa e rifinitura (vernice UV, cellophanatura, stampe in rilievo, ecc.)<\/li>\n<\/ul>\n[\/vc_toggle][\/vc_column_inner][vc_column_inner width=&#8221;2\/3&#8243;][vc_images_carousel images=&#8221;4679,4681,4680&#8243; img_size=&#8221;710&#215;473&#8243;][\/vc_column_inner][\/vc_row_inner][\/vc_column][\/vc_row][vc_row css=&#8221;.vc_custom_1484583516335{margin-top: 35px !important;margin-right: 0px !important;margin-bottom: 15px !important;margin-left: 0px !important;}&#8221;][vc_column][vc_row_inner css=&#8221;.vc_custom_1482965383778{padding-top: 30px !important;padding-right: 20px !important;padding-bottom: 30px !important;padding-left: 20px !important;background-color: #ffffff !important;}&#8221;][vc_column_inner width=&#8221;2\/3&#8243;][vc_images_carousel images=&#8221;4690,6560&#8243; img_size=&#8221;710&#215;473&#8243;][\/vc_column_inner][vc_column_inner width=&#8221;1\/3&#8243;][vc_column_text css_animation=&#8221;left-to-right&#8221; css=&#8221;.vc_custom_1494950367647{margin-bottom: 20px !important;}&#8221;]\n<h4 id=\"toc_0\">La <strong>serie neon<\/strong> di RISSMANN<\/h4>\n<p>Di grande effetto e schietta: che sia una BookBox con cassetto interno neon, un cofanetto o addirittura una scatola a forma di bottone&#8230; le idee scorrono libere![\/vc_column_text][vc_toggle title=&#8221;componenti&#8221; style=&#8221;arrow&#8221; size=&#8221;sm&#8221; css_animation=&#8221;left-to-right&#8221; el_id=&#8221;1484105170267-4193f7f3-1ba0&#8243;]\n<ul>\n<li>combinazioni di materiali ricche di contrasto<\/li>\n<li>cassetti interni pieghevoli<\/li>\n<li>chiusure in materiali naturali, ad es. nastri in pelle, cinghie in plastica o materiale tessuto<\/li>\n<\/ul>\n[\/vc_toggle][vc_toggle title=&#8221;opzioni&#8221; style=&#8221;arrow&#8221; size=&#8221;sm&#8221; css_animation=&#8221;left-to-right&#8221; el_id=&#8221;1484105170336-4b8911e4-5f28&#8243;]\n<ul>\n<li>numerose possibilit\u00e0 di stampa e rifinitura (vernice UV, cellophanatura, stampe in rilievo, ecc.)<\/li>\n<\/ul>\n[\/vc_toggle][\/vc_column_inner][\/vc_row_inner][\/vc_column][\/vc_row]\n","protected":false},"excerpt":{"rendered":"<p>[vc_row css=&#8221;.vc_custom_1484583399042{margin-bottom: 0px !important;padding-top: 0px !important;padding-bottom: 0px !important;}&#8221;][vc_column][vc_single_image image=&#8221;3444&#8243; img_size=&#8221;full&#8221; alignment=&#8221;center&#8221; title=&#8221;speciali&#8221;][\/vc_column][\/vc_row][vc_row css=&#8221;.vc_custom_1484583421576{margin-top: 50px !important;margin-right: 0px !important;margin-bottom: 0px !important;margin-left: 0px !important;}&#8221;][vc_column][vc_row_inner css=&#8221;.vc_custom_1482965383778{padding-top: 30px !important;padding-right: 20px !important;padding-bottom: 30px !important;padding-left: 20px !important;background-color: #ffffff !important;}&#8221;][vc_column_inner width=&#8221;1\/3&#8243;][vc_column_text css_animation=&#8221;left-to-right&#8221; css=&#8221;.vc_custom_1494950282468{margin-bottom: 20px !important;}&#8221;] Confezione pieghevole con usi aggiuntivi Questa scatola pieghevole con una parte fustellata pu\u00f2 essere aperta mediante una linguetta&#8230;<\/p>\n","protected":false},"author":1,"featured_media":0,"parent":12334,"menu_order":0,"comment_status":"closed","ping_status":"closed","template":"page-full.php","meta":[],"_links":{"self":[{"href":"https:\/\/rissmann.com\/it\/wp-json\/wp\/v2\/pages\/11670"}],"collection":[{"href":"https:\/\/rissmann.com\/it\/wp-json\/wp\/v2\/pages"}],"about":[{"href":"https:\/\/rissmann.com\/it\/wp-json\/wp\/v2\/types\/page"}],"author":[{"embeddable":true,"href":"https:\/\/rissmann.com\/it\/wp-json\/wp\/v2\/users\/1"}],"replies":[{"embeddable":true,"href":"https:\/\/rissmann.com\/it\/wp-json\/wp\/v2\/comments?post=11670"}],"version-history":[{"count":0,"href":"https:\/\/rissmann.com\/it\/wp-json\/wp\/v2\/pages\/11670\/revisions"}],"up":[{"embeddable":true,"href":"https:\/\/rissmann.com\/it\/wp-json\/wp\/v2\/pages\/12334"}],"wp:attachment":[{"href":"https:\/\/rissmann.com\/it\/wp-json\/wp\/v2\/media?parent=11670"}],"curies":[{"name":"wp","href":"https:\/\/api.w.org\/{rel}","templated":true}]}}