{"id":11621,"date":"2017-05-09T12:12:17","date_gmt":"2017-05-09T10:12:17","guid":{"rendered":"https:\/\/rissmann.com\/newmagic\/"},"modified":"2017-05-18T13:56:14","modified_gmt":"2017-05-18T11:56:14","slug":"newmagic","status":"publish","type":"page","link":"https:\/\/rissmann.com\/it\/concetti\/cartonaggi\/newmagic\/","title":{"rendered":"NewMagic"},"content":{"rendered":"[vc_row][vc_column][vc_single_image image=&#8221;4847&#8243; img_size=&#8221;full&#8221; alignment=&#8221;center&#8221; title=&#8221;NewMagic&#8221;][\/vc_column][\/vc_row][vc_row css=&#8221;.vc_custom_1486042884266{margin-top: 50px !important;margin-right: 0px !important;margin-left: 0px !important;}&#8221;][vc_column][vc_row_inner css=&#8221;.vc_custom_1482965383778{padding-top: 30px !important;padding-right: 20px !important;padding-bottom: 30px !important;padding-left: 20px !important;background-color: #ffffff !important;}&#8221;][vc_column_inner width=&#8221;1\/3&#8243;][vc_column_text css_animation=&#8221;left-to-right&#8221; css=&#8221;.vc_custom_1494949239401{margin-bottom: 20px !important;}&#8221;]\n<h4 id=\"toc_0\"><strong>Cartonaggio a coperchio <\/strong>con cassetto Magic<\/h4>\n<p>Il classico in una variante del tutto nuova: un coperchio fisso poggia su un cassetto pieghevole. Ci\u00f2 si traduce in un ingombro minimo, maggiore flessibilit\u00e0 e numerose possibilit\u00e0 di configurazione.[\/vc_column_text][vc_toggle title=&#8221;componenti&#8221; style=&#8221;arrow&#8221; size=&#8221;sm&#8221; css_animation=&#8221;left-to-right&#8221; el_id=&#8221;1479333630554-608df785-0f22&#8243;]\n<ul>\n<li>rilegatura in tre parti\u2009=\u2009parete esterna del cassetto<\/li>\n<li>due parti laterali =\u2009pareti laterali del cassetto<\/li>\n<li>coperchio<\/li>\n<\/ul>\n[\/vc_toggle][vc_toggle title=&#8221;opzioni&#8221; style=&#8221;arrow&#8221; size=&#8221;sm&#8221; css_animation=&#8221;left-to-right&#8221; el_id=&#8221;1479333689481-e0e9f43d-cef9&#8243;]\n<ul>\n<li>nastri adesivi ai bordi delle parti laterali &gt;&gt; fissaggio permanente della scatola (questo non pu\u00f2 pi\u00f9 essere poggiato piatto)<\/li>\n<li>magneti agli angoli delle parti laterali &gt;&gt; fissaggio momentaneo della scatola (questo pu\u00f2 essere poggiato piatto)<\/li>\n<li>due sportelli aggiuntivi (flap) sulle parti laterali sono possibili per la stabilizzazione e il fissaggio della scatola mediante incollaggio &#8211; la scatola pu\u00f2 essere riposta nuovamente piatta; in caso di utilizzo di nastro adesivo aggiuntivo si verifica un fissaggio permanente<\/li>\n<li>parti laterali possibili anche senza fissaggio &#8211; in questo modo la scatola non ha una stabilit\u00e0 propria in stato aperto<\/li>\n<li>tecnica di fustellatura con bordi obliqui (per il coperchio)<\/li>\n<li>tecnica di scanalatura con bordi a 90\u00b0(per il coperchio)<\/li>\n<li>opzionale con finestra d\u2019ispezione<\/li>\n<li>inserto personalizzabile possibile<\/li>\n<li>numerose possibilit\u00e0 di stampa e rifinitura (vernice UV, cellophanatura, stampe in rilievo, ecc.)<\/li>\n<\/ul>\n[\/vc_toggle][\/vc_column_inner][vc_column_inner width=&#8221;2\/3&#8243;][vc_images_carousel images=&#8221;4841,4842,4843,4844&#8243; img_size=&#8221;710&#215;473&#8243;][\/vc_column_inner][\/vc_row_inner][\/vc_column][\/vc_row][vc_row css=&#8221;.vc_custom_1486042901108{margin-top: 35px !important;margin-right: 0px !important;margin-bottom: 15px !important;margin-left: 0px !important;}&#8221;][vc_column][vc_row_inner css=&#8221;.vc_custom_1482965383778{padding-top: 30px !important;padding-right: 20px !important;padding-bottom: 30px !important;padding-left: 20px !important;background-color: #ffffff !important;}&#8221;][vc_column_inner width=&#8221;2\/3&#8243;][vc_images_carousel images=&#8221;12965&#8243; img_size=&#8221;710&#215;473&#8243;][\/vc_column_inner][vc_column_inner width=&#8221;1\/3&#8243;][vc_column_text css_animation=&#8221;left-to-right&#8221; css=&#8221;.vc_custom_1494949250306{margin-bottom: 20px !important;}&#8221;]\n<h4 id=\"toc_0\"><strong>Cartonaggio a coperchio <\/strong>con cassetto Magic<\/h4>\n<p>Il classico in una variante del tutto nuova: un coperchio fisso poggia su un cassetto pieghevole. Ci\u00f2 si traduce in un ingombro minimo, maggiore flessibilit\u00e0 e numerose possibilit\u00e0 di configurazione, come mostrato nella progettazione di design interni.[\/vc_column_text][vc_toggle title=&#8221;componenti&#8221; style=&#8221;arrow&#8221; size=&#8221;sm&#8221; el_id=&#8221;1486032755775-86c16970-6825&#8243;]\n<ul>\n<li>rilegatura in tre parti\u2009=\u2009parete esterna del cassetto<\/li>\n<li>due parti laterali =\u2009pareti laterali del cassetto<\/li>\n<li>coperchio<\/li>\n<\/ul>\n[\/vc_toggle][vc_toggle title=&#8221;opzioni&#8221; style=&#8221;arrow&#8221; size=&#8221;sm&#8221; el_id=&#8221;1486032769091-b03e9cd4-670a&#8221;]\n<ul>\n<li>nastri adesivi ai bordi delle parti laterali &gt;&gt; fissaggio permanente della scatola (questo non pu\u00f2 pi\u00f9 essere poggiato piatto)<\/li>\n<li>magneti agli angoli delle parti laterali &gt;&gt; fissaggio momentaneo della scatola (questo pu\u00f2 essere poggiato piatto)<\/li>\n<li>due sportelli aggiuntivi (flap) sulle parti laterali sono possibili per la stabilizzazione e il fissaggio della scatola mediante incollaggio &#8211; la scatola pu\u00f2 essere riposta nuovamente piatta; in caso di utilizzo di nastro adesivo aggiuntivo si verifica un fissaggio permanente<\/li>\n<li>parti laterali possibili anche senza fissaggio &#8211; in questo modo la scatola non ha una stabilit\u00e0 propria in stato aperto<\/li>\n<li>tecnica di fustellatura con bordi obliqui (per il coperchio)<\/li>\n<li>tecnica di scanalatura con bordi a 90\u00b0(per il coperchio)<\/li>\n<li>opzionale con finestra d\u2019ispezione<\/li>\n<li>inserto personalizzabile possibile<\/li>\n<li>numerose possibilit\u00e0 di stampa e rifinitura (vernice UV, cellophanatura, stampe in rilievo, ecc.)<\/li>\n<\/ul>\n[\/vc_toggle][\/vc_column_inner][\/vc_row_inner][\/vc_column][\/vc_row]\n","protected":false},"excerpt":{"rendered":"<p>[vc_row][vc_column][vc_single_image image=&#8221;4847&#8243; img_size=&#8221;full&#8221; alignment=&#8221;center&#8221; title=&#8221;NewMagic&#8221;][\/vc_column][\/vc_row][vc_row css=&#8221;.vc_custom_1486042884266{margin-top: 50px !important;margin-right: 0px !important;margin-left: 0px !important;}&#8221;][vc_column][vc_row_inner css=&#8221;.vc_custom_1482965383778{padding-top: 30px !important;padding-right: 20px !important;padding-bottom: 30px !important;padding-left: 20px !important;background-color: #ffffff !important;}&#8221;][vc_column_inner width=&#8221;1\/3&#8243;][vc_column_text css_animation=&#8221;left-to-right&#8221; css=&#8221;.vc_custom_1494949239401{margin-bottom: 20px !important;}&#8221;] Cartonaggio a coperchio con cassetto Magic Il classico in una variante del tutto nuova: un coperchio fisso poggia su un cassetto pieghevole. Ci\u00f2 si traduce in un&#8230;<\/p>\n","protected":false},"author":1,"featured_media":0,"parent":12334,"menu_order":0,"comment_status":"closed","ping_status":"closed","template":"page-full.php","meta":[],"_links":{"self":[{"href":"https:\/\/rissmann.com\/it\/wp-json\/wp\/v2\/pages\/11621"}],"collection":[{"href":"https:\/\/rissmann.com\/it\/wp-json\/wp\/v2\/pages"}],"about":[{"href":"https:\/\/rissmann.com\/it\/wp-json\/wp\/v2\/types\/page"}],"author":[{"embeddable":true,"href":"https:\/\/rissmann.com\/it\/wp-json\/wp\/v2\/users\/1"}],"replies":[{"embeddable":true,"href":"https:\/\/rissmann.com\/it\/wp-json\/wp\/v2\/comments?post=11621"}],"version-history":[{"count":0,"href":"https:\/\/rissmann.com\/it\/wp-json\/wp\/v2\/pages\/11621\/revisions"}],"up":[{"embeddable":true,"href":"https:\/\/rissmann.com\/it\/wp-json\/wp\/v2\/pages\/12334"}],"wp:attachment":[{"href":"https:\/\/rissmann.com\/it\/wp-json\/wp\/v2\/media?parent=11621"}],"curies":[{"name":"wp","href":"https:\/\/api.w.org\/{rel}","templated":true}]}}