{"id":57102,"date":"2019-08-26T15:23:52","date_gmt":"2019-08-26T13:23:52","guid":{"rendered":"https:\/\/rissmann.com\/?page_id=57102"},"modified":"2019-08-26T16:22:18","modified_gmt":"2019-08-26T14:22:18","slug":"datenschutzerklaerung-facebook","status":"publish","type":"page","link":"https:\/\/rissmann.com\/fr\/datenschutz\/datenschutzerklaerung-facebook\/","title":{"rendered":"Datenschutzerkl\u00e4rung Facebook"},"content":{"rendered":"[vc_row][vc_column][vc_single_image image=\u00a0\u00bb3272&Prime; img_size=\u00a0\u00bbfull\u00a0\u00bb alignment=\u00a0\u00bbcenter\u00a0\u00bb title=\u00a0\u00bbDatenschutzerkl\u00e4rung Facebook\u00a0\u00bb][\/vc_column][\/vc_row][vc_row css=\u00a0\u00bb.vc_custom_1477907726877{margin-top: 45px !important;}\u00a0\u00bb][vc_column][vc_column_text]\n<h3>Herzlich Willkommen auf der Facebook-Seite von Rissmann GmbH<\/h3>\n<p><strong>Verantwortliche Stellen:<\/strong><\/p>\n<p>Facebook Ireland Ltd. (nachfolgend als \u201eFacebook\u201c genannt)<br \/>\n4 Grand Canal Square<br \/>\nGrand Canal Harbour<br \/>\nDublin 2<br \/>\nIrland<\/p>\n<p><em>und<\/em><\/p>\n<p>Rissmann GmbH<br \/>\nLenkersheimerStr. 26<br \/>\n90431 N\u00fcrnberg<br \/>\nDeutschland<br \/>\ninfo@rissmann.com<\/p>\n<h4>Informationen \u00fcber die Facebook-Seite von Rissmann GmbH<\/h4>\n<p>Der Gebrauch dieser Facebook-Seite ist f\u00fcr den Zweck um Werbung f\u00fcr die Produkte und Dienstleistung zu generieren und um die Kontaktaufnahme mit potentiellen Kunden sowie Bestandskunden zu suchen. Weiter Informationen, Angaben und Produktinformationen k\u00f6nnen Sie auch von unseren Webseite www.rissmann.com entnehmen und nachlesen.<\/p>\n<p>Als Betreiber der Facebook-Seite haben wir kein Interesse an der Erhebung und der Verarbeitung von individuellen personenbezogenen Daten unserer Besucher. Wir erheben hier keine Daten zur Marktanalyse oder Marketingzwecken. Genaue Informationen, wie wir mit Ihren personenbezogenen Daten umgehen, kann aus unserer Datenschutzerkl\u00e4rung https:\/\/rissmann.com\/datenschutz\/ auf unserer Webseite entnommen werden.<\/p>\n<p>Die Rechtgrundlage f\u00fcr den Betrieb dieser Facebook-Seite \u2013 auch die f\u00fcr die Verarbeitung personenbezogener Daten \u2013 beruht auf berechtigtem Interesse nach Art. 6 Abs. 1 lit. f. EU-DSGVO.<\/p>\n<h4>Verarbeitung von personenbezogenen Daten durch Facebook<\/h4>\n<p>Laut dem Urteil des Europ\u00e4ischen Gerichtshofes (EuGH) vom 5.06.2018 wurde entschieden, dass der Betreiber einer Facebook-Seite zusammen mit Facebook gemeinsamer Verantwortlicher bei der Verarbeitung personenbezogener Daten ist.<\/p>\n<p>Folgenden Daten werden als Nutzer von Facebook erhoben:<\/p>\n<ul>\n<li>Werbung (Analyse-Tools, Tracker und personalisierte Werbung)<\/li>\n<li>Erstellung und Auswertung von Nutzerprofilen<\/li>\n<li>Marktforschung und Marketinganalysen<\/li>\n<\/ul>\n<p>Die Facebook Inc., ist der amerikanische Mutterkonzern der Facebook Ltd. Ireland und ist EU-US Privacy-Shield zertifiziert. Das bedeutet, dass Facebook die Zusage gibt, sich an die datenschutzrichtlinien auf europ\u00e4ischer Ebene zu halten und diese umzusetzen. Dies kann hier eingesehen werden: https:\/\/www.privacyshield.gov\/participant?id=a2zt0000000GnywAAC&amp;status=Active<\/p>\n<p>Auf die Einhaltung dieser Richtlinien haben wir keinen Einfluss oder Einsicht. Dass Risiken und \u00dcbermittlungen von Benutzerdaten in Drittl\u00e4nder stattfinden, k\u00f6nnen wir nicht ausschlie\u00dfen.<\/p>\n<h4>Cookies durch Facebook<\/h4>\n<p>Wenn Sie die Facebook-Seite besuchen speichert Facebook m\u00f6glicherweise Informationen auf Ihrem Computer in Form von Cookies. Cookies sind kleine Dateien die von einem Internetserver an Ihren Browser \u00fcbertragen und auf dessen Festplatte gespeichert werden. Lediglich die Internet Protokoll Adresse wird hierbei gespeichert \u2013 keine personenbezogenen Daten. Diese Information die in den Cookies gespeichert wird erlaubt es, Sie bei dem n\u00e4chsten Besuch auf unserer Internetseite automatisch wiederzuerkennen, wodurch Ihnen die Nutzung erleichtert wird. Rechtsgrundlage f\u00fcr den Einsatz von Cookies ist das berechtigte Interesse gem\u00e4\u00df Art. 6 Abs. 1 lit. f DSGVO.<\/p>\n<p>Nat\u00fcrlich k\u00f6nnen Sie die Facebook-Seite auch besuchen ohne Cookies zu akzeptieren. Wenn Sie nicht m\u00f6chten, dass Ihr Computer beim n\u00e4chsten Besuch wiedererkannt wird k\u00f6nnen Sie die Verwendung von Cookies auch ablehnen indem Sie die Einstellungen in Ihrem Browser auf \u201eCookies ablehnen\u201c \u00e4ndern. Die jeweilige Vorgehensweise finden Sie in der Bedienungsanleitung Ihres jeweiligen Browsers. Wenn Sie die Verwendung von Cookies ablehnen, kann es jedoch zu Einschr\u00e4nkungen in der Nutzung mancher Bereiche unserer Internetseiten kommen.<\/p>\n<p>Die Datenschutzerkl\u00e4rung von Facebook enth\u00e4lt weitere Informationen zur Datenverarbeitung: https:\/\/www.facebook.com\/about\/privacy\/<\/p>\n<p>Widerspruchsm\u00f6glichkeiten (sog. Opt-Out) k\u00f6nnen hier:<br \/>\nhttps:\/\/www.facebook.com\/settings?tab=ads und hier http:\/\/www.youronlinechoices.com gesetzt werden.<\/p>\n<h4>Statistische Datenerhebung durch Facebook<\/h4>\n<p>Facebook stellt uns mittels Facebook Insights statistische Daten. Diese Anwendung kann helfen, weiterf\u00fchrende Informationen zu Demografie, Standort oder Konsumverhalten potenzieller Kundschaft zu entdecken. Mit Facebook Insights wird untersucht, wen man mit der eigenen Werbebotschaft erreicht hat. Die entsprechenden Daten kann man sich dann entweder f\u00fcr alle Facebook-Nutzer oder f\u00fcr die Fans einer Seite sowie f\u00fcr eine festgelegte Custom Audience anzeigen lassen. Die Insights geben dann genauere Infos zu:<\/p>\n<ul>\n<li>Demografische Angaben: Alter, Geschlecht, Beziehungsstatus etc.<\/li>\n<li>Gef\u00e4llt mir: Angaben von Fans f\u00fcr andere Facebook Seiten<\/li>\n<li>Standort und Spracheinstellung der Nutzer<\/li>\n<li>Telefonnummer<\/li>\n<li>Aktivit\u00e4t der ausgew\u00e4hlten Nutzer<\/li>\n<li>Anteil M\u00e4nner und Frauen<\/li>\n<li>Berufe<\/li>\n<li>Routeplaner<\/li>\n<\/ul>\n<p>Laut Facebook sind s\u00e4mtliche Daten, die in den Insights einsehbar sind, f\u00fcr Werbetreibende aggregiert und anonym. Es k\u00f6nnen folglich keine R\u00fcckschl\u00fcsse auf einzelne Personen gezogen werden. Wir benutzen diese in aggregierter Form, um die Beitr\u00e4ge und Aktivit\u00e4ten auf unserer Seite f\u00fcr jeden Nutzer individuell attraktiver gestalten zu k\u00f6nnen. Ich\/wir nutzen z.B. die Verteilung nach Alter und Geschlecht f\u00fcr eine angepasst Kommunikation und die priorisierten Besuchszeiten der Nutzer, um eine zeitlich optimierte Planung der Beitr\u00e4ge dieser Facebook-Seite. Informationen u\u0308ber die Art der verwendeten Endger\u00e4te von Besuchern helfen uns dabei, die Beitr\u00e4ge optisch-gestalterisch daran anzupassen. Entsprechend der Facebook-Nutzungsbedingungen, denen jeder Benutzer im Rahmen der Erstellung eines Facebook-Profils zugestimmt hat, k\u00f6nnen wir die Abonnenten und Fans der Seite identifizieren und deren Profile sowie weitere geteilte Informationen von ihnen einsehen.<\/p>\n<h4>Betroffenenrechte der Nutzer<\/h4>\n<p>Ich\/wir kann\/k\u00f6nnen leider nicht unseren Informationspflichten nach Art. 13 EU-DSGVO nachkommen, da nur Facebook den vollst\u00e4ndigen Zugriff auf die Benutzerdaten hat. Falls Sie von Ihren Betroffenenrechten Gebrauch machen wollen, kontaktierten Sie hier bitte direkt Facebook. Zu diesen Rechten geh\u00f6ren folgende:<\/p>\n<h4>Recht auf Auskunft:<\/h4>\n<p>Sie k\u00f6nnen von uns eine Auskunft verlangen, ob und in welchem Ausma\u00df wir Ihre Daten verarbeiten.<\/p>\n<h4>Recht auf Berichtigung:<\/h4>\n<p>Verarbeiten wir Ihre Daten, die unvollst\u00e4ndig oder unrichtig sind, so k\u00f6nnen Sie jederzeit deren Berichtigung bzw. deren Vervollst\u00e4ndigung von uns verlangen.<\/p>\n<h4>Recht auf L\u00f6schung:<\/h4>\n<p>Sie k\u00f6nnen von uns die L\u00f6schung Ihrer Daten verlangen, sofern wir diese unrechtm\u00e4\u00dfig verarbeiten oder die Verarbeitung unverh\u00e4ltnism\u00e4\u00dfig in Ihre berechtigten Schutzinteressen eingreift. Bitte beachten Sie, dass es Gr\u00fcnde geben kann, die einer sofortigen L\u00f6schung entgegenstehen, z.B. im Fall von gesetzlich geregelten Aufbewahrungspflichten.<br \/>\nUnabh\u00e4ngig von der Wahrnehmung Ihres Rechts auf L\u00f6schung, werden wir Ihre Daten umgehend und vollst\u00e4ndig l\u00f6schen, soweit keine diesbez\u00fcgliche rechtsgesch\u00e4ftliche oder gesetzliche Aufbewahrungspflicht entgegensteht.<\/p>\n<h4>Recht auf Einschr\u00e4nkung der Verarbeitung:<\/h4>\n<ul>\n<li>Sie k\u00f6nnen von uns die Einschr\u00e4nkung der Verarbeitung Ihrer Daten verlangen, wenn<\/li>\n<li>Sie die Richtigkeit der Daten bestreiten, und zwar f\u00fcr eine Dauer, die es uns erm\u00f6glicht, die Richtigkeit der Daten zu \u00fcberpr\u00fcfen.<\/li>\n<li>die Verarbeitung der Daten unrechtm\u00e4\u00dfig ist, Sie aber eine L\u00f6schung ablehnen und stattdessen eine Einschr\u00e4nkung der Datennutzung verlangen,<\/li>\n<li>wir die Daten f\u00fcr den vorgesehenen Zweck nicht mehr ben\u00f6tigen, Sie diese Daten aber noch zur Geltendmachung oder Verteidigung von Rechtsanspr\u00fcchen brauchen, oder<\/li>\n<li>Sie Widerspruch gegen die Verarbeitung der Daten eingelegt haben.<\/li>\n<\/ul>\n<h4>Recht auf Daten\u00fcbertragbarkeit:<\/h4>\n<p>Sie k\u00f6nnen von uns verlangen, dass wir Ihnen Ihre Daten, die Sie uns bereitgestellt haben, in einem strukturierten, g\u00e4ngigen und maschinenlesbaren Format zur Verf\u00fcgung stellen und dass Sie diese Daten einem anderen Verantwortlichen ohne Behinderung durch uns \u00fcbermitteln k\u00f6nnen, sofern<\/p>\n<ul>\n<li>wir diese Daten aufgrund einer von Ihnen erteilten und widerrufbaren Zustimmung oder zur Erf\u00fcllung eines Vertrages zwischen uns verarbeiten, und<\/li>\n<li>diese Verarbeitung mithilfe automatisierter Verfahren erfolgt.<\/li>\n<\/ul>\n<p>Bei technischer Machbarkeit k\u00f6nnen Sie von uns eine direkte \u00dcbermittlung Ihrer Daten an einen anderen Verantwortlichen verlangen.<\/p>\n<h4>Widerspruchsrecht:<\/h4>\n<p>Verarbeiten wir Ihre Daten aus berechtigtem Interesse, so k\u00f6nnen Sie gegen diese Datenverarbeitung jederzeit Widerspruch einlegen; dies w\u00fcrde auch f\u00fcr ein auf diese Bestimmungen gest\u00fctztes Profiling gelten. Wir verarbeiten dann Ihre Daten nicht mehr, es sei denn, wir k\u00f6nnen zwingende schutzw\u00fcrdige Gr\u00fcnde f\u00fcr die Verarbeitung nachweisen, die Ihre Interessen, Rechte und Freiheiten \u00fcberwiegen oder die Verarbeitung dient der Geltendmachung, Aus\u00fcbung oder Verteidigung von Rechtsanspr\u00fcchen. Der Verarbeitung Ihrer Daten zum Zweck der Direktwerbung k\u00f6nnen Sie jederzeit ohne Angabe von Gr\u00fcnden widersprechen.<\/p>\n<h4>Beschwerderecht:<\/h4>\n<p>Sind Sie der Meinung, dass wir bei der Verarbeitung Ihrer Daten gegen deutsches oder europ\u00e4isches Datenschutzrecht versto\u00dfen, so bitten wir Sie, mit uns Kontakt aufzunehmen, um Fragen aufkl\u00e4ren zu k\u00f6nnen. Sie haben selbstverst\u00e4ndlich auch das Recht, sich an die f\u00fcr Sie zust\u00e4ndige Aufsichtsbeh\u00f6rde, das jeweilige Landesamt f\u00fcr Datenschutzaufsicht, zu wenden.<br \/>\nSofern Sie eines der genannten Rechte uns gegen\u00fcber geltend machen wollen, so wenden Sie sich bitte an unseren Datenschutzbeauftragten. Im Zweifel k\u00f6nnen wir zus\u00e4tzliche Informationen zur Best\u00e4tigung Ihrer Identit\u00e4t anfordern.<\/p>\n<p>Sollten Sie dabei Unterstu\u0308tzung ben\u00f6tigen oder anderweitige Fragen haben, dann kontaktieren Sie uns gerne unter per E-Mail unter info@rissmann.com. Wenn Sie die hier beschriebenen Datenverarbeitungen zuku\u0308nftig nicht mehr wu\u0308nschen, dann heben Sie bitte durch Nutzung der Funktionen \u201eDiese Seite gef\u00e4llt mir nicht mehr\u201c und\/oder \u201eDiese Seite nicht mehr abonnieren\u201c die Verbindung Ihres Benutzer-Profils zu unserer Seite auf.[\/vc_column_text][\/vc_column][\/vc_row]\n","protected":false},"excerpt":{"rendered":"<p>[vc_row][vc_column][vc_single_image image=\u00a0\u00bb3272&Prime; img_size=\u00a0\u00bbfull\u00a0\u00bb alignment=\u00a0\u00bbcenter\u00a0\u00bb title=\u00a0\u00bbDatenschutzerkl\u00e4rung Facebook\u00a0\u00bb][\/vc_column][\/vc_row][vc_row css=\u00a0\u00bb.vc_custom_1477907726877{margin-top: 45px !important;}\u00a0\u00bb][vc_column][vc_column_text] Herzlich Willkommen auf der Facebook-Seite von Rissmann GmbH Verantwortliche Stellen: Facebook Ireland Ltd. (nachfolgend als \u201eFacebook\u201c genannt) 4 Grand Canal Square Grand Canal Harbour Dublin 2 Irland und Rissmann GmbH LenkersheimerStr. 26 90431 N\u00fcrnberg Deutschland info@rissmann.com Informationen \u00fcber die Facebook-Seite von Rissmann GmbH Der Gebrauch dieser&#8230;<\/p>\n","protected":false},"author":1,"featured_media":0,"parent":18,"menu_order":0,"comment_status":"closed","ping_status":"closed","template":"page-full.php","meta":[],"_links":{"self":[{"href":"https:\/\/rissmann.com\/fr\/wp-json\/wp\/v2\/pages\/57102"}],"collection":[{"href":"https:\/\/rissmann.com\/fr\/wp-json\/wp\/v2\/pages"}],"about":[{"href":"https:\/\/rissmann.com\/fr\/wp-json\/wp\/v2\/types\/page"}],"author":[{"embeddable":true,"href":"https:\/\/rissmann.com\/fr\/wp-json\/wp\/v2\/users\/1"}],"replies":[{"embeddable":true,"href":"https:\/\/rissmann.com\/fr\/wp-json\/wp\/v2\/comments?post=57102"}],"version-history":[{"count":9,"href":"https:\/\/rissmann.com\/fr\/wp-json\/wp\/v2\/pages\/57102\/revisions"}],"predecessor-version":[{"id":57165,"href":"https:\/\/rissmann.com\/fr\/wp-json\/wp\/v2\/pages\/57102\/revisions\/57165"}],"up":[{"embeddable":true,"href":"https:\/\/rissmann.com\/fr\/wp-json\/wp\/v2\/pages\/18"}],"wp:attachment":[{"href":"https:\/\/rissmann.com\/fr\/wp-json\/wp\/v2\/media?parent=57102"}],"curies":[{"name":"wp","href":"https:\/\/api.w.org\/{rel}","templated":true}]}}