{"id":11486,"date":"2017-05-08T16:15:06","date_gmt":"2017-05-08T14:15:06","guid":{"rendered":"https:\/\/rissmann.com\/concepts\/sacs\/"},"modified":"2017-05-17T23:28:25","modified_gmt":"2017-05-17T21:28:25","slug":"sacs","status":"publish","type":"page","link":"https:\/\/rissmann.com\/fr\/concepts\/sacs\/","title":{"rendered":"sacs en papier"},"content":{"rendered":"[vc_row][vc_column][vc_single_image image=\u00a0\u00bb3300&Prime; img_size=\u00a0\u00bbfull\u00a0\u00bb alignment=\u00a0\u00bbcenter\u00a0\u00bb title=\u00a0\u00bbsacs\u00a0\u00bb][\/vc_column][\/vc_row][vc_row css=\u00a0\u00bb.vc_custom_1478043890425{margin-top: 35px !important;}\u00a0\u00bb][vc_column width=\u00a0\u00bb1\/4&Prime;][\/vc_column][vc_column width=\u00a0\u00bb1\/2&Prime;][vc_column_text css_animation=\u00a0\u00bbbottom-to-top\u00a0\u00bb]\n<h4 style=\"text-align: center;\">Nous vous permettons de transporter votre publicit\u00e9, de mani\u00e8re personnalis\u00e9e et cr\u00e9ative.<\/h4>\n[\/vc_column_text][\/vc_column][vc_column width=\u00a0\u00bb1\/4&Prime;][\/vc_column][\/vc_row][vc_row css=\u00a0\u00bb.vc_custom_1495006999615{margin-top: 25px !important;margin-bottom: 15px !important;}\u00a0\u00bb][vc_column][vc_tabs color=\u00a0\u00bbgrey\u00a0\u00bb style=\u00a0\u00bbstyle_4&Prime; el_class=\u00a0\u00bbfs-tabs tragetaschen\u00a0\u00bb][vc_tab title=\u00a0\u00bbsac \u00e0 4 n\u0153uds\u00a0\u00bb tab_id=\u00a0\u00bb345ed528-ba95-60cbd-0fbe\u00a0\u00bb][vc_row_inner][vc_column_inner width=\u00a0\u00bb2\/3&Prime;][vc_images_carousel images=\u00a0\u00bb4088,4089,4090,4091,4092&Prime; img_size=\u00a0\u00bb710&#215;473&Prime;][\/vc_column_inner][vc_column_inner width=\u00a0\u00bb1\/3&Prime;][vc_column_text css=\u00a0\u00bb.vc_custom_1484298864608{margin-bottom: 20px !important;}\u00a0\u00bb]\n<h4><strong>Sac \u00e0 4 n\u0153uds<\/strong><\/h4>\n<p>Le sac classique offrant de possibilit\u00e9s innombrables.[\/vc_column_text][vc_toggle title=\u00a0\u00bbcomposants\u00a0\u00bb style=\u00a0\u00bbarrow\u00a0\u00bb size=\u00a0\u00bbsm\u00a0\u00bb el_id=\u00a0\u00bb1478083578567-0faaa2e7-c2c6&Prime;]\n<ul>\n<li>Sac de transport<\/li>\n<li>carton pour le renfort du pourtour et fond int\u00e9rieur<\/li>\n<li>anse (par ex. cordon, bande, courroie de plastique ou de cuir etc.)<\/li>\n<\/ul>\n[\/vc_toggle][vc_toggle title=\u00a0\u00bboptions\u00a0\u00bb style=\u00a0\u00bbarrow\u00a0\u00bb size=\u00a0\u00bbsm\u00a0\u00bb el_id=\u00a0\u00bb1478083640106-37db9b36-f777&Prime;]\n<ul>\n<li>\u00a0divers fonds pliants (fond standard, fond estamp\u00e9, fond d\u00e9coratif)<\/li>\n<li>en fonction du pliant du fond avec ou sans pli sur le sac<\/li>\n<li>en option, \u0153illet pour renforcer les trous<\/li>\n<li>de nombreuses possibilit\u00e9s d&rsquo;impression et d&rsquo;ennoblissement (vernis UV, cello, estampes etc.)<\/li>\n<\/ul>\n[\/vc_toggle][vc_btn title=\u00a0\u00bbautres variantes\u00a0\u00bb shape=\u00a0\u00bbsquare\u00a0\u00bb link=\u00a0\u00bburl:https%3A%2F%2Frissmann.com\/fr\/concepts\/sacs\/sac-de-transport-a-4-noeuds\/|||\u00a0\u00bb css=\u00a0\u00bb.vc_custom_1487938223685{margin-top: 20px !important;}\u00a0\u00bb][\/vc_column_inner][\/vc_row_inner][\/vc_tab][vc_tab title=\u00a0\u00bbpliages de fond\u00a0\u00bb tab_id=\u00a0\u00bb1486043143433-6-7&Prime;][vc_row_inner][vc_column_inner width=\u00a0\u00bb2\/3&Prime;][vc_images_carousel images=\u00a0\u00bb6551,6552,6550&Prime; img_size=\u00a0\u00bb710&#215;473&Prime;][\/vc_column_inner][vc_column_inner width=\u00a0\u00bb1\/3&Prime;][vc_column_text css_animation=\u00a0\u00bbleft-to-right\u00a0\u00bb]\n<h4><strong>Variantes pour le pliage de fond:<\/strong><\/h4>\n<p><strong>fond standard<\/strong><\/p>\n<ul>\n<li>production avantageuse<\/li>\n<li>carton de fond encoll\u00e9<\/li>\n<li>non adapt\u00e9 aux mati\u00e8res tr\u00e8s \u00e9paisses<\/li>\n<li>pli sur un c\u00f4t\u00e9<\/li>\n<\/ul>\n<p><strong>fond perfor\u00e9<\/strong><\/p>\n<ul>\n<li>carton de fond encoll\u00e9<\/li>\n<li>adapt\u00e9 aux mati\u00e8res tr\u00e8s \u00e9paisses<\/li>\n<li>pli sur un c\u00f4<\/li>\n<\/ul>\n<p><strong>fond d\u00e9coratif<\/strong><\/p>\n<ul>\n<li>aucun pli<\/li>\n<li>le fond se plie de mani\u00e8re sym\u00e9trique vers l&rsquo;int\u00e9rieur<\/li>\n<li>le carton de fond est ins\u00e9r\u00e9, ne colle pas<\/li>\n<\/ul>\n[\/vc_column_text][vc_btn title=\u00a0\u00bbautres variantes\u00a0\u00bb shape=\u00a0\u00bbsquare\u00a0\u00bb link=\u00a0\u00bburl:https%3A%2F%2Frissmann.com\/fr\/concepts\/sacs\/pliages-de-fond\/|||\u00a0\u00bb css=\u00a0\u00bb.vc_custom_1487938450031{margin-top: 20px !important;}\u00a0\u00bb][\/vc_column_inner][\/vc_row_inner][\/vc_tab][vc_tab title=\u00a0\u00bbsac avec trou de poign\u00e9e\u00a0\u00bb tab_id=\u00a0\u00bb1478262737970-10-30cbd-0fbe\u00a0\u00bb][vc_row_inner el_class=\u00a0\u00bbfs-tab-slide\u00a0\u00bb][vc_column_inner width=\u00a0\u00bb2\/3&Prime;][vc_images_carousel images=\u00a0\u00bb4427&Prime; img_size=\u00a0\u00bb710&#215;473&Prime; wrap=\u00a0\u00bbyes\u00a0\u00bb][\/vc_column_inner][vc_column_inner width=\u00a0\u00bb1\/3&Prime;][vc_column_text css=\u00a0\u00bb.vc_custom_1484847944573{margin-bottom: 20px !important;}\u00a0\u00bb]\n<h4 id=\"toc_3\"><strong>Sac de transport avec encoche perfor\u00e9e servant de poign\u00e9e<\/strong><\/h4>\n<p>Plut\u00f4t qu&rsquo;une anse classique, il est possible de perforer un trou de poign\u00e9e \u2013 pour plus d&rsquo;extravagance et de chic&#8230;[\/vc_column_text][vc_toggle title=\u00a0\u00bbcomposants\u00a0\u00bb style=\u00a0\u00bbarrow\u00a0\u00bb size=\u00a0\u00bbsm\u00a0\u00bb el_id=\u00a0\u00bb1478795393670-f3bd1abb-07b6&Prime;]\n<ul>\n<li>sac de transport avec encoche de trou de poign\u00e9e<\/li>\n<li>renfort en carton sur le pourtour et fond int\u00e9rieur<\/li>\n<\/ul>\n[\/vc_toggle][vc_toggle title=\u00a0\u00bboptions\u00a0\u00bb style=\u00a0\u00bbarrow\u00a0\u00bb size=\u00a0\u00bbsm\u00a0\u00bb el_id=\u00a0\u00bb1478795393746-1f91a27d-37ed\u00a0\u00bb]\n<ul>\n<li>trou de poign\u00e9e perfor\u00e9 avec bord ouvert \u00bb renfort en papier visible \u00e0 l&rsquo;int\u00e9rieur<\/li>\n<li>trou de poign\u00e9e perfor\u00e9 avec bords cach\u00e9s \u00bb papier rabattu vers l&rsquo;int\u00e9rieur sur le bord sup\u00e9rieur et coll\u00e9<\/li>\n<li>ivers plis de fonds possibles<br \/>\n(fond standard, fond perfor\u00e9, fond d\u00e9coratif)<\/li>\n<li>en fonction du pli du fond avec ou sans pli sur le sac<\/li>\n<li>de nombreuses possibilit\u00e9s d&rsquo;impression et d&rsquo;ennoblissement (vernis UV, cello, estampes etc.)<\/li>\n<\/ul>\n[\/vc_toggle][vc_btn title=\u00a0\u00bbautres variantes\u00a0\u00bb shape=\u00a0\u00bbsquare\u00a0\u00bb link=\u00a0\u00bburl:https%3A%2F%2Frissmann.com\/fr\/concepts\/sacs\/sac-avec-trou-de-poignee\/|||\u00a0\u00bb][\/vc_column_inner][\/vc_row_inner][\/vc_tab][vc_tab title=\u00a0\u00bbsac \u00e0 rabat\u00a0\u00bb tab_id=\u00a0\u00bb1478044403355-7-20cbd-0fbe\u00a0\u00bb][vc_row_inner el_class=\u00a0\u00bbfs-tab-slide\u00a0\u00bb][vc_column_inner width=\u00a0\u00bb2\/3&Prime;][vc_images_carousel images=\u00a0\u00bb4261&Prime; img_size=\u00a0\u00bb710&#215;473&Prime; wrap=\u00a0\u00bbyes\u00a0\u00bb][\/vc_column_inner][vc_column_inner width=\u00a0\u00bb1\/3&Prime;][vc_column_text css=\u00a0\u00bb.vc_custom_1484848091734{margin-bottom: 20px !important;}\u00a0\u00bb]\n<h4 id=\"toc_9\"><strong>Sac \u00e0 rabat<\/strong><\/h4>\n<p>Version similaire au sac \u00e0 main avec des cordelettes.[\/vc_column_text][vc_toggle title=\u00a0\u00bbcomposants\u00a0\u00bb style=\u00a0\u00bbarrow\u00a0\u00bb size=\u00a0\u00bbsm\u00a0\u00bb el_id=\u00a0\u00bb1479895693867-f46faa01-3a6f\u00a0\u00bb]\n<ul>\n<li>sac de transport avec rabat<\/li>\n<li>carton pour le renfort du pourtour et fond int\u00e9rieur<\/li>\n<li>anse (par ex. cordon, bande, bande de plastique ou de cuir etc.)<\/li>\n<li>fermeture aimant\u00e9e<\/li>\n<\/ul>\n[\/vc_toggle][vc_toggle title=\u00a0\u00bboptions\u00a0\u00bb style=\u00a0\u00bbarrow\u00a0\u00bb size=\u00a0\u00bbsm\u00a0\u00bb el_id=\u00a0\u00bb1479895693942-fdb2f3b8-4194&Prime;]\n<ul>\n<li>de nombreuses possibilit\u00e9s d&rsquo;impression et d&rsquo;ennoblissement (vernis UV, cello, estampes, etc.)<\/li>\n<\/ul>\n[\/vc_toggle][vc_btn title=\u00a0\u00bbautres variantes\u00a0\u00bb shape=\u00a0\u00bbsquare\u00a0\u00bb link=\u00a0\u00bburl:https%3A%2F%2Frissmann.com\/fr\/concepts\/sacs\/sac-a-rabat\/|||\u00a0\u00bb][\/vc_column_inner][\/vc_row_inner][\/vc_tab][vc_tab title=\u00a0\u00bbspecials\u00a0\u00bb tab_id=\u00a0\u00bb1478044154382-3-10cbd-0fbe\u00a0\u00bb][vc_row_inner el_class=\u00a0\u00bbfs-tab-slide\u00a0\u00bb][vc_column_inner width=\u00a0\u00bb2\/3&Prime;][vc_images_carousel images=\u00a0\u00bb4964,4965,5219&Prime; img_size=\u00a0\u00bb710&#215;473&Prime; wrap=\u00a0\u00bbyes\u00a0\u00bb][\/vc_column_inner][vc_column_inner width=\u00a0\u00bb1\/3&Prime;][vc_column_text css=\u00a0\u00bb.vc_custom_1484848339531{margin-bottom: 20px !important;}\u00a0\u00bb]\n<h4 id=\"toc_3\"><strong>RISSMANN ImageBags <\/strong><\/h4>\n<p>\u00ab\u00a0POINTS\u00a0\u00bb<br \/>\nStructure classique avec un grand effet &#8211; nos ImageBags sont des objets de collection.[\/vc_column_text][vc_toggle title=\u00a0\u00bbcomposants\u00a0\u00bb style=\u00a0\u00bbarrow\u00a0\u00bb size=\u00a0\u00bbsm\u00a0\u00bb el_id=\u00a0\u00bb1479895748187-7cffa524-4246&Prime;]\n<ul>\n<li>sac de transport<\/li>\n<li>carton pour le renfort du pourtour et fond int\u00e9rieur<\/li>\n<li>anse (par ex. cordon, bande, courroie de plastique ou de cuir etc.) fix\u00e9 \u00e0 l&rsquo;int\u00e9rieur par un n\u0153ud<\/li>\n<\/ul>\n[\/vc_toggle][vc_toggle title=\u00a0\u00bboptions\u00a0\u00bb style=\u00a0\u00bbarrow\u00a0\u00bb size=\u00a0\u00bbsm\u00a0\u00bb el_id=\u00a0\u00bb1479895748279-9a5af12c-4a0c\u00a0\u00bb]\n<ul>\n<li>\u00a0divers fonds pliants (fond standard, fond estamp\u00e9, fond d\u00e9coratif)<\/li>\n<li>en fonction du pliant du fond avec ou sans pli sur le sac<\/li>\n<li>en option, avec \u0153illet pour renforcer les trous<\/li>\n<li>de nombreuses possibilit\u00e9s d&rsquo;impression et d&rsquo;ennoblissement (vernis UV, cello, estampes etc.)<\/li>\n<\/ul>\n[\/vc_toggle][vc_btn title=\u00a0\u00bbautres variantes\u00a0\u00bb shape=\u00a0\u00bbsquare\u00a0\u00bb link=\u00a0\u00bburl:https%3A%2F%2Frissmann.com\/fr\/concepts\/sacs\/specials-2\/|||\u00a0\u00bb][\/vc_column_inner][\/vc_row_inner][\/vc_tab][vc_tab title=\u00a0\u00bbanse coll\u00e9e\u00a0\u00bb tab_id=\u00a0\u00bba33fcab1-3121-20cbd-0fbe\u00a0\u00bb][vc_row_inner el_class=\u00a0\u00bbfs-tab-slide\u00a0\u00bb][vc_column_inner width=\u00a0\u00bb2\/3&Prime;][vc_images_carousel images=\u00a0\u00bb4200,4201,4202&Prime; img_size=\u00a0\u00bb710&#215;473&Prime;][\/vc_column_inner][vc_column_inner width=\u00a0\u00bb1\/3&Prime;][vc_column_text css=\u00a0\u00bb.vc_custom_1484847794123{margin-bottom: 20px !important;}\u00a0\u00bb]\n<h4 id=\"toc_3\"><strong>Sac avec anse coll\u00e9e<\/strong><\/h4>\n<p>\u00c9galement un classique avec des possibilit\u00e9s vari\u00e9es.[\/vc_column_text][vc_toggle title=\u00a0\u00bbcomposants\u00a0\u00bb style=\u00a0\u00bbarrow\u00a0\u00bb size=\u00a0\u00bbsm\u00a0\u00bb el_id=\u00a0\u00bb1478708275359-f20c07d3-06cd\u00a0\u00bb]\n<ul>\n<li>sac de transport<\/li>\n<li>carton pour le renfort de pourtour et fond int\u00e9rieur<\/li>\n<li>anse, sortant \u00e0 l&rsquo;int\u00e9rieur (bande ou cordon, courroie de plastique\/de cuir) coll\u00e9 dans le pourtour<\/li>\n<\/ul>\n[\/vc_toggle][vc_toggle title=\u00a0\u00bboptions\u00a0\u00bb style=\u00a0\u00bbarrow\u00a0\u00bb size=\u00a0\u00bbsm\u00a0\u00bb el_id=\u00a0\u00bb1478708279683-fedee36f-07da\u00a0\u00bb]\n<ul>\n<li>divers fonds pliants (fond standard, fond estamp\u00e9, fond d\u00e9coratif)<\/li>\n<li>en fonction du pliant du fond avec ou sans pli sur le sac<\/li>\n<li>anse sortant en haut ou \u00e0 l&rsquo;int\u00e9rieur<\/li>\n<li>de nombreuses possibilit\u00e9s d&rsquo;impression et d&rsquo;ennoblissement (vernis UV, cello, estampes etc.)<\/li>\n<\/ul>\n[\/vc_toggle][vc_btn title=\u00a0\u00bbautres variantes\u00a0\u00bb shape=\u00a0\u00bbsquare\u00a0\u00bb link=\u00a0\u00bburl:https%3A%2F%2Frissmann.com\/fr\/concepts\/sacs\/anse-collee\/|||\u00a0\u00bb][\/vc_column_inner][\/vc_row_inner][\/vc_tab][vc_tab title=\u00a0\u00bbsac \u00e0 zip\u00a0\u00bb tab_id=\u00a0\u00bb1478044153264-2-30cbd-0fbe\u00a0\u00bb][vc_row_inner el_class=\u00a0\u00bbfs-tab-slide\u00a0\u00bb][vc_column_inner width=\u00a0\u00bb2\/3&Prime;][vc_images_carousel images=\u00a0\u00bb4245,4246&Prime; img_size=\u00a0\u00bb710&#215;473&Prime; wrap=\u00a0\u00bbyes\u00a0\u00bb][\/vc_column_inner][vc_column_inner width=\u00a0\u00bb1\/3&Prime;][vc_column_text css=\u00a0\u00bb.vc_custom_1484848202626{margin-bottom: 20px !important;}\u00a0\u00bb]\n<h4 id=\"toc_12\"><strong>Sac \u00e0 zip<\/strong><\/h4>\n<p>Le sac en papier avec fermeture-\u00e9clair.[\/vc_column_text][vc_toggle title=\u00a0\u00bbcomposants\u00a0\u00bb style=\u00a0\u00bbarrow\u00a0\u00bb size=\u00a0\u00bbsm\u00a0\u00bb el_id=\u00a0\u00bb1479895730577-de2f9907-00e3&Prime;]\n<ul>\n<li>sac de transport<\/li>\n<li>fermeture-\u00e9clair<\/li>\n<li>fond int\u00e9rieur<\/li>\n<\/ul>\n[\/vc_toggle][vc_toggle title=\u00a0\u00bboptions\u00a0\u00bb style=\u00a0\u00bbarrow\u00a0\u00bb size=\u00a0\u00bbsm\u00a0\u00bb el_id=\u00a0\u00bb1479895730673-493c58fb-01f1&Prime;]\n<ul>\n<li>fen\u00eatre de visualisation<\/li>\n<li>encoches individuelles<\/li>\n<li>inlay individuel<\/li>\n<li>de nombreuses possibilit\u00e9s d&rsquo;impression et d&rsquo;ennoblissement (vernis UV, cello, estampes, etc.)<\/li>\n<\/ul>\n[\/vc_toggle][vc_btn title=\u00a0\u00bbautres variantes\u00a0\u00bb shape=\u00a0\u00bbsquare\u00a0\u00bb link=\u00a0\u00bburl:https%3A%2F%2Frissmann.com\/fr\/concepts\/sacs\/sac-a-zip\/|||\u00a0\u00bb][\/vc_column_inner][\/vc_row_inner][\/vc_tab][\/vc_tabs][\/vc_column][\/vc_row]\n","protected":false},"excerpt":{"rendered":"<p>[vc_row][vc_column][vc_single_image image=\u00a0\u00bb3300&Prime; img_size=\u00a0\u00bbfull\u00a0\u00bb alignment=\u00a0\u00bbcenter\u00a0\u00bb title=\u00a0\u00bbsacs\u00a0\u00bb][\/vc_column][\/vc_row][vc_row css=\u00a0\u00bb.vc_custom_1478043890425{margin-top: 35px !important;}\u00a0\u00bb][vc_column width=\u00a0\u00bb1\/4&Prime;][\/vc_column][vc_column width=\u00a0\u00bb1\/2&Prime;][vc_column_text css_animation=\u00a0\u00bbbottom-to-top\u00a0\u00bb] Nous vous permettons de transporter votre publicit\u00e9, de mani\u00e8re personnalis\u00e9e et cr\u00e9ative. [\/vc_column_text][\/vc_column][vc_column width=\u00a0\u00bb1\/4&Prime;][\/vc_column][\/vc_row][vc_row css=\u00a0\u00bb.vc_custom_1495006999615{margin-top: 25px !important;margin-bottom: 15px !important;}\u00a0\u00bb][vc_column][vc_tabs color=\u00a0\u00bbgrey\u00a0\u00bb style=\u00a0\u00bbstyle_4&Prime; el_class=\u00a0\u00bbfs-tabs tragetaschen\u00a0\u00bb][vc_tab title=\u00a0\u00bbsac \u00e0 4 n\u0153uds\u00a0\u00bb tab_id=\u00a0\u00bb345ed528-ba95-60cbd-0fbe\u00a0\u00bb][vc_row_inner][vc_column_inner width=\u00a0\u00bb2\/3&Prime;][vc_images_carousel images=\u00a0\u00bb4088,4089,4090,4091,4092&Prime; img_size=\u00a0\u00bb710&#215;473&Prime;][\/vc_column_inner][vc_column_inner width=\u00a0\u00bb1\/3&Prime;][vc_column_text css=\u00a0\u00bb.vc_custom_1484298864608{margin-bottom: 20px !important;}\u00a0\u00bb] Sac \u00e0 4 n\u0153uds Le sac classique offrant de&#8230;<\/p>\n","protected":false},"author":1,"featured_media":0,"parent":10558,"menu_order":0,"comment_status":"closed","ping_status":"closed","template":"page-full.php","meta":[],"_links":{"self":[{"href":"https:\/\/rissmann.com\/fr\/wp-json\/wp\/v2\/pages\/11486"}],"collection":[{"href":"https:\/\/rissmann.com\/fr\/wp-json\/wp\/v2\/pages"}],"about":[{"href":"https:\/\/rissmann.com\/fr\/wp-json\/wp\/v2\/types\/page"}],"author":[{"embeddable":true,"href":"https:\/\/rissmann.com\/fr\/wp-json\/wp\/v2\/users\/1"}],"replies":[{"embeddable":true,"href":"https:\/\/rissmann.com\/fr\/wp-json\/wp\/v2\/comments?post=11486"}],"version-history":[{"count":0,"href":"https:\/\/rissmann.com\/fr\/wp-json\/wp\/v2\/pages\/11486\/revisions"}],"up":[{"embeddable":true,"href":"https:\/\/rissmann.com\/fr\/wp-json\/wp\/v2\/pages\/10558"}],"wp:attachment":[{"href":"https:\/\/rissmann.com\/fr\/wp-json\/wp\/v2\/media?parent=11486"}],"curies":[{"name":"wp","href":"https:\/\/api.w.org\/{rel}","templated":true}]}}