{"id":11277,"date":"2017-05-05T15:44:27","date_gmt":"2017-05-05T13:44:27","guid":{"rendered":"https:\/\/rissmann.com\/concepts\/accessoires\/"},"modified":"2017-05-29T16:27:22","modified_gmt":"2017-05-29T14:27:22","slug":"accessoires","status":"publish","type":"page","link":"https:\/\/rissmann.com\/fr\/concepts\/accessoires\/","title":{"rendered":"accessoires"},"content":{"rendered":"[vc_row][vc_column][vc_single_image image=\u00a0\u00bb4366&Prime; img_size=\u00a0\u00bbfull\u00a0\u00bb alignment=\u00a0\u00bbcenter\u00a0\u00bb title=\u00a0\u00bbaccessoires\u00a0\u00bb][\/vc_column][\/vc_row][vc_row css=\u00a0\u00bb.vc_custom_1484844435646{margin-top: 35px !important;}\u00a0\u00bb][vc_column width=\u00a0\u00bb1\/6&Prime;][\/vc_column][vc_column width=\u00a0\u00bb2\/3&Prime;][vc_column_text css_animation=\u00a0\u00bbbottom-to-top\u00a0\u00bb]\n<h4 style=\"text-align: center;\">Souvent, ce sont les d\u00e9tails qui rendent un emballage unique. Chez nous, en plus des cartonnages et des sacs, vous trouverez \u00e9galement de nombreux accessoires.<\/h4>\n[\/vc_column_text][\/vc_column][vc_column width=\u00a0\u00bb1\/6&Prime;][\/vc_column][\/vc_row][vc_row css=\u00a0\u00bb.vc_custom_1496068036031{margin-top: 25px !important;margin-bottom: 15px !important;}\u00a0\u00bb][vc_column][vc_tabs color=\u00a0\u00bbgrey\u00a0\u00bb style=\u00a0\u00bbstyle_4&Prime; el_class=\u00a0\u00bbfs-tabs zubehoer\u00a0\u00bb][vc_tab title=\u00a0\u00bbhangtags\u00a0\u00bb tab_id=\u00a0\u00bb1478044403355-7-20cbd-0fbeee2b-3a17&Prime;][vc_row_inner el_class=\u00a0\u00bbfs-tab-slide\u00a0\u00bb][vc_column_inner width=\u00a0\u00bb2\/3&Prime;][vc_images_carousel images=\u00a0\u00bb5103&Prime; img_size=\u00a0\u00bb710&#215;473&Prime; wrap=\u00a0\u00bbyes\u00a0\u00bb][\/vc_column_inner][vc_column_inner width=\u00a0\u00bb1\/3&Prime;][vc_column_text css=\u00a0\u00bb.vc_custom_1484846175589{margin-bottom: 20px !important;}\u00a0\u00bb]\n<h4><strong>Hangtags <\/strong><\/h4>\n<p>Mettez en valeur votre emballage avec un hangtag cr\u00e9atif et rendez-le encore plus int\u00e9ressant\u2026[\/vc_column_text][vc_toggle title=\u00a0\u00bboptions\u00a0\u00bb style=\u00a0\u00bbarrow\u00a0\u00bb size=\u00a0\u00bbsm\u00a0\u00bb el_id=\u00a0\u00bb1479895693867-f46faa01-3a6f\u00a0\u00bb]\n<ul>\n<li>de nombreuses mati\u00e8res possibles<\/li>\n<li>carton en caoutchouc, cordon, ruban de satin, etc. pour la fixation<\/li>\n<li>\u0153illets etc.<\/li>\n<\/ul>\n[\/vc_toggle][vc_toggle title=\u00a0\u00bbexemples\u00a0\u00bb style=\u00a0\u00bbarrow\u00a0\u00bb size=\u00a0\u00bbsm\u00a0\u00bb el_id=\u00a0\u00bb1479895693942-fdb2f3b8-4194&Prime;]\n<ul>\n<li><strong>illustration 1:<\/strong> petite carte pliante perfor\u00e9e ou d\u00e9coup\u00e9e avec estampe dor\u00e9e de film \u00e0 chaud<\/li>\n<\/ul>\n[\/vc_toggle][vc_btn title=\u00a0\u00bbautres variantes\u00a0\u00bb shape=\u00a0\u00bbsquare\u00a0\u00bb link=\u00a0\u00bburl:https%3A%2F%2Frissmann.com\/fr\/concepts\/accessoires\/hangtags\/|||\u00a0\u00bb][\/vc_column_inner][\/vc_row_inner][\/vc_tab][vc_tab title=\u00a0\u00bbinlays\u00a0\u00bb tab_id=\u00a0\u00bba33fcab1-3121-20cbd-0fbeee2b-3a17&Prime;][vc_row_inner el_class=\u00a0\u00bbfs-tab-slide\u00a0\u00bb][vc_column_inner width=\u00a0\u00bb2\/3&Prime;][vc_images_carousel images=\u00a0\u00bb5088,5087&Prime; img_size=\u00a0\u00bb710&#215;473&Prime;][\/vc_column_inner][vc_column_inner width=\u00a0\u00bb1\/3&Prime;][vc_column_text css=\u00a0\u00bb.vc_custom_1484847224882{margin-bottom: 20px !important;}\u00a0\u00bb]\n<h4><strong>Inlays i<\/strong>ndividuelles<\/h4>\n<p>Dans de nombreux cartonnages, il est possible d&rsquo;ins\u00e9rer un inlay personnalis\u00e9 et adapt\u00e9.[\/vc_column_text][vc_toggle title=\u00a0\u00bboptions\u00a0\u00bb style=\u00a0\u00bbarrow\u00a0\u00bb size=\u00a0\u00bbsm\u00a0\u00bb el_id=\u00a0\u00bb1478708275359-f20c07d3-06cd\u00a0\u00bb]\n<ul>\n<li>diverses mati\u00e8res (carton perfor\u00e9 etc.)<\/li>\n<li>ins\u00e9rable \/ amovible ou fixe<\/li>\n<li>diverses possibilit\u00e9s d&rsquo;impression et d&rsquo;ennoblissement<\/li>\n<\/ul>\n[\/vc_toggle][vc_toggle title=\u00a0\u00bbexemples\u00a0\u00bb style=\u00a0\u00bbarrow\u00a0\u00bb size=\u00a0\u00bbsm\u00a0\u00bb el_id=\u00a0\u00bb1478708279683-fedee36f-07da\u00a0\u00bb]\n<ul>\n<li>inlays de carton perfor\u00e9s et pli\u00e9s, amovibles, par ex. pour la confiserie ou les cosm\u00e9tiques<\/li>\n<\/ul>\n[\/vc_toggle][vc_btn title=\u00a0\u00bbautres variantes\u00a0\u00bb shape=\u00a0\u00bbsquare\u00a0\u00bb link=\u00a0\u00bburl:https%3A%2F%2Frissmann.com\/fr\/concepts\/accessoires\/inlays\/|||\u00a0\u00bb][\/vc_column_inner][\/vc_row_inner][\/vc_tab][vc_tab title=\u00a0\u00bbhousses de robe &amp; sacs en tissu\u00a0\u00bb tab_id=\u00a0\u00bb1486661446565-6-9&Prime;][vc_row_inner el_class=\u00a0\u00bbfs-tab-slide\u00a0\u00bb][vc_column_inner width=\u00a0\u00bb2\/3&Prime;][vc_images_carousel images=\u00a0\u00bb7520,7504,7505&Prime; img_size=\u00a0\u00bb710&#215;473&Prime; wrap=\u00a0\u00bbyes\u00a0\u00bb][\/vc_column_inner][vc_column_inner width=\u00a0\u00bb1\/3&Prime;][vc_column_text css=\u00a0\u00bb.vc_custom_1486661603261{margin-bottom: 20px !important;}\u00a0\u00bb]\n<h4><strong>Housses de robe &amp; sacs en tissu<\/strong><\/h4>\n<p>En compl\u00e9ment de votre emballage, nous vous proposons \u00e9galement des housses de robe ou des sacs en tissu dans diverses mati\u00e8res et tailles.[\/vc_column_text][vc_toggle title=\u00a0\u00bboptions\u00a0\u00bb style=\u00a0\u00bbarrow\u00a0\u00bb size=\u00a0\u00bbsm\u00a0\u00bb el_id=\u00a0\u00bb1486661447787-91791d7a-71df\u00a0\u00bb]\n<ul>\n<li>diverses mati\u00e8res possibles<\/li>\n<li>impression \/ broderie personnalis\u00e9es etc.<\/li>\n<\/ul>\n[\/vc_toggle][vc_btn title=\u00a0\u00bbautres variantes\u00a0\u00bb shape=\u00a0\u00bbsquare\u00a0\u00bb link=\u00a0\u00bburl:https%3A%2F%2Frissmann.com\/fr\/concepts\/accessoires\/housses-de-robe-sacs-en-tissu\/|||\u00a0\u00bb][\/vc_column_inner][\/vc_row_inner][\/vc_tab][vc_tab title=\u00a0\u00bbarticles POS\u00a0\u00bb tab_id=\u00a0\u00bb345ed528-ba95-60cbd-0fbeee2b-3a17&Prime;][vc_row_inner css=\u00a0\u00bb.vc_custom_1484844865544{margin-top: 0px !important;}\u00a0\u00bb][vc_column_inner width=\u00a0\u00bb2\/3&Prime;][vc_images_carousel images=\u00a0\u00bb5025&Prime; img_size=\u00a0\u00bb710&#215;473&Prime;][\/vc_column_inner][vc_column_inner width=\u00a0\u00bb1\/3&Prime;][vc_column_text css=\u00a0\u00bb.vc_custom_1492001327624{margin-bottom: 20px !important;}\u00a0\u00bb]\n<h4><strong>Articles POS<\/strong><\/h4>\n<p>Nous vous proposons divers articles POS personnalisables ainsi que des housses de robe (pour cela, reportez-vous \u00e0 la rubrique \u00ab\u00a0Housses de robe et sacs en tissu\u00a0\u00bb).[\/vc_column_text][vc_toggle title=\u00a0\u00bbexemples\u00a0\u00bb style=\u00a0\u00bbarrow\u00a0\u00bb size=\u00a0\u00bbsm\u00a0\u00bb el_id=\u00a0\u00bb1478083578567-0faaa2e7-c2c6&Prime;]\n<ul>\n<li>housses de robe<\/li>\n<li>\u00e9tiquettes<\/li>\n<li>papier de soie<\/li>\n<li>bande imprim\u00e9es<\/li>\n<li>feutres etc.<\/li>\n<\/ul>\n[\/vc_toggle][vc_btn title=\u00a0\u00bbautres variantes\u00a0\u00bb shape=\u00a0\u00bbsquare\u00a0\u00bb link=\u00a0\u00bburl:https%3A%2F%2Frissmann.com\/fr\/concepts\/accessoires\/articles-pos\/|||\u00a0\u00bb][\/vc_column_inner][\/vc_row_inner][\/vc_tab][vc_tab title=\u00a0\u00bbcliquets\u00a0\u00bb tab_id=\u00a0\u00bb1478044154382-3-10cbd-0fbeee2b-3a17&Prime;][vc_row_inner el_class=\u00a0\u00bbfs-tab-slide\u00a0\u00bb][vc_column_inner width=\u00a0\u00bb2\/3&Prime;][vc_images_carousel images=\u00a0\u00bb5043,5042&Prime; img_size=\u00a0\u00bb710&#215;473&Prime; wrap=\u00a0\u00bbyes\u00a0\u00bb][\/vc_column_inner][vc_column_inner width=\u00a0\u00bb1\/3&Prime;][vc_column_text css=\u00a0\u00bb.vc_custom_1490102130524{margin-bottom: 20px !important;}\u00a0\u00bb]\n<h4><strong>Cliquets<\/strong><\/h4>\n<p>Afin de pouvoir ouvrir facilement le tiroir des \u00e9tuis, par exemple, il est possible d&rsquo;int\u00e9grer un montant. Cependant, un tel cliquet permet \u00e9galement de retirer facilement un inlay ou de garantir une manipulation agr\u00e9able.[\/vc_column_text][vc_toggle title=\u00a0\u00bbexemple\u00a0\u00bb style=\u00a0\u00bbarrow\u00a0\u00bb size=\u00a0\u00bbsm\u00a0\u00bb el_id=\u00a0\u00bb1479895748187-7cffa524-4246&Prime;]\n<ul>\n<li>une languette int\u00e9gr\u00e9e faite de ruban c\u00f4tel\u00e9 et servant de cliquet<\/li>\n<\/ul>\n[\/vc_toggle][vc_btn title=\u00a0\u00bbautres variantes\u00a0\u00bb shape=\u00a0\u00bbsquare\u00a0\u00bb link=\u00a0\u00bburl:https%3A%2F%2Frissmann.com\/fr\/concepts\/accessoires\/cliquets\/|||\u00a0\u00bb][\/vc_column_inner][\/vc_row_inner][\/vc_tab][vc_tab title=\u00a0\u00bbfen\u00eatres de visualisation\u00a0\u00bb tab_id=\u00a0\u00bb1478262737970-10-30cbd-0fbeee2b-3a17&Prime;][vc_row_inner el_class=\u00a0\u00bbfs-tab-slide\u00a0\u00bb][vc_column_inner width=\u00a0\u00bb2\/3&Prime;][vc_images_carousel images=\u00a0\u00bb5080,10230&Prime; img_size=\u00a0\u00bb710&#215;473&Prime; wrap=\u00a0\u00bbyes\u00a0\u00bb][\/vc_column_inner][vc_column_inner width=\u00a0\u00bb1\/3&Prime;][vc_column_text css=\u00a0\u00bb.vc_custom_1484845713840{margin-bottom: 20px !important;}\u00a0\u00bb]\n<h4><strong>Fen\u00eatres de visualisation individuelles<\/strong><\/h4>\n<p>Dans de nombreux cartonnages, il est possible d&rsquo;ins\u00e9rer une fen\u00eatre de visualisation individuelle.[\/vc_column_text][vc_toggle title=\u00a0\u00bboptions\u00a0\u00bb style=\u00a0\u00bbarrow\u00a0\u00bb size=\u00a0\u00bbsm\u00a0\u00bb el_id=\u00a0\u00bb1478795393670-f3bd1abb-07b6&Prime;]\n<ul>\n<li>encoche individuelle<\/li>\n<li>encoche avec film, arri\u00e8re avec collage transparent<\/li>\n<li>encoche avec film, arri\u00e8re miroir (collage non visible)<\/li>\n<li>encoche avec bords ouverts (le carton est visible)<\/li>\n<li>encoche avec bords ferm\u00e9s \/ doubl\u00e9s ( le carton n&rsquo;est pas visible)<\/li>\n<\/ul>\n[\/vc_toggle][vc_toggle title=\u00a0\u00bbexemples\u00a0\u00bb style=\u00a0\u00bbarrow\u00a0\u00bb size=\u00a0\u00bbsm\u00a0\u00bb el_id=\u00a0\u00bb1478795393746-1f91a27d-37ed\u00a0\u00bb]\n<ul>\n<li><strong>illustration 1:<\/strong> fen\u00eatre de visite coll\u00e9e avec du film dans un cartonnage \u00e0 couvercle \u00e0 rabat, miroir \u00e0 l&rsquo;int\u00e9rieur (collage invisible), bords de la perforation doubl\u00e9s<\/li>\n<li><strong>illustration 2:<\/strong> fen\u00eatre de visite coll\u00e9e avec du film dans un cartonnage \u00e0 monobande, miroir \u00e0 l&rsquo;int\u00e9rieur (collage invisible), bords de la perforation doubl\u00e9s<\/li>\n<li><strong>illustration 3:<\/strong> fen\u00eatre de visite dans une BookBox, coll\u00e9e avec du film sans miroir (collage visible), bords de la perforation ouverts<\/li>\n<\/ul>\n[\/vc_toggle][vc_btn title=\u00a0\u00bbautres variantes\u00a0\u00bb shape=\u00a0\u00bbsquare\u00a0\u00bb link=\u00a0\u00bburl:https%3A%2F%2Frissmann.com\/fr\/concepts\/accessoires\/fenetres-de-visualisation\/|||\u00a0\u00bb][\/vc_column_inner][\/vc_row_inner][\/vc_tab][vc_tab title=\u00a0\u00bbfermetures\u00a0\u00bb tab_id=\u00a0\u00bb1478044153264-2-30cbd-0fbeee2b-3a17&Prime;][vc_row_inner el_class=\u00a0\u00bbfs-tab-slide\u00a0\u00bb][vc_column_inner width=\u00a0\u00bb2\/3&Prime;][vc_images_carousel images=\u00a0\u00bb5063&Prime; img_size=\u00a0\u00bb710&#215;473&Prime; wrap=\u00a0\u00bbyes\u00a0\u00bb][\/vc_column_inner][vc_column_inner width=\u00a0\u00bb1\/3&Prime;][vc_column_text css=\u00a0\u00bb.vc_custom_1484846367202{margin-bottom: 20px !important;}\u00a0\u00bb]\n<h4><strong>Possibilit\u00e9s de fermeture<\/strong><\/h4>\n<p>Pour les fermetures de vos cartonnages et de vos sacs, votre imagination ne conna\u00eet pas non plus de limites&#8230;[\/vc_column_text][vc_toggle title=\u00a0\u00bbexemple\u00a0\u00bb style=\u00a0\u00bbarrow\u00a0\u00bb size=\u00a0\u00bbsm\u00a0\u00bb el_id=\u00a0\u00bb1479895730577-de2f9907-00e3&Prime;]\n<ul>\n<li>fermeture par aimants<\/li>\n<\/ul>\n[\/vc_toggle][vc_btn title=\u00a0\u00bbautres variantes\u00a0\u00bb shape=\u00a0\u00bbsquare\u00a0\u00bb link=\u00a0\u00bburl:https%3A%2F%2Frissmann.com\/fr\/concepts\/accessoires\/fermetures\/|||\u00a0\u00bb][\/vc_column_inner][\/vc_row_inner][\/vc_tab][\/vc_tabs][\/vc_column][\/vc_row]\n","protected":false},"excerpt":{"rendered":"<p>[vc_row][vc_column][vc_single_image image=\u00a0\u00bb4366&Prime; img_size=\u00a0\u00bbfull\u00a0\u00bb alignment=\u00a0\u00bbcenter\u00a0\u00bb title=\u00a0\u00bbaccessoires\u00a0\u00bb][\/vc_column][\/vc_row][vc_row css=\u00a0\u00bb.vc_custom_1484844435646{margin-top: 35px !important;}\u00a0\u00bb][vc_column width=\u00a0\u00bb1\/6&Prime;][\/vc_column][vc_column width=\u00a0\u00bb2\/3&Prime;][vc_column_text css_animation=\u00a0\u00bbbottom-to-top\u00a0\u00bb] Souvent, ce sont les d\u00e9tails qui rendent un emballage unique. Chez nous, en plus des cartonnages et des sacs, vous trouverez \u00e9galement de nombreux accessoires. [\/vc_column_text][\/vc_column][vc_column width=\u00a0\u00bb1\/6&Prime;][\/vc_column][\/vc_row][vc_row css=\u00a0\u00bb.vc_custom_1496068036031{margin-top: 25px !important;margin-bottom: 15px !important;}\u00a0\u00bb][vc_column][vc_tabs color=\u00a0\u00bbgrey\u00a0\u00bb style=\u00a0\u00bbstyle_4&Prime; el_class=\u00a0\u00bbfs-tabs zubehoer\u00a0\u00bb][vc_tab title=\u00a0\u00bbhangtags\u00a0\u00bb tab_id=\u00a0\u00bb1478044403355-7-20cbd-0fbeee2b-3a17&Prime;][vc_row_inner el_class=\u00a0\u00bbfs-tab-slide\u00a0\u00bb][vc_column_inner width=\u00a0\u00bb2\/3&Prime;][vc_images_carousel images=\u00a0\u00bb5103&Prime; img_size=\u00a0\u00bb710&#215;473&Prime; wrap=\u00a0\u00bbyes\u00a0\u00bb][\/vc_column_inner][vc_column_inner width=\u00a0\u00bb1\/3&Prime;][vc_column_text&#8230;<\/p>\n","protected":false},"author":1,"featured_media":0,"parent":10558,"menu_order":0,"comment_status":"closed","ping_status":"closed","template":"page-full.php","meta":[],"_links":{"self":[{"href":"https:\/\/rissmann.com\/fr\/wp-json\/wp\/v2\/pages\/11277"}],"collection":[{"href":"https:\/\/rissmann.com\/fr\/wp-json\/wp\/v2\/pages"}],"about":[{"href":"https:\/\/rissmann.com\/fr\/wp-json\/wp\/v2\/types\/page"}],"author":[{"embeddable":true,"href":"https:\/\/rissmann.com\/fr\/wp-json\/wp\/v2\/users\/1"}],"replies":[{"embeddable":true,"href":"https:\/\/rissmann.com\/fr\/wp-json\/wp\/v2\/comments?post=11277"}],"version-history":[{"count":0,"href":"https:\/\/rissmann.com\/fr\/wp-json\/wp\/v2\/pages\/11277\/revisions"}],"up":[{"embeddable":true,"href":"https:\/\/rissmann.com\/fr\/wp-json\/wp\/v2\/pages\/10558"}],"wp:attachment":[{"href":"https:\/\/rissmann.com\/fr\/wp-json\/wp\/v2\/media?parent=11277"}],"curies":[{"name":"wp","href":"https:\/\/api.w.org\/{rel}","templated":true}]}}