{"id":11134,"date":"2017-05-05T14:58:17","date_gmt":"2017-05-05T12:58:17","guid":{"rendered":"https:\/\/rissmann.com\/creation\/fabrication-dechantillons\/"},"modified":"2017-05-17T14:22:54","modified_gmt":"2017-05-17T12:22:54","slug":"fabrication-dechantillons","status":"publish","type":"page","link":"https:\/\/rissmann.com\/fr\/creation\/fabrication-dechantillons\/","title":{"rendered":"fabrication d&rsquo;\u00e9chantillons"},"content":{"rendered":"[vc_row][vc_column][vc_single_image image=\u00a0\u00bb3285&Prime; img_size=\u00a0\u00bbfull\u00a0\u00bb alignment=\u00a0\u00bbcenter\u00a0\u00bb title=\u00a0\u00bbfabrication d&rsquo;\u00e9chantillons\u00a0\u00bb el_class=\u00a0\u00bbfs-black\u00a0\u00bb][\/vc_column][\/vc_row][vc_row css=\u00a0\u00bb.vc_custom_1484245020819{margin-top: 35px !important;}\u00a0\u00bb][vc_column width=\u00a0\u00bb1\/6&Prime;][vc_column_text][\/vc_column_text][\/vc_column][vc_column width=\u00a0\u00bb2\/3&Prime;][vc_column_text]\n<div class=\"page\" title=\"Page 6\">\n<div class=\"section\">\n<div class=\"layoutArea\">\n<div class=\"column\">\n<h4 style=\"text-align: center;\">Vos \u00e9chantillons d&#8217;emballage sont fabriqu\u00e9s manuellement par nos soins selon votre souhait, de facon neutre ou avec des mat\u00e9riaux originaux pour vous donner une impression du rendu optique de vos emballages.<\/h4>\n<\/div>\n<\/div>\n<\/div>\n<\/div>\n[\/vc_column_text][\/vc_column][vc_column width=\u00a0\u00bb1\/6&Prime;][\/vc_column][\/vc_row][vc_row css=\u00a0\u00bb.vc_custom_1481883727622{margin-top: 35px !important;}\u00a0\u00bb][vc_column width=\u00a0\u00bb1\/3&Prime; el_class=\u00a0\u00bbfs-caption\u00a0\u00bb][vc_column_text css_animation=\u00a0\u00bbappear\u00a0\u00bb css=\u00a0\u00bb.vc_custom_1495023590343{padding-top: 5px !important;padding-right: 5px !important;padding-bottom: 5px !important;padding-left: 5px !important;background-color: #ffffff !important;}\u00a0\u00bb]\n<div id=\"attachment_6453\" style=\"width: 1210px\" class=\"wp-caption alignnone\"><img aria-describedby=\"caption-attachment-6453\" loading=\"lazy\" class=\"wp-image-6453 size-full\" src=\"https:\/\/rissmann.com\/wp-content\/uploads\/2016\/10\/Rissmann_DSC_2080_b.jpg\" width=\"1200\" height=\"800\" srcset=\"https:\/\/rissmann.com\/wp-content\/uploads\/2016\/10\/Rissmann_DSC_2080_b.jpg 1200w, https:\/\/rissmann.com\/wp-content\/uploads\/2016\/10\/Rissmann_DSC_2080_b-300x200.jpg 300w, https:\/\/rissmann.com\/wp-content\/uploads\/2016\/10\/Rissmann_DSC_2080_b-768x512.jpg 768w, https:\/\/rissmann.com\/wp-content\/uploads\/2016\/10\/Rissmann_DSC_2080_b-1024x683.jpg 1024w, https:\/\/rissmann.com\/wp-content\/uploads\/2016\/10\/Rissmann_DSC_2080_b-800x533.jpg 800w, https:\/\/rissmann.com\/wp-content\/uploads\/2016\/10\/Rissmann_DSC_2080_b-600x400.jpg 600w, https:\/\/rissmann.com\/wp-content\/uploads\/2016\/10\/Rissmann_DSC_2080_b-345x230.jpg 345w\" sizes=\"(max-width: 1200px) 100vw, 1200px\" \/><p id=\"caption-attachment-6453\" class=\"wp-caption-text\"><i>RISSMANN ImageBag<\/i><br \/>\u00e9chantillon fait main avec des mat\u00e9riaux originaux<\/p><\/div>\n[\/vc_column_text][\/vc_column][vc_column width=\u00a0\u00bb1\/3&Prime; el_class=\u00a0\u00bbfs-caption\u00a0\u00bb][vc_column_text css_animation=\u00a0\u00bbappear\u00a0\u00bb css=\u00a0\u00bb.vc_custom_1495023608487{padding-top: 5px !important;padding-right: 5px !important;padding-bottom: 5px !important;padding-left: 5px !important;background-color: #ffffff !important;}\u00a0\u00bb]\n<div id=\"attachment_6457\" style=\"width: 1210px\" class=\"wp-caption alignnone\"><img aria-describedby=\"caption-attachment-6457\" loading=\"lazy\" class=\"wp-image-6457 size-full\" src=\"https:\/\/rissmann.com\/wp-content\/uploads\/2016\/10\/Rissmann_DSC_2104_a.jpg\" width=\"1200\" height=\"800\" srcset=\"https:\/\/rissmann.com\/wp-content\/uploads\/2016\/10\/Rissmann_DSC_2104_a.jpg 1200w, https:\/\/rissmann.com\/wp-content\/uploads\/2016\/10\/Rissmann_DSC_2104_a-300x200.jpg 300w, https:\/\/rissmann.com\/wp-content\/uploads\/2016\/10\/Rissmann_DSC_2104_a-768x512.jpg 768w, https:\/\/rissmann.com\/wp-content\/uploads\/2016\/10\/Rissmann_DSC_2104_a-1024x683.jpg 1024w, https:\/\/rissmann.com\/wp-content\/uploads\/2016\/10\/Rissmann_DSC_2104_a-800x533.jpg 800w, https:\/\/rissmann.com\/wp-content\/uploads\/2016\/10\/Rissmann_DSC_2104_a-600x400.jpg 600w, https:\/\/rissmann.com\/wp-content\/uploads\/2016\/10\/Rissmann_DSC_2104_a-345x230.jpg 345w\" sizes=\"(max-width: 1200px) 100vw, 1200px\" \/><p id=\"caption-attachment-6457\" class=\"wp-caption-text\"><i>RISSMANN ImageBag<\/i><br \/>choix d&rsquo;un cordon adapt\u00e9<\/p><\/div>\n[\/vc_column_text][\/vc_column][vc_column width=\u00a0\u00bb1\/3&Prime; el_class=\u00a0\u00bbfs-caption\u00a0\u00bb][vc_column_text css_animation=\u00a0\u00bbappear\u00a0\u00bb css=\u00a0\u00bb.vc_custom_1494344475804{padding-top: 5px !important;padding-right: 5px !important;padding-bottom: 5px !important;padding-left: 5px !important;background-color: #ffffff !important;}\u00a0\u00bb]\n<div id=\"attachment_6458\" style=\"width: 1210px\" class=\"wp-caption alignnone\"><img aria-describedby=\"caption-attachment-6458\" loading=\"lazy\" class=\"wp-image-6458 size-full\" src=\"https:\/\/rissmann.com\/wp-content\/uploads\/2016\/10\/Rissmann_DSC_2108_a.jpg\" width=\"1200\" height=\"800\" srcset=\"https:\/\/rissmann.com\/wp-content\/uploads\/2016\/10\/Rissmann_DSC_2108_a.jpg 1200w, https:\/\/rissmann.com\/wp-content\/uploads\/2016\/10\/Rissmann_DSC_2108_a-300x200.jpg 300w, https:\/\/rissmann.com\/wp-content\/uploads\/2016\/10\/Rissmann_DSC_2108_a-768x512.jpg 768w, https:\/\/rissmann.com\/wp-content\/uploads\/2016\/10\/Rissmann_DSC_2108_a-1024x683.jpg 1024w, https:\/\/rissmann.com\/wp-content\/uploads\/2016\/10\/Rissmann_DSC_2108_a-800x533.jpg 800w, https:\/\/rissmann.com\/wp-content\/uploads\/2016\/10\/Rissmann_DSC_2108_a-600x400.jpg 600w, https:\/\/rissmann.com\/wp-content\/uploads\/2016\/10\/Rissmann_DSC_2108_a-345x230.jpg 345w\" sizes=\"(max-width: 1200px) 100vw, 1200px\" \/><p id=\"caption-attachment-6458\" class=\"wp-caption-text\"><i>RISSMANN ImageBag<\/i><br \/>fixation des poign\u00e9es<\/p><\/div>\n[\/vc_column_text][\/vc_column][\/vc_row][vc_row css=\u00a0\u00bb.vc_custom_1484245242851{margin-top: 20px !important;}\u00a0\u00bb][vc_column width=\u00a0\u00bb1\/3&Prime; el_class=\u00a0\u00bbfs-caption\u00a0\u00bb][vc_column_text css_animation=\u00a0\u00bbappear\u00a0\u00bb css=\u00a0\u00bb.vc_custom_1494942639599{padding-top: 5px !important;padding-right: 5px !important;padding-bottom: 5px !important;padding-left: 5px !important;background-color: #ffffff !important;}\u00a0\u00bb]\n<div id=\"attachment_6513\" style=\"width: 1210px\" class=\"wp-caption alignnone\"><img aria-describedby=\"caption-attachment-6513\" loading=\"lazy\" class=\"wp-image-6513 size-full\" src=\"https:\/\/rissmann.com\/wp-content\/uploads\/2016\/10\/DSC_7651.jpg\" width=\"1200\" height=\"800\" srcset=\"https:\/\/rissmann.com\/wp-content\/uploads\/2016\/10\/DSC_7651.jpg 1200w, https:\/\/rissmann.com\/wp-content\/uploads\/2016\/10\/DSC_7651-300x200.jpg 300w, https:\/\/rissmann.com\/wp-content\/uploads\/2016\/10\/DSC_7651-768x512.jpg 768w, https:\/\/rissmann.com\/wp-content\/uploads\/2016\/10\/DSC_7651-1024x683.jpg 1024w, https:\/\/rissmann.com\/wp-content\/uploads\/2016\/10\/DSC_7651-800x533.jpg 800w, https:\/\/rissmann.com\/wp-content\/uploads\/2016\/10\/DSC_7651-600x400.jpg 600w, https:\/\/rissmann.com\/wp-content\/uploads\/2016\/10\/DSC_7651-345x230.jpg 345w\" sizes=\"(max-width: 1200px) 100vw, 1200px\" \/><p id=\"caption-attachment-6513\" class=\"wp-caption-text\"><i>\u00e9chantillon test<\/i><br \/>premiers tests de construction d&rsquo;une bo\u00eete pliante<\/p><\/div>\n[\/vc_column_text][\/vc_column][vc_column width=\u00a0\u00bb1\/3&Prime; el_class=\u00a0\u00bbfs-caption\u00a0\u00bb][vc_column_text css_animation=\u00a0\u00bbappear\u00a0\u00bb css=\u00a0\u00bb.vc_custom_1495023654995{padding-top: 5px !important;padding-right: 5px !important;padding-bottom: 5px !important;padding-left: 5px !important;background-color: #ffffff !important;}\u00a0\u00bb]\n<div id=\"attachment_6514\" style=\"width: 1210px\" class=\"wp-caption alignnone\"><img aria-describedby=\"caption-attachment-6514\" loading=\"lazy\" class=\"wp-image-6514 size-full\" src=\"https:\/\/rissmann.com\/wp-content\/uploads\/2016\/10\/DSC_7683.jpg\" width=\"1200\" height=\"800\" srcset=\"https:\/\/rissmann.com\/wp-content\/uploads\/2016\/10\/DSC_7683.jpg 1200w, https:\/\/rissmann.com\/wp-content\/uploads\/2016\/10\/DSC_7683-300x200.jpg 300w, https:\/\/rissmann.com\/wp-content\/uploads\/2016\/10\/DSC_7683-768x512.jpg 768w, https:\/\/rissmann.com\/wp-content\/uploads\/2016\/10\/DSC_7683-1024x683.jpg 1024w, https:\/\/rissmann.com\/wp-content\/uploads\/2016\/10\/DSC_7683-800x533.jpg 800w, https:\/\/rissmann.com\/wp-content\/uploads\/2016\/10\/DSC_7683-600x400.jpg 600w, https:\/\/rissmann.com\/wp-content\/uploads\/2016\/10\/DSC_7683-345x230.jpg 345w\" sizes=\"(max-width: 1200px) 100vw, 1200px\" \/><p id=\"caption-attachment-6514\" class=\"wp-caption-text\"><i>cartonnage<\/i><br \/>fixation de la rev\u00eatement<\/p><\/div>\n[\/vc_column_text][\/vc_column][vc_column width=\u00a0\u00bb1\/3&Prime; el_class=\u00a0\u00bbfs-caption\u00a0\u00bb][vc_column_text css_animation=\u00a0\u00bbappear\u00a0\u00bb css=\u00a0\u00bb.vc_custom_1495023693157{padding-top: 5px !important;padding-right: 5px !important;padding-bottom: 5px !important;padding-left: 5px !important;background-color: #ffffff !important;}\u00a0\u00bb]\n<div id=\"attachment_6515\" style=\"width: 1210px\" class=\"wp-caption alignnone\"><img aria-describedby=\"caption-attachment-6515\" loading=\"lazy\" class=\"wp-image-6515 size-full\" src=\"https:\/\/rissmann.com\/wp-content\/uploads\/2016\/10\/DSC_7662.jpg\" width=\"1200\" height=\"800\" srcset=\"https:\/\/rissmann.com\/wp-content\/uploads\/2016\/10\/DSC_7662.jpg 1200w, https:\/\/rissmann.com\/wp-content\/uploads\/2016\/10\/DSC_7662-300x200.jpg 300w, https:\/\/rissmann.com\/wp-content\/uploads\/2016\/10\/DSC_7662-768x512.jpg 768w, https:\/\/rissmann.com\/wp-content\/uploads\/2016\/10\/DSC_7662-1024x683.jpg 1024w, https:\/\/rissmann.com\/wp-content\/uploads\/2016\/10\/DSC_7662-800x533.jpg 800w, https:\/\/rissmann.com\/wp-content\/uploads\/2016\/10\/DSC_7662-600x400.jpg 600w, https:\/\/rissmann.com\/wp-content\/uploads\/2016\/10\/DSC_7662-345x230.jpg 345w\" sizes=\"(max-width: 1200px) 100vw, 1200px\" \/><p id=\"caption-attachment-6515\" class=\"wp-caption-text\"><i>sac<\/i><br \/>perforation sur l&rsquo;\u00e9chantillon<\/p><\/div>\n[\/vc_column_text][\/vc_column][\/vc_row][vc_row css=\u00a0\u00bb.vc_custom_1484245252058{margin-top: 20px !important;margin-bottom: 15px !important;}\u00a0\u00bb][vc_column width=\u00a0\u00bb1\/3&Prime; el_class=\u00a0\u00bbfs-caption\u00a0\u00bb][vc_column_text css_animation=\u00a0\u00bbappear\u00a0\u00bb css=\u00a0\u00bb.vc_custom_1494942604321{padding-top: 5px !important;padding-right: 5px !important;padding-bottom: 5px !important;padding-left: 5px !important;background-color: #ffffff !important;}\u00a0\u00bb]\n<div id=\"attachment_6451\" style=\"width: 1210px\" class=\"wp-caption alignnone\"><img aria-describedby=\"caption-attachment-6451\" loading=\"lazy\" class=\"wp-image-6451 size-full\" src=\"https:\/\/rissmann.com\/wp-content\/uploads\/2016\/10\/Rissmann_DSC_1987_b.jpg\" width=\"1200\" height=\"800\" srcset=\"https:\/\/rissmann.com\/wp-content\/uploads\/2016\/10\/Rissmann_DSC_1987_b.jpg 1200w, https:\/\/rissmann.com\/wp-content\/uploads\/2016\/10\/Rissmann_DSC_1987_b-300x200.jpg 300w, https:\/\/rissmann.com\/wp-content\/uploads\/2016\/10\/Rissmann_DSC_1987_b-768x512.jpg 768w, https:\/\/rissmann.com\/wp-content\/uploads\/2016\/10\/Rissmann_DSC_1987_b-1024x683.jpg 1024w, https:\/\/rissmann.com\/wp-content\/uploads\/2016\/10\/Rissmann_DSC_1987_b-800x533.jpg 800w, https:\/\/rissmann.com\/wp-content\/uploads\/2016\/10\/Rissmann_DSC_1987_b-600x400.jpg 600w, https:\/\/rissmann.com\/wp-content\/uploads\/2016\/10\/Rissmann_DSC_1987_b-345x230.jpg 345w\" sizes=\"(max-width: 1200px) 100vw, 1200px\" \/><p id=\"caption-attachment-6451\" class=\"wp-caption-text\"><i>grammage<\/i><br \/>pesage de l&rsquo;\u00e9paisseur du papier<\/p><\/div>\n[\/vc_column_text][\/vc_column][vc_column width=\u00a0\u00bb1\/3&Prime; el_class=\u00a0\u00bbfs-caption\u00a0\u00bb][vc_column_text css_animation=\u00a0\u00bbappear\u00a0\u00bb css=\u00a0\u00bb.vc_custom_1494942673498{padding-top: 5px !important;padding-right: 5px !important;padding-bottom: 5px !important;padding-left: 5px !important;background-color: #ffffff !important;}\u00a0\u00bb]\n<div id=\"attachment_6235\" style=\"width: 1210px\" class=\"wp-caption alignnone\"><img aria-describedby=\"caption-attachment-6235\" loading=\"lazy\" class=\"wp-image-6235 size-full\" src=\"https:\/\/rissmann.com\/wp-content\/uploads\/2016\/10\/Rissmann_DSC_2015.jpg\" width=\"1200\" height=\"800\" srcset=\"https:\/\/rissmann.com\/wp-content\/uploads\/2016\/10\/Rissmann_DSC_2015.jpg 1200w, https:\/\/rissmann.com\/wp-content\/uploads\/2016\/10\/Rissmann_DSC_2015-300x200.jpg 300w, https:\/\/rissmann.com\/wp-content\/uploads\/2016\/10\/Rissmann_DSC_2015-768x512.jpg 768w, https:\/\/rissmann.com\/wp-content\/uploads\/2016\/10\/Rissmann_DSC_2015-1024x683.jpg 1024w, https:\/\/rissmann.com\/wp-content\/uploads\/2016\/10\/Rissmann_DSC_2015-800x533.jpg 800w, https:\/\/rissmann.com\/wp-content\/uploads\/2016\/10\/Rissmann_DSC_2015-600x400.jpg 600w, https:\/\/rissmann.com\/wp-content\/uploads\/2016\/10\/Rissmann_DSC_2015-345x230.jpg 345w\" sizes=\"(max-width: 1200px) 100vw, 1200px\" \/><p id=\"caption-attachment-6235\" class=\"wp-caption-text\"><i>\u00e9chantillons pour les salons<\/i><br \/>finition d&rsquo;\u00e9chantillons pour la pr\u00e9sentation<\/p><\/div>\n[\/vc_column_text][\/vc_column][vc_column width=\u00a0\u00bb1\/3&Prime; el_class=\u00a0\u00bbfs-caption\u00a0\u00bb][vc_column_text css_animation=\u00a0\u00bbappear\u00a0\u00bb css=\u00a0\u00bb.vc_custom_1495023754659{padding-top: 5px !important;padding-right: 5px !important;padding-bottom: 5px !important;padding-left: 5px !important;background-color: #ffffff !important;}\u00a0\u00bb]\n<div id=\"attachment_6236\" style=\"width: 1210px\" class=\"wp-caption alignnone\"><img aria-describedby=\"caption-attachment-6236\" loading=\"lazy\" class=\"wp-image-6236 size-full\" src=\"https:\/\/rissmann.com\/wp-content\/uploads\/2016\/10\/Rissmann_DSC_2053.jpg\" width=\"1200\" height=\"800\" srcset=\"https:\/\/rissmann.com\/wp-content\/uploads\/2016\/10\/Rissmann_DSC_2053.jpg 1200w, https:\/\/rissmann.com\/wp-content\/uploads\/2016\/10\/Rissmann_DSC_2053-300x200.jpg 300w, https:\/\/rissmann.com\/wp-content\/uploads\/2016\/10\/Rissmann_DSC_2053-768x512.jpg 768w, https:\/\/rissmann.com\/wp-content\/uploads\/2016\/10\/Rissmann_DSC_2053-1024x683.jpg 1024w, https:\/\/rissmann.com\/wp-content\/uploads\/2016\/10\/Rissmann_DSC_2053-800x533.jpg 800w, https:\/\/rissmann.com\/wp-content\/uploads\/2016\/10\/Rissmann_DSC_2053-600x400.jpg 600w, https:\/\/rissmann.com\/wp-content\/uploads\/2016\/10\/Rissmann_DSC_2053-345x230.jpg 345w\" sizes=\"(max-width: 1200px) 100vw, 1200px\" \/><p id=\"caption-attachment-6236\" class=\"wp-caption-text\"><i>tests du mat\u00e9riau<\/i><br \/>rev\u00eatement d&rsquo;un coffret rigide<\/p><\/div>\n[\/vc_column_text][\/vc_column][\/vc_row]\n","protected":false},"excerpt":{"rendered":"<p>[vc_row][vc_column][vc_single_image image=\u00a0\u00bb3285&Prime; img_size=\u00a0\u00bbfull\u00a0\u00bb alignment=\u00a0\u00bbcenter\u00a0\u00bb title=\u00a0\u00bbfabrication d&rsquo;\u00e9chantillons\u00a0\u00bb el_class=\u00a0\u00bbfs-black\u00a0\u00bb][\/vc_column][\/vc_row][vc_row css=\u00a0\u00bb.vc_custom_1484245020819{margin-top: 35px !important;}\u00a0\u00bb][vc_column width=\u00a0\u00bb1\/6&Prime;][vc_column_text][\/vc_column_text][\/vc_column][vc_column width=\u00a0\u00bb2\/3&Prime;][vc_column_text] Vos \u00e9chantillons d&#8217;emballage sont fabriqu\u00e9s manuellement par nos soins selon votre souhait, de facon neutre ou avec des mat\u00e9riaux originaux pour vous donner une impression du rendu optique de vos emballages. [\/vc_column_text][\/vc_column][vc_column width=\u00a0\u00bb1\/6&Prime;][\/vc_column][\/vc_row][vc_row css=\u00a0\u00bb.vc_custom_1481883727622{margin-top: 35px !important;}\u00a0\u00bb][vc_column width=\u00a0\u00bb1\/3&Prime; el_class=\u00a0\u00bbfs-caption\u00a0\u00bb][vc_column_text css_animation=\u00a0\u00bbappear\u00a0\u00bb css=\u00a0\u00bb.vc_custom_1495023590343{padding-top: 5px !important;padding-right: 5px&#8230;<\/p>\n","protected":false},"author":1,"featured_media":0,"parent":11037,"menu_order":0,"comment_status":"closed","ping_status":"closed","template":"page-full.php","meta":[],"_links":{"self":[{"href":"https:\/\/rissmann.com\/fr\/wp-json\/wp\/v2\/pages\/11134"}],"collection":[{"href":"https:\/\/rissmann.com\/fr\/wp-json\/wp\/v2\/pages"}],"about":[{"href":"https:\/\/rissmann.com\/fr\/wp-json\/wp\/v2\/types\/page"}],"author":[{"embeddable":true,"href":"https:\/\/rissmann.com\/fr\/wp-json\/wp\/v2\/users\/1"}],"replies":[{"embeddable":true,"href":"https:\/\/rissmann.com\/fr\/wp-json\/wp\/v2\/comments?post=11134"}],"version-history":[{"count":0,"href":"https:\/\/rissmann.com\/fr\/wp-json\/wp\/v2\/pages\/11134\/revisions"}],"up":[{"embeddable":true,"href":"https:\/\/rissmann.com\/fr\/wp-json\/wp\/v2\/pages\/11037"}],"wp:attachment":[{"href":"https:\/\/rissmann.com\/fr\/wp-json\/wp\/v2\/media?parent=11134"}],"curies":[{"name":"wp","href":"https:\/\/api.w.org\/{rel}","templated":true}]}}