{"id":11077,"date":"2017-05-05T13:52:34","date_gmt":"2017-05-05T11:52:34","guid":{"rendered":"https:\/\/rissmann.com\/page-daccueil\/"},"modified":"2020-02-13T13:59:58","modified_gmt":"2020-02-13T12:59:58","slug":"page-daccueil","status":"publish","type":"page","link":"https:\/\/rissmann.com\/fr\/","title":{"rendered":"page d&rsquo;accueil"},"content":{"rendered":"[vc_row layout=\u00a0\u00bbstretch_row_content_no_spaces\u00a0\u00bb css=\u00a0\u00bb.vc_custom_1538380752108{margin-top: 0px !important;margin-bottom: 30px !important;}\u00a0\u00bb][vc_column][rev_slider_vc alias=\u00a0\u00bbnew-home-france\u00a0\u00bb][\/vc_column][\/vc_row][vc_row css=\u00a0\u00bb.vc_custom_1494925448167{margin-top: 27px !important;margin-bottom: 4px !important;}\u00a0\u00bb][vc_column width=\u00a0\u00bb1\/6&Prime;][vc_column_text]\n<h4 style=\"text-align: center;\"><\/h4>\n[\/vc_column_text][\/vc_column][vc_column width=\u00a0\u00bb2\/3&Prime;][vc_column_text]\n<h3 style=\"text-align: left;\">CARTONNAGES \/ SACS EN PAPIER \/ AUTRES ARTICLES<\/h3>\n[\/vc_column_text][vc_column_text css=\u00a0\u00bb.vc_custom_1581598911938{margin-top: 5px !important;}\u00a0\u00bb]\n<p class=\"lead\" style=\"text-align: left;\">Nous aimons le packaging. D\u00e9velopp\u00e9 sur mesure avec savoir-faire et passion toujours en suivant les derni\u00e8res tendances. Nous mettons des signes contre l\u2019uniformit\u00e9 et l\u2019arbitraire, avec des solutions qui soulignent et cr\u00e9ent le caract\u00e8re particulier des produits. Depuis des d\u00e9cennies, notre fascination pour les beaux papiers, associ\u00e9e \u00e0 une grande attention aux d\u00e9tails, est visible et perceptible sur tous les sacs en papier.<\/p>\n<p class=\"lead\" style=\"text-align: left;\">Modernit\u00e9 et tendances innovantes caract\u00e9risent notre travail. L\u2018interaction passionnante des mat\u00e9riaux et de l\u2018artisanat est notre passion.<\/p>\n[\/vc_column_text][\/vc_column][vc_column width=\u00a0\u00bb1\/6&Prime;][\/vc_column][\/vc_row][vc_row css=\u00a0\u00bb.vc_custom_1494314426908{padding-top: 20px !important;padding-bottom: 10px !important;}\u00a0\u00bb][vc_column width=\u00a0\u00bb1\/3&Prime;][vc_column_text css_animation=\u00a0\u00bbtop-to-bottom\u00a0\u00bb el_class=\u00a0\u00bbfs-feature\u00a0\u00bb]<img loading=\"lazy\" class=\"alignnone wp-image-7064 size-full\" src=\"https:\/\/rissmann.com\/wp-content\/uploads\/2016\/10\/M77B0038_800x600.jpg\" width=\"800\" height=\"600\" srcset=\"https:\/\/rissmann.com\/wp-content\/uploads\/2016\/10\/M77B0038_800x600.jpg 800w, https:\/\/rissmann.com\/wp-content\/uploads\/2016\/10\/M77B0038_800x600-300x225.jpg 300w, https:\/\/rissmann.com\/wp-content\/uploads\/2016\/10\/M77B0038_800x600-768x576.jpg 768w, https:\/\/rissmann.com\/wp-content\/uploads\/2016\/10\/M77B0038_800x600-381x285.jpg 381w\" sizes=\"(max-width: 800px) 100vw, 800px\" \/><\/p>\n<h3 style=\"text-align: center;\">cartonnages<\/h3>\n<p style=\"text-align: center;\">&#8230;s\u00e9duire avec des emballages<\/p>\n<p style=\"text-align: center;\"><a href=\"https:\/\/rissmann.com\/fr\/concepts\/cartonnages\/\">plus d&rsquo;infos ici<\/a><\/p>\n[\/vc_column_text][\/vc_column][vc_column width=\u00a0\u00bb1\/3&Prime;][vc_column_text css_animation=\u00a0\u00bbtop-to-bottom\u00a0\u00bb el_class=\u00a0\u00bbfs-feature\u00a0\u00bb]<img loading=\"lazy\" class=\"alignnone wp-image-7079 size-full\" src=\"https:\/\/rissmann.com\/wp-content\/uploads\/2016\/10\/M77B9977_a_800x600.jpg\" width=\"800\" height=\"600\" srcset=\"https:\/\/rissmann.com\/wp-content\/uploads\/2016\/10\/M77B9977_a_800x600.jpg 800w, https:\/\/rissmann.com\/wp-content\/uploads\/2016\/10\/M77B9977_a_800x600-300x225.jpg 300w, https:\/\/rissmann.com\/wp-content\/uploads\/2016\/10\/M77B9977_a_800x600-768x576.jpg 768w, https:\/\/rissmann.com\/wp-content\/uploads\/2016\/10\/M77B9977_a_800x600-381x285.jpg 381w\" sizes=\"(max-width: 800px) 100vw, 800px\" \/><\/p>\n<h3 style=\"text-align: center;\">sacs en papier<\/h3>\n<p style=\"text-align: center;\">&#8230;Votre meilleure publicit\u00e9<\/p>\n<p style=\"text-align: center;\"><a href=\"https:\/\/rissmann.com\/fr\/concepts\/sacs\/\">plus d&rsquo;infos ici<\/a><\/p>\n[\/vc_column_text][\/vc_column][vc_column width=\u00a0\u00bb1\/3&Prime;][vc_column_text css_animation=\u00a0\u00bbtop-to-bottom\u00a0\u00bb el_class=\u00a0\u00bbfs-feature\u00a0\u00bb]<img loading=\"lazy\" class=\"alignnone wp-image-7062 size-full\" src=\"https:\/\/rissmann.com\/wp-content\/uploads\/2016\/10\/M77B0053x_800x600.jpg\" width=\"800\" height=\"600\" srcset=\"https:\/\/rissmann.com\/wp-content\/uploads\/2016\/10\/M77B0053x_800x600.jpg 800w, https:\/\/rissmann.com\/wp-content\/uploads\/2016\/10\/M77B0053x_800x600-300x225.jpg 300w, https:\/\/rissmann.com\/wp-content\/uploads\/2016\/10\/M77B0053x_800x600-768x576.jpg 768w, https:\/\/rissmann.com\/wp-content\/uploads\/2016\/10\/M77B0053x_800x600-381x285.jpg 381w\" sizes=\"(max-width: 800px) 100vw, 800px\" \/><\/p>\n<h3 style=\"text-align: center;\">accessoires<\/h3>\n<p style=\"text-align: center;\">&#8230;exprimez votre personnalit\u00e9<\/p>\n<p style=\"text-align: center;\"><a href=\"https:\/\/rissmann.com\/fr\/concepts\/accessoires\/\">plus d&rsquo;infos ici<\/a><\/p>\n[\/vc_column_text][\/vc_column][\/vc_row]\n","protected":false},"excerpt":{"rendered":"<p>[vc_row layout=\u00a0\u00bbstretch_row_content_no_spaces\u00a0\u00bb css=\u00a0\u00bb.vc_custom_1538380752108{margin-top: 0px !important;margin-bottom: 30px !important;}\u00a0\u00bb][vc_column][rev_slider_vc alias=\u00a0\u00bbnew-home-france\u00a0\u00bb][\/vc_column][\/vc_row][vc_row css=\u00a0\u00bb.vc_custom_1494925448167{margin-top: 27px !important;margin-bottom: 4px !important;}\u00a0\u00bb][vc_column width=\u00a0\u00bb1\/6&Prime;][vc_column_text] [\/vc_column_text][\/vc_column][vc_column width=\u00a0\u00bb2\/3&Prime;][vc_column_text] CARTONNAGES \/ SACS EN PAPIER \/ AUTRES ARTICLES [\/vc_column_text][vc_column_text css=\u00a0\u00bb.vc_custom_1581598911938{margin-top: 5px !important;}\u00a0\u00bb] Nous aimons le packaging. D\u00e9velopp\u00e9 sur mesure avec savoir-faire et passion toujours en suivant les derni\u00e8res tendances. Nous mettons des signes contre l\u2019uniformit\u00e9 et l\u2019arbitraire, avec des&#8230;<\/p>\n","protected":false},"author":1,"featured_media":0,"parent":0,"menu_order":0,"comment_status":"closed","ping_status":"open","template":"page-full.php","meta":[],"_links":{"self":[{"href":"https:\/\/rissmann.com\/fr\/wp-json\/wp\/v2\/pages\/11077"}],"collection":[{"href":"https:\/\/rissmann.com\/fr\/wp-json\/wp\/v2\/pages"}],"about":[{"href":"https:\/\/rissmann.com\/fr\/wp-json\/wp\/v2\/types\/page"}],"author":[{"embeddable":true,"href":"https:\/\/rissmann.com\/fr\/wp-json\/wp\/v2\/users\/1"}],"replies":[{"embeddable":true,"href":"https:\/\/rissmann.com\/fr\/wp-json\/wp\/v2\/comments?post=11077"}],"version-history":[{"count":1,"href":"https:\/\/rissmann.com\/fr\/wp-json\/wp\/v2\/pages\/11077\/revisions"}],"predecessor-version":[{"id":73665,"href":"https:\/\/rissmann.com\/fr\/wp-json\/wp\/v2\/pages\/11077\/revisions\/73665"}],"wp:attachment":[{"href":"https:\/\/rissmann.com\/fr\/wp-json\/wp\/v2\/media?parent=11077"}],"curies":[{"name":"wp","href":"https:\/\/api.w.org\/{rel}","templated":true}]}}