{"id":11072,"date":"2017-05-05T13:47:42","date_gmt":"2017-05-05T11:47:42","guid":{"rendered":"https:\/\/rissmann.com\/rissmann-live\/responsabilite\/"},"modified":"2025-05-15T11:10:42","modified_gmt":"2025-05-15T09:10:42","slug":"responsabilite","status":"publish","type":"page","link":"https:\/\/rissmann.com\/fr\/rissmann-live\/responsabilite\/","title":{"rendered":"responsabilit\u00e9"},"content":{"rendered":"[vc_row][vc_column][vc_single_image image=\u00a0\u00bb7569&Prime; img_size=\u00a0\u00bbfull\u00a0\u00bb alignment=\u00a0\u00bbcenter\u00a0\u00bb title=\u00a0\u00bbresponsabilit\u00e9\u00a0\u00bb][\/vc_column][\/vc_row][vc_row css=\u00a0\u00bb.vc_custom_1487840039299{margin-top: 50px !important;margin-right: 0px !important;margin-left: 0px !important;}\u00a0\u00bb][vc_column][vc_row_inner css=\u00a0\u00bb.vc_custom_1487860299098{padding-top: 30px !important;padding-right: 20px !important;padding-bottom: 30px !important;padding-left: 20px !important;background-color: #ffffff !important;}\u00a0\u00bb][vc_column_inner width=\u00a0\u00bb1\/2&Prime;][vc_column_text css_animation=\u00a0\u00bbright-to-left\u00a0\u00bb css=\u00a0\u00bb.vc_custom_1747300238278{margin-right: 15px !important;}\u00a0\u00bb]\n<h4 id=\"umwelt\"><strong>Responsabilit\u00e9 \u00e9cologique<\/strong><\/h4>\n<p>Depuis le milieu de l&rsquo;ann\u00e9e 2014, nous sommes pass\u00e9s \u00e0 la production d&rsquo;\u00e9nergie par l&rsquo;\u00e9nergie solaire \u2013 sur l&rsquo;ann\u00e9e, env. 65 % de la consommation d&rsquo;\u00e9lectricit\u00e9 est ainsi couverte en moyenne par notre propre production et nous \u00e9conomisons en moyenne env. 190 tonnes de CO2 par an.<br \/>\nNous visons une compatibilit\u00e9 environnementale maximale.<br \/>\nEn tant qu&rsquo;entreprise papeti\u00e8re, nous accordons une grande importance au recyclage et \u00e0 l&rsquo;utilisation de bois et de cellulose issus d&rsquo;une production durable.<br \/>\nRissmann est certifi\u00e9e FSC\u00ae et collabore avec des partenaires certifi\u00e9s.<br \/>\nLa conformit\u00e9 aux dispositions REACH est pour nous primordiale.<\/p>\n<p><strong>Contact en cas d&rsquo;int\u00e9r\u00eat pour notre politique environnementale<\/strong><br \/>\nPour plus d&rsquo;informations et si vous \u00eates int\u00e9ress\u00e9 par la politique environnementale de RISSMANN Group, n&rsquo;h\u00e9sitez pas \u00e0 nous contacter \u00e0 l&rsquo;adresse <a href=\"mailto:contact@rissmann.com\"><strong>contact@rissmann.com<\/strong><\/a> ou via notre <a href=\"https:\/\/rissmann.com\/fr\/contact\/\"><strong>formulaire de contact<\/strong><\/a>.<br \/>\nNous nous r\u00e9jouissons de votre message.[\/vc_column_text][\/vc_column_inner][vc_column_inner width=\u00a0\u00bb1\/2&Prime;][vc_images_carousel images=\u00a0\u00bb7004,7003,7005&Prime; img_size=\u00a0\u00bb530&#215;353&Prime;][\/vc_column_inner][\/vc_row_inner][\/vc_column][\/vc_row][vc_row css=\u00a0\u00bb.vc_custom_1487840050190{margin-top: 35px !important;margin-right: 0px !important;margin-bottom: 15px !important;margin-left: 0px !important;}\u00a0\u00bb][vc_column][vc_row_inner css=\u00a0\u00bb.vc_custom_1487859755732{padding-top: 30px !important;padding-right: 20px !important;padding-bottom: 30px !important;padding-left: 20px !important;background-color: #ffffff !important;}\u00a0\u00bb][vc_column_inner width=\u00a0\u00bb1\/2&Prime;][vc_images_carousel images=\u00a0\u00bb7183,7024&Prime; img_size=\u00a0\u00bb530&#215;353&Prime;][\/vc_column_inner][vc_column_inner width=\u00a0\u00bb1\/2&Prime; css=\u00a0\u00bb.vc_custom_1487859875482{padding-left: 20px !important;}\u00a0\u00bb][vc_column_text css_animation=\u00a0\u00bbright-to-left\u00a0\u00bb css=\u00a0\u00bb.vc_custom_1495092786417{padding-bottom: 26px !important;}\u00a0\u00bb]\n<h4 id=\"verantwortung\"><strong>Responsabilit\u00e9 sociale<\/strong><\/h4>\n<p>Certification SA8000 et certification de la plupart de nos partenaires selon les directives SA8000.<br \/>\nUne philosophie \u00e9thique d&rsquo;entreprise.<br \/>\nRefus du travail des enfants \u2013 permanent et sur toute la cha\u00eene de production.<br \/>\nConditions de travail saines et s\u00fbres.<br \/>\nAucun travail forc\u00e9.<br \/>\nAucune discrimination des collaborateurs, des employ\u00e9s, des fournisseurs et des partenaires.[\/vc_column_text][\/vc_column_inner][\/vc_row_inner][\/vc_column][\/vc_row]\n","protected":false},"excerpt":{"rendered":"<p>[vc_row][vc_column][vc_single_image image=\u00a0\u00bb7569&Prime; img_size=\u00a0\u00bbfull\u00a0\u00bb alignment=\u00a0\u00bbcenter\u00a0\u00bb title=\u00a0\u00bbresponsabilit\u00e9\u00a0\u00bb][\/vc_column][\/vc_row][vc_row css=\u00a0\u00bb.vc_custom_1487840039299{margin-top: 50px !important;margin-right: 0px !important;margin-left: 0px !important;}\u00a0\u00bb][vc_column][vc_row_inner css=\u00a0\u00bb.vc_custom_1487860299098{padding-top: 30px !important;padding-right: 20px !important;padding-bottom: 30px !important;padding-left: 20px !important;background-color: #ffffff !important;}\u00a0\u00bb][vc_column_inner width=\u00a0\u00bb1\/2&Prime;][vc_column_text css_animation=\u00a0\u00bbright-to-left\u00a0\u00bb css=\u00a0\u00bb.vc_custom_1747300238278{margin-right: 15px !important;}\u00a0\u00bb] Responsabilit\u00e9 \u00e9cologique Depuis le milieu de l&rsquo;ann\u00e9e 2014, nous sommes pass\u00e9s \u00e0 la production d&rsquo;\u00e9nergie par l&rsquo;\u00e9nergie solaire \u2013 sur l&rsquo;ann\u00e9e, env. 65 % de la consommation&#8230;<\/p>\n","protected":false},"author":1,"featured_media":0,"parent":11051,"menu_order":0,"comment_status":"closed","ping_status":"closed","template":"page-full.php","meta":[],"_links":{"self":[{"href":"https:\/\/rissmann.com\/fr\/wp-json\/wp\/v2\/pages\/11072"}],"collection":[{"href":"https:\/\/rissmann.com\/fr\/wp-json\/wp\/v2\/pages"}],"about":[{"href":"https:\/\/rissmann.com\/fr\/wp-json\/wp\/v2\/types\/page"}],"author":[{"embeddable":true,"href":"https:\/\/rissmann.com\/fr\/wp-json\/wp\/v2\/users\/1"}],"replies":[{"embeddable":true,"href":"https:\/\/rissmann.com\/fr\/wp-json\/wp\/v2\/comments?post=11072"}],"version-history":[{"count":4,"href":"https:\/\/rissmann.com\/fr\/wp-json\/wp\/v2\/pages\/11072\/revisions"}],"predecessor-version":[{"id":475053,"href":"https:\/\/rissmann.com\/fr\/wp-json\/wp\/v2\/pages\/11072\/revisions\/475053"}],"up":[{"embeddable":true,"href":"https:\/\/rissmann.com\/fr\/wp-json\/wp\/v2\/pages\/11051"}],"wp:attachment":[{"href":"https:\/\/rissmann.com\/fr\/wp-json\/wp\/v2\/media?parent=11072"}],"curies":[{"name":"wp","href":"https:\/\/api.w.org\/{rel}","templated":true}]}}