{"id":11068,"date":"2017-05-05T13:45:21","date_gmt":"2017-05-05T11:45:21","guid":{"rendered":"https:\/\/rissmann.com\/rissmann-live\/hongrie\/"},"modified":"2017-05-05T13:45:21","modified_gmt":"2017-05-05T11:45:21","slug":"hongrie","status":"publish","type":"page","link":"https:\/\/rissmann.com\/fr\/rissmann-live\/hongrie\/","title":{"rendered":"Hongrie"},"content":{"rendered":"[vc_row][vc_column][vc_single_image image=\u00a0\u00bb6318&Prime; img_size=\u00a0\u00bbfull\u00a0\u00bb alignment=\u00a0\u00bbcenter\u00a0\u00bb title=\u00a0\u00bbHongrie\u00a0\u00bb][\/vc_column][\/vc_row][vc_row css=\u00a0\u00bb.vc_custom_1484213657123{margin-top: 50px !important;margin-right: 0px !important;margin-bottom: 15px !important;margin-left: 0px !important;}\u00a0\u00bb][vc_column][vc_row_inner css=\u00a0\u00bb.vc_custom_1484226291185{padding-top: 30px !important;padding-right: 20px !important;padding-bottom: 30px !important;padding-left: 20px !important;background-color: #ffffff !important;}\u00a0\u00bb][vc_column_inner width=\u00a0\u00bb1\/2&Prime;][vc_images_carousel images=\u00a0\u00bb6311,5287,6313,5290,5288&Prime; img_size=\u00a0\u00bb530&#215;353&Prime;][\/vc_column_inner][vc_column_inner width=\u00a0\u00bb1\/2&Prime; css=\u00a0\u00bb.vc_custom_1484226449326{padding-left: 23px !important;}\u00a0\u00bb][vc_column_text css_animation=\u00a0\u00bbright-to-left\u00a0\u00bb]\n<h4 style=\"text-align: left;\"><strong>Finitions \u00e0 la main<\/strong><\/h4>\n<p>En plus de la production \u00e0 Nuremberg \/ Allemagne, nous poss\u00e9dons divers sites en Hongrie qui se chargent principalement des finitions des produits semi-finis et des fabrications \u00e0 la main plus complexes. Nos collaborateurs forment en continu sur place, ils surveillent les processus et v\u00e9rifient la qualit\u00e9 des produits.<br \/>\nNotamment, nous soutenons les ateliers qui emploient les personnes souffrant de handicap.[\/vc_column_text][\/vc_column_inner][\/vc_row_inner][\/vc_column][\/vc_row]\n","protected":false},"excerpt":{"rendered":"<p>[vc_row][vc_column][vc_single_image image=\u00a0\u00bb6318&Prime; img_size=\u00a0\u00bbfull\u00a0\u00bb alignment=\u00a0\u00bbcenter\u00a0\u00bb title=\u00a0\u00bbHongrie\u00a0\u00bb][\/vc_column][\/vc_row][vc_row css=\u00a0\u00bb.vc_custom_1484213657123{margin-top: 50px !important;margin-right: 0px !important;margin-bottom: 15px !important;margin-left: 0px !important;}\u00a0\u00bb][vc_column][vc_row_inner css=\u00a0\u00bb.vc_custom_1484226291185{padding-top: 30px !important;padding-right: 20px !important;padding-bottom: 30px !important;padding-left: 20px !important;background-color: #ffffff !important;}\u00a0\u00bb][vc_column_inner width=\u00a0\u00bb1\/2&Prime;][vc_images_carousel images=\u00a0\u00bb6311,5287,6313,5290,5288&Prime; img_size=\u00a0\u00bb530&#215;353&Prime;][\/vc_column_inner][vc_column_inner width=\u00a0\u00bb1\/2&Prime; css=\u00a0\u00bb.vc_custom_1484226449326{padding-left: 23px !important;}\u00a0\u00bb][vc_column_text css_animation=\u00a0\u00bbright-to-left\u00a0\u00bb] Finitions \u00e0 la main En plus de la production \u00e0 Nuremberg \/ Allemagne, nous poss\u00e9dons divers sites en Hongrie qui se chargent&#8230;<\/p>\n","protected":false},"author":1,"featured_media":0,"parent":11051,"menu_order":0,"comment_status":"closed","ping_status":"closed","template":"page-full.php","meta":[],"_links":{"self":[{"href":"https:\/\/rissmann.com\/fr\/wp-json\/wp\/v2\/pages\/11068"}],"collection":[{"href":"https:\/\/rissmann.com\/fr\/wp-json\/wp\/v2\/pages"}],"about":[{"href":"https:\/\/rissmann.com\/fr\/wp-json\/wp\/v2\/types\/page"}],"author":[{"embeddable":true,"href":"https:\/\/rissmann.com\/fr\/wp-json\/wp\/v2\/users\/1"}],"replies":[{"embeddable":true,"href":"https:\/\/rissmann.com\/fr\/wp-json\/wp\/v2\/comments?post=11068"}],"version-history":[{"count":0,"href":"https:\/\/rissmann.com\/fr\/wp-json\/wp\/v2\/pages\/11068\/revisions"}],"up":[{"embeddable":true,"href":"https:\/\/rissmann.com\/fr\/wp-json\/wp\/v2\/pages\/11051"}],"wp:attachment":[{"href":"https:\/\/rissmann.com\/fr\/wp-json\/wp\/v2\/media?parent=11068"}],"curies":[{"name":"wp","href":"https:\/\/api.w.org\/{rel}","templated":true}]}}