{"id":11063,"date":"2017-05-05T13:43:49","date_gmt":"2017-05-05T11:43:49","guid":{"rendered":"https:\/\/rissmann.com\/rissmann-live\/site-de-nuremberg\/"},"modified":"2018-10-01T09:45:32","modified_gmt":"2018-10-01T07:45:32","slug":"site-de-nuremberg","status":"publish","type":"page","link":"https:\/\/rissmann.com\/fr\/rissmann-live\/site-de-nuremberg\/","title":{"rendered":"site de Nuremberg"},"content":{"rendered":"[vc_row][vc_column][vc_single_image image=\u00a0\u00bb4143&Prime; img_size=\u00a0\u00bbfull\u00a0\u00bb alignment=\u00a0\u00bbcenter\u00a0\u00bb title=\u00a0\u00bbsite de Nuremberg\u00a0\u00bb][\/vc_column][\/vc_row][vc_row css=\u00a0\u00bb.vc_custom_1484147608868{margin-top: 50px !important;margin-right: 0px !important;margin-left: 0px !important;}\u00a0\u00bb][vc_column][vc_row_inner css=\u00a0\u00bb.vc_custom_1483013060204{padding-top: 30px !important;padding-right: 20px !important;padding-bottom: 30px !important;padding-left: 20px !important;background-color: #ffffff !important;}\u00a0\u00bb][vc_column_inner width=\u00a0\u00bb1\/2&Prime;][vc_column_text css_animation=\u00a0\u00bbright-to-left\u00a0\u00bb css=\u00a0\u00bb.vc_custom_1487001049594{padding-bottom: 26px !important;}\u00a0\u00bb]\n<h4 id=\"willkommen\"><strong>Bienvenue chez RISSMANN<br \/>\n<\/strong><\/h4>\n<p>Nous sommes un fabricant leader de solutions exclusives et individuelles de conditionnement pour l&rsquo;industrie des articles de marque dans le domaine des biens de consommation de qualit\u00e9 et des articles de luxe.<br \/>\nSur le site de Nuremberg, nous cr\u00e9ons et produisons des conditionnements exquis et innovants sous\u00a0 forme de cartonnages et de sacs pour nos clients nationaux et internationaux.<br \/>\nDans notre d\u00e9partement interne de cr\u00e9ation et de d\u00e9veloppement avec r\u00e9alisation int\u00e9gr\u00e9e de prototypes, nous travaillons en continu \u00e0 de nouveaux produits et \u00e0 des technologies innovantes.[\/vc_column_text][\/vc_column_inner][vc_column_inner width=\u00a0\u00bb1\/2&Prime;][vc_images_carousel images=\u00a0\u00bb7049,10245,10244&Prime; img_size=\u00a0\u00bb530&#215;353&Prime;][\/vc_column_inner][\/vc_row_inner][\/vc_column][\/vc_row][vc_row css=\u00a0\u00bb.vc_custom_1486660430131{margin-top: 35px !important;margin-right: 0px !important;margin-left: 0px !important;}\u00a0\u00bb][vc_column][vc_row_inner css=\u00a0\u00bb.vc_custom_1483013060204{padding-top: 30px !important;padding-right: 20px !important;padding-bottom: 30px !important;padding-left: 20px !important;background-color: #ffffff !important;}\u00a0\u00bb][vc_column_inner width=\u00a0\u00bb1\/2&Prime;][vc_images_carousel images=\u00a0\u00bb5274,5275,5276,5278,5279,5277,5280&Prime; img_size=\u00a0\u00bb530&#215;353&Prime;][\/vc_column_inner][vc_column_inner width=\u00a0\u00bb1\/2&Prime; css=\u00a0\u00bb.vc_custom_1484226396996{padding-left: 23px !important;}\u00a0\u00bb][vc_column_text css_animation=\u00a0\u00bbright-to-left\u00a0\u00bb]\n<h4 id=\"maschinen\"><strong>Parc de machines<\/strong><\/h4>\n<p>Notre maison-m\u00e8re se trouve depuis 1995 \u00e0 Nuremberg. Ici, dans des lignes de production ultra-modernes semi-automatiques et enti\u00e8rement automatiques, des cartonnages pliables et durs exclusifs et des sacs en papier sont fabriqu\u00e9s.<br \/>\nLe parc de machines \u00e0 l&rsquo;\u00e9quipement ultra-sophistiqu\u00e9 et \u00e0 croissance continue garantit une grande productivit\u00e9 avec une qualit\u00e9 maximale et des cycles de production courts.[\/vc_column_text][\/vc_column_inner][\/vc_row_inner][\/vc_column][\/vc_row][vc_row css=\u00a0\u00bb.vc_custom_1487839978256{margin-top: 35px !important;margin-right: 0px !important;margin-bottom: 15px !important;margin-left: 0px !important;}\u00a0\u00bb][vc_column][vc_row_inner css=\u00a0\u00bb.vc_custom_1483013060204{padding-top: 30px !important;padding-right: 20px !important;padding-bottom: 30px !important;padding-left: 20px !important;background-color: #ffffff !important;}\u00a0\u00bb][vc_column_inner width=\u00a0\u00bb1\/2&Prime;][vc_column_text css_animation=\u00a0\u00bbright-to-left\u00a0\u00bb css=\u00a0\u00bb.vc_custom_1487839653115{padding-bottom: 26px !important;}\u00a0\u00bb]\n<h4 id=\"fertigung\"><strong>Fabrication manuelle &amp; contr\u00f4le de la qualit\u00e9<\/strong><\/h4>\n<p>Des cartonnages complexes d&rsquo;une qualit\u00e9 optimale sont finalis\u00e9s \u00e0 la main sur le site de Nuremberg, des pi\u00e8ces individuelles sp\u00e9ciales sont appliqu\u00e9es comme des inlays et des pi\u00e8ces embouties ou des rubans de fermeture ou des \u00e9l\u00e9ments similaires sont int\u00e9gr\u00e9s.<br \/>\nEnsuite, les articles produits sont soumis \u00e0 des contr\u00f4les de qualit\u00e9 stricts.[\/vc_column_text][\/vc_column_inner][vc_column_inner width=\u00a0\u00bb1\/2&Prime;][vc_single_image image=\u00a0\u00bb10243&Prime; img_size=\u00a0\u00bb530&#215;353&Prime;][\/vc_column_inner][\/vc_row_inner][\/vc_column][\/vc_row]\n","protected":false},"excerpt":{"rendered":"<p>[vc_row][vc_column][vc_single_image image=\u00a0\u00bb4143&Prime; img_size=\u00a0\u00bbfull\u00a0\u00bb alignment=\u00a0\u00bbcenter\u00a0\u00bb title=\u00a0\u00bbsite de Nuremberg\u00a0\u00bb][\/vc_column][\/vc_row][vc_row css=\u00a0\u00bb.vc_custom_1484147608868{margin-top: 50px !important;margin-right: 0px !important;margin-left: 0px !important;}\u00a0\u00bb][vc_column][vc_row_inner css=\u00a0\u00bb.vc_custom_1483013060204{padding-top: 30px !important;padding-right: 20px !important;padding-bottom: 30px !important;padding-left: 20px !important;background-color: #ffffff !important;}\u00a0\u00bb][vc_column_inner width=\u00a0\u00bb1\/2&Prime;][vc_column_text css_animation=\u00a0\u00bbright-to-left\u00a0\u00bb css=\u00a0\u00bb.vc_custom_1487001049594{padding-bottom: 26px !important;}\u00a0\u00bb] Bienvenue chez RISSMANN Nous sommes un fabricant leader de solutions exclusives et individuelles de conditionnement pour l&rsquo;industrie des articles de marque dans le domaine des&#8230;<\/p>\n","protected":false},"author":1,"featured_media":0,"parent":11051,"menu_order":0,"comment_status":"closed","ping_status":"closed","template":"page-full.php","meta":[],"_links":{"self":[{"href":"https:\/\/rissmann.com\/fr\/wp-json\/wp\/v2\/pages\/11063"}],"collection":[{"href":"https:\/\/rissmann.com\/fr\/wp-json\/wp\/v2\/pages"}],"about":[{"href":"https:\/\/rissmann.com\/fr\/wp-json\/wp\/v2\/types\/page"}],"author":[{"embeddable":true,"href":"https:\/\/rissmann.com\/fr\/wp-json\/wp\/v2\/users\/1"}],"replies":[{"embeddable":true,"href":"https:\/\/rissmann.com\/fr\/wp-json\/wp\/v2\/comments?post=11063"}],"version-history":[{"count":0,"href":"https:\/\/rissmann.com\/fr\/wp-json\/wp\/v2\/pages\/11063\/revisions"}],"up":[{"embeddable":true,"href":"https:\/\/rissmann.com\/fr\/wp-json\/wp\/v2\/pages\/11051"}],"wp:attachment":[{"href":"https:\/\/rissmann.com\/fr\/wp-json\/wp\/v2\/media?parent=11063"}],"curies":[{"name":"wp","href":"https:\/\/api.w.org\/{rel}","templated":true}]}}