{"id":11058,"date":"2017-05-05T13:38:36","date_gmt":"2017-05-05T11:38:36","guid":{"rendered":"https:\/\/rissmann.com\/rissmann-live\/chine\/"},"modified":"2018-09-11T19:30:01","modified_gmt":"2018-09-11T17:30:01","slug":"chine","status":"publish","type":"page","link":"https:\/\/rissmann.com\/fr\/rissmann-live\/chine\/","title":{"rendered":"Chine"},"content":{"rendered":"[vc_row][vc_column][vc_single_image image=\u00a0\u00bb4145&Prime; img_size=\u00a0\u00bbfull\u00a0\u00bb alignment=\u00a0\u00bbcenter\u00a0\u00bb title=\u00a0\u00bbChine\u00a0\u00bb][\/vc_column][\/vc_row][vc_row css=\u00a0\u00bb.vc_custom_1487001098221{margin-top: 50px !important;margin-right: 0px !important;margin-left: 0px !important;}\u00a0\u00bb][vc_column][vc_row_inner css=\u00a0\u00bb.vc_custom_1483013060204{padding-top: 30px !important;padding-right: 20px !important;padding-bottom: 30px !important;padding-left: 20px !important;background-color: #ffffff !important;}\u00a0\u00bb][vc_column_inner width=\u00a0\u00bb1\/2&Prime;][vc_column_text css_animation=\u00a0\u00bbright-to-left\u00a0\u00bb]\n<h4 style=\"text-align: left;\"><strong>Possibilit\u00e9s vari\u00e9es de production<\/strong><\/h4>\n<p>En plus de nos sites en Allemagne et en Hongrie, nous travaillons \u00e9galement avec diff\u00e9rentes entreprises de production en Chine. Ainsi, nous proposons des possibilit\u00e9s vari\u00e9es et nous sommes parfaitement install\u00e9s sur le march\u00e9 international.<br \/>\nNos collaborateurs chinois de Rissmann Luxury Packaging Qingdao Limited surveillent les processus sur place et effectuent des contr\u00f4les de qualit\u00e9 r\u00e9guliers.[\/vc_column_text][\/vc_column_inner][vc_column_inner width=\u00a0\u00bb1\/2&Prime;][vc_images_carousel images=\u00a0\u00bb5297,5299,5300,5298&Prime; img_size=\u00a0\u00bb530&#215;353&Prime;][\/vc_column_inner][\/vc_row_inner][\/vc_column][\/vc_row][vc_row css=\u00a0\u00bb.vc_custom_1487001106636{margin-top: 35px !important;margin-right: 0px !important;margin-bottom: 15px !important;margin-left: 0px !important;}\u00a0\u00bb][vc_column][vc_row_inner css=\u00a0\u00bb.vc_custom_1483013060204{padding-top: 30px !important;padding-right: 20px !important;padding-bottom: 30px !important;padding-left: 20px !important;background-color: #ffffff !important;}\u00a0\u00bb][vc_column_inner width=\u00a0\u00bb1\/2&Prime;][vc_images_carousel images=\u00a0\u00bb7217,7216&Prime; img_size=\u00a0\u00bb530&#215;353&Prime;][\/vc_column_inner][vc_column_inner width=\u00a0\u00bb1\/2&Prime;][vc_column_text css=\u00a0\u00bb.vc_custom_1487001267372{padding-left: 10px !important;}\u00a0\u00bb]\n<h4 style=\"text-align: left;\"><strong>German quality &#8211; made in China <\/strong><\/h4>\n<p>\u2026Avec ce slogan, nous avons particip\u00e9 pour la premi\u00e8re fois avec notre filiale chinoise RISSMANN Luxury Packaging (Qingdao) Ltd. 2014 au salon LuxePack \u00e0 Shanghai. L&rsquo;Asie gagnant de plus en plus en importance en tant que march\u00e9 de vente des produits de luxe, il \u00e9tait essentiel pour la marque RISSMANN de se pr\u00e9senter \u00e0 un niveau tr\u00e8s haut de gamme, \u00e9galement dans le cadre du march\u00e9 local, et de stimuler ainsi les activit\u00e9s commerciales en Chine.[\/vc_column_text][\/vc_column_inner][\/vc_row_inner][\/vc_column][\/vc_row]\n","protected":false},"excerpt":{"rendered":"<p>[vc_row][vc_column][vc_single_image image=\u00a0\u00bb4145&Prime; img_size=\u00a0\u00bbfull\u00a0\u00bb alignment=\u00a0\u00bbcenter\u00a0\u00bb title=\u00a0\u00bbChine\u00a0\u00bb][\/vc_column][\/vc_row][vc_row css=\u00a0\u00bb.vc_custom_1487001098221{margin-top: 50px !important;margin-right: 0px !important;margin-left: 0px !important;}\u00a0\u00bb][vc_column][vc_row_inner css=\u00a0\u00bb.vc_custom_1483013060204{padding-top: 30px !important;padding-right: 20px !important;padding-bottom: 30px !important;padding-left: 20px !important;background-color: #ffffff !important;}\u00a0\u00bb][vc_column_inner width=\u00a0\u00bb1\/2&Prime;][vc_column_text css_animation=\u00a0\u00bbright-to-left\u00a0\u00bb] Possibilit\u00e9s vari\u00e9es de production En plus de nos sites en Allemagne et en Hongrie, nous travaillons \u00e9galement avec diff\u00e9rentes entreprises de production en Chine. Ainsi, nous proposons des possibilit\u00e9s vari\u00e9es&#8230;<\/p>\n","protected":false},"author":1,"featured_media":0,"parent":11051,"menu_order":0,"comment_status":"closed","ping_status":"closed","template":"page-full.php","meta":[],"_links":{"self":[{"href":"https:\/\/rissmann.com\/fr\/wp-json\/wp\/v2\/pages\/11058"}],"collection":[{"href":"https:\/\/rissmann.com\/fr\/wp-json\/wp\/v2\/pages"}],"about":[{"href":"https:\/\/rissmann.com\/fr\/wp-json\/wp\/v2\/types\/page"}],"author":[{"embeddable":true,"href":"https:\/\/rissmann.com\/fr\/wp-json\/wp\/v2\/users\/1"}],"replies":[{"embeddable":true,"href":"https:\/\/rissmann.com\/fr\/wp-json\/wp\/v2\/comments?post=11058"}],"version-history":[{"count":0,"href":"https:\/\/rissmann.com\/fr\/wp-json\/wp\/v2\/pages\/11058\/revisions"}],"up":[{"embeddable":true,"href":"https:\/\/rissmann.com\/fr\/wp-json\/wp\/v2\/pages\/11051"}],"wp:attachment":[{"href":"https:\/\/rissmann.com\/fr\/wp-json\/wp\/v2\/media?parent=11058"}],"curies":[{"name":"wp","href":"https:\/\/api.w.org\/{rel}","templated":true}]}}