{"id":11051,"date":"2017-05-05T13:36:43","date_gmt":"2017-05-05T11:36:43","guid":{"rendered":"https:\/\/rissmann.com\/rissmann-live\/"},"modified":"2017-05-18T01:43:33","modified_gmt":"2017-05-17T23:43:33","slug":"rissmann-live","status":"publish","type":"page","link":"https:\/\/rissmann.com\/fr\/rissmann-live\/","title":{"rendered":"RISSMANN live"},"content":{"rendered":"[vc_row][vc_column][vc_single_image image=\u00a0\u00bb4134&Prime; img_size=\u00a0\u00bbfull\u00a0\u00bb alignment=\u00a0\u00bbcenter\u00a0\u00bb title=\u00a0\u00bbRISSMANN live\u00a0\u00bb][\/vc_column][\/vc_row][vc_row css=\u00a0\u00bb.vc_custom_1484143950461{margin-top: 35px !important;}\u00a0\u00bb][vc_column width=\u00a0\u00bb1\/6&Prime;][vc_column_text][\/vc_column_text][\/vc_column][vc_column width=\u00a0\u00bb2\/3&Prime;][vc_column_text]\n<h4 style=\"text-align: center;\">Gr\u00e2ce aux 160 ans d&rsquo;histoire de notre entreprise, nous allions tradition et innovation, production r\u00e9gionale et action mondiale, la vision du tableau d&rsquo;ensemble et l&rsquo;amour du d\u00e9tail.<\/h4>\n[\/vc_column_text][\/vc_column][vc_column width=\u00a0\u00bb1\/6&Prime;][\/vc_column][\/vc_row][vc_row css=\u00a0\u00bb.vc_custom_1484144030579{margin-top: 35px !important;margin-bottom: 15px !important;}\u00a0\u00bb el_class=\u00a0\u00bbfs-caption\u00a0\u00bb][vc_column width=\u00a0\u00bb1\/4&Prime; el_class=\u00a0\u00bbfs-caption\u00a0\u00bb][vc_single_image image=\u00a0\u00bb8314&Prime; img_size=\u00a0\u00bb277&#215;277&Prime; onclick=\u00a0\u00bbcustom_link\u00a0\u00bb css_animation=\u00a0\u00bbappear\u00a0\u00bb title=\u00a0\u00bbSITE DE NUREMBERG\u00a0\u00bb link=\u00a0\u00bbhttps:\/\/rissmann.com\/fr\/rissmann-live\/site-de-nuremberg\/\u00a0\u00bb el_class=\u00a0\u00bbfs-level-1&Prime;][\/vc_column][vc_column width=\u00a0\u00bb1\/4&Prime; el_class=\u00a0\u00bbfs-caption\u00a0\u00bb][vc_single_image image=\u00a0\u00bb8318&Prime; img_size=\u00a0\u00bb277&#215;277&Prime; onclick=\u00a0\u00bbcustom_link\u00a0\u00bb css_animation=\u00a0\u00bbappear\u00a0\u00bb title=\u00a0\u00bbHONGRIE\u00a0\u00bb link=\u00a0\u00bbhttps:\/\/rissmann.com\/fr\/rissmann-live\/hongrie\/\u00a0\u00bb el_class=\u00a0\u00bbfs-level-1&Prime;][\/vc_column][vc_column width=\u00a0\u00bb1\/4&Prime;][vc_single_image image=\u00a0\u00bb8313&Prime; img_size=\u00a0\u00bb277&#215;277&Prime; onclick=\u00a0\u00bbcustom_link\u00a0\u00bb css_animation=\u00a0\u00bbappear\u00a0\u00bb title=\u00a0\u00bbCHINE\u00a0\u00bb link=\u00a0\u00bbhttps:\/\/rissmann.com\/fr\/rissmann-live\/chine\/\u00a0\u00bb el_class=\u00a0\u00bbfs-level-1&Prime;][\/vc_column][vc_column width=\u00a0\u00bb1\/4&Prime;][vc_single_image image=\u00a0\u00bb8319&Prime; img_size=\u00a0\u00bb277X277&Prime; onclick=\u00a0\u00bbcustom_link\u00a0\u00bb css_animation=\u00a0\u00bbappear\u00a0\u00bb title=\u00a0\u00bbRESPONSABILIT\u00c9\u00a0\u00bb el_class=\u00a0\u00bbfs-level-1&Prime; link=\u00a0\u00bbhttps:\/\/rissmann.com\/fr\/rissmann-live\/responsabilite\/\u00a0\u00bb][\/vc_column][\/vc_row]\n","protected":false},"excerpt":{"rendered":"<p>[vc_row][vc_column][vc_single_image image=\u00a0\u00bb4134&Prime; img_size=\u00a0\u00bbfull\u00a0\u00bb alignment=\u00a0\u00bbcenter\u00a0\u00bb title=\u00a0\u00bbRISSMANN live\u00a0\u00bb][\/vc_column][\/vc_row][vc_row css=\u00a0\u00bb.vc_custom_1484143950461{margin-top: 35px !important;}\u00a0\u00bb][vc_column width=\u00a0\u00bb1\/6&Prime;][vc_column_text][\/vc_column_text][\/vc_column][vc_column width=\u00a0\u00bb2\/3&Prime;][vc_column_text] Gr\u00e2ce aux 160 ans d&rsquo;histoire de notre entreprise, nous allions tradition et innovation, production r\u00e9gionale et action mondiale, la vision du tableau d&rsquo;ensemble et l&rsquo;amour du d\u00e9tail. [\/vc_column_text][\/vc_column][vc_column width=\u00a0\u00bb1\/6&Prime;][\/vc_column][\/vc_row][vc_row css=\u00a0\u00bb.vc_custom_1484144030579{margin-top: 35px !important;margin-bottom: 15px !important;}\u00a0\u00bb el_class=\u00a0\u00bbfs-caption\u00a0\u00bb][vc_column width=\u00a0\u00bb1\/4&Prime; el_class=\u00a0\u00bbfs-caption\u00a0\u00bb][vc_single_image image=\u00a0\u00bb8314&Prime; img_size=\u00a0\u00bb277&#215;277&Prime; onclick=\u00a0\u00bbcustom_link\u00a0\u00bb css_animation=\u00a0\u00bbappear\u00a0\u00bb title=\u00a0\u00bbSITE DE NUREMBERG\u00a0\u00bb&#8230;<\/p>\n","protected":false},"author":1,"featured_media":0,"parent":0,"menu_order":0,"comment_status":"closed","ping_status":"closed","template":"page-full.php","meta":[],"_links":{"self":[{"href":"https:\/\/rissmann.com\/fr\/wp-json\/wp\/v2\/pages\/11051"}],"collection":[{"href":"https:\/\/rissmann.com\/fr\/wp-json\/wp\/v2\/pages"}],"about":[{"href":"https:\/\/rissmann.com\/fr\/wp-json\/wp\/v2\/types\/page"}],"author":[{"embeddable":true,"href":"https:\/\/rissmann.com\/fr\/wp-json\/wp\/v2\/users\/1"}],"replies":[{"embeddable":true,"href":"https:\/\/rissmann.com\/fr\/wp-json\/wp\/v2\/comments?post=11051"}],"version-history":[{"count":0,"href":"https:\/\/rissmann.com\/fr\/wp-json\/wp\/v2\/pages\/11051\/revisions"}],"wp:attachment":[{"href":"https:\/\/rissmann.com\/fr\/wp-json\/wp\/v2\/media?parent=11051"}],"curies":[{"name":"wp","href":"https:\/\/api.w.org\/{rel}","templated":true}]}}