{"id":11048,"date":"2017-05-05T13:33:42","date_gmt":"2017-05-05T11:33:42","guid":{"rendered":"https:\/\/rissmann.com\/creation\/developpement-de-produits\/"},"modified":"2017-05-09T17:54:32","modified_gmt":"2017-05-09T15:54:32","slug":"developpement-de-produits","status":"publish","type":"page","link":"https:\/\/rissmann.com\/fr\/creation\/developpement-de-produits\/","title":{"rendered":"d\u00e9veloppement de produits"},"content":{"rendered":"[vc_row][vc_column][vc_single_image image=\u00a0\u00bb6215&Prime; img_size=\u00a0\u00bbfull\u00a0\u00bb alignment=\u00a0\u00bbcenter\u00a0\u00bb title=\u00a0\u00bbd\u00e9veloppement de produits\u00a0\u00bb el_class=\u00a0\u00bbfs-black\u00a0\u00bb][\/vc_column][\/vc_row][vc_row css=\u00a0\u00bb.vc_custom_1484245020819{margin-top: 35px !important;}\u00a0\u00bb][vc_column width=\u00a0\u00bb1\/6&Prime;][\/vc_column][vc_column width=\u00a0\u00bb2\/3&Prime;][vc_column_text]\n<div class=\"page\" title=\"Page 6\">\n<div class=\"section\">\n<div class=\"layoutArea\">\n<div class=\"column\">\n<h4 style=\"text-align: center;\">Du d\u00e9veloppement au produit fini, nous sommes le partenaire qu&rsquo;il vous faut. Nous posons des jalons et satisfaisons vos envies!<\/h4>\n<\/div>\n<\/div>\n<\/div>\n<\/div>\n[\/vc_column_text][\/vc_column][vc_column width=\u00a0\u00bb1\/6&Prime;][\/vc_column][\/vc_row][vc_row css=\u00a0\u00bb.vc_custom_1481883727622{margin-top: 35px !important;}\u00a0\u00bb][vc_column width=\u00a0\u00bb1\/3&Prime; el_class=\u00a0\u00bbfs-caption\u00a0\u00bb][vc_column_text css_animation=\u00a0\u00bbappear\u00a0\u00bb css=\u00a0\u00bb.vc_custom_1494344826884{padding-top: 5px !important;padding-right: 5px !important;padding-bottom: 5px !important;padding-left: 5px !important;background-color: #ffffff !important;}\u00a0\u00bb]\n<div id=\"attachment_6074\" style=\"width: 760px\" class=\"wp-caption alignnone\"><img aria-describedby=\"caption-attachment-6074\" loading=\"lazy\" class=\"wp-image-6074 size-full\" src=\"https:\/\/rissmann.com\/wp-content\/uploads\/2016\/10\/Rissmann_DSC_1967_750x500px.jpg\" width=\"750\" height=\"500\" srcset=\"https:\/\/rissmann.com\/wp-content\/uploads\/2016\/10\/Rissmann_DSC_1967_750x500px.jpg 750w, https:\/\/rissmann.com\/wp-content\/uploads\/2016\/10\/Rissmann_DSC_1967_750x500px-300x200.jpg 300w, https:\/\/rissmann.com\/wp-content\/uploads\/2016\/10\/Rissmann_DSC_1967_750x500px-600x400.jpg 600w, https:\/\/rissmann.com\/wp-content\/uploads\/2016\/10\/Rissmann_DSC_1967_750x500px-345x230.jpg 345w\" sizes=\"(max-width: 750px) 100vw, 750px\" \/><p id=\"caption-attachment-6074\" class=\"wp-caption-text\"><i>CAO<\/i><br \/>conception virtuelle par FlipInBox<\/p><\/div>\n[\/vc_column_text][\/vc_column][vc_column width=\u00a0\u00bb1\/3&Prime; el_class=\u00a0\u00bbfs-caption\u00a0\u00bb][vc_column_text css_animation=\u00a0\u00bbappear\u00a0\u00bb css=\u00a0\u00bb.vc_custom_1494344864806{padding-top: 5px !important;padding-right: 5px !important;padding-bottom: 5px !important;padding-left: 5px !important;background-color: #ffffff !important;}\u00a0\u00bb]\n<div id=\"attachment_6843\" style=\"width: 1210px\" class=\"wp-caption alignnone\"><img aria-describedby=\"caption-attachment-6843\" loading=\"lazy\" class=\"wp-image-6843 size-full\" src=\"https:\/\/rissmann.com\/wp-content\/uploads\/2017\/02\/Nuernberg_3_Entwicklung_2.jpg\" width=\"1200\" height=\"800\" srcset=\"https:\/\/rissmann.com\/wp-content\/uploads\/2017\/02\/Nuernberg_3_Entwicklung_2.jpg 1200w, https:\/\/rissmann.com\/wp-content\/uploads\/2017\/02\/Nuernberg_3_Entwicklung_2-300x200.jpg 300w, https:\/\/rissmann.com\/wp-content\/uploads\/2017\/02\/Nuernberg_3_Entwicklung_2-768x512.jpg 768w, https:\/\/rissmann.com\/wp-content\/uploads\/2017\/02\/Nuernberg_3_Entwicklung_2-1024x683.jpg 1024w, https:\/\/rissmann.com\/wp-content\/uploads\/2017\/02\/Nuernberg_3_Entwicklung_2-800x533.jpg 800w, https:\/\/rissmann.com\/wp-content\/uploads\/2017\/02\/Nuernberg_3_Entwicklung_2-600x400.jpg 600w, https:\/\/rissmann.com\/wp-content\/uploads\/2017\/02\/Nuernberg_3_Entwicklung_2-345x230.jpg 345w\" sizes=\"(max-width: 1200px) 100vw, 1200px\" \/><p id=\"caption-attachment-6843\" class=\"wp-caption-text\"><i>harmonie des couleurs<\/i><br \/>choix des mati\u00e8res<\/p><\/div>\n[\/vc_column_text][\/vc_column][vc_column width=\u00a0\u00bb1\/3&Prime; el_class=\u00a0\u00bbfs-caption\u00a0\u00bb][vc_column_text css_animation=\u00a0\u00bbappear\u00a0\u00bb css=\u00a0\u00bb.vc_custom_1494344878719{padding-top: 5px !important;padding-right: 5px !important;padding-bottom: 5px !important;padding-left: 5px !important;background-color: #ffffff !important;}\u00a0\u00bb]\n<div id=\"attachment_4869\" style=\"width: 1210px\" class=\"wp-caption alignnone\"><img aria-describedby=\"caption-attachment-4869\" loading=\"lazy\" class=\"wp-image-4869 size-full\" src=\"https:\/\/rissmann.com\/wp-content\/uploads\/2016\/11\/FlipInBox-bottle_RISSMANN_3.jpg\" width=\"1200\" height=\"800\" srcset=\"https:\/\/rissmann.com\/wp-content\/uploads\/2016\/11\/FlipInBox-bottle_RISSMANN_3.jpg 1200w, https:\/\/rissmann.com\/wp-content\/uploads\/2016\/11\/FlipInBox-bottle_RISSMANN_3-300x200.jpg 300w, https:\/\/rissmann.com\/wp-content\/uploads\/2016\/11\/FlipInBox-bottle_RISSMANN_3-768x512.jpg 768w, https:\/\/rissmann.com\/wp-content\/uploads\/2016\/11\/FlipInBox-bottle_RISSMANN_3-1024x683.jpg 1024w, https:\/\/rissmann.com\/wp-content\/uploads\/2016\/11\/FlipInBox-bottle_RISSMANN_3-800x533.jpg 800w, https:\/\/rissmann.com\/wp-content\/uploads\/2016\/11\/FlipInBox-bottle_RISSMANN_3-600x400.jpg 600w, https:\/\/rissmann.com\/wp-content\/uploads\/2016\/11\/FlipInBox-bottle_RISSMANN_3-345x230.jpg 345w\" sizes=\"(max-width: 1200px) 100vw, 1200px\" \/><p id=\"caption-attachment-4869\" class=\"wp-caption-text\"><i>FlipInBox<\/i><br \/>prototype dans la mati\u00e8re originale<\/p><\/div>\n[\/vc_column_text][\/vc_column][\/vc_row][vc_row css=\u00a0\u00bb.vc_custom_1484245242851{margin-top: 20px !important;}\u00a0\u00bb][vc_column width=\u00a0\u00bb1\/3&Prime; el_class=\u00a0\u00bbfs-caption\u00a0\u00bb][vc_column_text css_animation=\u00a0\u00bbappear\u00a0\u00bb css=\u00a0\u00bb.vc_custom_1494344918694{padding-top: 5px !important;padding-right: 5px !important;padding-bottom: 5px !important;padding-left: 5px !important;background-color: #ffffff !important;}\u00a0\u00bb]\n<div id=\"attachment_6099\" style=\"width: 760px\" class=\"wp-caption alignnone\"><img aria-describedby=\"caption-attachment-6099\" loading=\"lazy\" class=\"wp-image-6099 size-full\" src=\"https:\/\/rissmann.com\/wp-content\/uploads\/2016\/10\/Plotter-1.jpg\" width=\"750\" height=\"500\" srcset=\"https:\/\/rissmann.com\/wp-content\/uploads\/2016\/10\/Plotter-1.jpg 750w, https:\/\/rissmann.com\/wp-content\/uploads\/2016\/10\/Plotter-1-300x200.jpg 300w, https:\/\/rissmann.com\/wp-content\/uploads\/2016\/10\/Plotter-1-600x400.jpg 600w, https:\/\/rissmann.com\/wp-content\/uploads\/2016\/10\/Plotter-1-345x230.jpg 345w\" sizes=\"(max-width: 750px) 100vw, 750px\" \/><p id=\"caption-attachment-6099\" class=\"wp-caption-text\"><i>traceur CAO<\/i><br \/>&#8230;pour nos \u00e9chantillons manuels et nos prototypes<\/p><\/div>\n[\/vc_column_text][\/vc_column][vc_column width=\u00a0\u00bb1\/3&Prime; el_class=\u00a0\u00bbfs-caption\u00a0\u00bb][vc_column_text css_animation=\u00a0\u00bbappear\u00a0\u00bb css=\u00a0\u00bb.vc_custom_1494345231157{padding-top: 5px !important;padding-right: 5px !important;padding-bottom: 5px !important;padding-left: 5px !important;background-color: #ffffff !important;}\u00a0\u00bb]\n<div id=\"attachment_6097\" style=\"width: 760px\" class=\"wp-caption alignnone\"><img aria-describedby=\"caption-attachment-6097\" loading=\"lazy\" class=\"wp-image-6097 size-full\" src=\"https:\/\/rissmann.com\/wp-content\/uploads\/2016\/10\/Rissmann_DSC_2113_750x500px.jpg\" width=\"750\" height=\"500\" srcset=\"https:\/\/rissmann.com\/wp-content\/uploads\/2016\/10\/Rissmann_DSC_2113_750x500px.jpg 750w, https:\/\/rissmann.com\/wp-content\/uploads\/2016\/10\/Rissmann_DSC_2113_750x500px-300x200.jpg 300w, https:\/\/rissmann.com\/wp-content\/uploads\/2016\/10\/Rissmann_DSC_2113_750x500px-600x400.jpg 600w, https:\/\/rissmann.com\/wp-content\/uploads\/2016\/10\/Rissmann_DSC_2113_750x500px-345x230.jpg 345w\" sizes=\"(max-width: 750px) 100vw, 750px\" \/><p id=\"caption-attachment-6097\" class=\"wp-caption-text\"><i>couverture<\/i><br \/>d\u00e9coupe d&rsquo;une r\u00e9f\u00e9rence pour notre FlipInBox<\/p><\/div>\n[\/vc_column_text][\/vc_column][vc_column width=\u00a0\u00bb1\/3&Prime; el_class=\u00a0\u00bbfs-caption\u00a0\u00bb][vc_column_text css_animation=\u00a0\u00bbappear\u00a0\u00bb css=\u00a0\u00bb.vc_custom_1494345004213{padding-top: 5px !important;padding-right: 5px !important;padding-bottom: 5px !important;padding-left: 5px !important;background-color: #ffffff !important;}\u00a0\u00bb]\n<div id=\"attachment_6100\" style=\"width: 760px\" class=\"wp-caption alignnone\"><img aria-describedby=\"caption-attachment-6100\" loading=\"lazy\" class=\"wp-image-6100 size-full\" src=\"https:\/\/rissmann.com\/wp-content\/uploads\/2016\/10\/Rissmann_DSC_1998_750x500px.jpg\" width=\"750\" height=\"500\" srcset=\"https:\/\/rissmann.com\/wp-content\/uploads\/2016\/10\/Rissmann_DSC_1998_750x500px.jpg 750w, https:\/\/rissmann.com\/wp-content\/uploads\/2016\/10\/Rissmann_DSC_1998_750x500px-300x200.jpg 300w, https:\/\/rissmann.com\/wp-content\/uploads\/2016\/10\/Rissmann_DSC_1998_750x500px-600x400.jpg 600w, https:\/\/rissmann.com\/wp-content\/uploads\/2016\/10\/Rissmann_DSC_1998_750x500px-345x230.jpg 345w\" sizes=\"(max-width: 750px) 100vw, 750px\" \/><p id=\"caption-attachment-6100\" class=\"wp-caption-text\"><i>traceur<\/i><br \/>impressions grand format<\/p><\/div>\n[\/vc_column_text][\/vc_column][\/vc_row][vc_row css=\u00a0\u00bb.vc_custom_1484245252058{margin-top: 20px !important;margin-bottom: 15px !important;}\u00a0\u00bb][vc_column width=\u00a0\u00bb1\/3&Prime; el_class=\u00a0\u00bbfs-caption\u00a0\u00bb][vc_column_text css_animation=\u00a0\u00bbappear\u00a0\u00bb css=\u00a0\u00bb.vc_custom_1494345242095{padding-top: 5px !important;padding-right: 5px !important;padding-bottom: 5px !important;padding-left: 5px !important;background-color: #ffffff !important;}\u00a0\u00bb]\n<div id=\"attachment_6084\" style=\"width: 760px\" class=\"wp-caption alignnone\"><img aria-describedby=\"caption-attachment-6084\" loading=\"lazy\" class=\"wp-image-6084 size-full\" src=\"https:\/\/rissmann.com\/wp-content\/uploads\/2016\/10\/Rissmann_DSC_1881_750x500px.jpg\" width=\"750\" height=\"500\" srcset=\"https:\/\/rissmann.com\/wp-content\/uploads\/2016\/10\/Rissmann_DSC_1881_750x500px.jpg 750w, https:\/\/rissmann.com\/wp-content\/uploads\/2016\/10\/Rissmann_DSC_1881_750x500px-300x200.jpg 300w, https:\/\/rissmann.com\/wp-content\/uploads\/2016\/10\/Rissmann_DSC_1881_750x500px-600x400.jpg 600w, https:\/\/rissmann.com\/wp-content\/uploads\/2016\/10\/Rissmann_DSC_1881_750x500px-345x230.jpg 345w\" sizes=\"(max-width: 750px) 100vw, 750px\" \/><p id=\"caption-attachment-6084\" class=\"wp-caption-text\"><i>conception graphique<\/i><br \/>cr\u00e9ation de dessins purs &amp; de donn\u00e9es d&rsquo;impression<\/p><\/div>\n[\/vc_column_text][\/vc_column][vc_column width=\u00a0\u00bb1\/3&Prime; el_class=\u00a0\u00bbfs-caption\u00a0\u00bb][vc_column_text css_animation=\u00a0\u00bbappear\u00a0\u00bb css=\u00a0\u00bb.vc_custom_1494345252798{padding-top: 5px !important;padding-right: 5px !important;padding-bottom: 5px !important;padding-left: 5px !important;background-color: #ffffff !important;}\u00a0\u00bb]\n<div id=\"attachment_6092\" style=\"width: 760px\" class=\"wp-caption alignnone\"><img aria-describedby=\"caption-attachment-6092\" loading=\"lazy\" class=\"wp-image-6092 size-full\" src=\"https:\/\/rissmann.com\/wp-content\/uploads\/2016\/10\/Rissmann_DSC_1917_750x500px.jpg\" width=\"750\" height=\"500\" srcset=\"https:\/\/rissmann.com\/wp-content\/uploads\/2016\/10\/Rissmann_DSC_1917_750x500px.jpg 750w, https:\/\/rissmann.com\/wp-content\/uploads\/2016\/10\/Rissmann_DSC_1917_750x500px-300x200.jpg 300w, https:\/\/rissmann.com\/wp-content\/uploads\/2016\/10\/Rissmann_DSC_1917_750x500px-600x400.jpg 600w, https:\/\/rissmann.com\/wp-content\/uploads\/2016\/10\/Rissmann_DSC_1917_750x500px-345x230.jpg 345w\" sizes=\"(max-width: 750px) 100vw, 750px\" \/><p id=\"caption-attachment-6092\" class=\"wp-caption-text\"><i>v\u00e9rification des couleurs<\/i><br \/>contr\u00f4le des r\u00e9sultats d&rsquo;impression<\/p><\/div>\n[\/vc_column_text][\/vc_column][vc_column width=\u00a0\u00bb1\/3&Prime; el_class=\u00a0\u00bbfs-caption\u00a0\u00bb][vc_column_text css_animation=\u00a0\u00bbappear\u00a0\u00bb css=\u00a0\u00bb.vc_custom_1494345263818{padding-top: 5px !important;padding-right: 5px !important;padding-bottom: 5px !important;padding-left: 5px !important;background-color: #ffffff !important;}\u00a0\u00bb]\n<div id=\"attachment_6565\" style=\"width: 1210px\" class=\"wp-caption alignnone\"><img aria-describedby=\"caption-attachment-6565\" loading=\"lazy\" class=\"wp-image-6565 size-full\" src=\"https:\/\/rissmann.com\/wp-content\/uploads\/2016\/10\/PTT_Fisch.jpg\" width=\"1200\" height=\"800\" srcset=\"https:\/\/rissmann.com\/wp-content\/uploads\/2016\/10\/PTT_Fisch.jpg 1200w, https:\/\/rissmann.com\/wp-content\/uploads\/2016\/10\/PTT_Fisch-300x200.jpg 300w, https:\/\/rissmann.com\/wp-content\/uploads\/2016\/10\/PTT_Fisch-768x512.jpg 768w, https:\/\/rissmann.com\/wp-content\/uploads\/2016\/10\/PTT_Fisch-1024x683.jpg 1024w, https:\/\/rissmann.com\/wp-content\/uploads\/2016\/10\/PTT_Fisch-800x533.jpg 800w, https:\/\/rissmann.com\/wp-content\/uploads\/2016\/10\/PTT_Fisch-600x400.jpg 600w, https:\/\/rissmann.com\/wp-content\/uploads\/2016\/10\/PTT_Fisch-345x230.jpg 345w\" sizes=\"(max-width: 1200px) 100vw, 1200px\" \/><p id=\"caption-attachment-6565\" class=\"wp-caption-text\"><i>sac<\/i><br \/>\u00e9chantillon manuel dans une feuille originale<\/p><\/div>\n[\/vc_column_text][\/vc_column][\/vc_row]\n","protected":false},"excerpt":{"rendered":"<p>[vc_row][vc_column][vc_single_image image=\u00a0\u00bb6215&Prime; img_size=\u00a0\u00bbfull\u00a0\u00bb alignment=\u00a0\u00bbcenter\u00a0\u00bb title=\u00a0\u00bbd\u00e9veloppement de produits\u00a0\u00bb el_class=\u00a0\u00bbfs-black\u00a0\u00bb][\/vc_column][\/vc_row][vc_row css=\u00a0\u00bb.vc_custom_1484245020819{margin-top: 35px !important;}\u00a0\u00bb][vc_column width=\u00a0\u00bb1\/6&Prime;][\/vc_column][vc_column width=\u00a0\u00bb2\/3&Prime;][vc_column_text] Du d\u00e9veloppement au produit fini, nous sommes le partenaire qu&rsquo;il vous faut. Nous posons des jalons et satisfaisons vos envies! [\/vc_column_text][\/vc_column][vc_column width=\u00a0\u00bb1\/6&Prime;][\/vc_column][\/vc_row][vc_row css=\u00a0\u00bb.vc_custom_1481883727622{margin-top: 35px !important;}\u00a0\u00bb][vc_column width=\u00a0\u00bb1\/3&Prime; el_class=\u00a0\u00bbfs-caption\u00a0\u00bb][vc_column_text css_animation=\u00a0\u00bbappear\u00a0\u00bb css=\u00a0\u00bb.vc_custom_1494344826884{padding-top: 5px !important;padding-right: 5px !important;padding-bottom: 5px !important;padding-left: 5px !important;background-color: #ffffff !important;}\u00a0\u00bb] [\/vc_column_text][\/vc_column][vc_column width=\u00a0\u00bb1\/3&Prime; el_class=\u00a0\u00bbfs-caption\u00a0\u00bb][vc_column_text&#8230;<\/p>\n","protected":false},"author":1,"featured_media":0,"parent":11037,"menu_order":0,"comment_status":"closed","ping_status":"closed","template":"page-full.php","meta":[],"_links":{"self":[{"href":"https:\/\/rissmann.com\/fr\/wp-json\/wp\/v2\/pages\/11048"}],"collection":[{"href":"https:\/\/rissmann.com\/fr\/wp-json\/wp\/v2\/pages"}],"about":[{"href":"https:\/\/rissmann.com\/fr\/wp-json\/wp\/v2\/types\/page"}],"author":[{"embeddable":true,"href":"https:\/\/rissmann.com\/fr\/wp-json\/wp\/v2\/users\/1"}],"replies":[{"embeddable":true,"href":"https:\/\/rissmann.com\/fr\/wp-json\/wp\/v2\/comments?post=11048"}],"version-history":[{"count":0,"href":"https:\/\/rissmann.com\/fr\/wp-json\/wp\/v2\/pages\/11048\/revisions"}],"up":[{"embeddable":true,"href":"https:\/\/rissmann.com\/fr\/wp-json\/wp\/v2\/pages\/11037"}],"wp:attachment":[{"href":"https:\/\/rissmann.com\/fr\/wp-json\/wp\/v2\/media?parent=11048"}],"curies":[{"name":"wp","href":"https:\/\/api.w.org\/{rel}","templated":true}]}}