{"id":11027,"date":"2017-05-05T11:43:47","date_gmt":"2017-05-05T09:43:47","guid":{"rendered":"https:\/\/rissmann.com\/fermetures\/"},"modified":"2017-05-17T13:32:17","modified_gmt":"2017-05-17T11:32:17","slug":"fermetures","status":"publish","type":"page","link":"https:\/\/rissmann.com\/fr\/concepts\/accessoires\/fermetures\/","title":{"rendered":"fermetures"},"content":{"rendered":"[vc_row][vc_column][vc_single_image image=\u00a0\u00bb5024&Prime; img_size=\u00a0\u00bbfull\u00a0\u00bb alignment=\u00a0\u00bbcenter\u00a0\u00bb title=\u00a0\u00bbfermetures\u00a0\u00bb][\/vc_column][\/vc_row][vc_row css=\u00a0\u00bb.vc_custom_1484754340130{margin-top: 50px !important;margin-right: 0px !important;margin-left: 0px !important;}\u00a0\u00bb][vc_column][vc_row_inner css=\u00a0\u00bb.vc_custom_1482965383778{padding-top: 30px !important;padding-right: 20px !important;padding-bottom: 30px !important;padding-left: 20px !important;background-color: #ffffff !important;}\u00a0\u00bb][vc_column_inner width=\u00a0\u00bb1\/3&Prime;][vc_column_text css_animation=\u00a0\u00bbleft-to-right\u00a0\u00bb css=\u00a0\u00bb.vc_custom_1486396959111{margin-bottom: 20px !important;}\u00a0\u00bb]\n<h4><strong>Ruban satin<\/strong><\/h4>\n<p>Pour les fermetures de vos cartonnages et de vos sacs, votre imagination ne conna\u00eet pas non plus de limites&#8230;<\/p>\n<p>Sur l&rsquo;exemple, la bo\u00eete est ferm\u00e9e avec un ruban satin imprim\u00e9. Vous pouvez bien \u00e9videmment choisir dans un large choix de mati\u00e8res et de couleurs.[\/vc_column_text][\/vc_column_inner][vc_column_inner width=\u00a0\u00bb2\/3&Prime;][vc_images_carousel images=\u00a0\u00bb5066&Prime; img_size=\u00a0\u00bb710&#215;473&Prime;][\/vc_column_inner][\/vc_row_inner][\/vc_column][\/vc_row][vc_row css=\u00a0\u00bb.vc_custom_1484750928713{margin-top: 35px !important;margin-right: 0px !important;margin-left: 0px !important;}\u00a0\u00bb][vc_column][vc_row_inner css=\u00a0\u00bb.vc_custom_1482965393016{padding-top: 30px !important;padding-right: 20px !important;padding-bottom: 30px !important;padding-left: 20px !important;background-color: #ffffff !important;}\u00a0\u00bb][vc_column_inner width=\u00a0\u00bb2\/3&Prime;][vc_images_carousel images=\u00a0\u00bb5063&Prime; img_size=\u00a0\u00bb710&#215;473&Prime;][\/vc_column_inner][vc_column_inner width=\u00a0\u00bb1\/3&Prime;][vc_column_text css_animation=\u00a0\u00bbleft-to-right\u00a0\u00bb css=\u00a0\u00bb.vc_custom_1486396940538{margin-bottom: 20px !important;}\u00a0\u00bb]\n<h4><strong>Aimants<\/strong><\/h4>\n<p>Pour les fermetures de vos cartonnages et de vos sacs, votre imagination ne conna\u00eet pas non plus de limites&#8230;..<\/p>\n<p>Dans l&rsquo;exemple illustr\u00e9, le dossier est ferm\u00e9 par des aimants ins\u00e9r\u00e9s. Vous avez le choix entre un grand nombre de tailles, de formes et d&rsquo;\u00e9paisseurs avec diff\u00e9rents pouvoirs aimant\u00e9s.[\/vc_column_text][\/vc_column_inner][\/vc_row_inner][\/vc_column][\/vc_row][vc_row css=\u00a0\u00bb.vc_custom_1484754308529{margin-top: 35px !important;margin-right: 0px !important;margin-left: 0px !important;}\u00a0\u00bb][vc_column][vc_row_inner css=\u00a0\u00bb.vc_custom_1482965383778{padding-top: 30px !important;padding-right: 20px !important;padding-bottom: 30px !important;padding-left: 20px !important;background-color: #ffffff !important;}\u00a0\u00bb][vc_column_inner width=\u00a0\u00bb1\/3&Prime;][vc_column_text css_animation=\u00a0\u00bbleft-to-right\u00a0\u00bb css=\u00a0\u00bb.vc_custom_1495020712130{margin-bottom: 20px !important;}\u00a0\u00bb]\n<h4><strong>Bande \u00e9lastique<br \/>\n<\/strong><\/h4>\n<p>Pour les fermetures de vos cartonnages et de vos sacs, votre imagination ne conna\u00eet pas non plus de limites&#8230;<\/p>\n<p>Fermez votre cartonnage par un ruban \u00e9lastique int\u00e9gr\u00e9 ou sur le pourtour &#8211; nous vous proposons un large choix de couleurs et de sortes afin de trouver ce qui convient le mieux \u00e0 votre emballage.[\/vc_column_text][\/vc_column_inner][vc_column_inner width=\u00a0\u00bb2\/3&Prime;][vc_images_carousel images=\u00a0\u00bb5056,5057&Prime; img_size=\u00a0\u00bb710&#215;473&Prime;][\/vc_column_inner][\/vc_row_inner][\/vc_column][\/vc_row][vc_row css=\u00a0\u00bb.vc_custom_1484750928713{margin-top: 35px !important;margin-right: 0px !important;margin-left: 0px !important;}\u00a0\u00bb][vc_column][vc_row_inner css=\u00a0\u00bb.vc_custom_1482965393016{padding-top: 30px !important;padding-right: 20px !important;padding-bottom: 30px !important;padding-left: 20px !important;background-color: #ffffff !important;}\u00a0\u00bb][vc_column_inner width=\u00a0\u00bb2\/3&Prime;][vc_images_carousel images=\u00a0\u00bb5062,5061&Prime; img_size=\u00a0\u00bb710&#215;473&Prime;][\/vc_column_inner][vc_column_inner width=\u00a0\u00bb1\/3&Prime;][vc_column_text css_animation=\u00a0\u00bbleft-to-right\u00a0\u00bb css=\u00a0\u00bb.vc_custom_1486395281473{margin-bottom: 20px !important;}\u00a0\u00bb]\n<h4><strong>Bande de cuir<\/strong><\/h4>\n<p>Pour les fermetures de vos cartonnages et de vos sacs, votre imagination ne conna\u00eet pas non plus de limites&#8230;<\/p>\n<p>Une bande fine de cuir convient tr\u00e8s bien pour apporter de l&rsquo;\u00e9l\u00e9gance \u00e0 votre emballage.[\/vc_column_text][\/vc_column_inner][\/vc_row_inner][\/vc_column][\/vc_row][vc_row css=\u00a0\u00bb.vc_custom_1484754292071{margin-top: 35px !important;margin-right: 0px !important;margin-left: 0px !important;}\u00a0\u00bb][vc_column][vc_row_inner css=\u00a0\u00bb.vc_custom_1482965383778{padding-top: 30px !important;padding-right: 20px !important;padding-bottom: 30px !important;padding-left: 20px !important;background-color: #ffffff !important;}\u00a0\u00bb][vc_column_inner width=\u00a0\u00bb1\/3&Prime;][vc_column_text css_animation=\u00a0\u00bbleft-to-right\u00a0\u00bb css=\u00a0\u00bb.vc_custom_1486396836166{margin-bottom: 20px !important;}\u00a0\u00bb]\n<h4><strong>Fermeture-\u00e9clair<\/strong><\/h4>\n<p>Pour les fermetures de vos cartonnages et de vos sacs, votre imagination ne conna\u00eet pas non plus de limites&#8230;<\/p>\n<p>Une fermeture-\u00e9clair cousue transforme un sac en papier en emballage extravagant.[\/vc_column_text][\/vc_column_inner][vc_column_inner width=\u00a0\u00bb2\/3&Prime;][vc_images_carousel images=\u00a0\u00bb5064,5065&Prime; img_size=\u00a0\u00bb710&#215;473&Prime;][\/vc_column_inner][\/vc_row_inner][\/vc_column][\/vc_row][vc_row css=\u00a0\u00bb.vc_custom_1484750928713{margin-top: 35px !important;margin-right: 0px !important;margin-left: 0px !important;}\u00a0\u00bb][vc_column][vc_row_inner css=\u00a0\u00bb.vc_custom_1482965393016{padding-top: 30px !important;padding-right: 20px !important;padding-bottom: 30px !important;padding-left: 20px !important;background-color: #ffffff !important;}\u00a0\u00bb][vc_column_inner width=\u00a0\u00bb2\/3&Prime;][vc_images_carousel images=\u00a0\u00bb5067,5068&Prime; img_size=\u00a0\u00bb710&#215;473&Prime;][\/vc_column_inner][vc_column_inner width=\u00a0\u00bb1\/3&Prime;][vc_column_text css_animation=\u00a0\u00bbleft-to-right\u00a0\u00bb css=\u00a0\u00bb.vc_custom_1486396574211{margin-bottom: 20px !important;}\u00a0\u00bb]\n<h4><strong>Oeillets &amp; cordons<\/strong><\/h4>\n<p>Pour les fermetures de vos cartonnages et de vos sacs, votre imagination ne conna\u00eet pas non plus de limites&#8230;<\/p>\n<p>Cette variante est un peu plus raffin\u00e9e :<br \/>\nun cordon qui est reli\u00e9 autour de deux \u0153illets avec anneaux en carton.[\/vc_column_text][\/vc_column_inner][\/vc_row_inner][\/vc_column][\/vc_row][vc_row css=\u00a0\u00bb.vc_custom_1484754273027{margin-top: 35px !important;margin-right: 0px !important;margin-left: 0px !important;}\u00a0\u00bb][vc_column][vc_row_inner css=\u00a0\u00bb.vc_custom_1482965383778{padding-top: 30px !important;padding-right: 20px !important;padding-bottom: 30px !important;padding-left: 20px !important;background-color: #ffffff !important;}\u00a0\u00bb][vc_column_inner width=\u00a0\u00bb1\/3&Prime;][vc_column_text css_animation=\u00a0\u00bbleft-to-right\u00a0\u00bb css=\u00a0\u00bb.vc_custom_1486396538300{margin-bottom: 20px !important;}\u00a0\u00bb]\n<h4><strong>Fermeture autogrippante<\/strong><\/h4>\n<p>Pour les fermetures de vos cartonnages et de vos sacs, votre imagination ne conna\u00eet pas non plus de limites&#8230;<\/p>\n<p>Les points autogrippants autocollants forment \u00e9galement une variante de fermeture pratique.[\/vc_column_text][\/vc_column_inner][vc_column_inner width=\u00a0\u00bb2\/3&Prime;][vc_images_carousel images=\u00a0\u00bb5058&Prime; img_size=\u00a0\u00bb710&#215;473&Prime;][\/vc_column_inner][\/vc_row_inner][\/vc_column][\/vc_row][vc_row css=\u00a0\u00bb.vc_custom_1484754261548{margin-top: 35px !important;margin-right: 0px !important;margin-bottom: 15px !important;margin-left: 0px !important;}\u00a0\u00bb][vc_column][vc_row_inner css=\u00a0\u00bb.vc_custom_1482965393016{padding-top: 30px !important;padding-right: 20px !important;padding-bottom: 30px !important;padding-left: 20px !important;background-color: #ffffff !important;}\u00a0\u00bb][vc_column_inner width=\u00a0\u00bb2\/3&Prime;][vc_images_carousel images=\u00a0\u00bb5059,5060&Prime; img_size=\u00a0\u00bb710&#215;473&Prime;][\/vc_column_inner][vc_column_inner width=\u00a0\u00bb1\/3&Prime;][vc_column_text css_animation=\u00a0\u00bbleft-to-right\u00a0\u00bb css=\u00a0\u00bb.vc_custom_1486396779703{margin-bottom: 20px !important;}\u00a0\u00bb]\n<h4><strong>Possibilit\u00e9s de fermeture individuelles<\/strong><\/h4>\n<p>Pour les fermetures de vos cartonnages et de vos sacs, votre imagination ne conna\u00eet pas non plus de limites&#8230;<\/p>\n<p>Nous d\u00e9veloppons \u00e9galement des fermetures selon vos envies, par ex. vous pouvez voir ici une languette rivet\u00e9e en plastique qui est gliss\u00e9e au-dessus d&rsquo;un bouton en m\u00e9tal.[\/vc_column_text][\/vc_column_inner][\/vc_row_inner][\/vc_column][\/vc_row]\n","protected":false},"excerpt":{"rendered":"<p>[vc_row][vc_column][vc_single_image image=\u00a0\u00bb5024&Prime; img_size=\u00a0\u00bbfull\u00a0\u00bb alignment=\u00a0\u00bbcenter\u00a0\u00bb title=\u00a0\u00bbfermetures\u00a0\u00bb][\/vc_column][\/vc_row][vc_row css=\u00a0\u00bb.vc_custom_1484754340130{margin-top: 50px !important;margin-right: 0px !important;margin-left: 0px !important;}\u00a0\u00bb][vc_column][vc_row_inner css=\u00a0\u00bb.vc_custom_1482965383778{padding-top: 30px !important;padding-right: 20px !important;padding-bottom: 30px !important;padding-left: 20px !important;background-color: #ffffff !important;}\u00a0\u00bb][vc_column_inner width=\u00a0\u00bb1\/3&Prime;][vc_column_text css_animation=\u00a0\u00bbleft-to-right\u00a0\u00bb css=\u00a0\u00bb.vc_custom_1486396959111{margin-bottom: 20px !important;}\u00a0\u00bb] Ruban satin Pour les fermetures de vos cartonnages et de vos sacs, votre imagination ne conna\u00eet pas non plus de limites&#8230; Sur l&rsquo;exemple, la bo\u00eete est ferm\u00e9e&#8230;<\/p>\n","protected":false},"author":1,"featured_media":0,"parent":11277,"menu_order":0,"comment_status":"closed","ping_status":"closed","template":"page-full.php","meta":[],"_links":{"self":[{"href":"https:\/\/rissmann.com\/fr\/wp-json\/wp\/v2\/pages\/11027"}],"collection":[{"href":"https:\/\/rissmann.com\/fr\/wp-json\/wp\/v2\/pages"}],"about":[{"href":"https:\/\/rissmann.com\/fr\/wp-json\/wp\/v2\/types\/page"}],"author":[{"embeddable":true,"href":"https:\/\/rissmann.com\/fr\/wp-json\/wp\/v2\/users\/1"}],"replies":[{"embeddable":true,"href":"https:\/\/rissmann.com\/fr\/wp-json\/wp\/v2\/comments?post=11027"}],"version-history":[{"count":0,"href":"https:\/\/rissmann.com\/fr\/wp-json\/wp\/v2\/pages\/11027\/revisions"}],"up":[{"embeddable":true,"href":"https:\/\/rissmann.com\/fr\/wp-json\/wp\/v2\/pages\/11277"}],"wp:attachment":[{"href":"https:\/\/rissmann.com\/fr\/wp-json\/wp\/v2\/media?parent=11027"}],"curies":[{"name":"wp","href":"https:\/\/api.w.org\/{rel}","templated":true}]}}