{"id":11017,"date":"2017-05-05T11:10:29","date_gmt":"2017-05-05T09:10:29","guid":{"rendered":"https:\/\/rissmann.com\/fenetres-de-visualisation\/"},"modified":"2017-05-05T11:11:02","modified_gmt":"2017-05-05T09:11:02","slug":"fenetres-de-visualisation","status":"publish","type":"page","link":"https:\/\/rissmann.com\/fr\/concepts\/accessoires\/fenetres-de-visualisation\/","title":{"rendered":"fen\u00eatres de visualisation"},"content":{"rendered":"[vc_row][vc_column][vc_single_image image=\u00a0\u00bb5023&Prime; img_size=\u00a0\u00bbfull\u00a0\u00bb alignment=\u00a0\u00bbcenter\u00a0\u00bb title=\u00a0\u00bbfen\u00eatres de visualisation\u00a0\u00bb][\/vc_column][\/vc_row][vc_row css=\u00a0\u00bb.vc_custom_1484754764658{margin-top: 50px !important;margin-right: 0px !important;margin-bottom: 15px !important;margin-left: 0px !important;}\u00a0\u00bb][vc_column][vc_row_inner css=\u00a0\u00bb.vc_custom_1482965383778{padding-top: 30px !important;padding-right: 20px !important;padding-bottom: 30px !important;padding-left: 20px !important;background-color: #ffffff !important;}\u00a0\u00bb][vc_column_inner width=\u00a0\u00bb1\/3&Prime;][vc_column_text css_animation=\u00a0\u00bbleft-to-right\u00a0\u00bb css=\u00a0\u00bb.vc_custom_1484754825674{margin-bottom: 20px !important;}\u00a0\u00bb]\n<h4><strong>Fen\u00eatres de visualisation individuelles<br \/>\n<\/strong><\/h4>\n<p>Dans de nombreux cartonnages, il est possible d&rsquo;ins\u00e9rer une fen\u00eatre de visite individuelle.[\/vc_column_text][vc_toggle title=\u00a0\u00bboptions\u00a0\u00bb style=\u00a0\u00bbarrow\u00a0\u00bb size=\u00a0\u00bbsm\u00a0\u00bb css_animation=\u00a0\u00bbleft-to-right\u00a0\u00bb el_id=\u00a0\u00bb1479333630554-608df785-0f22&Prime;]\n<ul>\n<li>encoche individuelle<\/li>\n<li>encoche avec film, arri\u00e8re avec collage transparent<\/li>\n<li>encoche avec film, arri\u00e8re miroir (collage non visible)<\/li>\n<li>encoche avec bords ouverts (le carton est visible)<\/li>\n<li>encoche avec bords ferm\u00e9s \/ doubl\u00e9s ( le carton n&rsquo;est pas visible)<\/li>\n<\/ul>\n[\/vc_toggle][vc_toggle title=\u00a0\u00bbexemples\u00a0\u00bb style=\u00a0\u00bbarrow\u00a0\u00bb size=\u00a0\u00bbsm\u00a0\u00bb css_animation=\u00a0\u00bbleft-to-right\u00a0\u00bb el_id=\u00a0\u00bb1484754836489-259f6803-35b9&Prime;]\n<ul>\n<li><strong>illustration 1:<\/strong> fen\u00eatre de visualisation coll\u00e9e avec du film dans un cartonnage \u00e0 couvercle \u00e0 rabat, miroir \u00e0 l&rsquo;int\u00e9rieur (collage invisible), bords de la perforation doubl\u00e9s<\/li>\n<li><strong>illustration 2:<\/strong> fen\u00eatre de\u00a0visualisation coll\u00e9e avec du film dans un cartonnage \u00e0 monobande, miroir \u00e0 l&rsquo;int\u00e9rieur (collage invisible), bords de la perforation doubl\u00e9s<\/li>\n<li><strong>illustration 3:<\/strong> fen\u00eatre de visualisation dans une BookBox, coll\u00e9e avec du film sans miroir (collage visible), bords de la perforation ouverts<\/li>\n<\/ul>\n[\/vc_toggle][\/vc_column_inner][vc_column_inner width=\u00a0\u00bb2\/3&Prime;][vc_images_carousel images=\u00a0\u00bb5078,10230,5080&Prime; img_size=\u00a0\u00bb710&#215;473&Prime;][\/vc_column_inner][\/vc_row_inner][\/vc_column][\/vc_row]\n","protected":false},"excerpt":{"rendered":"<p>[vc_row][vc_column][vc_single_image image=\u00a0\u00bb5023&Prime; img_size=\u00a0\u00bbfull\u00a0\u00bb alignment=\u00a0\u00bbcenter\u00a0\u00bb title=\u00a0\u00bbfen\u00eatres de visualisation\u00a0\u00bb][\/vc_column][\/vc_row][vc_row css=\u00a0\u00bb.vc_custom_1484754764658{margin-top: 50px !important;margin-right: 0px !important;margin-bottom: 15px !important;margin-left: 0px !important;}\u00a0\u00bb][vc_column][vc_row_inner css=\u00a0\u00bb.vc_custom_1482965383778{padding-top: 30px !important;padding-right: 20px !important;padding-bottom: 30px !important;padding-left: 20px !important;background-color: #ffffff !important;}\u00a0\u00bb][vc_column_inner width=\u00a0\u00bb1\/3&Prime;][vc_column_text css_animation=\u00a0\u00bbleft-to-right\u00a0\u00bb css=\u00a0\u00bb.vc_custom_1484754825674{margin-bottom: 20px !important;}\u00a0\u00bb] Fen\u00eatres de visualisation individuelles Dans de nombreux cartonnages, il est possible d&rsquo;ins\u00e9rer une fen\u00eatre de visite individuelle.[\/vc_column_text][vc_toggle title=\u00a0\u00bboptions\u00a0\u00bb style=\u00a0\u00bbarrow\u00a0\u00bb size=\u00a0\u00bbsm\u00a0\u00bb css_animation=\u00a0\u00bbleft-to-right\u00a0\u00bb el_id=\u00a0\u00bb1479333630554-608df785-0f22&Prime;] encoche&#8230;<\/p>\n","protected":false},"author":1,"featured_media":0,"parent":11277,"menu_order":0,"comment_status":"closed","ping_status":"closed","template":"page-full.php","meta":[],"_links":{"self":[{"href":"https:\/\/rissmann.com\/fr\/wp-json\/wp\/v2\/pages\/11017"}],"collection":[{"href":"https:\/\/rissmann.com\/fr\/wp-json\/wp\/v2\/pages"}],"about":[{"href":"https:\/\/rissmann.com\/fr\/wp-json\/wp\/v2\/types\/page"}],"author":[{"embeddable":true,"href":"https:\/\/rissmann.com\/fr\/wp-json\/wp\/v2\/users\/1"}],"replies":[{"embeddable":true,"href":"https:\/\/rissmann.com\/fr\/wp-json\/wp\/v2\/comments?post=11017"}],"version-history":[{"count":0,"href":"https:\/\/rissmann.com\/fr\/wp-json\/wp\/v2\/pages\/11017\/revisions"}],"up":[{"embeddable":true,"href":"https:\/\/rissmann.com\/fr\/wp-json\/wp\/v2\/pages\/11277"}],"wp:attachment":[{"href":"https:\/\/rissmann.com\/fr\/wp-json\/wp\/v2\/media?parent=11017"}],"curies":[{"name":"wp","href":"https:\/\/api.w.org\/{rel}","templated":true}]}}