{"id":10983,"date":"2017-05-04T17:40:18","date_gmt":"2017-05-04T15:40:18","guid":{"rendered":"https:\/\/rissmann.com\/cliquets\/"},"modified":"2017-05-17T11:59:10","modified_gmt":"2017-05-17T09:59:10","slug":"cliquets","status":"publish","type":"page","link":"https:\/\/rissmann.com\/fr\/concepts\/accessoires\/cliquets\/","title":{"rendered":"cliquets"},"content":{"rendered":"[vc_row][vc_column][vc_single_image image=\u00a0\u00bb5022&Prime; img_size=\u00a0\u00bbfull\u00a0\u00bb alignment=\u00a0\u00bbcenter\u00a0\u00bb title=\u00a0\u00bbcliquets\u00a0\u00bb][\/vc_column][\/vc_row][vc_row css=\u00a0\u00bb.vc_custom_1484648941393{margin-top: 50px !important;margin-right: 0px !important;margin-left: 0px !important;}\u00a0\u00bb][vc_column][vc_row_inner css=\u00a0\u00bb.vc_custom_1482965383778{padding-top: 30px !important;padding-right: 20px !important;padding-bottom: 30px !important;padding-left: 20px !important;background-color: #ffffff !important;}\u00a0\u00bb][vc_column_inner width=\u00a0\u00bb1\/3&Prime;][vc_column_text css_animation=\u00a0\u00bbleft-to-right\u00a0\u00bb css=\u00a0\u00bb.vc_custom_1495015052568{margin-bottom: 20px !important;}\u00a0\u00bb]\n<h4><strong>Cliquet<\/strong><\/h4>\n<p>Afin de pouvoir ouvrir facilement le tiroir des \u00e9tuis, par exemple, il est possible d&rsquo;int\u00e9grer un montant. Cependant, un tel cliquet permet \u00e9galement de retirer facilement un inlay ou de garantir une manipulation agr\u00e9able.[\/vc_column_text][vc_toggle title=\u00a0\u00bbexemple\u00a0\u00bb style=\u00a0\u00bbarrow\u00a0\u00bb size=\u00a0\u00bbsm\u00a0\u00bb css_animation=\u00a0\u00bbleft-to-right\u00a0\u00bb el_id=\u00a0\u00bb1479333630554-608df785-0f22&Prime;]\n<ul>\n<li>une languette int\u00e9gr\u00e9e faite de ruban de satin et servant de cliquet<\/li>\n<\/ul>\n[\/vc_toggle][\/vc_column_inner][vc_column_inner width=\u00a0\u00bb2\/3&Prime;][vc_images_carousel images=\u00a0\u00bb5044&Prime; img_size=\u00a0\u00bb710&#215;473&Prime;][\/vc_column_inner][\/vc_row_inner][\/vc_column][\/vc_row][vc_row css=\u00a0\u00bb.vc_custom_1484750928713{margin-top: 35px !important;margin-right: 0px !important;margin-left: 0px !important;}\u00a0\u00bb][vc_column][vc_row_inner css=\u00a0\u00bb.vc_custom_1482965393016{padding-top: 30px !important;padding-right: 20px !important;padding-bottom: 30px !important;padding-left: 20px !important;background-color: #ffffff !important;}\u00a0\u00bb][vc_column_inner width=\u00a0\u00bb2\/3&Prime;][vc_images_carousel images=\u00a0\u00bb5042,5043&Prime; img_size=\u00a0\u00bb710&#215;473&Prime;][\/vc_column_inner][vc_column_inner width=\u00a0\u00bb1\/3&Prime;][vc_column_text css_animation=\u00a0\u00bbleft-to-right\u00a0\u00bb css=\u00a0\u00bb.vc_custom_1495015064719{margin-bottom: 20px !important;}\u00a0\u00bb]\n<h4><strong>Cliquet<\/strong><\/h4>\n<p>Afin de pouvoir ouvrir facilement le tiroir des \u00e9tuis, par exemple, il est possible d&rsquo;int\u00e9grer un montant. Cependant, un tel cliquet permet \u00e9galement de retirer facilement un inlay ou de garantir une manipulation agr\u00e9able.[\/vc_column_text][vc_toggle title=\u00a0\u00bbexemple\u00a0\u00bb style=\u00a0\u00bbarrow\u00a0\u00bb size=\u00a0\u00bbsm\u00a0\u00bb css_animation=\u00a0\u00bbleft-to-right\u00a0\u00bb el_id=\u00a0\u00bb1479334122980-5ea7abd4-6a4c\u00a0\u00bb]\n<ul>\n<li>une languette int\u00e9gr\u00e9e faite de ruban c\u00f4tel\u00e9 et servant de cliquet<\/li>\n<\/ul>\n[\/vc_toggle][\/vc_column_inner][\/vc_row_inner][\/vc_column][\/vc_row][vc_row css=\u00a0\u00bb.vc_custom_1484750918330{margin-top: 35px !important;margin-right: 0px !important;margin-left: 0px !important;}\u00a0\u00bb][vc_column][vc_row_inner css=\u00a0\u00bb.vc_custom_1482965383778{padding-top: 30px !important;padding-right: 20px !important;padding-bottom: 30px !important;padding-left: 20px !important;background-color: #ffffff !important;}\u00a0\u00bb][vc_column_inner width=\u00a0\u00bb1\/3&Prime;][vc_column_text css_animation=\u00a0\u00bbleft-to-right\u00a0\u00bb css=\u00a0\u00bb.vc_custom_1495015075747{margin-bottom: 20px !important;}\u00a0\u00bb]\n<h4><strong>Cliquet<\/strong><\/h4>\n<p>Afin de pouvoir ouvrir facilement le tiroir des \u00e9tuis, par exemple, il est possible d&rsquo;int\u00e9grer un montant. Cependant, un tel cliquet permet \u00e9galement de retirer facilement un inlay ou de garantir une manipulation agr\u00e9able.[\/vc_column_text][vc_toggle title=\u00a0\u00bbexemple\u00a0\u00bb style=\u00a0\u00bbarrow\u00a0\u00bb size=\u00a0\u00bbsm\u00a0\u00bb css_animation=\u00a0\u00bbleft-to-right\u00a0\u00bb el_id=\u00a0\u00bb1484750572901-6359b20b-b0fb\u00a0\u00bb]\n<ul>\n<li>tige m\u00e9tallique viss\u00e9e servant de montant pour ouvrir le tiroir ; cliquet sur l&rsquo;inlay pour un retrait facile.<\/li>\n<\/ul>\n[\/vc_toggle][\/vc_column_inner][vc_column_inner width=\u00a0\u00bb2\/3&Prime;][vc_images_carousel images=\u00a0\u00bb5045&Prime; img_size=\u00a0\u00bb710&#215;473&Prime;][\/vc_column_inner][\/vc_row_inner][\/vc_column][\/vc_row][vc_row css=\u00a0\u00bb.vc_custom_1484648961389{margin-top: 35px !important;margin-right: 0px !important;margin-bottom: 15px !important;margin-left: 0px !important;}\u00a0\u00bb][vc_column][vc_row_inner css=\u00a0\u00bb.vc_custom_1482965393016{padding-top: 30px !important;padding-right: 20px !important;padding-bottom: 30px !important;padding-left: 20px !important;background-color: #ffffff !important;}\u00a0\u00bb][vc_column_inner width=\u00a0\u00bb2\/3&Prime;][vc_images_carousel images=\u00a0\u00bb5041&Prime; img_size=\u00a0\u00bb710&#215;473&Prime;][\/vc_column_inner][vc_column_inner width=\u00a0\u00bb1\/3&Prime;][vc_column_text css_animation=\u00a0\u00bbleft-to-right\u00a0\u00bb css=\u00a0\u00bb.vc_custom_1495015090080{margin-bottom: 20px !important;}\u00a0\u00bb]\n<h4><strong>Cliquet<\/strong><\/h4>\n<p>Afin de pouvoir ouvrir facilement le tiroir des \u00e9tuis, par exemple, il est possible d&rsquo;int\u00e9grer un montant. Cependant, un tel cliquet permet \u00e9galement de retirer facilement un inlay ou de garantir une manipulation agr\u00e9able.[\/vc_column_text][vc_toggle title=\u00a0\u00bbexemple\u00a0\u00bb style=\u00a0\u00bbarrow\u00a0\u00bb size=\u00a0\u00bbsm\u00a0\u00bb css_animation=\u00a0\u00bbleft-to-right\u00a0\u00bb el_id=\u00a0\u00bb1484750619889-553e24af-da53&Prime;]\n<ul>\n<li>cliquet plus long de ruban de satin pour retirer par ex. des cartes de jeux<\/li>\n<\/ul>\n[\/vc_toggle][\/vc_column_inner][\/vc_row_inner][\/vc_column][\/vc_row]\n","protected":false},"excerpt":{"rendered":"<p>[vc_row][vc_column][vc_single_image image=\u00a0\u00bb5022&Prime; img_size=\u00a0\u00bbfull\u00a0\u00bb alignment=\u00a0\u00bbcenter\u00a0\u00bb title=\u00a0\u00bbcliquets\u00a0\u00bb][\/vc_column][\/vc_row][vc_row css=\u00a0\u00bb.vc_custom_1484648941393{margin-top: 50px !important;margin-right: 0px !important;margin-left: 0px !important;}\u00a0\u00bb][vc_column][vc_row_inner css=\u00a0\u00bb.vc_custom_1482965383778{padding-top: 30px !important;padding-right: 20px !important;padding-bottom: 30px !important;padding-left: 20px !important;background-color: #ffffff !important;}\u00a0\u00bb][vc_column_inner width=\u00a0\u00bb1\/3&Prime;][vc_column_text css_animation=\u00a0\u00bbleft-to-right\u00a0\u00bb css=\u00a0\u00bb.vc_custom_1495015052568{margin-bottom: 20px !important;}\u00a0\u00bb] Cliquet Afin de pouvoir ouvrir facilement le tiroir des \u00e9tuis, par exemple, il est possible d&rsquo;int\u00e9grer un montant. Cependant, un tel cliquet permet \u00e9galement de retirer facilement&#8230;<\/p>\n","protected":false},"author":1,"featured_media":0,"parent":11277,"menu_order":0,"comment_status":"closed","ping_status":"closed","template":"page-full.php","meta":[],"_links":{"self":[{"href":"https:\/\/rissmann.com\/fr\/wp-json\/wp\/v2\/pages\/10983"}],"collection":[{"href":"https:\/\/rissmann.com\/fr\/wp-json\/wp\/v2\/pages"}],"about":[{"href":"https:\/\/rissmann.com\/fr\/wp-json\/wp\/v2\/types\/page"}],"author":[{"embeddable":true,"href":"https:\/\/rissmann.com\/fr\/wp-json\/wp\/v2\/users\/1"}],"replies":[{"embeddable":true,"href":"https:\/\/rissmann.com\/fr\/wp-json\/wp\/v2\/comments?post=10983"}],"version-history":[{"count":0,"href":"https:\/\/rissmann.com\/fr\/wp-json\/wp\/v2\/pages\/10983\/revisions"}],"up":[{"embeddable":true,"href":"https:\/\/rissmann.com\/fr\/wp-json\/wp\/v2\/pages\/11277"}],"wp:attachment":[{"href":"https:\/\/rissmann.com\/fr\/wp-json\/wp\/v2\/media?parent=10983"}],"curies":[{"name":"wp","href":"https:\/\/api.w.org\/{rel}","templated":true}]}}