{"id":10957,"date":"2017-05-04T15:07:24","date_gmt":"2017-05-04T13:07:24","guid":{"rendered":"https:\/\/rissmann.com\/housses-de-robe-sacs-en-tissu\/"},"modified":"2017-05-17T11:38:34","modified_gmt":"2017-05-17T09:38:34","slug":"housses-de-robe-sacs-en-tissu","status":"publish","type":"page","link":"https:\/\/rissmann.com\/fr\/concepts\/accessoires\/housses-de-robe-sacs-en-tissu\/","title":{"rendered":"housses de robe &#038; sacs en tissu"},"content":{"rendered":"[vc_row][vc_column][vc_single_image image=\u00a0\u00bb7510&Prime; img_size=\u00a0\u00bbfull\u00a0\u00bb alignment=\u00a0\u00bbcenter\u00a0\u00bb title=\u00a0\u00bbhousses de robe &amp; sacs en tissu\u00a0\u00bb][\/vc_column][\/vc_row][vc_row css=\u00a0\u00bb.vc_custom_1484648941393{margin-top: 50px !important;margin-right: 0px !important;margin-left: 0px !important;}\u00a0\u00bb][vc_column][vc_row_inner css=\u00a0\u00bb.vc_custom_1482965383778{padding-top: 30px !important;padding-right: 20px !important;padding-bottom: 30px !important;padding-left: 20px !important;background-color: #ffffff !important;}\u00a0\u00bb][vc_column_inner width=\u00a0\u00bb1\/3&Prime;][vc_column_text css_animation=\u00a0\u00bbleft-to-right\u00a0\u00bb css=\u00a0\u00bb.vc_custom_1487848078263{margin-bottom: 20px !important;}\u00a0\u00bb]\n<h4><strong>Housse de robe<\/strong><\/h4>\n<p>En compl\u00e9ment de votre emballage, nous vous proposons \u00e9galement des housses de robe dans diverses mati\u00e8res et versions.[\/vc_column_text][vc_toggle title=\u00a0\u00bboptions\u00a0\u00bb style=\u00a0\u00bbarrow\u00a0\u00bb size=\u00a0\u00bbsm\u00a0\u00bb css_animation=\u00a0\u00bbleft-to-right\u00a0\u00bb el_id=\u00a0\u00bb1479333630554-608df785-0f22&Prime;]\n<ul>\n<li>diverses mati\u00e8res possibles<\/li>\n<li>impression \/ broderie personnalis\u00e9es etc.<\/li>\n<\/ul>\n[\/vc_toggle][vc_toggle title=\u00a0\u00bbexemples\u00a0\u00bb style=\u00a0\u00bbarrow\u00a0\u00bb size=\u00a0\u00bbsm\u00a0\u00bb css_animation=\u00a0\u00bbleft-to-right\u00a0\u00bb el_id=\u00a0\u00bb1484756009362-736c5942-e479&Prime;]\n<ul>\n<li>housse de robe en mati\u00e8re synth\u00e9tique l\u00e9g\u00e8re noire<\/li>\n<li>impression dor\u00e9e<\/li>\n<li>fermeture-\u00e9clair dor\u00e9e et bouton pression<\/li>\n<\/ul>\n[\/vc_toggle][\/vc_column_inner][vc_column_inner width=\u00a0\u00bb2\/3&Prime;][vc_images_carousel images=\u00a0\u00bb7511,7574&Prime; img_size=\u00a0\u00bb710&#215;473&Prime;][\/vc_column_inner][\/vc_row_inner][\/vc_column][\/vc_row][vc_row css=\u00a0\u00bb.vc_custom_1484750928713{margin-top: 35px !important;margin-right: 0px !important;margin-left: 0px !important;}\u00a0\u00bb][vc_column][vc_row_inner css=\u00a0\u00bb.vc_custom_1482965393016{padding-top: 30px !important;padding-right: 20px !important;padding-bottom: 30px !important;padding-left: 20px !important;background-color: #ffffff !important;}\u00a0\u00bb][vc_column_inner width=\u00a0\u00bb2\/3&Prime;][vc_images_carousel images=\u00a0\u00bb7520,7504,7505&Prime; img_size=\u00a0\u00bb710&#215;473&Prime;][\/vc_column_inner][vc_column_inner width=\u00a0\u00bb1\/3&Prime;][vc_column_text css_animation=\u00a0\u00bbleft-to-right\u00a0\u00bb css=\u00a0\u00bb.vc_custom_1487848111653{margin-bottom: 20px !important;}\u00a0\u00bb]\n<h4><strong>Sac de feutre<\/strong><\/h4>\n<p>En compl\u00e9ment de votre emballage, nous vous proposons \u00e9galement des sacs en tissu dans diverses mati\u00e8res et dimensions.[\/vc_column_text][vc_toggle title=\u00a0\u00bboptions\u00a0\u00bb style=\u00a0\u00bbarrow\u00a0\u00bb size=\u00a0\u00bbsm\u00a0\u00bb css_animation=\u00a0\u00bbleft-to-right\u00a0\u00bb el_id=\u00a0\u00bb1479334122980-5ea7abd4-6a4c\u00a0\u00bb]\n<ul>\n<li>diverses mati\u00e8res possibles<\/li>\n<li>impression \/ broderie personnalis\u00e9es etc.<\/li>\n<\/ul>\n[\/vc_toggle][vc_toggle title=\u00a0\u00bbexemples\u00a0\u00bb style=\u00a0\u00bbarrow\u00a0\u00bb size=\u00a0\u00bbsm\u00a0\u00bb css_animation=\u00a0\u00bbleft-to-right\u00a0\u00bb el_id=\u00a0\u00bb1484756199916-eb74ac74-4bb6&Prime;]\n<ul>\n<li>sac de transport avec trou de poign\u00e9e en feutre<\/li>\n<li>impression individuelle<\/li>\n<\/ul>\n[\/vc_toggle][\/vc_column_inner][\/vc_row_inner][\/vc_column][\/vc_row][vc_row css=\u00a0\u00bb.vc_custom_1484756450553{margin-top: 35px !important;margin-right: 0px !important;margin-bottom: 15px !important;margin-left: 0px !important;}\u00a0\u00bb][vc_column][vc_row_inner css=\u00a0\u00bb.vc_custom_1482965383778{padding-top: 30px !important;padding-right: 20px !important;padding-bottom: 30px !important;padding-left: 20px !important;background-color: #ffffff !important;}\u00a0\u00bb][vc_column_inner width=\u00a0\u00bb1\/3&Prime;][vc_column_text css_animation=\u00a0\u00bbleft-to-right\u00a0\u00bb css=\u00a0\u00bb.vc_custom_1487848128532{margin-bottom: 20px !important;}\u00a0\u00bb]\n<h4><strong>Housse de robe<\/strong><\/h4>\n<p>En compl\u00e9ment de votre emballage, nous vous proposons \u00e9galement des housses de robe dans diverses mati\u00e8res et versions.[\/vc_column_text][vc_toggle title=\u00a0\u00bboptions\u00a0\u00bb style=\u00a0\u00bbarrow\u00a0\u00bb size=\u00a0\u00bbsm\u00a0\u00bb css_animation=\u00a0\u00bbleft-to-right\u00a0\u00bb el_id=\u00a0\u00bb1484756296890-666b7ad5-1a22&Prime;]\n<ul>\n<li>diverses mati\u00e8res possibles<\/li>\n<li>impression \/ broderie personnalis\u00e9es etc.<\/li>\n<\/ul>\n[\/vc_toggle][vc_toggle title=\u00a0\u00bbexemples\u00a0\u00bb style=\u00a0\u00bbarrow\u00a0\u00bb size=\u00a0\u00bbsm\u00a0\u00bb css_animation=\u00a0\u00bbleft-to-right\u00a0\u00bb el_id=\u00a0\u00bb1484756297040-c77b9313-f426&Prime;]\n<ul>\n<li>housse de robe avec fen\u00eatre de visite et poche<\/li>\n<li>intiss\u00e9 synth\u00e9tique (nonwoven)<\/li>\n<\/ul>\n[\/vc_toggle][\/vc_column_inner][vc_column_inner width=\u00a0\u00bb2\/3&Prime;][vc_images_carousel images=\u00a0\u00bb7579,7598,7599&Prime; img_size=\u00a0\u00bb710&#215;473&Prime;][\/vc_column_inner][\/vc_row_inner][\/vc_column][\/vc_row]\n","protected":false},"excerpt":{"rendered":"<p>[vc_row][vc_column][vc_single_image image=\u00a0\u00bb7510&Prime; img_size=\u00a0\u00bbfull\u00a0\u00bb alignment=\u00a0\u00bbcenter\u00a0\u00bb title=\u00a0\u00bbhousses de robe &amp; sacs en tissu\u00a0\u00bb][\/vc_column][\/vc_row][vc_row css=\u00a0\u00bb.vc_custom_1484648941393{margin-top: 50px !important;margin-right: 0px !important;margin-left: 0px !important;}\u00a0\u00bb][vc_column][vc_row_inner css=\u00a0\u00bb.vc_custom_1482965383778{padding-top: 30px !important;padding-right: 20px !important;padding-bottom: 30px !important;padding-left: 20px !important;background-color: #ffffff !important;}\u00a0\u00bb][vc_column_inner width=\u00a0\u00bb1\/3&Prime;][vc_column_text css_animation=\u00a0\u00bbleft-to-right\u00a0\u00bb css=\u00a0\u00bb.vc_custom_1487848078263{margin-bottom: 20px !important;}\u00a0\u00bb] Housse de robe En compl\u00e9ment de votre emballage, nous vous proposons \u00e9galement des housses de robe dans diverses mati\u00e8res et versions.[\/vc_column_text][vc_toggle&#8230;<\/p>\n","protected":false},"author":1,"featured_media":0,"parent":11277,"menu_order":0,"comment_status":"closed","ping_status":"closed","template":"page-full.php","meta":[],"_links":{"self":[{"href":"https:\/\/rissmann.com\/fr\/wp-json\/wp\/v2\/pages\/10957"}],"collection":[{"href":"https:\/\/rissmann.com\/fr\/wp-json\/wp\/v2\/pages"}],"about":[{"href":"https:\/\/rissmann.com\/fr\/wp-json\/wp\/v2\/types\/page"}],"author":[{"embeddable":true,"href":"https:\/\/rissmann.com\/fr\/wp-json\/wp\/v2\/users\/1"}],"replies":[{"embeddable":true,"href":"https:\/\/rissmann.com\/fr\/wp-json\/wp\/v2\/comments?post=10957"}],"version-history":[{"count":0,"href":"https:\/\/rissmann.com\/fr\/wp-json\/wp\/v2\/pages\/10957\/revisions"}],"up":[{"embeddable":true,"href":"https:\/\/rissmann.com\/fr\/wp-json\/wp\/v2\/pages\/11277"}],"wp:attachment":[{"href":"https:\/\/rissmann.com\/fr\/wp-json\/wp\/v2\/media?parent=10957"}],"curies":[{"name":"wp","href":"https:\/\/api.w.org\/{rel}","templated":true}]}}