{"id":10944,"date":"2017-05-04T15:00:05","date_gmt":"2017-05-04T13:00:05","guid":{"rendered":"https:\/\/rissmann.com\/inlays\/"},"modified":"2017-05-17T11:25:01","modified_gmt":"2017-05-17T09:25:01","slug":"inlays","status":"publish","type":"page","link":"https:\/\/rissmann.com\/fr\/concepts\/accessoires\/inlays\/","title":{"rendered":"inlays"},"content":{"rendered":"[vc_row][vc_column][vc_single_image image=\u00a0\u00bb5020&Prime; img_size=\u00a0\u00bbfull\u00a0\u00bb alignment=\u00a0\u00bbcenter\u00a0\u00bb title=\u00a0\u00bbinlays\u00a0\u00bb][\/vc_column][\/vc_row][vc_row css=\u00a0\u00bb.vc_custom_1484648941393{margin-top: 50px !important;margin-right: 0px !important;margin-left: 0px !important;}\u00a0\u00bb][vc_column][vc_row_inner css=\u00a0\u00bb.vc_custom_1482965383778{padding-top: 30px !important;padding-right: 20px !important;padding-bottom: 30px !important;padding-left: 20px !important;background-color: #ffffff !important;}\u00a0\u00bb][vc_column_inner width=\u00a0\u00bb1\/3&Prime;][vc_column_text css_animation=\u00a0\u00bbleft-to-right\u00a0\u00bb css=\u00a0\u00bb.vc_custom_1495012979844{margin-bottom: 20px !important;}\u00a0\u00bb]\n<h4><strong>Inlay pliant <\/strong>amovible<\/h4>\n<p>Dans de nombreux cartonnages, il est possible d&rsquo;ins\u00e9rer un inlay personnalis\u00e9 et adapt\u00e9.[\/vc_column_text][vc_toggle title=\u00a0\u00bboptions\u00a0\u00bb style=\u00a0\u00bbarrow\u00a0\u00bb size=\u00a0\u00bbsm\u00a0\u00bb css_animation=\u00a0\u00bbleft-to-right\u00a0\u00bb el_id=\u00a0\u00bb1479333630554-608df785-0f22&Prime;]\n<ul>\n<li>diverses mati\u00e8res (carton perfor\u00e9 etc.)<\/li>\n<li>ins\u00e9rable \/ amovible ou fixe<\/li>\n<li>diverses possibilit\u00e9s d&rsquo;impression et d&rsquo;ennoblissement<\/li>\n<\/ul>\n[\/vc_toggle][vc_toggle title=\u00a0\u00bbexemples\u00a0\u00bb style=\u00a0\u00bbarrow\u00a0\u00bb size=\u00a0\u00bbsm\u00a0\u00bb css_animation=\u00a0\u00bbleft-to-right\u00a0\u00bb el_id=\u00a0\u00bb1484756009362-736c5942-e479&Prime;]\n<ul>\n<li>\u00a0inlays de carton perfor\u00e9s et pli\u00e9s, amovibles, par ex. pour la confiserie ou les cosm\u00e9tiques<\/li>\n<\/ul>\n[\/vc_toggle][\/vc_column_inner][vc_column_inner width=\u00a0\u00bb2\/3&Prime;][vc_images_carousel images=\u00a0\u00bb5088,5087&Prime; img_size=\u00a0\u00bb710&#215;473&Prime;][\/vc_column_inner][\/vc_row_inner][\/vc_column][\/vc_row][vc_row css=\u00a0\u00bb.vc_custom_1484750928713{margin-top: 35px !important;margin-right: 0px !important;margin-left: 0px !important;}\u00a0\u00bb][vc_column][vc_row_inner css=\u00a0\u00bb.vc_custom_1482965393016{padding-top: 30px !important;padding-right: 20px !important;padding-bottom: 30px !important;padding-left: 20px !important;background-color: #ffffff !important;}\u00a0\u00bb][vc_column_inner width=\u00a0\u00bb2\/3&Prime;][vc_images_carousel images=\u00a0\u00bb5089,5090&Prime; img_size=\u00a0\u00bb710&#215;473&Prime;][\/vc_column_inner][vc_column_inner width=\u00a0\u00bb1\/3&Prime;][vc_column_text css_animation=\u00a0\u00bbleft-to-right\u00a0\u00bb css=\u00a0\u00bb.vc_custom_1495013000740{margin-bottom: 20px !important;}\u00a0\u00bb]\n<h4><strong>Inlay <\/strong>fixe<\/h4>\n<p>Dans de nombreux cartonnages, il est possible d&rsquo;ins\u00e9rer un inlay personnalis\u00e9 et adapt\u00e9.[\/vc_column_text][vc_toggle title=\u00a0\u00bboptions\u00a0\u00bb style=\u00a0\u00bbarrow\u00a0\u00bb size=\u00a0\u00bbsm\u00a0\u00bb css_animation=\u00a0\u00bbleft-to-right\u00a0\u00bb el_id=\u00a0\u00bb1479334122980-5ea7abd4-6a4c\u00a0\u00bb]\n<ul>\n<li>divers mat\u00e9riaux<\/li>\n<li>ins\u00e9rable \/ amovible ou fixe<\/li>\n<li>d\u00e9tails suppl\u00e9mentaires possibles comme par ex. aides au retrait (ruban de satin etc.)<\/li>\n<\/ul>\n[\/vc_toggle][vc_toggle title=\u00a0\u00bbexemples\u00a0\u00bb style=\u00a0\u00bbarrow\u00a0\u00bb size=\u00a0\u00bbsm\u00a0\u00bb css_animation=\u00a0\u00bbleft-to-right\u00a0\u00bb el_id=\u00a0\u00bb1484756199916-eb74ac74-4bb6&Prime;]\n<ul>\n<li>inserts pliants ou inlays en carton, int\u00e9gr\u00e9 dans l&#8217;emballage pour un maintien optimal du produit<\/li>\n<\/ul>\n[\/vc_toggle][\/vc_column_inner][\/vc_row_inner][\/vc_column][\/vc_row][vc_row css=\u00a0\u00bb.vc_custom_1484756450553{margin-top: 35px !important;margin-right: 0px !important;margin-bottom: 15px !important;margin-left: 0px !important;}\u00a0\u00bb][vc_column][vc_row_inner css=\u00a0\u00bb.vc_custom_1482965383778{padding-top: 30px !important;padding-right: 20px !important;padding-bottom: 30px !important;padding-left: 20px !important;background-color: #ffffff !important;}\u00a0\u00bb][vc_column_inner width=\u00a0\u00bb1\/3&Prime;][vc_column_text css_animation=\u00a0\u00bbleft-to-right\u00a0\u00bb css=\u00a0\u00bb.vc_custom_1495013088400{margin-bottom: 20px !important;}\u00a0\u00bb]\n<h4><strong>Inlay <\/strong>en tissu<\/h4>\n<p>Dans de nombreux cartonnages, il est possible d&rsquo;ins\u00e9rer un inlay personnalis\u00e9 et adapt\u00e9.[\/vc_column_text][vc_toggle title=\u00a0\u00bboptions\u00a0\u00bb style=\u00a0\u00bbarrow\u00a0\u00bb size=\u00a0\u00bbsm\u00a0\u00bb css_animation=\u00a0\u00bbleft-to-right\u00a0\u00bb el_id=\u00a0\u00bb1484756296890-666b7ad5-1a22&Prime;]\n<ul>\n<li>diverses mati\u00e8res possibles (par ex. inlay recouvert de tissu ou floqu\u00e9, etc.)<\/li>\n<li>ins\u00e9rable \/ amovible ou fixe<\/li>\n<li>d\u00e9tails suppl\u00e9mentaires possibles comme par ex. boucles de support (bande de caoutchouc etc.)<\/li>\n<\/ul>\n[\/vc_toggle][vc_toggle title=\u00a0\u00bbexemples\u00a0\u00bb style=\u00a0\u00bbarrow\u00a0\u00bb size=\u00a0\u00bbsm\u00a0\u00bb css_animation=\u00a0\u00bbleft-to-right\u00a0\u00bb el_id=\u00a0\u00bb1484756297040-c77b9313-f426&Prime;]\n<ul>\n<li>inlays pliants ou inlay en carton complet, recouvert par ex. de mati\u00e8re floqu\u00e9e ou de tissu pour une protection optimale du produit<\/li>\n<\/ul>\n[\/vc_toggle][\/vc_column_inner][vc_column_inner width=\u00a0\u00bb2\/3&Prime;][vc_images_carousel images=\u00a0\u00bb5095,5094,5091,5092,5093&Prime; img_size=\u00a0\u00bb710&#215;473&Prime;][\/vc_column_inner][\/vc_row_inner][\/vc_column][\/vc_row]\n","protected":false},"excerpt":{"rendered":"<p>[vc_row][vc_column][vc_single_image image=\u00a0\u00bb5020&Prime; img_size=\u00a0\u00bbfull\u00a0\u00bb alignment=\u00a0\u00bbcenter\u00a0\u00bb title=\u00a0\u00bbinlays\u00a0\u00bb][\/vc_column][\/vc_row][vc_row css=\u00a0\u00bb.vc_custom_1484648941393{margin-top: 50px !important;margin-right: 0px !important;margin-left: 0px !important;}\u00a0\u00bb][vc_column][vc_row_inner css=\u00a0\u00bb.vc_custom_1482965383778{padding-top: 30px !important;padding-right: 20px !important;padding-bottom: 30px !important;padding-left: 20px !important;background-color: #ffffff !important;}\u00a0\u00bb][vc_column_inner width=\u00a0\u00bb1\/3&Prime;][vc_column_text css_animation=\u00a0\u00bbleft-to-right\u00a0\u00bb css=\u00a0\u00bb.vc_custom_1495012979844{margin-bottom: 20px !important;}\u00a0\u00bb] Inlay pliant amovible Dans de nombreux cartonnages, il est possible d&rsquo;ins\u00e9rer un inlay personnalis\u00e9 et adapt\u00e9.[\/vc_column_text][vc_toggle title=\u00a0\u00bboptions\u00a0\u00bb style=\u00a0\u00bbarrow\u00a0\u00bb size=\u00a0\u00bbsm\u00a0\u00bb css_animation=\u00a0\u00bbleft-to-right\u00a0\u00bb el_id=\u00a0\u00bb1479333630554-608df785-0f22&Prime;] diverses mati\u00e8res (carton perfor\u00e9 etc.) ins\u00e9rable&#8230;<\/p>\n","protected":false},"author":1,"featured_media":0,"parent":11277,"menu_order":0,"comment_status":"closed","ping_status":"closed","template":"page-full.php","meta":[],"_links":{"self":[{"href":"https:\/\/rissmann.com\/fr\/wp-json\/wp\/v2\/pages\/10944"}],"collection":[{"href":"https:\/\/rissmann.com\/fr\/wp-json\/wp\/v2\/pages"}],"about":[{"href":"https:\/\/rissmann.com\/fr\/wp-json\/wp\/v2\/types\/page"}],"author":[{"embeddable":true,"href":"https:\/\/rissmann.com\/fr\/wp-json\/wp\/v2\/users\/1"}],"replies":[{"embeddable":true,"href":"https:\/\/rissmann.com\/fr\/wp-json\/wp\/v2\/comments?post=10944"}],"version-history":[{"count":0,"href":"https:\/\/rissmann.com\/fr\/wp-json\/wp\/v2\/pages\/10944\/revisions"}],"up":[{"embeddable":true,"href":"https:\/\/rissmann.com\/fr\/wp-json\/wp\/v2\/pages\/11277"}],"wp:attachment":[{"href":"https:\/\/rissmann.com\/fr\/wp-json\/wp\/v2\/media?parent=10944"}],"curies":[{"name":"wp","href":"https:\/\/api.w.org\/{rel}","templated":true}]}}