{"id":10935,"date":"2017-05-04T14:54:23","date_gmt":"2017-05-04T12:54:23","guid":{"rendered":"https:\/\/rissmann.com\/hangtags\/"},"modified":"2017-05-17T11:02:01","modified_gmt":"2017-05-17T09:02:01","slug":"hangtags","status":"publish","type":"page","link":"https:\/\/rissmann.com\/fr\/concepts\/accessoires\/hangtags\/","title":{"rendered":"hangtags"},"content":{"rendered":"[vc_row][vc_column][vc_single_image image=\u00a0\u00bb5110&Prime; img_size=\u00a0\u00bbfull\u00a0\u00bb alignment=\u00a0\u00bbcenter\u00a0\u00bb title=\u00a0\u00bbhangtags\u00a0\u00bb][\/vc_column][\/vc_row][vc_row css=\u00a0\u00bb.vc_custom_1484648941393{margin-top: 50px !important;margin-right: 0px !important;margin-left: 0px !important;}\u00a0\u00bb][vc_column][vc_row_inner css=\u00a0\u00bb.vc_custom_1482965383778{padding-top: 30px !important;padding-right: 20px !important;padding-bottom: 30px !important;padding-left: 20px !important;background-color: #ffffff !important;}\u00a0\u00bb][vc_column_inner width=\u00a0\u00bb1\/3&Prime;][vc_column_text css_animation=\u00a0\u00bbleft-to-right\u00a0\u00bb css=\u00a0\u00bb.vc_custom_1495011701426{margin-bottom: 20px !important;}\u00a0\u00bb]\n<h4><strong>Hangtag <\/strong><\/h4>\n<p>Mettez en valeur votre emballage avec un hangtag cr\u00e9atif et rendez-le encore plus int\u00e9ressant\u2026[\/vc_column_text][vc_toggle title=\u00a0\u00bboptions\u00a0\u00bb style=\u00a0\u00bbarrow\u00a0\u00bb size=\u00a0\u00bbsm\u00a0\u00bb css_animation=\u00a0\u00bbleft-to-right\u00a0\u00bb el_id=\u00a0\u00bb1479333630554-608df785-0f22&Prime;]\n<ul>\n<li>de nombreuses mati\u00e8res possibles<\/li>\n<li>carton en caoutchouc, cordon, ruban de satin, etc. pour la fixation<\/li>\n<li>\u0153illets etc.<\/li>\n<\/ul>\n[\/vc_toggle][vc_toggle title=\u00a0\u00bbexemples\u00a0\u00bb style=\u00a0\u00bbarrow\u00a0\u00bb size=\u00a0\u00bbsm\u00a0\u00bb css_animation=\u00a0\u00bbleft-to-right\u00a0\u00bb el_id=\u00a0\u00bb1484756009362-736c5942-e479&Prime;]\n<ul>\n<li><strong>illustration 1:<\/strong> petite carte perfor\u00e9e avec estampe argent\u00e9e de film \u00e0 chaud et bande de caoutchouc<\/li>\n<li><strong>illustration 2:<\/strong> petite carte perfor\u00e9e, imprim\u00e9e, cordon pour la fixation<\/li>\n<\/ul>\n[\/vc_toggle][\/vc_column_inner][vc_column_inner width=\u00a0\u00bb2\/3&Prime;][vc_images_carousel images=\u00a0\u00bb5101,5102&Prime; img_size=\u00a0\u00bb710&#215;473&Prime;][\/vc_column_inner][\/vc_row_inner][\/vc_column][\/vc_row][vc_row css=\u00a0\u00bb.vc_custom_1484750928713{margin-top: 35px !important;margin-right: 0px !important;margin-left: 0px !important;}\u00a0\u00bb][vc_column][vc_row_inner css=\u00a0\u00bb.vc_custom_1482965393016{padding-top: 30px !important;padding-right: 20px !important;padding-bottom: 30px !important;padding-left: 20px !important;background-color: #ffffff !important;}\u00a0\u00bb][vc_column_inner width=\u00a0\u00bb2\/3&Prime;][vc_images_carousel images=\u00a0\u00bb5103,5104&Prime; img_size=\u00a0\u00bb710&#215;473&Prime;][\/vc_column_inner][vc_column_inner width=\u00a0\u00bb1\/3&Prime;][vc_column_text css_animation=\u00a0\u00bbleft-to-right\u00a0\u00bb css=\u00a0\u00bb.vc_custom_1484757571300{margin-bottom: 20px !important;}\u00a0\u00bb]\n<h4><strong>Hangtags <\/strong><\/h4>\n<p>Mettez en valeur votre emballage avec un hangtag cr\u00e9atif et rendez-le encore plus int\u00e9ressant\u2026[\/vc_column_text][vc_toggle title=\u00a0\u00bboptions\u00a0\u00bb style=\u00a0\u00bbarrow\u00a0\u00bb size=\u00a0\u00bbsm\u00a0\u00bb css_animation=\u00a0\u00bbleft-to-right\u00a0\u00bb el_id=\u00a0\u00bb1479334122980-5ea7abd4-6a4c\u00a0\u00bb]\n<ul>\n<li>de nombreuses mati\u00e8res possibles<\/li>\n<li>carton en caoutchouc, cordon, ruban de satin, etc. pour la fixation<\/li>\n<li>\u0153illets etc.<\/li>\n<\/ul>\n[\/vc_toggle][vc_toggle title=\u00a0\u00bbexemples\u00a0\u00bb style=\u00a0\u00bbarrow\u00a0\u00bb size=\u00a0\u00bbsm\u00a0\u00bb css_animation=\u00a0\u00bbleft-to-right\u00a0\u00bb el_id=\u00a0\u00bb1484756199916-eb74ac74-4bb6&Prime;]\n<ul>\n<li><strong>Bild 1:<\/strong> petite carte pliante perfor\u00e9e ou d\u00e9coup\u00e9e avec estampe dor\u00e9e de film \u00e0 chaud<\/li>\n<li><strong>Bild 2:<\/strong> petite carte pliante perfor\u00e9e ou d\u00e9coup\u00e9e avec estampe dor\u00e9e de film \u00e0 chaud et ruban satin<\/li>\n<\/ul>\n[\/vc_toggle][\/vc_column_inner][\/vc_row_inner][\/vc_column][\/vc_row][vc_row css=\u00a0\u00bb.vc_custom_1484756450553{margin-top: 35px !important;margin-right: 0px !important;margin-bottom: 15px !important;margin-left: 0px !important;}\u00a0\u00bb][vc_column][vc_row_inner css=\u00a0\u00bb.vc_custom_1482965383778{padding-top: 30px !important;padding-right: 20px !important;padding-bottom: 30px !important;padding-left: 20px !important;background-color: #ffffff !important;}\u00a0\u00bb][vc_column_inner width=\u00a0\u00bb1\/3&Prime;][vc_column_text css_animation=\u00a0\u00bbleft-to-right\u00a0\u00bb css=\u00a0\u00bb.vc_custom_1495011717824{margin-bottom: 20px !important;}\u00a0\u00bb]\n<h4><strong>Hangtag <\/strong><\/h4>\n<p>Mettez en valeur votre emballage avec un hangtag cr\u00e9atif et rendez-le encore plus int\u00e9ressant\u2026[\/vc_column_text][vc_toggle title=\u00a0\u00bboptions\u00a0\u00bb style=\u00a0\u00bbarrow\u00a0\u00bb size=\u00a0\u00bbsm\u00a0\u00bb css_animation=\u00a0\u00bbleft-to-right\u00a0\u00bb el_id=\u00a0\u00bb1484756296890-666b7ad5-1a22&Prime;]\n<ul>\n<li>de nombreuses mati\u00e8res possibles<\/li>\n<li>carton en caoutchouc, cordon, ruban de satin, etc. pour la fixation<\/li>\n<li>\u0153illets etc.<\/li>\n<\/ul>\n[\/vc_toggle][vc_toggle title=\u00a0\u00bbexemples\u00a0\u00bb style=\u00a0\u00bbarrow\u00a0\u00bb size=\u00a0\u00bbsm\u00a0\u00bb css_animation=\u00a0\u00bbleft-to-right\u00a0\u00bb el_id=\u00a0\u00bb1484756297040-c77b9313-f426&Prime;]\n<ul>\n<li>petite carte avec ruban c\u00f4tel\u00e9 brillant<\/li>\n<\/ul>\n[\/vc_toggle][\/vc_column_inner][vc_column_inner width=\u00a0\u00bb2\/3&Prime;][vc_images_carousel images=\u00a0\u00bb5112&Prime; img_size=\u00a0\u00bb710&#215;473&Prime;][\/vc_column_inner][\/vc_row_inner][\/vc_column][\/vc_row]\n","protected":false},"excerpt":{"rendered":"<p>[vc_row][vc_column][vc_single_image image=\u00a0\u00bb5110&Prime; img_size=\u00a0\u00bbfull\u00a0\u00bb alignment=\u00a0\u00bbcenter\u00a0\u00bb title=\u00a0\u00bbhangtags\u00a0\u00bb][\/vc_column][\/vc_row][vc_row css=\u00a0\u00bb.vc_custom_1484648941393{margin-top: 50px !important;margin-right: 0px !important;margin-left: 0px !important;}\u00a0\u00bb][vc_column][vc_row_inner css=\u00a0\u00bb.vc_custom_1482965383778{padding-top: 30px !important;padding-right: 20px !important;padding-bottom: 30px !important;padding-left: 20px !important;background-color: #ffffff !important;}\u00a0\u00bb][vc_column_inner width=\u00a0\u00bb1\/3&Prime;][vc_column_text css_animation=\u00a0\u00bbleft-to-right\u00a0\u00bb css=\u00a0\u00bb.vc_custom_1495011701426{margin-bottom: 20px !important;}\u00a0\u00bb] Hangtag Mettez en valeur votre emballage avec un hangtag cr\u00e9atif et rendez-le encore plus int\u00e9ressant\u2026[\/vc_column_text][vc_toggle title=\u00a0\u00bboptions\u00a0\u00bb style=\u00a0\u00bbarrow\u00a0\u00bb size=\u00a0\u00bbsm\u00a0\u00bb css_animation=\u00a0\u00bbleft-to-right\u00a0\u00bb el_id=\u00a0\u00bb1479333630554-608df785-0f22&Prime;] de nombreuses mati\u00e8res possibles carton en caoutchouc,&#8230;<\/p>\n","protected":false},"author":1,"featured_media":0,"parent":11277,"menu_order":0,"comment_status":"closed","ping_status":"closed","template":"page-full.php","meta":[],"_links":{"self":[{"href":"https:\/\/rissmann.com\/fr\/wp-json\/wp\/v2\/pages\/10935"}],"collection":[{"href":"https:\/\/rissmann.com\/fr\/wp-json\/wp\/v2\/pages"}],"about":[{"href":"https:\/\/rissmann.com\/fr\/wp-json\/wp\/v2\/types\/page"}],"author":[{"embeddable":true,"href":"https:\/\/rissmann.com\/fr\/wp-json\/wp\/v2\/users\/1"}],"replies":[{"embeddable":true,"href":"https:\/\/rissmann.com\/fr\/wp-json\/wp\/v2\/comments?post=10935"}],"version-history":[{"count":0,"href":"https:\/\/rissmann.com\/fr\/wp-json\/wp\/v2\/pages\/10935\/revisions"}],"up":[{"embeddable":true,"href":"https:\/\/rissmann.com\/fr\/wp-json\/wp\/v2\/pages\/11277"}],"wp:attachment":[{"href":"https:\/\/rissmann.com\/fr\/wp-json\/wp\/v2\/media?parent=10935"}],"curies":[{"name":"wp","href":"https:\/\/api.w.org\/{rel}","templated":true}]}}