{"id":10902,"date":"2017-05-04T14:33:57","date_gmt":"2017-05-04T12:33:57","guid":{"rendered":"https:\/\/rissmann.com\/specials-2\/"},"modified":"2017-05-17T10:49:33","modified_gmt":"2017-05-17T08:49:33","slug":"specials-2","status":"publish","type":"page","link":"https:\/\/rissmann.com\/fr\/concepts\/sacs\/specials-2\/","title":{"rendered":"specials"},"content":{"rendered":"[vc_row css=\u00a0\u00bb.vc_custom_1484315364026{padding-top: 0px !important;}\u00a0\u00bb][vc_column][vc_single_image image=\u00a0\u00bb4252&Prime; img_size=\u00a0\u00bbfull\u00a0\u00bb alignment=\u00a0\u00bbcenter\u00a0\u00bb title=\u00a0\u00bbspecials\u00a0\u00bb][\/vc_column][\/vc_row][vc_row css=\u00a0\u00bb.vc_custom_1484315373652{margin-top: 50px !important;margin-right: 0px !important;margin-bottom: 0px !important;margin-left: 0px !important;}\u00a0\u00bb][vc_column][vc_row_inner css=\u00a0\u00bb.vc_custom_1482965383778{padding-top: 30px !important;padding-right: 20px !important;padding-bottom: 30px !important;padding-left: 20px !important;background-color: #ffffff !important;}\u00a0\u00bb][vc_column_inner width=\u00a0\u00bb1\/3&Prime;][vc_column_text css_animation=\u00a0\u00bbleft-to-right\u00a0\u00bb css=\u00a0\u00bb.vc_custom_1495010827928{margin-bottom: 20px !important;}\u00a0\u00bb]\n<h4 id=\"toc_3\"><strong>RISSMANN ImageBag <\/strong><\/h4>\n<p>\u00ab\u00a0POINTS\u00a0\u00bb<br \/>\nStructure classique avec un grand effet &#8211; nos ImageBags sont des objets de collection.[\/vc_column_text][vc_toggle title=\u00a0\u00bbcomposants\u00a0\u00bb style=\u00a0\u00bbarrow\u00a0\u00bb size=\u00a0\u00bbsm\u00a0\u00bb css_animation=\u00a0\u00bbleft-to-right\u00a0\u00bb el_id=\u00a0\u00bb1479333630554-608df785-0f22&Prime;]\n<ul>\n<li>sac de transport<\/li>\n<li>carton pour le renfort du pourtour et fond int\u00e9rieur<\/li>\n<li>anse (par ex. cordon, bande, courroie de plastique ou de cuir etc.) fix\u00e9 \u00e0 l&rsquo;int\u00e9rieur par un n\u0153ud<\/li>\n<\/ul>\n[\/vc_toggle][vc_toggle title=\u00a0\u00bboptions\u00a0\u00bb style=\u00a0\u00bbarrow\u00a0\u00bb size=\u00a0\u00bbsm\u00a0\u00bb css_animation=\u00a0\u00bbleft-to-right\u00a0\u00bb el_id=\u00a0\u00bb1479333689481-e0e9f43d-cef9&Prime;]\n<ul>\n<li>\u00a0divers fonds pliants (fond standard, fond estamp\u00e9, fond d\u00e9coratif)<\/li>\n<li>en fonction du pliant du fond avec ou sans pli sur le sac<\/li>\n<li>en option, avec \u0153illet pour renforcer les trous<\/li>\n<li>de nombreuses possibilit\u00e9s d&rsquo;impression et d&rsquo;ennoblissement (vernis UV, cello, estampes etc.)<\/li>\n<\/ul>\n[\/vc_toggle][\/vc_column_inner][vc_column_inner width=\u00a0\u00bb2\/3&Prime;][vc_images_carousel images=\u00a0\u00bb4964,4965,5219&Prime; img_size=\u00a0\u00bb710&#215;473&Prime; css=\u00a0\u00bb.vc_custom_1484848756205{border-radius: 1px !important;}\u00a0\u00bb][\/vc_column_inner][\/vc_row_inner][\/vc_column][\/vc_row][vc_row css=\u00a0\u00bb.vc_custom_1484582994652{margin-top: 35px !important;margin-right: 0px !important;margin-left: 0px !important;}\u00a0\u00bb][vc_column][vc_row_inner css=\u00a0\u00bb.vc_custom_1482965393016{padding-top: 30px !important;padding-right: 20px !important;padding-bottom: 30px !important;padding-left: 20px !important;background-color: #ffffff !important;}\u00a0\u00bb][vc_column_inner width=\u00a0\u00bb2\/3&Prime;][vc_images_carousel images=\u00a0\u00bb4955,4954,4953&Prime; img_size=\u00a0\u00bb710&#215;473&Prime; css=\u00a0\u00bb.vc_custom_1484736158117{border-radius: 1px !important;}\u00a0\u00bb][\/vc_column_inner][vc_column_inner width=\u00a0\u00bb1\/3&Prime;][vc_column_text css_animation=\u00a0\u00bbleft-to-right\u00a0\u00bb css=\u00a0\u00bb.vc_custom_1495010837626{margin-bottom: 20px !important;}\u00a0\u00bb]\n<h4 id=\"toc_3\"><strong>RISSMANN ImageBag <\/strong><\/h4>\n<p>\u00ab\u00a0R\u00caNE\u00a0\u00bb<br \/>\nStructure classique avec un grand effet &#8211; nos ImageBags sont des objets de collection.[\/vc_column_text][vc_toggle title=\u00a0\u00bbcomposants\u00a0\u00bb style=\u00a0\u00bbarrow\u00a0\u00bb size=\u00a0\u00bbsm\u00a0\u00bb css_animation=\u00a0\u00bbleft-to-right\u00a0\u00bb el_id=\u00a0\u00bb1484316272419-12c6e4e6-9b0b\u00a0\u00bb]\n<ul>\n<li>sac de transport<\/li>\n<li>carton pour le renfort du pourtour et fond int\u00e9rieur<\/li>\n<li>anse (par ex. cordon, bande, courroie de plastique ou de cuir etc.) fix\u00e9 \u00e0 l&rsquo;int\u00e9rieur par un n\u0153ud<\/li>\n<\/ul>\n[\/vc_toggle][vc_toggle title=\u00a0\u00bboptions\u00a0\u00bb style=\u00a0\u00bbarrow\u00a0\u00bb size=\u00a0\u00bbsm\u00a0\u00bb css_animation=\u00a0\u00bbleft-to-right\u00a0\u00bb el_id=\u00a0\u00bb1484316272420-7962dbaa-c416&Prime;]\n<ul>\n<li>\u00a0divers fonds pliants (fond standard, fond estamp\u00e9, fond d\u00e9coratif)<\/li>\n<li>en fonction du pliant du fond avec ou sans pli sur le sac<\/li>\n<li>en option, avec \u0153illet pour renforcer les trous<\/li>\n<li>de nombreuses possibilit\u00e9s d&rsquo;impression et d&rsquo;ennoblissement (vernis UV, cello, estampes etc.)<\/li>\n<\/ul>\n[\/vc_toggle][\/vc_column_inner][\/vc_row_inner][\/vc_column][\/vc_row][vc_row css=\u00a0\u00bb.vc_custom_1484582855043{margin-top: 35px !important;margin-right: 0px !important;margin-bottom: 0px !important;margin-left: 0px !important;}\u00a0\u00bb][vc_column][vc_row_inner css=\u00a0\u00bb.vc_custom_1482965383778{padding-top: 30px !important;padding-right: 20px !important;padding-bottom: 30px !important;padding-left: 20px !important;background-color: #ffffff !important;}\u00a0\u00bb][vc_column_inner width=\u00a0\u00bb1\/3&Prime;][vc_column_text css_animation=\u00a0\u00bbleft-to-right\u00a0\u00bb css=\u00a0\u00bb.vc_custom_1495010846601{margin-bottom: 20px !important;}\u00a0\u00bb]\n<h4 id=\"toc_3\"><strong>RISSMANN ImageBag <\/strong><\/h4>\n<p>\u00ab\u00a0TATOUAGE\u00a0\u00bb<br \/>\nStructure classique avec un grand effet &#8211; nos ImageBags sont des objets de collection.[\/vc_column_text][vc_toggle title=\u00a0\u00bbcomposants\u00a0\u00bb style=\u00a0\u00bbarrow\u00a0\u00bb size=\u00a0\u00bbsm\u00a0\u00bb css_animation=\u00a0\u00bbleft-to-right\u00a0\u00bb el_id=\u00a0\u00bb1484563280475-90e2919e-174b\u00a0\u00bb]\n<ul>\n<li>sac de transport<\/li>\n<li>carton pour le renfort du pourtour et fond int\u00e9rieur<\/li>\n<li>anse (par ex. cordon, bande, courroie de plastique ou de cuir etc.) fix\u00e9 \u00e0 l&rsquo;int\u00e9rieur par un n\u0153ud<\/li>\n<\/ul>\n[\/vc_toggle][vc_toggle title=\u00a0\u00bboptions\u00a0\u00bb style=\u00a0\u00bbarrow\u00a0\u00bb size=\u00a0\u00bbsm\u00a0\u00bb css_animation=\u00a0\u00bbleft-to-right\u00a0\u00bb el_id=\u00a0\u00bb1484563280604-a3e4650b-ae2e\u00a0\u00bb]\n<ul>\n<li>\u00a0divers fonds pliants (fond standard, fond estamp\u00e9, fond d\u00e9coratif)<\/li>\n<li>en fonction du pliant du fond avec ou sans pli sur le sac<\/li>\n<li>en option, avec \u0153illet pour renforcer les trous<\/li>\n<li>de nombreuses possibilit\u00e9s d&rsquo;impression et d&rsquo;ennoblissement (vernis UV, cello, estampes etc.)<\/li>\n<\/ul>\n[\/vc_toggle][\/vc_column_inner][vc_column_inner width=\u00a0\u00bb2\/3&Prime;][vc_images_carousel images=\u00a0\u00bb4971,4973,4972&Prime; img_size=\u00a0\u00bb710&#215;473&Prime; css=\u00a0\u00bb.vc_custom_1484736221906{border-radius: 1px !important;}\u00a0\u00bb][\/vc_column_inner][\/vc_row_inner][\/vc_column][\/vc_row][vc_row css=\u00a0\u00bb.vc_custom_1484316152083{margin-top: 35px !important;margin-right: 0px !important;margin-left: 0px !important;}\u00a0\u00bb][vc_column][vc_row_inner css=\u00a0\u00bb.vc_custom_1482965393016{padding-top: 30px !important;padding-right: 20px !important;padding-bottom: 30px !important;padding-left: 20px !important;background-color: #ffffff !important;}\u00a0\u00bb][vc_column_inner width=\u00a0\u00bb2\/3&Prime;][vc_images_carousel images=\u00a0\u00bb4986,4963,4962,4960&Prime; img_size=\u00a0\u00bb710&#215;473&Prime; css=\u00a0\u00bb.vc_custom_1484737564977{border-radius: 1px !important;}\u00a0\u00bb][\/vc_column_inner][vc_column_inner width=\u00a0\u00bb1\/3&Prime;][vc_column_text css_animation=\u00a0\u00bbleft-to-right\u00a0\u00bb css=\u00a0\u00bb.vc_custom_1495010857026{margin-bottom: 20px !important;}\u00a0\u00bb]\n<h4 id=\"toc_3\"><strong>RISSMANN ImageBag <\/strong><\/h4>\n<p>\u00ab\u00a0D\u00c9CORATION\u00a0\u00bb<br \/>\nStructure classique avec un grand effet &#8211; nos ImageBags sont des objets de collection.[\/vc_column_text][vc_toggle title=\u00a0\u00bbcomposants\u00a0\u00bb style=\u00a0\u00bbarrow\u00a0\u00bb size=\u00a0\u00bbsm\u00a0\u00bb css_animation=\u00a0\u00bbleft-to-right\u00a0\u00bb el_id=\u00a0\u00bb1479334122980-5ea7abd4-6a4c\u00a0\u00bb]\n<ul>\n<li>sac de transport<\/li>\n<li>carton pour le renfort du pourtour et fond int\u00e9rieur<\/li>\n<li>anse (par ex. cordon, bande, courroie de plastique ou de cuir etc.) fix\u00e9 \u00e0 l&rsquo;int\u00e9rieur par un n\u0153ud<\/li>\n<\/ul>\n[\/vc_toggle][vc_toggle title=\u00a0\u00bboptions\u00a0\u00bb style=\u00a0\u00bbarrow\u00a0\u00bb size=\u00a0\u00bbsm\u00a0\u00bb css_animation=\u00a0\u00bbleft-to-right\u00a0\u00bb el_id=\u00a0\u00bb1483015922410-3e46a525-f263&Prime;]\n<ul>\n<li>\u00a0divers fonds pliants (fond standard, fond estamp\u00e9, fond d\u00e9coratif)<\/li>\n<li>en fonction du pliant du fond avec ou sans pli sur le sac<\/li>\n<li>en option, avec \u0153illet pour renforcer les trous<\/li>\n<li>de nombreuses possibilit\u00e9s d&rsquo;impression et d&rsquo;ennoblissement (vernis UV, cello, estampes etc.)<\/li>\n<\/ul>\n[\/vc_toggle][\/vc_column_inner][\/vc_row_inner][\/vc_column][\/vc_row][vc_row css=\u00a0\u00bb.vc_custom_1484582885719{margin-top: 35px !important;margin-right: 0px !important;margin-bottom: 0px !important;margin-left: 0px !important;}\u00a0\u00bb][vc_column][vc_row_inner css=\u00a0\u00bb.vc_custom_1482965383778{padding-top: 30px !important;padding-right: 20px !important;padding-bottom: 30px !important;padding-left: 20px !important;background-color: #ffffff !important;}\u00a0\u00bb][vc_column_inner width=\u00a0\u00bb1\/3&Prime;][vc_column_text css_animation=\u00a0\u00bbleft-to-right\u00a0\u00bb css=\u00a0\u00bb.vc_custom_1484569437485{margin-bottom: 20px !important;}\u00a0\u00bb]\n<h4 id=\"toc_3\"><strong>RISSMANN ImageBags <\/strong><\/h4>\n<p>\u00ab\u00a0ANIMAL\u00a0\u00bb<br \/>\nStructure classique avec un grand effet &#8211; nos ImageBags sont des objets de collection.[\/vc_column_text][vc_toggle title=\u00a0\u00bbcomposants\u00a0\u00bb style=\u00a0\u00bbarrow\u00a0\u00bb size=\u00a0\u00bbsm\u00a0\u00bb css_animation=\u00a0\u00bbleft-to-right\u00a0\u00bb el_id=\u00a0\u00bb1484569402990-50b241ff-c36f\u00a0\u00bb]\n<ul>\n<li>sac de transport<\/li>\n<li>carton pour le renfort du pourtour et fond int\u00e9rieur<\/li>\n<li>anse (par ex. cordon, bande, courroie de plastique ou de cuir etc.) fix\u00e9 \u00e0 l&rsquo;int\u00e9rieur par un n\u0153ud<\/li>\n<li>hangtag<\/li>\n<\/ul>\n[\/vc_toggle][vc_toggle title=\u00a0\u00bboptions\u00a0\u00bb style=\u00a0\u00bbarrow\u00a0\u00bb size=\u00a0\u00bbsm\u00a0\u00bb css_animation=\u00a0\u00bbleft-to-right\u00a0\u00bb el_id=\u00a0\u00bb1484569403131-7e6d5fee-8f69&Prime;]\n<ul>\n<li>\u00a0divers fonds pliants (fond standard, fond estamp\u00e9, fond d\u00e9coratif)<\/li>\n<li>en fonction du pliant du fond avec ou sans pli sur le sac<\/li>\n<li>en option, avec \u0153illet pour renforcer les trous<\/li>\n<li>de nombreuses possibilit\u00e9s d&rsquo;impression et d&rsquo;ennoblissement (vernis UV, cello, estampes etc.)<\/li>\n<\/ul>\n[\/vc_toggle][\/vc_column_inner][vc_column_inner width=\u00a0\u00bb2\/3&Prime;][vc_images_carousel images=\u00a0\u00bb4967,4970,4969,4968,4956&Prime; img_size=\u00a0\u00bb710&#215;473&Prime; css=\u00a0\u00bb.vc_custom_1484736437389{border-radius: 1px !important;}\u00a0\u00bb][\/vc_column_inner][\/vc_row_inner][\/vc_column][\/vc_row][vc_row css=\u00a0\u00bb.vc_custom_1484316291885{margin-top: 35px !important;margin-right: 0px !important;margin-bottom: 15px !important;margin-left: 0px !important;}\u00a0\u00bb][vc_column][vc_row_inner css=\u00a0\u00bb.vc_custom_1482965393016{padding-top: 30px !important;padding-right: 20px !important;padding-bottom: 30px !important;padding-left: 20px !important;background-color: #ffffff !important;}\u00a0\u00bb][vc_column_inner width=\u00a0\u00bb2\/3&Prime;][vc_images_carousel images=\u00a0\u00bb4958,4957&Prime; img_size=\u00a0\u00bb710&#215;473&Prime; css=\u00a0\u00bb.vc_custom_1484736521238{border-radius: 1px !important;}\u00a0\u00bb][\/vc_column_inner][vc_column_inner width=\u00a0\u00bb1\/3&Prime;][vc_column_text css_animation=\u00a0\u00bbleft-to-right\u00a0\u00bb css=\u00a0\u00bb.vc_custom_1486572835268{margin-bottom: 20px !important;}\u00a0\u00bb]\n<h4 id=\"toc_3\"><strong>RISSMANN ImageBags <\/strong><\/h4>\n<p>\u00ab\u00a0FLUO\u00a0\u00bb<br \/>\nStructure classique avec un grand effet &#8211; nos ImageBags sont des objets de collection.[\/vc_column_text][vc_toggle title=\u00a0\u00bbcomposants\u00a0\u00bb style=\u00a0\u00bbarrow\u00a0\u00bb size=\u00a0\u00bbsm\u00a0\u00bb css_animation=\u00a0\u00bbleft-to-right\u00a0\u00bb el_id=\u00a0\u00bb1484568895118-60b85640-61dd\u00a0\u00bb]\n<ul>\n<li>sac de transport<\/li>\n<li>carton pour le renfort du pourtour et fond int\u00e9rieur<\/li>\n<li>anse (par ex. cordon, bande, courroie de plastique ou de cuir etc.) fix\u00e9 \u00e0 l&rsquo;int\u00e9rieur par un n\u0153ud<\/li>\n<\/ul>\n[\/vc_toggle][vc_toggle title=\u00a0\u00bboptions\u00a0\u00bb style=\u00a0\u00bbarrow\u00a0\u00bb size=\u00a0\u00bbsm\u00a0\u00bb css_animation=\u00a0\u00bbleft-to-right\u00a0\u00bb el_id=\u00a0\u00bb1484568895252-af893ee8-3350&Prime;]\n<ul>\n<li>\u00a0divers fonds pliants (fond standard, fond estamp\u00e9, fond d\u00e9coratif)<\/li>\n<li>en fonction du pliant du fond avec ou sans pli sur le sac<\/li>\n<li>en option, avec \u0153illet pour renforcer les trous<\/li>\n<li>de nombreuses possibilit\u00e9s d&rsquo;impression et d&rsquo;ennoblissement (vernis UV, cello, estampes etc.)<\/li>\n<\/ul>\n[\/vc_toggle][\/vc_column_inner][\/vc_row_inner][\/vc_column][\/vc_row]\n","protected":false},"excerpt":{"rendered":"<p>[vc_row css=\u00a0\u00bb.vc_custom_1484315364026{padding-top: 0px !important;}\u00a0\u00bb][vc_column][vc_single_image image=\u00a0\u00bb4252&Prime; img_size=\u00a0\u00bbfull\u00a0\u00bb alignment=\u00a0\u00bbcenter\u00a0\u00bb title=\u00a0\u00bbspecials\u00a0\u00bb][\/vc_column][\/vc_row][vc_row css=\u00a0\u00bb.vc_custom_1484315373652{margin-top: 50px !important;margin-right: 0px !important;margin-bottom: 0px !important;margin-left: 0px !important;}\u00a0\u00bb][vc_column][vc_row_inner css=\u00a0\u00bb.vc_custom_1482965383778{padding-top: 30px !important;padding-right: 20px !important;padding-bottom: 30px !important;padding-left: 20px !important;background-color: #ffffff !important;}\u00a0\u00bb][vc_column_inner width=\u00a0\u00bb1\/3&Prime;][vc_column_text css_animation=\u00a0\u00bbleft-to-right\u00a0\u00bb css=\u00a0\u00bb.vc_custom_1495010827928{margin-bottom: 20px !important;}\u00a0\u00bb] RISSMANN ImageBag \u00ab\u00a0POINTS\u00a0\u00bb Structure classique avec un grand effet &#8211; nos ImageBags sont des objets de collection.[\/vc_column_text][vc_toggle title=\u00a0\u00bbcomposants\u00a0\u00bb style=\u00a0\u00bbarrow\u00a0\u00bb size=\u00a0\u00bbsm\u00a0\u00bb css_animation=\u00a0\u00bbleft-to-right\u00a0\u00bb el_id=\u00a0\u00bb1479333630554-608df785-0f22&Prime;]&#8230;<\/p>\n","protected":false},"author":1,"featured_media":0,"parent":11486,"menu_order":0,"comment_status":"closed","ping_status":"closed","template":"page-full.php","meta":[],"_links":{"self":[{"href":"https:\/\/rissmann.com\/fr\/wp-json\/wp\/v2\/pages\/10902"}],"collection":[{"href":"https:\/\/rissmann.com\/fr\/wp-json\/wp\/v2\/pages"}],"about":[{"href":"https:\/\/rissmann.com\/fr\/wp-json\/wp\/v2\/types\/page"}],"author":[{"embeddable":true,"href":"https:\/\/rissmann.com\/fr\/wp-json\/wp\/v2\/users\/1"}],"replies":[{"embeddable":true,"href":"https:\/\/rissmann.com\/fr\/wp-json\/wp\/v2\/comments?post=10902"}],"version-history":[{"count":0,"href":"https:\/\/rissmann.com\/fr\/wp-json\/wp\/v2\/pages\/10902\/revisions"}],"up":[{"embeddable":true,"href":"https:\/\/rissmann.com\/fr\/wp-json\/wp\/v2\/pages\/11486"}],"wp:attachment":[{"href":"https:\/\/rissmann.com\/fr\/wp-json\/wp\/v2\/media?parent=10902"}],"curies":[{"name":"wp","href":"https:\/\/api.w.org\/{rel}","templated":true}]}}