{"id":10888,"date":"2017-05-04T14:07:05","date_gmt":"2017-05-04T12:07:05","guid":{"rendered":"https:\/\/rissmann.com\/sac-avec-trou-de-poignee\/"},"modified":"2017-05-04T14:07:06","modified_gmt":"2017-05-04T12:07:06","slug":"sac-avec-trou-de-poignee","status":"publish","type":"page","link":"https:\/\/rissmann.com\/fr\/concepts\/sacs\/sac-avec-trou-de-poignee\/","title":{"rendered":"sac avec trou de poign\u00e9e"},"content":{"rendered":"[vc_row css=\u00a0\u00bb.vc_custom_1484315127433{margin-bottom: 0px !important;padding-top: 0px !important;padding-bottom: 0px !important;}\u00a0\u00bb][vc_column][vc_single_image image=\u00a0\u00bb4210&Prime; img_size=\u00a0\u00bbfull\u00a0\u00bb alignment=\u00a0\u00bbcenter\u00a0\u00bb title=\u00a0\u00bbsac avec trou de poign\u00e9e\u00a0\u00bb][\/vc_column][\/vc_row][vc_row css=\u00a0\u00bb.vc_custom_1484315093324{margin-top: 50px !important;margin-right: 0px !important;margin-bottom: 15px !important;margin-left: 0px !important;}\u00a0\u00bb][vc_column][vc_row_inner css=\u00a0\u00bb.vc_custom_1482965383778{padding-top: 30px !important;padding-right: 20px !important;padding-bottom: 30px !important;padding-left: 20px !important;background-color: #ffffff !important;}\u00a0\u00bb][vc_column_inner width=\u00a0\u00bb1\/3&Prime;][vc_column_text css_animation=\u00a0\u00bbleft-to-right\u00a0\u00bb css=\u00a0\u00bb.vc_custom_1490013757926{margin-bottom: 20px !important;}\u00a0\u00bb]\n<h4 id=\"toc_3\"><strong>Sac de transport avec encoche perfor\u00e9e servant de poign\u00e9e<\/strong><\/h4>\n<p>Plut\u00f4t qu&rsquo;une anse classique, il est possible de perforer un trou de poign\u00e9e \u2013 pour plus d&rsquo;extravagance et de chic.[\/vc_column_text][vc_toggle title=\u00a0\u00bbcomposants\u00a0\u00bb style=\u00a0\u00bbarrow\u00a0\u00bb size=\u00a0\u00bbsm\u00a0\u00bb css_animation=\u00a0\u00bbleft-to-right\u00a0\u00bb el_id=\u00a0\u00bb1479333630554-608df785-0f22&Prime;]\n<ul>\n<li>sac de transport avec encoche de trou de poign\u00e9e<\/li>\n<li>renfort en carton sur le pourtour et fond int\u00e9rieur<\/li>\n<\/ul>\n[\/vc_toggle][vc_toggle title=\u00a0\u00bboptions\u00a0\u00bb style=\u00a0\u00bbarrow\u00a0\u00bb size=\u00a0\u00bbsm\u00a0\u00bb css_animation=\u00a0\u00bbleft-to-right\u00a0\u00bb el_id=\u00a0\u00bb1479333689481-e0e9f43d-cef9&Prime;]\n<ul>\n<li>atrou de poign\u00e9e perfor\u00e9 avec bord ouvert<br \/>\n\u00bb renfort en papier visible \u00e0 l&rsquo;int\u00e9rieur<\/li>\n<li>trou de poign\u00e9e perfor\u00e9 avec bords cach\u00e9s \u00bb papier rabattu vers l&rsquo;int\u00e9rieur sur le bord sup\u00e9rieur et coll\u00e9<\/li>\n<li>divers plis de fonds possibles<br \/>\n(fond standard, fond perfor\u00e9, fond d\u00e9coratif)<\/li>\n<li>en fonction du pli du fond avec ou sans pli sur le sac<\/li>\n<li>de nombreuses possibilit\u00e9s d&rsquo;impression et d&rsquo;ennoblissement (vernis UV, cello, estampes etc.)<\/li>\n<\/ul>\n[\/vc_toggle][\/vc_column_inner][vc_column_inner width=\u00a0\u00bb2\/3&Prime;][vc_images_carousel images=\u00a0\u00bb4427,4428&Prime; img_size=\u00a0\u00bb710&#215;473&Prime; css=\u00a0\u00bb.vc_custom_1484315013583{border-radius: 1px !important;}\u00a0\u00bb][\/vc_column_inner][\/vc_row_inner][\/vc_column][\/vc_row]\n","protected":false},"excerpt":{"rendered":"<p>[vc_row css=\u00a0\u00bb.vc_custom_1484315127433{margin-bottom: 0px !important;padding-top: 0px !important;padding-bottom: 0px !important;}\u00a0\u00bb][vc_column][vc_single_image image=\u00a0\u00bb4210&Prime; img_size=\u00a0\u00bbfull\u00a0\u00bb alignment=\u00a0\u00bbcenter\u00a0\u00bb title=\u00a0\u00bbsac avec trou de poign\u00e9e\u00a0\u00bb][\/vc_column][\/vc_row][vc_row css=\u00a0\u00bb.vc_custom_1484315093324{margin-top: 50px !important;margin-right: 0px !important;margin-bottom: 15px !important;margin-left: 0px !important;}\u00a0\u00bb][vc_column][vc_row_inner css=\u00a0\u00bb.vc_custom_1482965383778{padding-top: 30px !important;padding-right: 20px !important;padding-bottom: 30px !important;padding-left: 20px !important;background-color: #ffffff !important;}\u00a0\u00bb][vc_column_inner width=\u00a0\u00bb1\/3&Prime;][vc_column_text css_animation=\u00a0\u00bbleft-to-right\u00a0\u00bb css=\u00a0\u00bb.vc_custom_1490013757926{margin-bottom: 20px !important;}\u00a0\u00bb] Sac de transport avec encoche perfor\u00e9e servant de poign\u00e9e Plut\u00f4t qu&rsquo;une anse classique, il&#8230;<\/p>\n","protected":false},"author":1,"featured_media":0,"parent":11486,"menu_order":0,"comment_status":"closed","ping_status":"closed","template":"page-full.php","meta":[],"_links":{"self":[{"href":"https:\/\/rissmann.com\/fr\/wp-json\/wp\/v2\/pages\/10888"}],"collection":[{"href":"https:\/\/rissmann.com\/fr\/wp-json\/wp\/v2\/pages"}],"about":[{"href":"https:\/\/rissmann.com\/fr\/wp-json\/wp\/v2\/types\/page"}],"author":[{"embeddable":true,"href":"https:\/\/rissmann.com\/fr\/wp-json\/wp\/v2\/users\/1"}],"replies":[{"embeddable":true,"href":"https:\/\/rissmann.com\/fr\/wp-json\/wp\/v2\/comments?post=10888"}],"version-history":[{"count":0,"href":"https:\/\/rissmann.com\/fr\/wp-json\/wp\/v2\/pages\/10888\/revisions"}],"up":[{"embeddable":true,"href":"https:\/\/rissmann.com\/fr\/wp-json\/wp\/v2\/pages\/11486"}],"wp:attachment":[{"href":"https:\/\/rissmann.com\/fr\/wp-json\/wp\/v2\/media?parent=10888"}],"curies":[{"name":"wp","href":"https:\/\/api.w.org\/{rel}","templated":true}]}}