{"id":10882,"date":"2017-05-04T14:02:57","date_gmt":"2017-05-04T12:02:57","guid":{"rendered":"https:\/\/rissmann.com\/pliages-de-fond\/"},"modified":"2017-05-18T13:52:00","modified_gmt":"2017-05-18T11:52:00","slug":"pliages-de-fond","status":"publish","type":"page","link":"https:\/\/rissmann.com\/fr\/concepts\/sacs\/pliages-de-fond\/","title":{"rendered":"pliages de fond"},"content":{"rendered":"[vc_row css=\u00a0\u00bb.vc_custom_1484218852312{margin-bottom: 0px !important;padding-top: 0px !important;padding-bottom: 0px !important;}\u00a0\u00bb][vc_column][vc_single_image image=\u00a0\u00bb8348&Prime; img_size=\u00a0\u00bbfull\u00a0\u00bb alignment=\u00a0\u00bbcenter\u00a0\u00bb title=\u00a0\u00bbpliages de fond\u00a0\u00bb][\/vc_column][\/vc_row][vc_row css=\u00a0\u00bb.vc_custom_1490013550825{margin-top: 50px !important;margin-right: 0px !important;margin-bottom: 15px !important;margin-left: 0px !important;}\u00a0\u00bb][vc_column][vc_row_inner css=\u00a0\u00bb.vc_custom_1482965383778{padding-top: 30px !important;padding-right: 20px !important;padding-bottom: 30px !important;padding-left: 20px !important;background-color: #ffffff !important;}\u00a0\u00bb][vc_column_inner width=\u00a0\u00bb1\/3&Prime;][vc_column_text css_animation=\u00a0\u00bbleft-to-right\u00a0\u00bb css=\u00a0\u00bb.vc_custom_1495008653119{margin-bottom: 20px !important;}\u00a0\u00bb]\n<h4><strong>Variantes pour le pliage de fond<\/strong><\/h4>\n<p><strong>fond standard<\/strong><\/p>\n<ul>\n<li>production avantageuse<\/li>\n<li>carton de fond encoll\u00e9<\/li>\n<li>non adapt\u00e9 aux mati\u00e8res tr\u00e8s \u00e9paisses<\/li>\n<li>pli sur un c\u00f4t\u00e9<\/li>\n<\/ul>\n<p><strong>fond perfor\u00e9<\/strong><\/p>\n<ul>\n<li>carton de fond encoll\u00e9<\/li>\n<li>adapt\u00e9 aux mati\u00e8res tr\u00e8s \u00e9paisses<\/li>\n<li>pli sur un c\u00f4<\/li>\n<\/ul>\n<p><strong>fond d\u00e9coratif<\/strong><\/p>\n<ul>\n<li>aucun pli<\/li>\n<li>le fond se plie de mani\u00e8re sym\u00e9trique vers l&rsquo;int\u00e9rieur<\/li>\n<li>le carton de fond est ins\u00e9r\u00e9, ne colle pas<\/li>\n<\/ul>\n[\/vc_column_text][\/vc_column_inner][vc_column_inner width=\u00a0\u00bb2\/3&Prime;][vc_images_carousel images=\u00a0\u00bb12968,12967,12966&Prime; img_size=\u00a0\u00bb710&#215;473&Prime;][\/vc_column_inner][\/vc_row_inner][\/vc_column][\/vc_row]\n","protected":false},"excerpt":{"rendered":"<p>[vc_row css=\u00a0\u00bb.vc_custom_1484218852312{margin-bottom: 0px !important;padding-top: 0px !important;padding-bottom: 0px !important;}\u00a0\u00bb][vc_column][vc_single_image image=\u00a0\u00bb8348&Prime; img_size=\u00a0\u00bbfull\u00a0\u00bb alignment=\u00a0\u00bbcenter\u00a0\u00bb title=\u00a0\u00bbpliages de fond\u00a0\u00bb][\/vc_column][\/vc_row][vc_row css=\u00a0\u00bb.vc_custom_1490013550825{margin-top: 50px !important;margin-right: 0px !important;margin-bottom: 15px !important;margin-left: 0px !important;}\u00a0\u00bb][vc_column][vc_row_inner css=\u00a0\u00bb.vc_custom_1482965383778{padding-top: 30px !important;padding-right: 20px !important;padding-bottom: 30px !important;padding-left: 20px !important;background-color: #ffffff !important;}\u00a0\u00bb][vc_column_inner width=\u00a0\u00bb1\/3&Prime;][vc_column_text css_animation=\u00a0\u00bbleft-to-right\u00a0\u00bb css=\u00a0\u00bb.vc_custom_1495008653119{margin-bottom: 20px !important;}\u00a0\u00bb] Variantes pour le pliage de fond fond standard production avantageuse carton de fond encoll\u00e9 non adapt\u00e9&#8230;<\/p>\n","protected":false},"author":1,"featured_media":0,"parent":11486,"menu_order":0,"comment_status":"closed","ping_status":"closed","template":"page-full.php","meta":[],"_links":{"self":[{"href":"https:\/\/rissmann.com\/fr\/wp-json\/wp\/v2\/pages\/10882"}],"collection":[{"href":"https:\/\/rissmann.com\/fr\/wp-json\/wp\/v2\/pages"}],"about":[{"href":"https:\/\/rissmann.com\/fr\/wp-json\/wp\/v2\/types\/page"}],"author":[{"embeddable":true,"href":"https:\/\/rissmann.com\/fr\/wp-json\/wp\/v2\/users\/1"}],"replies":[{"embeddable":true,"href":"https:\/\/rissmann.com\/fr\/wp-json\/wp\/v2\/comments?post=10882"}],"version-history":[{"count":0,"href":"https:\/\/rissmann.com\/fr\/wp-json\/wp\/v2\/pages\/10882\/revisions"}],"up":[{"embeddable":true,"href":"https:\/\/rissmann.com\/fr\/wp-json\/wp\/v2\/pages\/11486"}],"wp:attachment":[{"href":"https:\/\/rissmann.com\/fr\/wp-json\/wp\/v2\/media?parent=10882"}],"curies":[{"name":"wp","href":"https:\/\/api.w.org\/{rel}","templated":true}]}}