{"id":10869,"date":"2017-05-04T13:51:24","date_gmt":"2017-05-04T11:51:24","guid":{"rendered":"https:\/\/rissmann.com\/sac-de-transport-a-4-noeuds\/"},"modified":"2025-06-13T09:22:33","modified_gmt":"2025-06-13T07:22:33","slug":"sac-de-transport-a-4-noeuds","status":"publish","type":"page","link":"https:\/\/rissmann.com\/fr\/concepts\/sacs\/sac-de-transport-a-4-noeuds\/","title":{"rendered":"sac de transport \u00e0 4 n\u0153uds"},"content":{"rendered":"[vc_row css=\u00a0\u00bb.vc_custom_1484218852312{margin-bottom: 0px !important;padding-top: 0px !important;padding-bottom: 0px !important;}\u00a0\u00bb][vc_column][vc_single_image image=\u00a0\u00bb3867&Prime; img_size=\u00a0\u00bbfull\u00a0\u00bb alignment=\u00a0\u00bbcenter\u00a0\u00bb title=\u00a0\u00bbsac \u00e0 4 n\u0153uds\u00a0\u00bb][\/vc_column][\/vc_row][vc_row css=\u00a0\u00bb.vc_custom_1486116165401{margin-top: 50px !important;margin-right: 0px !important;margin-left: 0px !important;}\u00a0\u00bb][vc_column][vc_row_inner css=\u00a0\u00bb.vc_custom_1482965383778{padding-top: 30px !important;padding-right: 20px !important;padding-bottom: 30px !important;padding-left: 20px !important;background-color: #ffffff !important;}\u00a0\u00bb][vc_column_inner width=\u00a0\u00bb1\/3&Prime;][vc_column_text css_animation=\u00a0\u00bbleft-to-right\u00a0\u00bb css=\u00a0\u00bb.vc_custom_1484217930286{margin-bottom: 20px !important;}\u00a0\u00bb]\n<h4 id=\"toc_0\"><strong>Sac de transport \u00e0 4 n\u0153uds<\/strong><\/h4>\n<p>Le sac classique offrant de possibilit\u00e9s innombrables.[\/vc_column_text][vc_toggle title=\u00a0\u00bbcomposants\u00a0\u00bb style=\u00a0\u00bbarrow\u00a0\u00bb size=\u00a0\u00bbsm\u00a0\u00bb css_animation=\u00a0\u00bbleft-to-right\u00a0\u00bb el_id=\u00a0\u00bb1479333630554-608df785-0f22&Prime;]\n<ul>\n<li>sac de transport<\/li>\n<li>carton pour le renfort du pourtour et fond int\u00e9rieur<\/li>\n<li>anse (par ex. cordon, bande, courroie de plastique ou de cuir etc.)<\/li>\n<\/ul>\n[\/vc_toggle][vc_toggle title=\u00a0\u00bboptions\u00a0\u00bb style=\u00a0\u00bbarrow\u00a0\u00bb size=\u00a0\u00bbsm\u00a0\u00bb css_animation=\u00a0\u00bbleft-to-right\u00a0\u00bb el_id=\u00a0\u00bb1479333689481-e0e9f43d-cef9&Prime;]\n<ul>\n<li>divers fonds pliants (fond standard, fond estamp\u00e9, fond d\u00e9coratif)<\/li>\n<li>en fonction du pliant du fond avec ou sans pli sur le sac<\/li>\n<li>en option, \u0153illet pour renforcer les trous<\/li>\n<li>de nombreuses possibilit\u00e9s d&rsquo;impression et d&rsquo;ennoblissement (vernis UV, cello, estampes etc.)<\/li>\n<\/ul>\n[\/vc_toggle][\/vc_column_inner][vc_column_inner width=\u00a0\u00bb2\/3&Prime;][vc_images_carousel images=\u00a0\u00bb4088,4089,4090,4091,4092&Prime; img_size=\u00a0\u00bb710&#215;473&Prime;][\/vc_column_inner][\/vc_row_inner][\/vc_column][\/vc_row][vc_row css=\u00a0\u00bb.vc_custom_1486116102951{margin-top: 35px !important;margin-right: 0px !important;margin-left: 0px !important;}\u00a0\u00bb][vc_column][vc_row_inner css=\u00a0\u00bb.vc_custom_1482965393016{padding-top: 30px !important;padding-right: 20px !important;padding-bottom: 30px !important;padding-left: 20px !important;background-color: #ffffff !important;}\u00a0\u00bb][vc_column_inner width=\u00a0\u00bb2\/3&Prime;][vc_images_carousel images=\u00a0\u00bb6586,6584,6583&Prime; img_size=\u00a0\u00bb710&#215;473&Prime;][\/vc_column_inner][vc_column_inner width=\u00a0\u00bb1\/3&Prime;][vc_column_text css_animation=\u00a0\u00bbleft-to-right\u00a0\u00bb css=\u00a0\u00bb.vc_custom_1484217958900{margin-bottom: 20px !important;}\u00a0\u00bb]\n<h4 id=\"toc_0\"><strong>Sac de transport \u00e0 4 n\u0153uds<\/strong><\/h4>\n<p>Le sac classique offrant de possibilit\u00e9s innombrables.[\/vc_column_text][vc_toggle title=\u00a0\u00bbcomposants\u00a0\u00bb style=\u00a0\u00bbarrow\u00a0\u00bb size=\u00a0\u00bbsm\u00a0\u00bb css_animation=\u00a0\u00bbleft-to-right\u00a0\u00bb el_id=\u00a0\u00bb1479334122980-5ea7abd4-6a4c\u00a0\u00bb]\n<ul>\n<li>sac de transport<\/li>\n<li>carton pour le renfort du pourtour et fond int\u00e9rieur<\/li>\n<li>anse (par ex. cordon, bande, courroie de plastique ou de cuir etc.)<\/li>\n<\/ul>\n[\/vc_toggle][vc_toggle title=\u00a0\u00bboptions\u00a0\u00bb style=\u00a0\u00bbarrow\u00a0\u00bb size=\u00a0\u00bbsm\u00a0\u00bb css_animation=\u00a0\u00bbleft-to-right\u00a0\u00bb el_id=\u00a0\u00bb1483015922410-3e46a525-f263&Prime;]\n<ul>\n<li>divers fonds pliants (fond standard, fond estamp\u00e9, fond d\u00e9coratif)<\/li>\n<li>en fonction du pliant du fond avec ou sans pli sur le sac<\/li>\n<li>en option, \u0153illet pour renforcer les trous<\/li>\n<li>de nombreuses possibilit\u00e9s d&rsquo;impression et d&rsquo;ennoblissement (vernis UV, cello, estampes etc.)<\/li>\n<\/ul>\n[\/vc_toggle][\/vc_column_inner][\/vc_row_inner][\/vc_column][\/vc_row][vc_row disable_element=\u00a0\u00bbyes\u00a0\u00bb css=\u00a0\u00bb.vc_custom_1749799350893{margin-top: 35px !important;margin-right: 0px !important;margin-bottom: 15px !important;margin-left: 0px !important;}\u00a0\u00bb][vc_column][vc_row_inner css=\u00a0\u00bb.vc_custom_1482965383778{padding-top: 30px !important;padding-right: 20px !important;padding-bottom: 30px !important;padding-left: 20px !important;background-color: #ffffff !important;}\u00a0\u00bb][vc_column_inner width=\u00a0\u00bb1\/3&Prime;][vc_column_text css_animation=\u00a0\u00bbleft-to-right\u00a0\u00bb css=\u00a0\u00bb.vc_custom_1484217930286{margin-bottom: 20px !important;}\u00a0\u00bb]\n<h4 id=\"toc_0\"><strong>Sac de transport \u00e0 4 n\u0153uds<\/strong><\/h4>\n<p>Le sac classique offrant de possibilit\u00e9s innombrables.[\/vc_column_text][vc_toggle title=\u00a0\u00bbcomposants\u00a0\u00bb style=\u00a0\u00bbarrow\u00a0\u00bb size=\u00a0\u00bbsm\u00a0\u00bb css_animation=\u00a0\u00bbleft-to-right\u00a0\u00bb el_id=\u00a0\u00bb1486042512304-11115a0a-d01e\u00a0\u00bb]\n<ul>\n<li>sac de transport<\/li>\n<li>carton pour le renfort du pourtour et fond int\u00e9rieur<\/li>\n<li>anse (par ex. cordon, bande, courroie de plastique ou de cuir etc.)<br \/>\n&#8211; Oeillets<\/li>\n<\/ul>\n[\/vc_toggle][vc_toggle title=\u00a0\u00bboptions\u00a0\u00bb style=\u00a0\u00bbarrow\u00a0\u00bb size=\u00a0\u00bbsm\u00a0\u00bb css_animation=\u00a0\u00bbleft-to-right\u00a0\u00bb el_id=\u00a0\u00bb1486042512422-5a482141-2477&Prime;]\n<ul>\n<li>divers fonds pliants (fond standard, fond estamp\u00e9, fond d\u00e9coratif)<\/li>\n<li>en fonction du pliant du fond avec ou sans pli sur le sac<\/li>\n<li>de nombreuses possibilit\u00e9s d&rsquo;impression et d&rsquo;ennoblissement (vernis UV, cello, estampes etc.)<\/li>\n<\/ul>\n[\/vc_toggle][\/vc_column_inner][vc_column_inner width=\u00a0\u00bb2\/3&Prime;][vc_images_carousel images=\u00a0\u00bb6530&Prime; img_size=\u00a0\u00bb710&#215;473&Prime;][\/vc_column_inner][\/vc_row_inner][\/vc_column][\/vc_row]\n","protected":false},"excerpt":{"rendered":"<p>[vc_row css=\u00a0\u00bb.vc_custom_1484218852312{margin-bottom: 0px !important;padding-top: 0px !important;padding-bottom: 0px !important;}\u00a0\u00bb][vc_column][vc_single_image image=\u00a0\u00bb3867&Prime; img_size=\u00a0\u00bbfull\u00a0\u00bb alignment=\u00a0\u00bbcenter\u00a0\u00bb title=\u00a0\u00bbsac \u00e0 4 n\u0153uds\u00a0\u00bb][\/vc_column][\/vc_row][vc_row css=\u00a0\u00bb.vc_custom_1486116165401{margin-top: 50px !important;margin-right: 0px !important;margin-left: 0px !important;}\u00a0\u00bb][vc_column][vc_row_inner css=\u00a0\u00bb.vc_custom_1482965383778{padding-top: 30px !important;padding-right: 20px !important;padding-bottom: 30px !important;padding-left: 20px !important;background-color: #ffffff !important;}\u00a0\u00bb][vc_column_inner width=\u00a0\u00bb1\/3&Prime;][vc_column_text css_animation=\u00a0\u00bbleft-to-right\u00a0\u00bb css=\u00a0\u00bb.vc_custom_1484217930286{margin-bottom: 20px !important;}\u00a0\u00bb] Sac de transport \u00e0 4 n\u0153uds Le sac classique offrant de possibilit\u00e9s innombrables.[\/vc_column_text][vc_toggle title=\u00a0\u00bbcomposants\u00a0\u00bb style=\u00a0\u00bbarrow\u00a0\u00bb size=\u00a0\u00bbsm\u00a0\u00bb css_animation=\u00a0\u00bbleft-to-right\u00a0\u00bb&#8230;<\/p>\n","protected":false},"author":1,"featured_media":0,"parent":11486,"menu_order":0,"comment_status":"closed","ping_status":"closed","template":"page-full.php","meta":[],"_links":{"self":[{"href":"https:\/\/rissmann.com\/fr\/wp-json\/wp\/v2\/pages\/10869"}],"collection":[{"href":"https:\/\/rissmann.com\/fr\/wp-json\/wp\/v2\/pages"}],"about":[{"href":"https:\/\/rissmann.com\/fr\/wp-json\/wp\/v2\/types\/page"}],"author":[{"embeddable":true,"href":"https:\/\/rissmann.com\/fr\/wp-json\/wp\/v2\/users\/1"}],"replies":[{"embeddable":true,"href":"https:\/\/rissmann.com\/fr\/wp-json\/wp\/v2\/comments?post=10869"}],"version-history":[{"count":1,"href":"https:\/\/rissmann.com\/fr\/wp-json\/wp\/v2\/pages\/10869\/revisions"}],"predecessor-version":[{"id":477390,"href":"https:\/\/rissmann.com\/fr\/wp-json\/wp\/v2\/pages\/10869\/revisions\/477390"}],"up":[{"embeddable":true,"href":"https:\/\/rissmann.com\/fr\/wp-json\/wp\/v2\/pages\/11486"}],"wp:attachment":[{"href":"https:\/\/rissmann.com\/fr\/wp-json\/wp\/v2\/media?parent=10869"}],"curies":[{"name":"wp","href":"https:\/\/api.w.org\/{rel}","templated":true}]}}