{"id":10864,"date":"2017-05-04T13:27:31","date_gmt":"2017-05-04T11:27:31","guid":{"rendered":"https:\/\/rissmann.com\/concepts\/depot-service-logistique\/"},"modified":"2017-05-18T01:37:37","modified_gmt":"2017-05-17T23:37:37","slug":"depot-service-logistique","status":"publish","type":"page","link":"https:\/\/rissmann.com\/fr\/concepts\/depot-service-logistique\/","title":{"rendered":"d\u00e9p\u00f4t &#038; service logistique"},"content":{"rendered":"[vc_row][vc_column][vc_single_image image=\u00a0\u00bb5114&Prime; img_size=\u00a0\u00bbfull\u00a0\u00bb alignment=\u00a0\u00bbcenter\u00a0\u00bb title=\u00a0\u00bbd\u00e9p\u00f4t &amp; service logistique\u00a0\u00bb][\/vc_column][\/vc_row][vc_row css=\u00a0\u00bb.vc_custom_1484147608868{margin-top: 50px !important;margin-right: 0px !important;margin-left: 0px !important;}\u00a0\u00bb][vc_column][vc_row_inner css=\u00a0\u00bb.vc_custom_1483013060204{padding-top: 30px !important;padding-right: 20px !important;padding-bottom: 30px !important;padding-left: 20px !important;background-color: #ffffff !important;}\u00a0\u00bb][vc_column_inner width=\u00a0\u00bb1\/2&Prime;][vc_column_text css_animation=\u00a0\u00bbright-to-left\u00a0\u00bb]\n<h4><strong>Une surface de stockage de plus de 10.000 m\u00b2 pour ses produits<\/strong><\/h4>\n<p>Notre centre logistique int\u00e9gr\u00e9 g\u00e8re sur une surface de plus de 10.000 m\u00b2 env. 5.000 emplacements de palettes dans un entrep\u00f4t \u00e0 haut rayonnage, directement sur le site de Nuremberg. Ainsi, RISSMANN est en mesure de mettre \u00e0 disposition et de livrer directement, \u00e0 court terme, les produits finis sur demande des succursales. D&rsquo;autres d\u00e9p\u00f4ts se trouvent en Hongrie et en Chine et chez nos partenaires de coop\u00e9ration.<br \/>\nNous prenons volontiers en charge la gestion de vos stocks de mat\u00e9riel d&#8217;emballage et nous vous livrons en fonction de vos besoins.[\/vc_column_text][\/vc_column_inner][vc_column_inner width=\u00a0\u00bb1\/2&Prime;][vc_images_carousel images=\u00a0\u00bb5314,5672,5315&Prime; img_size=\u00a0\u00bb530&#215;353&Prime;][\/vc_column_inner][\/vc_row_inner][\/vc_column][\/vc_row][vc_row css=\u00a0\u00bb.vc_custom_1484213470823{margin-top: 35px !important;margin-right: 0px !important;margin-bottom: 15px !important;margin-left: 0px !important;}\u00a0\u00bb][vc_column][vc_row_inner css=\u00a0\u00bb.vc_custom_1483013060204{padding-top: 30px !important;padding-right: 20px !important;padding-bottom: 30px !important;padding-left: 20px !important;background-color: #ffffff !important;}\u00a0\u00bb][vc_column_inner width=\u00a0\u00bb1\/2&Prime;][vc_images_carousel images=\u00a0\u00bb5964,5937,5936&Prime; img_size=\u00a0\u00bb530&#215;353&Prime;][\/vc_column_inner][vc_column_inner width=\u00a0\u00bb1\/2&Prime; css=\u00a0\u00bb.vc_custom_1484226396996{padding-left: 23px !important;}\u00a0\u00bb][vc_column_text css_animation=\u00a0\u00bbright-to-left\u00a0\u00bb]\n<h4><strong>Service logistique mondial<\/strong><\/h4>\n<p>Nous nous d\u00e9pla\u00e7ons pour vous : Utilisez notre service \u00ab\u00a0tout \u00e0 partir d&rsquo;une seule source\u00a0\u00bb et chargez-nous \u00e9galement de l&rsquo;assemblage complet (conditionnement \u00e0 fa\u00e7on \/ confection finale) et la gestion logistique jusqu&rsquo;au POS.<br \/>\nNous vous proposons une grande flexibilit\u00e9 pour le stockage et l&rsquo;approvisionnement \u2013 pour cette raison les demandes spontan\u00e9es \/\u2009saisonni\u00e8res de pointe \u00ab\u00a0just in time\u00a0\u00bb ne sont pas un probl\u00e8me pour nous.<br \/>\nVous vous occupez de votre produit \u2013 nous nous chargeons du reste.[\/vc_column_text][\/vc_column_inner][\/vc_row_inner][\/vc_column][\/vc_row]\n","protected":false},"excerpt":{"rendered":"<p>[vc_row][vc_column][vc_single_image image=\u00a0\u00bb5114&Prime; img_size=\u00a0\u00bbfull\u00a0\u00bb alignment=\u00a0\u00bbcenter\u00a0\u00bb title=\u00a0\u00bbd\u00e9p\u00f4t &amp; service logistique\u00a0\u00bb][\/vc_column][\/vc_row][vc_row css=\u00a0\u00bb.vc_custom_1484147608868{margin-top: 50px !important;margin-right: 0px !important;margin-left: 0px !important;}\u00a0\u00bb][vc_column][vc_row_inner css=\u00a0\u00bb.vc_custom_1483013060204{padding-top: 30px !important;padding-right: 20px !important;padding-bottom: 30px !important;padding-left: 20px !important;background-color: #ffffff !important;}\u00a0\u00bb][vc_column_inner width=\u00a0\u00bb1\/2&Prime;][vc_column_text css_animation=\u00a0\u00bbright-to-left\u00a0\u00bb] Une surface de stockage de plus de 10.000 m\u00b2 pour ses produits Notre centre logistique int\u00e9gr\u00e9 g\u00e8re sur une surface de plus de 10.000 m\u00b2 env. 5.000&#8230;<\/p>\n","protected":false},"author":1,"featured_media":0,"parent":10558,"menu_order":0,"comment_status":"closed","ping_status":"closed","template":"page-full.php","meta":[],"_links":{"self":[{"href":"https:\/\/rissmann.com\/fr\/wp-json\/wp\/v2\/pages\/10864"}],"collection":[{"href":"https:\/\/rissmann.com\/fr\/wp-json\/wp\/v2\/pages"}],"about":[{"href":"https:\/\/rissmann.com\/fr\/wp-json\/wp\/v2\/types\/page"}],"author":[{"embeddable":true,"href":"https:\/\/rissmann.com\/fr\/wp-json\/wp\/v2\/users\/1"}],"replies":[{"embeddable":true,"href":"https:\/\/rissmann.com\/fr\/wp-json\/wp\/v2\/comments?post=10864"}],"version-history":[{"count":0,"href":"https:\/\/rissmann.com\/fr\/wp-json\/wp\/v2\/pages\/10864\/revisions"}],"up":[{"embeddable":true,"href":"https:\/\/rissmann.com\/fr\/wp-json\/wp\/v2\/pages\/10558"}],"wp:attachment":[{"href":"https:\/\/rissmann.com\/fr\/wp-json\/wp\/v2\/media?parent=10864"}],"curies":[{"name":"wp","href":"https:\/\/api.w.org\/{rel}","templated":true}]}}