{"id":10855,"date":"2017-05-04T12:03:23","date_gmt":"2017-05-04T10:03:23","guid":{"rendered":"https:\/\/rissmann.com\/twistedbox\/"},"modified":"2017-05-19T10:07:34","modified_gmt":"2017-05-19T08:07:34","slug":"twistedbox","status":"publish","type":"page","link":"https:\/\/rissmann.com\/fr\/concepts\/cartonnages\/twistedbox\/","title":{"rendered":"TwistedBox"},"content":{"rendered":"[vc_row][vc_column][vc_single_image image=\u00a0\u00bb4744&Prime; img_size=\u00a0\u00bbfull\u00a0\u00bb alignment=\u00a0\u00bbcenter\u00a0\u00bb title=\u00a0\u00bbTwistedBox\u00a0\u00bb][\/vc_column][\/vc_row][vc_row css=\u00a0\u00bb.vc_custom_1484647001294{margin-top: 50px !important;margin-right: 0px !important;margin-bottom: 0px !important;margin-left: 0px !important;}\u00a0\u00bb][vc_column][vc_row_inner css=\u00a0\u00bb.vc_custom_1482965383778{padding-top: 30px !important;padding-right: 20px !important;padding-bottom: 30px !important;padding-left: 20px !important;background-color: #ffffff !important;}\u00a0\u00bb][vc_column_inner width=\u00a0\u00bb1\/3&Prime;][vc_column_text css_animation=\u00a0\u00bbleft-to-right\u00a0\u00bb css=\u00a0\u00bb.vc_custom_1484648259377{margin-bottom: 20px !important;}\u00a0\u00bb]\n<h4 id=\"toc_0\"><strong>TwistedBox<\/strong><\/h4>\n<p>La bo\u00eete cadeau \u00e9l\u00e9gante avec fermeture \u00e0 ruban de satin. Le coffret int\u00e9rieur est pliant ce qui permet une livraison \u00e0 plat.[\/vc_column_text][vc_toggle title=\u00a0\u00bbcomprising\u00a0\u00bb style=\u00a0\u00bbarrow\u00a0\u00bb size=\u00a0\u00bbsm\u00a0\u00bb css_animation=\u00a0\u00bbleft-to-right\u00a0\u00bb el_id=\u00a0\u00bb1479333630554-608df785-0f22&Prime;]\n<ul>\n<li>monobande \u00e0 trois pi\u00e8ces avec plaque de couvercle (requise)<\/li>\n<li>coffret compos\u00e9 de deux parties lat\u00e9rales et du twister (insert divis\u00e9, pliant)<\/li>\n<li>plaque de fond en option (afin de doubler l&rsquo;insert divis\u00e9)<\/li>\n<li>diff\u00e9rentes possibilit\u00e9s de fermeture (ruban de satin ou ruban de caoutchouc\/de cuir, aimants etc.)<\/li>\n<\/ul>\n[\/vc_toggle][vc_toggle title=\u00a0\u00bboptions\u00a0\u00bb style=\u00a0\u00bbarrow\u00a0\u00bb size=\u00a0\u00bbsm\u00a0\u00bb css_animation=\u00a0\u00bbleft-to-right\u00a0\u00bb el_id=\u00a0\u00bb1479333689481-e0e9f43d-cef9&Prime;]\n<ul>\n<li>fonction de pr\u00e9sentation (uniquement pour la monobande \u00e0 quatre pi\u00e8ces)<\/li>\n<li>ruban adh\u00e9sifs compl\u00e9mentaires pour la fixation du dossier<\/li>\n<li>en option avec fen\u00eatre de visite<\/li>\n<li>de nombreuses possibilit\u00e9s d&rsquo;impression et d&rsquo;ennoblissement (vernis UV, cello, estampes etc.)<\/li>\n<\/ul>\n[\/vc_toggle][vc_button title=\u00a0\u00bbvid\u00e9o du produit\u00a0\u00bb icon_fontawesome=\u00a0\u00bbfa fa-play-circle\u00a0\u00bb align=\u00a0\u00bbleft\u00a0\u00bb add_icon=\u00a0\u00bbtrue\u00a0\u00bb href=\u00a0\u00bbhttps:\/\/www.youtube.com\/watch?v=4WirAUwaiHo&amp;rel=0&Prime; el_class=\u00a0\u00bbvideo\u00a0\u00bb][\/vc_column_inner][vc_column_inner width=\u00a0\u00bb2\/3&Prime;][vc_images_carousel images=\u00a0\u00bb5452,5453&Prime; img_size=\u00a0\u00bb710&#215;473&Prime;][\/vc_column_inner][\/vc_row_inner][\/vc_column][\/vc_row][vc_row css=\u00a0\u00bb.vc_custom_1484648239967{margin-top: 35px !important;margin-right: 0px !important;margin-bottom: 15px !important;margin-left: 0px !important;}\u00a0\u00bb][vc_column][vc_row_inner css=\u00a0\u00bb.vc_custom_1482965393016{padding-top: 30px !important;padding-right: 20px !important;padding-bottom: 30px !important;padding-left: 20px !important;background-color: #ffffff !important;}\u00a0\u00bb][vc_column_inner width=\u00a0\u00bb2\/3&Prime;][vc_images_carousel images=\u00a0\u00bb4745,4746,4749&Prime; img_size=\u00a0\u00bb710&#215;473&Prime;][\/vc_column_inner][vc_column_inner width=\u00a0\u00bb1\/3&Prime;][vc_column_text css_animation=\u00a0\u00bbleft-to-right\u00a0\u00bb css=\u00a0\u00bb.vc_custom_1484648216085{margin-bottom: 20px !important;}\u00a0\u00bb]\n<h4 id=\"toc_1\"><strong>TwistedBox<\/strong><\/h4>\n<p>La bo\u00eete cadeau \u00e9l\u00e9gante avec fermeture \u00e0 ruban de satin. Le coffret int\u00e9rieur est pliant ce qui permet une livraison \u00e0 plat.[\/vc_column_text][vc_toggle title=\u00a0\u00bbcomprising\u00a0\u00bb style=\u00a0\u00bbarrow\u00a0\u00bb size=\u00a0\u00bbsm\u00a0\u00bb css_animation=\u00a0\u00bbleft-to-right\u00a0\u00bb el_id=\u00a0\u00bb1479334122980-5ea7abd4-6a4c\u00a0\u00bb]\n<ul>\n<li>monobande \u00e0 trois pi\u00e8ces avec plaque de couvercle (requise)<\/li>\n<li>coffret compos\u00e9 de deux parties lat\u00e9rales et du twister (insert divis\u00e9, pliant)<\/li>\n<li>plaque de fond en option (afin de doubler l&rsquo;insert divis\u00e9)<\/li>\n<li>diff\u00e9rentes possibilit\u00e9s de fermeture (ruban de satin ou ruban de caoutchouc\/de cuir, aimants etc.)<\/li>\n<\/ul>\n[\/vc_toggle][vc_toggle title=\u00a0\u00bboptions\u00a0\u00bb style=\u00a0\u00bbarrow\u00a0\u00bb size=\u00a0\u00bbsm\u00a0\u00bb css_animation=\u00a0\u00bbleft-to-right\u00a0\u00bb el_id=\u00a0\u00bb1483015922410-3e46a525-f263&Prime;]\n<ul>\n<li>fonction de pr\u00e9sentation (uniquement pour la monobande \u00e0 quatre pi\u00e8ces)<\/li>\n<li>ruban adh\u00e9sifs compl\u00e9mentaires pour la fixation du dossier<\/li>\n<li>en option avec fen\u00eatre de visite<\/li>\n<li>de nombreuses possibilit\u00e9s d&rsquo;impression et d&rsquo;ennoblissement (vernis UV, cello, estampes etc.)<\/li>\n<\/ul>\n[\/vc_toggle][\/vc_column_inner][\/vc_row_inner][\/vc_column][\/vc_row]\n","protected":false},"excerpt":{"rendered":"<p>[vc_row][vc_column][vc_single_image image=\u00a0\u00bb4744&Prime; img_size=\u00a0\u00bbfull\u00a0\u00bb alignment=\u00a0\u00bbcenter\u00a0\u00bb title=\u00a0\u00bbTwistedBox\u00a0\u00bb][\/vc_column][\/vc_row][vc_row css=\u00a0\u00bb.vc_custom_1484647001294{margin-top: 50px !important;margin-right: 0px !important;margin-bottom: 0px !important;margin-left: 0px !important;}\u00a0\u00bb][vc_column][vc_row_inner css=\u00a0\u00bb.vc_custom_1482965383778{padding-top: 30px !important;padding-right: 20px !important;padding-bottom: 30px !important;padding-left: 20px !important;background-color: #ffffff !important;}\u00a0\u00bb][vc_column_inner width=\u00a0\u00bb1\/3&Prime;][vc_column_text css_animation=\u00a0\u00bbleft-to-right\u00a0\u00bb css=\u00a0\u00bb.vc_custom_1484648259377{margin-bottom: 20px !important;}\u00a0\u00bb] TwistedBox La bo\u00eete cadeau \u00e9l\u00e9gante avec fermeture \u00e0 ruban de satin. Le coffret int\u00e9rieur est pliant ce qui permet une livraison \u00e0 plat.[\/vc_column_text][vc_toggle title=\u00a0\u00bbcomprising\u00a0\u00bb style=\u00a0\u00bbarrow\u00a0\u00bb&#8230;<\/p>\n","protected":false},"author":1,"featured_media":0,"parent":11354,"menu_order":0,"comment_status":"closed","ping_status":"closed","template":"page-full.php","meta":[],"_links":{"self":[{"href":"https:\/\/rissmann.com\/fr\/wp-json\/wp\/v2\/pages\/10855"}],"collection":[{"href":"https:\/\/rissmann.com\/fr\/wp-json\/wp\/v2\/pages"}],"about":[{"href":"https:\/\/rissmann.com\/fr\/wp-json\/wp\/v2\/types\/page"}],"author":[{"embeddable":true,"href":"https:\/\/rissmann.com\/fr\/wp-json\/wp\/v2\/users\/1"}],"replies":[{"embeddable":true,"href":"https:\/\/rissmann.com\/fr\/wp-json\/wp\/v2\/comments?post=10855"}],"version-history":[{"count":0,"href":"https:\/\/rissmann.com\/fr\/wp-json\/wp\/v2\/pages\/10855\/revisions"}],"up":[{"embeddable":true,"href":"https:\/\/rissmann.com\/fr\/wp-json\/wp\/v2\/pages\/11354"}],"wp:attachment":[{"href":"https:\/\/rissmann.com\/fr\/wp-json\/wp\/v2\/media?parent=10855"}],"curies":[{"name":"wp","href":"https:\/\/api.w.org\/{rel}","templated":true}]}}