{"id":10810,"date":"2017-05-04T10:56:42","date_gmt":"2017-05-04T08:56:42","guid":{"rendered":"https:\/\/rissmann.com\/specials\/"},"modified":"2017-05-19T10:09:35","modified_gmt":"2017-05-19T08:09:35","slug":"specials","status":"publish","type":"page","link":"https:\/\/rissmann.com\/fr\/concepts\/cartonnages\/specials\/","title":{"rendered":"specials"},"content":{"rendered":"[vc_row css=\u00a0\u00bb.vc_custom_1484583399042{margin-bottom: 0px !important;padding-top: 0px !important;padding-bottom: 0px !important;}\u00a0\u00bb][vc_column][vc_single_image image=\u00a0\u00bb3444&Prime; img_size=\u00a0\u00bbfull\u00a0\u00bb alignment=\u00a0\u00bbcenter\u00a0\u00bb title=\u00a0\u00bbspecials\u00a0\u00bb][\/vc_column][\/vc_row][vc_row css=\u00a0\u00bb.vc_custom_1484583421576{margin-top: 50px !important;margin-right: 0px !important;margin-bottom: 0px !important;margin-left: 0px !important;}\u00a0\u00bb][vc_column][vc_row_inner css=\u00a0\u00bb.vc_custom_1482965383778{padding-top: 30px !important;padding-right: 20px !important;padding-bottom: 30px !important;padding-left: 20px !important;background-color: #ffffff !important;}\u00a0\u00bb][vc_column_inner width=\u00a0\u00bb1\/3&Prime;][vc_column_text css_animation=\u00a0\u00bbleft-to-right\u00a0\u00bb css=\u00a0\u00bb.vc_custom_1494950149252{margin-bottom: 20px !important;}\u00a0\u00bb]\n<h4 id=\"toc_0\"><strong>Conditionnement pliant <\/strong>avec un avantage suppl\u00e9mentaire<\/h4>\n<p>Cette bo\u00eete pliante, compos\u00e9e d&rsquo;une pi\u00e8ce perfor\u00e9e, peut \u00eatre ouverte via une languette dans la partie inf\u00e9rieure et ainsi, la partie int\u00e9rieure de l&#8217;emballage peut \u00eatre retir\u00e9e &#8211; cela r\u00e9v\u00e8le un rafra\u00eechisseur pliant de champagne dans lequel se trouve d\u00e9j\u00e0 la bouteille de champagne. &#8230;Sant\u00e9![\/vc_column_text][vc_toggle title=\u00a0\u00bbcomposants\u00a0\u00bb style=\u00a0\u00bbarrow\u00a0\u00bb size=\u00a0\u00bbsm\u00a0\u00bb css_animation=\u00a0\u00bbleft-to-right\u00a0\u00bb el_id=\u00a0\u00bb1479333630554-608df785-0f22&Prime;]\n<ul>\n<li>pi\u00e8ce perfor\u00e9e en carton (env. 300-400g\/m2) avec languette<\/li>\n<li>carton int\u00e9rieur pliant et r\u00e9sistant \u00e0 l&rsquo;eau en tant que rafra\u00eechisseur de champagne<\/li>\n<li>cadre fin \u00e0 fiche pour fixer le rafra\u00eechisseur (remplissage plus facile)<\/li>\n<\/ul>\n[\/vc_toggle][vc_toggle title=\u00a0\u00bboptions\u00a0\u00bb style=\u00a0\u00bbarrow\u00a0\u00bb size=\u00a0\u00bbsm\u00a0\u00bb css_animation=\u00a0\u00bbleft-to-right\u00a0\u00bb el_id=\u00a0\u00bb1479333689481-e0e9f43d-cef9&Prime;]\n<ul>\n<li>de nombreuses possibilit\u00e9s d&rsquo;impression et d&rsquo;ennoblissement (vernis UV, cello, estampes, etc.)<\/li>\n<\/ul>\n[\/vc_toggle][vc_button title=\u00a0\u00bbvid\u00e9o du produit\u00a0\u00bb icon_fontawesome=\u00a0\u00bbfa fa-play-circle\u00a0\u00bb align=\u00a0\u00bbleft\u00a0\u00bb add_icon=\u00a0\u00bbtrue\u00a0\u00bb href=\u00a0\u00bbhttps:\/\/www.youtube.com\/watch?v=UvNZuPUcDlo&amp;rel=0&Prime; el_class=\u00a0\u00bbvideo\u00a0\u00bb][\/vc_column_inner][vc_column_inner width=\u00a0\u00bb2\/3&Prime;][vc_images_carousel images=\u00a0\u00bb6558,6559&Prime; img_size=\u00a0\u00bb710&#215;473&Prime;][\/vc_column_inner][\/vc_row_inner][\/vc_column][\/vc_row][vc_row css=\u00a0\u00bb.vc_custom_1484583434874{margin-top: 35px !important;margin-right: 0px !important;margin-bottom: 0px !important;margin-left: 0px !important;}\u00a0\u00bb][vc_column][vc_row_inner css=\u00a0\u00bb.vc_custom_1482965383778{padding-top: 30px !important;padding-right: 20px !important;padding-bottom: 30px !important;padding-left: 20px !important;background-color: #ffffff !important;}\u00a0\u00bb][vc_column_inner width=\u00a0\u00bb2\/3&Prime;][vc_images_carousel images=\u00a0\u00bb4689&Prime; img_size=\u00a0\u00bb710&#215;473&Prime;][\/vc_column_inner][vc_column_inner width=\u00a0\u00bb1\/3&Prime;][vc_column_text css_animation=\u00a0\u00bbleft-to-right\u00a0\u00bb css=\u00a0\u00bb.vc_custom_1494950163858{margin-bottom: 20px !important;}\u00a0\u00bb]\n<h4 id=\"toc_0\"><strong>\u00c9tui <\/strong>avec carte pliante<\/h4>\n<p>Le petit \u00e9tui cadeau avec carte pop-up coll\u00e9e est un produit tr\u00e8s original &#8211; extravagant et fonctionnel.[\/vc_column_text][vc_toggle title=\u00a0\u00bbcomposants\u00a0\u00bb style=\u00a0\u00bbarrow\u00a0\u00bb size=\u00a0\u00bbsm\u00a0\u00bb css_animation=\u00a0\u00bbleft-to-right\u00a0\u00bb el_id=\u00a0\u00bb1484105032519-6b709346-e2bc\u00a0\u00bb]\n<ul>\n<li>bo\u00eete ext\u00e9rieure = tiroir<\/li>\n<li>bo\u00eete int\u00e9rieur = coffret<\/li>\n<li>aide d&rsquo;ouverture = cliquet, par e. bande\u2009\/\u2009cordon \/\u2009bande de cuir \/ trou de poign\u00e9e \/ bande de m\u00e9tal etc.<\/li>\n<li>carte pliante en carton du, avec insert pop-up personnalis\u00e9<\/li>\n<\/ul>\n[\/vc_toggle][vc_toggle title=\u00a0\u00bboptions\u00a0\u00bb style=\u00a0\u00bbarrow\u00a0\u00bb size=\u00a0\u00bbsm\u00a0\u00bb css_animation=\u00a0\u00bbleft-to-right\u00a0\u00bb el_id=\u00a0\u00bb1484105032574-4bcf63d3-1cb1&Prime;]\n<ul>\n<li>technologie de perforation avec bords en biais<\/li>\n<li>technologie groove avec bords \u00e0 90\u00b0<\/li>\n<li>inlay individuel possible<\/li>\n<li>de nombreuses possibilit\u00e9s d&rsquo;impression et d&rsquo;ennoblissement (vernis UV, cello, estampes, etc.)<\/li>\n<\/ul>\n[\/vc_toggle][\/vc_column_inner][\/vc_row_inner][\/vc_column][\/vc_row][vc_row css=\u00a0\u00bb.vc_custom_1484583448975{margin-top: 35px !important;margin-right: 0px !important;margin-bottom: 0px !important;margin-left: 0px !important;}\u00a0\u00bb][vc_column][vc_row_inner css=\u00a0\u00bb.vc_custom_1482965383778{padding-top: 30px !important;padding-right: 20px !important;padding-bottom: 30px !important;padding-left: 20px !important;background-color: #ffffff !important;}\u00a0\u00bb][vc_column_inner width=\u00a0\u00bb1\/3&Prime;][vc_column_text css_animation=\u00a0\u00bbleft-to-right\u00a0\u00bb css=\u00a0\u00bb.vc_custom_1494950177741{margin-bottom: 20px !important;}\u00a0\u00bb]\n<h4 id=\"toc_0\"><strong>Cartonnage \u00e0 couvercle pliant <\/strong>avec divers inserts<\/h4>\n<p>Le cartonnage \u00e0 couvercle pliant avec divers inserts, dans le coffret et dans le couvercle, est tr\u00e8s extravagant et fonctionnel.[\/vc_column_text][vc_toggle title=\u00a0\u00bbcomposants\u00a0\u00bb style=\u00a0\u00bbarrow\u00a0\u00bb size=\u00a0\u00bbsm\u00a0\u00bb css_animation=\u00a0\u00bbleft-to-right\u00a0\u00bb el_id=\u00a0\u00bb1484105028385-b07dbafe-eaad\u00a0\u00bb]\n<ul>\n<li>coffret pliant (en carton ondul\u00e9 fin)<\/li>\n<li>couvercle pliant en cartonnage dur avec aimants<\/li>\n<li>inserts avec bande en caoutchouc dans le couvercle<\/li>\n<li>inserts avec perforations dans le coffret<\/li>\n<li>anse large avec sangle de transport<\/li>\n<\/ul>\n[\/vc_toggle][vc_toggle title=\u00a0\u00bboptions\u00a0\u00bb style=\u00a0\u00bbarrow\u00a0\u00bb size=\u00a0\u00bbsm\u00a0\u00bb css_animation=\u00a0\u00bbleft-to-right\u00a0\u00bb el_id=\u00a0\u00bb1484105028424-e6934711-e219&Prime;]\n<ul>\n<li>de nombreuses possibilit\u00e9s d&rsquo;impression et d&rsquo;ennoblissement (vernis UV, cello, estampes, etc.)<\/li>\n<\/ul>\n[\/vc_toggle][\/vc_column_inner][vc_column_inner width=\u00a0\u00bb2\/3&Prime;][vc_images_carousel images=\u00a0\u00bb4694,4692&Prime; img_size=\u00a0\u00bb710&#215;473&Prime;][\/vc_column_inner][\/vc_row_inner][\/vc_column][\/vc_row][vc_row css=\u00a0\u00bb.vc_custom_1484583470666{margin-top: 35px !important;margin-right: 0px !important;margin-bottom: 0px !important;margin-left: 0px !important;}\u00a0\u00bb][vc_column][vc_row_inner css=\u00a0\u00bb.vc_custom_1482965383778{padding-top: 30px !important;padding-right: 20px !important;padding-bottom: 30px !important;padding-left: 20px !important;background-color: #ffffff !important;}\u00a0\u00bb][vc_column_inner width=\u00a0\u00bb2\/3&Prime;][vc_images_carousel images=\u00a0\u00bb4695&Prime; img_size=\u00a0\u00bb710&#215;473&Prime;][\/vc_column_inner][vc_column_inner width=\u00a0\u00bb1\/3&Prime;][vc_column_text css_animation=\u00a0\u00bbleft-to-right\u00a0\u00bb css=\u00a0\u00bb.vc_custom_1494950204103{margin-bottom: 20px !important;}\u00a0\u00bb]\n<h4 id=\"toc_0\"><strong>Cartonnage \u00e0 col <\/strong>avec inlay sp\u00e9cial<\/h4>\n<p>Le cartonnage \u00e0 col avec inlays sp\u00e9ciaux est tr\u00e8s extravagant et marquant.[\/vc_column_text][vc_toggle title=\u00a0\u00bbcomposants\u00a0\u00bb style=\u00a0\u00bbarrow\u00a0\u00bb size=\u00a0\u00bbsm\u00a0\u00bb css_animation=\u00a0\u00bbleft-to-right\u00a0\u00bb el_id=\u00a0\u00bb1484105067577-ea668bce-3f41&Prime;]\n<ul>\n<li>coffret bas<\/li>\n<li>inlays empil\u00e9s (plut\u00f4t que le coffret int\u00e9rieur) avec encoches<\/li>\n<li>grand couvercle \u00e0 rabat avec encoche et plaque int\u00e9rieure en tant que logement pour l&rsquo;anse<\/li>\n<li>ermeture avec bouton en m\u00e9tal et large ruban en plastique \u00e0 accrocher<\/li>\n<li>large anse en plastique<\/li>\n<\/ul>\n[\/vc_toggle][vc_toggle title=\u00a0\u00bboptions\u00a0\u00bb style=\u00a0\u00bbarrow\u00a0\u00bb size=\u00a0\u00bbsm\u00a0\u00bb css_animation=\u00a0\u00bbleft-to-right\u00a0\u00bb el_id=\u00a0\u00bb1484105067640-515c5df4-439f\u00a0\u00bb]\n<ul>\n<li>de nombreuses possibilit\u00e9s d&rsquo;impression et d&rsquo;ennoblissement (vernis UV, cello, estampes, etc.)<\/li>\n<\/ul>\n[\/vc_toggle][\/vc_column_inner][\/vc_row_inner][\/vc_column][\/vc_row][vc_row css=\u00a0\u00bb.vc_custom_1484583481780{margin-top: 35px !important;margin-right: 0px !important;margin-bottom: 0px !important;margin-left: 0px !important;}\u00a0\u00bb][vc_column][vc_row_inner css=\u00a0\u00bb.vc_custom_1482965383778{padding-top: 30px !important;padding-right: 20px !important;padding-bottom: 30px !important;padding-left: 20px !important;background-color: #ffffff !important;}\u00a0\u00bb][vc_column_inner width=\u00a0\u00bb1\/3&Prime;][vc_column_text css_animation=\u00a0\u00bbleft-to-right\u00a0\u00bb css=\u00a0\u00bb.vc_custom_1484583566638{margin-bottom: 20px !important;}\u00a0\u00bb]\n<h4 id=\"toc_0\"><strong>Bo\u00eete pliante octogonale<\/strong><\/h4>\n<p>Cette bo\u00eete pliante tr\u00e8s stable et compacte est plus qu&rsquo;extravagante &#8211; par sa forme octogonale, elle sort des sentiers battus. Le rabat soul\u00e8ve automatiquement le contenu \u00e0 l&rsquo;ouverture et le pr\u00e9sente de mani\u00e8re optimale \u00e0 l&rsquo;utilisateur.[\/vc_column_text][vc_toggle title=\u00a0\u00bbcomposants\u00a0\u00bb style=\u00a0\u00bbarrow\u00a0\u00bb size=\u00a0\u00bbsm\u00a0\u00bb css_animation=\u00a0\u00bbleft-to-right\u00a0\u00bb el_id=\u00a0\u00bb1484105175918-e9b4829c-39b2&Prime;]\n<ul>\n<li>bo\u00eete \u00e0 double paroi, octogonale, avec rabat avant<\/li>\n<li>coffret int\u00e9rieur amovible<\/li>\n<li>cliquets int\u00e9rieur et ext\u00e9rieur<\/li>\n<li>fermeture aimant\u00e9e forte<\/li>\n<li>\u00e9l\u00e9ments d\u00e9coratifs<\/li>\n<\/ul>\n[\/vc_toggle][vc_toggle title=\u00a0\u00bboptions\u00a0\u00bb style=\u00a0\u00bbarrow\u00a0\u00bb size=\u00a0\u00bbsm\u00a0\u00bb css_animation=\u00a0\u00bbleft-to-right\u00a0\u00bb el_id=\u00a0\u00bb1484105176007-8ff0daa4-4493&Prime;]\n<ul>\n<li>plateformes individuelles \/ inlays int\u00e9grables<\/li>\n<li>divers cliquets \/ aides d&rsquo;ouverture<\/li>\n<li>de nombreuses possibilit\u00e9s d&rsquo;impression et d&rsquo;ennoblissement (vernis UV, cello, estampes, etc.)<\/li>\n<\/ul>\n[\/vc_toggle][\/vc_column_inner][vc_column_inner width=\u00a0\u00bb2\/3&Prime;][vc_images_carousel images=\u00a0\u00bb4684,4683&Prime; img_size=\u00a0\u00bb710&#215;473&Prime;][\/vc_column_inner][\/vc_row_inner][\/vc_column][\/vc_row][vc_row css=\u00a0\u00bb.vc_custom_1484583493467{margin-top: 35px !important;margin-right: 0px !important;margin-left: 0px !important;}\u00a0\u00bb][vc_column][vc_row_inner css=\u00a0\u00bb.vc_custom_1482965383778{padding-top: 30px !important;padding-right: 20px !important;padding-bottom: 30px !important;padding-left: 20px !important;background-color: #ffffff !important;}\u00a0\u00bb][vc_column_inner width=\u00a0\u00bb2\/3&Prime;][vc_images_carousel images=\u00a0\u00bb4686,4688,4687&Prime; img_size=\u00a0\u00bb710&#215;473&Prime;][\/vc_column_inner][vc_column_inner width=\u00a0\u00bb1\/3&Prime;][vc_column_text css_animation=\u00a0\u00bbleft-to-right\u00a0\u00bb css=\u00a0\u00bb.vc_custom_1494950221483{margin-bottom: 20px !important;}\u00a0\u00bb]\n<h4 id=\"toc_0\"><strong>Tiroir <\/strong>et<strong> bo\u00eete pliante <\/strong>en bois<\/h4>\n<p>Ces emballages en bois ou recouvert de cuir tr\u00e8s fin sont tr\u00e8s raffin\u00e9s et \u00e9l\u00e9gants.[\/vc_column_text][vc_toggle title=\u00a0\u00bbcomposants\u00a0\u00bb style=\u00a0\u00bbarrow\u00a0\u00bb size=\u00a0\u00bbsm\u00a0\u00bb css_animation=\u00a0\u00bbleft-to-right\u00a0\u00bb el_id=\u00a0\u00bb1484105174297-5084e462-9688&Prime;]\n<ul>\n<li>\u00e9tui avec coffret int\u00e9rieur en bois et bande int\u00e9rieure en cuir<\/li>\n<li>divers inserts \/ inlays, par ex. avec rev\u00eatement velours<\/li>\n<li>poign\u00e9e en m\u00e9tal en tant qu&rsquo;aide d&rsquo;ouverture<\/li>\n<li>bo\u00eete pliante en bois avec charni\u00e8res en m\u00e9tal et inlay velours<\/li>\n<\/ul>\n[\/vc_toggle][vc_toggle title=\u00a0\u00bboptions\u00a0\u00bb style=\u00a0\u00bbarrow\u00a0\u00bb size=\u00a0\u00bbsm\u00a0\u00bb css_animation=\u00a0\u00bbleft-to-right\u00a0\u00bb el_id=\u00a0\u00bb1484105174371-b8706281-1115&Prime;]\n<ul>\n<li>pestampes, impression int\u00e9rieure, ennoblissement en bois possibles<\/li>\n<\/ul>\n[\/vc_toggle][\/vc_column_inner][\/vc_row_inner][\/vc_column][\/vc_row][vc_row css=\u00a0\u00bb.vc_custom_1484583505331{margin-top: 35px !important;margin-right: 0px !important;margin-left: 0px !important;}\u00a0\u00bb][vc_column][vc_row_inner css=\u00a0\u00bb.vc_custom_1482965383778{padding-top: 30px !important;padding-right: 20px !important;padding-bottom: 30px !important;padding-left: 20px !important;background-color: #ffffff !important;}\u00a0\u00bb][vc_column_inner width=\u00a0\u00bb1\/3&Prime;][vc_column_text css_animation=\u00a0\u00bbleft-to-right\u00a0\u00bb css=\u00a0\u00bb.vc_custom_1494950237345{margin-bottom: 20px !important;}\u00a0\u00bb]\n<h4 id=\"toc_0\">Double<strong> cartonnage \u00e0 col <\/strong>avec coffret int\u00e9rieur<\/h4>\n<p>Ce cartonnage sp\u00e9cial peut \u00eatre tir\u00e9 \/ pouss\u00e9 dans les deux directions afin de pr\u00e9senter son contenu &#8211; un mode d&rsquo;ouverture extravagant avec un caract\u00e8re parfait pour la pr\u00e9sentation.[\/vc_column_text][vc_toggle title=\u00a0\u00bbcomposants\u00a0\u00bb style=\u00a0\u00bbarrow\u00a0\u00bb size=\u00a0\u00bbsm\u00a0\u00bb css_animation=\u00a0\u00bbleft-to-right\u00a0\u00bb el_id=\u00a0\u00bb1484105172159-e85b3c53-bdba\u00a0\u00bb]\n<ul>\n<li>double coffret ext\u00e9rieur pour les \u00e9l\u00e9ments coulissants<\/li>\n<li>double coffret int\u00e9rieur (=col) pour les \u00e9l\u00e9ments coulissants<\/li>\n<li>coffret int\u00e9rieur pour le produit<\/li>\n<li>plateforme en haut et en bas<\/li>\n<li>en option, autres \u00e9l\u00e9ments de d\u00e9coration<\/li>\n<li>en option cliquets<\/li>\n<\/ul>\n[\/vc_toggle][vc_toggle title=\u00a0\u00bboptions\u00a0\u00bb style=\u00a0\u00bbarrow\u00a0\u00bb size=\u00a0\u00bbsm\u00a0\u00bb css_animation=\u00a0\u00bbleft-to-right\u00a0\u00bb el_id=\u00a0\u00bb1484105172228-f4323481-3b33&Prime;]\n<ul>\n<li>plateformes individuelles \/ inlays int\u00e9grables<\/li>\n<li>cliquets \/ aides d&rsquo;ouverture<\/li>\n<li>de nombreuses possibilit\u00e9s d&rsquo;impression et d&rsquo;ennoblissement (vernis UV, cello, estampes, etc.)<\/li>\n<\/ul>\n[\/vc_toggle][\/vc_column_inner][vc_column_inner width=\u00a0\u00bb2\/3&Prime;][vc_images_carousel images=\u00a0\u00bb4679,4681,4680&Prime; img_size=\u00a0\u00bb710&#215;473&Prime;][\/vc_column_inner][\/vc_row_inner][\/vc_column][\/vc_row][vc_row css=\u00a0\u00bb.vc_custom_1484583516335{margin-top: 35px !important;margin-right: 0px !important;margin-bottom: 15px !important;margin-left: 0px !important;}\u00a0\u00bb][vc_column][vc_row_inner css=\u00a0\u00bb.vc_custom_1482965383778{padding-top: 30px !important;padding-right: 20px !important;padding-bottom: 30px !important;padding-left: 20px !important;background-color: #ffffff !important;}\u00a0\u00bb][vc_column_inner width=\u00a0\u00bb2\/3&Prime;][vc_images_carousel images=\u00a0\u00bb4690,6560&Prime; img_size=\u00a0\u00bb710&#215;473&Prime;][\/vc_column_inner][vc_column_inner width=\u00a0\u00bb1\/3&Prime;][vc_column_text css_animation=\u00a0\u00bbleft-to-right\u00a0\u00bb css=\u00a0\u00bb.vc_custom_1494950253893{margin-bottom: 20px !important;}\u00a0\u00bb]\n<h4 id=\"toc_0\">La<strong> s\u00e9rie fluo <\/strong>de RISSMANN<\/h4>\n<p>Voyants et dynamiques &#8211; que vous souhaitiez une BookBox avec coffret int\u00e9rieur fluo, divers tiroirs ou m\u00eame un coffret en forme de bouton&#8230;laissez libre cours \u00e0 vos id\u00e9es![\/vc_column_text][vc_toggle title=\u00a0\u00bbcomposants\u00a0\u00bb style=\u00a0\u00bbarrow\u00a0\u00bb size=\u00a0\u00bbsm\u00a0\u00bb css_animation=\u00a0\u00bbleft-to-right\u00a0\u00bb el_id=\u00a0\u00bb1484105170267-4193f7f3-1ba0&Prime;]\n<ul>\n<li>combinaisons de mati\u00e8res contrast\u00e9es<\/li>\n<li>coffrets int\u00e9rieurs pliants<\/li>\n<li>fermetures en mati\u00e8res naturelles, par ex. bandes de cuir, courroie en plastique ou mati\u00e8re tiss\u00e9e<\/li>\n<\/ul>\n[\/vc_toggle][vc_toggle title=\u00a0\u00bboptions\u00a0\u00bb style=\u00a0\u00bbarrow\u00a0\u00bb size=\u00a0\u00bbsm\u00a0\u00bb css_animation=\u00a0\u00bbleft-to-right\u00a0\u00bb el_id=\u00a0\u00bb1484105170336-4b8911e4-5f28&Prime;]\n<ul>\n<li>de nombreuses possibilit\u00e9s d&rsquo;impression et d&rsquo;ennoblissement (vernis UV, cello, estampes, etc.)<\/li>\n<\/ul>\n[\/vc_toggle][\/vc_column_inner][\/vc_row_inner][\/vc_column][\/vc_row]\n","protected":false},"excerpt":{"rendered":"<p>[vc_row css=\u00a0\u00bb.vc_custom_1484583399042{margin-bottom: 0px !important;padding-top: 0px !important;padding-bottom: 0px !important;}\u00a0\u00bb][vc_column][vc_single_image image=\u00a0\u00bb3444&Prime; img_size=\u00a0\u00bbfull\u00a0\u00bb alignment=\u00a0\u00bbcenter\u00a0\u00bb title=\u00a0\u00bbspecials\u00a0\u00bb][\/vc_column][\/vc_row][vc_row css=\u00a0\u00bb.vc_custom_1484583421576{margin-top: 50px !important;margin-right: 0px !important;margin-bottom: 0px !important;margin-left: 0px !important;}\u00a0\u00bb][vc_column][vc_row_inner css=\u00a0\u00bb.vc_custom_1482965383778{padding-top: 30px !important;padding-right: 20px !important;padding-bottom: 30px !important;padding-left: 20px !important;background-color: #ffffff !important;}\u00a0\u00bb][vc_column_inner width=\u00a0\u00bb1\/3&Prime;][vc_column_text css_animation=\u00a0\u00bbleft-to-right\u00a0\u00bb css=\u00a0\u00bb.vc_custom_1494950149252{margin-bottom: 20px !important;}\u00a0\u00bb] Conditionnement pliant avec un avantage suppl\u00e9mentaire Cette bo\u00eete pliante, compos\u00e9e d&rsquo;une pi\u00e8ce perfor\u00e9e, peut \u00eatre ouverte via une&#8230;<\/p>\n","protected":false},"author":1,"featured_media":0,"parent":11354,"menu_order":0,"comment_status":"closed","ping_status":"closed","template":"page-full.php","meta":[],"_links":{"self":[{"href":"https:\/\/rissmann.com\/fr\/wp-json\/wp\/v2\/pages\/10810"}],"collection":[{"href":"https:\/\/rissmann.com\/fr\/wp-json\/wp\/v2\/pages"}],"about":[{"href":"https:\/\/rissmann.com\/fr\/wp-json\/wp\/v2\/types\/page"}],"author":[{"embeddable":true,"href":"https:\/\/rissmann.com\/fr\/wp-json\/wp\/v2\/users\/1"}],"replies":[{"embeddable":true,"href":"https:\/\/rissmann.com\/fr\/wp-json\/wp\/v2\/comments?post=10810"}],"version-history":[{"count":0,"href":"https:\/\/rissmann.com\/fr\/wp-json\/wp\/v2\/pages\/10810\/revisions"}],"up":[{"embeddable":true,"href":"https:\/\/rissmann.com\/fr\/wp-json\/wp\/v2\/pages\/11354"}],"wp:attachment":[{"href":"https:\/\/rissmann.com\/fr\/wp-json\/wp\/v2\/media?parent=10810"}],"curies":[{"name":"wp","href":"https:\/\/api.w.org\/{rel}","templated":true}]}}