{"id":10767,"date":"2017-05-04T09:53:35","date_gmt":"2017-05-04T07:53:35","guid":{"rendered":"https:\/\/rissmann.com\/boite-ronde\/"},"modified":"2017-05-16T17:49:43","modified_gmt":"2017-05-16T15:49:43","slug":"boite-ronde","status":"publish","type":"page","link":"https:\/\/rissmann.com\/fr\/concepts\/cartonnages\/boite-ronde\/","title":{"rendered":"bo\u00eete ronde"},"content":{"rendered":"[vc_row css=\u00a0\u00bb.vc_custom_1484582045360{margin-bottom: 0px !important;padding-top: 0px !important;padding-bottom: 0px !important;}\u00a0\u00bb][vc_column][vc_single_image image=\u00a0\u00bb3442&Prime; img_size=\u00a0\u00bbfull\u00a0\u00bb alignment=\u00a0\u00bbcenter\u00a0\u00bb title=\u00a0\u00bbbo\u00eete ronde\u00a0\u00bb][\/vc_column][\/vc_row][vc_row css=\u00a0\u00bb.vc_custom_1494949779292{margin-top: 50px !important;margin-right: 0px !important;margin-bottom: 15px !important;margin-left: 0px !important;}\u00a0\u00bb][vc_column][vc_row_inner css=\u00a0\u00bb.vc_custom_1482965383778{padding-top: 30px !important;padding-right: 20px !important;padding-bottom: 30px !important;padding-left: 20px !important;background-color: #ffffff !important;}\u00a0\u00bb][vc_column_inner width=\u00a0\u00bb1\/3&Prime;][vc_column_text css_animation=\u00a0\u00bbleft-to-right\u00a0\u00bb css=\u00a0\u00bb.vc_custom_1494949625879{margin-bottom: 20px !important;}\u00a0\u00bb]\n<h4 id=\"toc_0\"><strong>Bo\u00eete ronde<\/strong><\/h4>\n<p>Bien \u00e9videmment, nous pouvons \u00e9galement fabriquer des bo\u00eetes rondes dans de nombreuses variantes, pare x. en tant que cartonnage \u00e0 couvercle \u00e0 rabat ou cartonnage \u00e0 col.[\/vc_column_text][vc_toggle title=\u00a0\u00bbcomprising\u00a0\u00bb style=\u00a0\u00bbarrow\u00a0\u00bb size=\u00a0\u00bbsm\u00a0\u00bb css_animation=\u00a0\u00bbleft-to-right\u00a0\u00bb el_id=\u00a0\u00bb1479333630554-608df785-0f22&Prime;]\n<ul>\n<li>fond<\/li>\n<li>couvercle \u00e0 rabat<\/li>\n<\/ul>\n[\/vc_toggle][vc_toggle title=\u00a0\u00bboptions\u00a0\u00bb style=\u00a0\u00bbarrow\u00a0\u00bb size=\u00a0\u00bbsm\u00a0\u00bb css_animation=\u00a0\u00bbleft-to-right\u00a0\u00bb el_id=\u00a0\u00bb1479333689481-e0e9f43d-cef9&Prime;]\n<ul>\n<li>en option second fond \u00e0 l&rsquo;int\u00e9rieur (ans la variante de cartonnage \u00e0 col)<\/li>\n<li>fen\u00eatre de visite possible dans le couvercle<\/li>\n<li>inlay individuel int\u00e9grable<\/li>\n<li>de nombreuses possibilit\u00e9s d&rsquo;impression et d&rsquo;ennoblissement (vernis UV, cello, estampes, etc.)<\/li>\n<\/ul>\n[\/vc_toggle][\/vc_column_inner][vc_column_inner width=\u00a0\u00bb2\/3&Prime;][vc_images_carousel images=\u00a0\u00bb4658,4659&Prime; img_size=\u00a0\u00bb710&#215;473&Prime;][\/vc_column_inner][\/vc_row_inner][\/vc_column][\/vc_row]\n","protected":false},"excerpt":{"rendered":"<p>[vc_row css=\u00a0\u00bb.vc_custom_1484582045360{margin-bottom: 0px !important;padding-top: 0px !important;padding-bottom: 0px !important;}\u00a0\u00bb][vc_column][vc_single_image image=\u00a0\u00bb3442&Prime; img_size=\u00a0\u00bbfull\u00a0\u00bb alignment=\u00a0\u00bbcenter\u00a0\u00bb title=\u00a0\u00bbbo\u00eete ronde\u00a0\u00bb][\/vc_column][\/vc_row][vc_row css=\u00a0\u00bb.vc_custom_1494949779292{margin-top: 50px !important;margin-right: 0px !important;margin-bottom: 15px !important;margin-left: 0px !important;}\u00a0\u00bb][vc_column][vc_row_inner css=\u00a0\u00bb.vc_custom_1482965383778{padding-top: 30px !important;padding-right: 20px !important;padding-bottom: 30px !important;padding-left: 20px !important;background-color: #ffffff !important;}\u00a0\u00bb][vc_column_inner width=\u00a0\u00bb1\/3&Prime;][vc_column_text css_animation=\u00a0\u00bbleft-to-right\u00a0\u00bb css=\u00a0\u00bb.vc_custom_1494949625879{margin-bottom: 20px !important;}\u00a0\u00bb] Bo\u00eete ronde Bien \u00e9videmment, nous pouvons \u00e9galement fabriquer des bo\u00eetes rondes dans de nombreuses variantes, pare x&#8230;.<\/p>\n","protected":false},"author":1,"featured_media":0,"parent":11354,"menu_order":0,"comment_status":"closed","ping_status":"closed","template":"page-full.php","meta":[],"_links":{"self":[{"href":"https:\/\/rissmann.com\/fr\/wp-json\/wp\/v2\/pages\/10767"}],"collection":[{"href":"https:\/\/rissmann.com\/fr\/wp-json\/wp\/v2\/pages"}],"about":[{"href":"https:\/\/rissmann.com\/fr\/wp-json\/wp\/v2\/types\/page"}],"author":[{"embeddable":true,"href":"https:\/\/rissmann.com\/fr\/wp-json\/wp\/v2\/users\/1"}],"replies":[{"embeddable":true,"href":"https:\/\/rissmann.com\/fr\/wp-json\/wp\/v2\/comments?post=10767"}],"version-history":[{"count":0,"href":"https:\/\/rissmann.com\/fr\/wp-json\/wp\/v2\/pages\/10767\/revisions"}],"up":[{"embeddable":true,"href":"https:\/\/rissmann.com\/fr\/wp-json\/wp\/v2\/pages\/11354"}],"wp:attachment":[{"href":"https:\/\/rissmann.com\/fr\/wp-json\/wp\/v2\/media?parent=10767"}],"curies":[{"name":"wp","href":"https:\/\/api.w.org\/{rel}","templated":true}]}}