{"id":10760,"date":"2017-05-04T09:51:07","date_gmt":"2017-05-04T07:51:07","guid":{"rendered":"https:\/\/rissmann.com\/livre-a-anneau\/"},"modified":"2017-05-04T09:51:08","modified_gmt":"2017-05-04T07:51:08","slug":"livre-a-anneau","status":"publish","type":"page","link":"https:\/\/rissmann.com\/fr\/concepts\/cartonnages\/livre-a-anneau\/","title":{"rendered":"livre \u00e0 anneau"},"content":{"rendered":"[vc_row css=\u00a0\u00bb.vc_custom_1484655097048{padding-top: 0px !important;}\u00a0\u00bb][vc_column][vc_single_image image=\u00a0\u00bb3441&Prime; img_size=\u00a0\u00bbfull\u00a0\u00bb alignment=\u00a0\u00bbcenter\u00a0\u00bb title=\u00a0\u00bblivre \u00e0 anneau\u00a0\u00bb][\/vc_column][\/vc_row][vc_row css=\u00a0\u00bb.vc_custom_1484655111835{margin-top: 50px !important;margin-right: 0px !important;margin-bottom: 15px !important;margin-left: 0px !important;}\u00a0\u00bb][vc_column][vc_row_inner css=\u00a0\u00bb.vc_custom_1482965383778{padding-top: 30px !important;padding-right: 20px !important;padding-bottom: 30px !important;padding-left: 20px !important;background-color: #ffffff !important;}\u00a0\u00bb][vc_column_inner width=\u00a0\u00bb1\/3&Prime;][vc_column_text css_animation=\u00a0\u00bbleft-to-right\u00a0\u00bb css=\u00a0\u00bb.vc_custom_1484655296996{margin-bottom: 20px !important;}\u00a0\u00bb]\n<h4 id=\"toc_0\"><strong>Livre \u00e0 anneau<\/strong><\/h4>\n<p>Une monobande stable avec fermeture aimante et anneaux permet de faire r\u00e9gner l&rsquo;ordre et de ranger en toute s\u00e9curit\u00e9 vos documents importants.[\/vc_column_text][vc_toggle title=\u00a0\u00bbcomprising\u00a0\u00bb style=\u00a0\u00bbarrow\u00a0\u00bb size=\u00a0\u00bbsm\u00a0\u00bb css_animation=\u00a0\u00bbleft-to-right\u00a0\u00bb el_id=\u00a0\u00bb1479333630554-608df785-0f22&Prime;]\n<ul>\n<li>monobande \u00e0 cinq pi\u00e8ces<\/li>\n<li>m\u00e9canisme \u00e0 4 anneaux<\/li>\n<li>fermeture aimant\u00e9e<\/li>\n<\/ul>\n[\/vc_toggle][vc_toggle title=\u00a0\u00bboptions\u00a0\u00bb style=\u00a0\u00bbarrow\u00a0\u00bb size=\u00a0\u00bbsm\u00a0\u00bb css_animation=\u00a0\u00bbleft-to-right\u00a0\u00bb el_id=\u00a0\u00bb1479333689481-e0e9f43d-cef9&Prime;]\n<ul>\n<li>monobande \u00e0 trois pi\u00e8ces \u00e9galement possible<\/li>\n<li>m\u00e9canisme \u00e0 2 anneaux 7 m\u00e9canisme \u00e0 levier<\/li>\n<li>autres possibilit\u00e9s de fermeture &#8211; bande de caoutchouc\/bande de cuir (pour la monobande \u00e0 trois pi\u00e8ces)<\/li>\n<li>de nombreuses possibilit\u00e9s d&rsquo;impression et d&rsquo;ennoblissement (vernis UV, cello, estampes, etc.)<\/li>\n<\/ul>\n[\/vc_toggle][\/vc_column_inner][vc_column_inner width=\u00a0\u00bb2\/3&Prime;][vc_images_carousel images=\u00a0\u00bb4832,4833&Prime; img_size=\u00a0\u00bb710&#215;473&Prime;][\/vc_column_inner][\/vc_row_inner][\/vc_column][\/vc_row]\n","protected":false},"excerpt":{"rendered":"<p>[vc_row css=\u00a0\u00bb.vc_custom_1484655097048{padding-top: 0px !important;}\u00a0\u00bb][vc_column][vc_single_image image=\u00a0\u00bb3441&Prime; img_size=\u00a0\u00bbfull\u00a0\u00bb alignment=\u00a0\u00bbcenter\u00a0\u00bb title=\u00a0\u00bblivre \u00e0 anneau\u00a0\u00bb][\/vc_column][\/vc_row][vc_row css=\u00a0\u00bb.vc_custom_1484655111835{margin-top: 50px !important;margin-right: 0px !important;margin-bottom: 15px !important;margin-left: 0px !important;}\u00a0\u00bb][vc_column][vc_row_inner css=\u00a0\u00bb.vc_custom_1482965383778{padding-top: 30px !important;padding-right: 20px !important;padding-bottom: 30px !important;padding-left: 20px !important;background-color: #ffffff !important;}\u00a0\u00bb][vc_column_inner width=\u00a0\u00bb1\/3&Prime;][vc_column_text css_animation=\u00a0\u00bbleft-to-right\u00a0\u00bb css=\u00a0\u00bb.vc_custom_1484655296996{margin-bottom: 20px !important;}\u00a0\u00bb] Livre \u00e0 anneau Une monobande stable avec fermeture aimante et anneaux permet de faire r\u00e9gner l&rsquo;ordre et de ranger en&#8230;<\/p>\n","protected":false},"author":1,"featured_media":0,"parent":11354,"menu_order":0,"comment_status":"closed","ping_status":"closed","template":"page-full.php","meta":[],"_links":{"self":[{"href":"https:\/\/rissmann.com\/fr\/wp-json\/wp\/v2\/pages\/10760"}],"collection":[{"href":"https:\/\/rissmann.com\/fr\/wp-json\/wp\/v2\/pages"}],"about":[{"href":"https:\/\/rissmann.com\/fr\/wp-json\/wp\/v2\/types\/page"}],"author":[{"embeddable":true,"href":"https:\/\/rissmann.com\/fr\/wp-json\/wp\/v2\/users\/1"}],"replies":[{"embeddable":true,"href":"https:\/\/rissmann.com\/fr\/wp-json\/wp\/v2\/comments?post=10760"}],"version-history":[{"count":0,"href":"https:\/\/rissmann.com\/fr\/wp-json\/wp\/v2\/pages\/10760\/revisions"}],"up":[{"embeddable":true,"href":"https:\/\/rissmann.com\/fr\/wp-json\/wp\/v2\/pages\/11354"}],"wp:attachment":[{"href":"https:\/\/rissmann.com\/fr\/wp-json\/wp\/v2\/media?parent=10760"}],"curies":[{"name":"wp","href":"https:\/\/api.w.org\/{rel}","templated":true}]}}