{"id":10727,"date":"2017-05-03T17:57:42","date_gmt":"2017-05-03T15:57:42","guid":{"rendered":"https:\/\/rissmann.com\/newmagic\/"},"modified":"2017-05-18T13:55:46","modified_gmt":"2017-05-18T11:55:46","slug":"newmagic","status":"publish","type":"page","link":"https:\/\/rissmann.com\/fr\/concepts\/cartonnages\/newmagic\/","title":{"rendered":"NewMagic"},"content":{"rendered":"[vc_row][vc_column][vc_single_image image=\u00a0\u00bb4847&Prime; img_size=\u00a0\u00bbfull\u00a0\u00bb alignment=\u00a0\u00bbcenter\u00a0\u00bb title=\u00a0\u00bbNewMagic\u00a0\u00bb][\/vc_column][\/vc_row][vc_row css=\u00a0\u00bb.vc_custom_1486042884266{margin-top: 50px !important;margin-right: 0px !important;margin-left: 0px !important;}\u00a0\u00bb][vc_column][vc_row_inner css=\u00a0\u00bb.vc_custom_1482965383778{padding-top: 30px !important;padding-right: 20px !important;padding-bottom: 30px !important;padding-left: 20px !important;background-color: #ffffff !important;}\u00a0\u00bb][vc_column_inner width=\u00a0\u00bb1\/3&Prime;][vc_column_text css_animation=\u00a0\u00bbleft-to-right\u00a0\u00bb css=\u00a0\u00bb.vc_custom_1494949292343{margin-bottom: 20px !important;}\u00a0\u00bb]\n<h4 id=\"toc_0\"><strong>Cartonnage \u00e0 couvercle \u00e0 rabat<\/strong> avec coffret Magic<\/h4>\n<p>Le classique dans une variante toute nouvelle : un couvercle fixe repose sur un coffret pliant. Cela signifie un volume minimal de stockage, plus de flexibilit\u00e9 et diff\u00e9rentes possibilit\u00e9s de personnalisation.[\/vc_column_text][vc_toggle title=\u00a0\u00bbcomposants\u00a0\u00bb style=\u00a0\u00bbarrow\u00a0\u00bb size=\u00a0\u00bbsm\u00a0\u00bb css_animation=\u00a0\u00bbleft-to-right\u00a0\u00bb el_id=\u00a0\u00bb1479333630554-608df785-0f22&Prime;]\n<ul>\n<li>monobande \u00e0 trois pi\u00e8ces=\u2009paroi ext\u00e9rieure du coffret<\/li>\n<li>deux parties lat\u00e9rales\u00a0 =\u2009parois lat\u00e9rales du coffret<\/li>\n<li>couvercle<\/li>\n<\/ul>\n[\/vc_toggle][vc_toggle title=\u00a0\u00bboptions\u00a0\u00bb style=\u00a0\u00bbarrow\u00a0\u00bb size=\u00a0\u00bbsm\u00a0\u00bb css_animation=\u00a0\u00bbleft-to-right\u00a0\u00bb el_id=\u00a0\u00bb1479333689481-e0e9f43d-cef9&Prime;]\n<ul>\n<li>rubans adh\u00e9sifs dans les coins des parties lat\u00e9rales &gt;&gt; fixation durable de la bo\u00eete (celle-ci ne peut plus \u00eatre plac\u00e9e \u00e0 plat)<\/li>\n<li>aimants dans les coins des parties lat\u00e9rales &gt;&gt; fixation provisoire de la bo\u00eete (celle-ci peut \u00eatre \u00e0 nouveau plac\u00e9e \u00e0 plat)<\/li>\n<li>deux rabats suppl\u00e9ments (flaps) sur les parties lat\u00e9rales sont possibles pour stabiliser et fixer la bo\u00eete par pincement \u2013 la box peut \u00eatre \u00e0 nouveau plac\u00e9e \u00e0 plat ; en cas d&rsquo;utilisation de rubans adh\u00e9sifs suppl\u00e9mentaires, une fixation durable est cr\u00e9\u00e9e<\/li>\n<li>parties lat\u00e9rales \u00e9galement possibles sans fixation \u2013 ainsi, la bo\u00eete n&rsquo;a pas de stabilit\u00e9 propre m\u00eame lorsqu&rsquo;elle est ouverte<\/li>\n<li>technologie de perforation avec bords inclin\u00e9s (pour le couvercle)<\/li>\n<li>technologie groove avec bords \u00e0 90\u00b0 (pour le couvercle)<\/li>\n<li>en option avec fen\u00eatre de visite<\/li>\n<li>inlay individuel possible<\/li>\n<li>de nombreuses possibilit\u00e9s d&rsquo;impression et d&rsquo;ennoblissement (vernis UV, cello, estampes, etc.)<\/li>\n<\/ul>\n[\/vc_toggle][\/vc_column_inner][vc_column_inner width=\u00a0\u00bb2\/3&Prime;][vc_images_carousel images=\u00a0\u00bb4841,4842,4843,4844&Prime; img_size=\u00a0\u00bb710&#215;473&Prime;][\/vc_column_inner][\/vc_row_inner][\/vc_column][\/vc_row][vc_row css=\u00a0\u00bb.vc_custom_1486042901108{margin-top: 35px !important;margin-right: 0px !important;margin-bottom: 15px !important;margin-left: 0px !important;}\u00a0\u00bb][vc_column][vc_row_inner css=\u00a0\u00bb.vc_custom_1482965383778{padding-top: 30px !important;padding-right: 20px !important;padding-bottom: 30px !important;padding-left: 20px !important;background-color: #ffffff !important;}\u00a0\u00bb][vc_column_inner width=\u00a0\u00bb2\/3&Prime;][vc_images_carousel images=\u00a0\u00bb12964&Prime; img_size=\u00a0\u00bb710&#215;473&Prime;][\/vc_column_inner][vc_column_inner width=\u00a0\u00bb1\/3&Prime;][vc_column_text css_animation=\u00a0\u00bbleft-to-right\u00a0\u00bb css=\u00a0\u00bb.vc_custom_1494949304555{margin-bottom: 20px !important;}\u00a0\u00bb]\n<h4 id=\"toc_0\"><strong>Cartonnage \u00e0 couvercle \u00e0 rabat <\/strong>avec coffret Magic<\/h4>\n<p>Le classique dans une variante toute nouvelle : un couvercle fixe repose sur un coffret pliant. Cela signifie un volume minimal de stockage, plus de flexibilit\u00e9 et de nombreuses possibilit\u00e9s de personnalisation \u2013 comme le montrent ici nos d\u00e9veloppements design.[\/vc_column_text][vc_toggle title=\u00a0\u00bbcomposants\u00a0\u00bb style=\u00a0\u00bbarrow\u00a0\u00bb size=\u00a0\u00bbsm\u00a0\u00bb el_id=\u00a0\u00bb1486032755775-86c16970-6825&Prime;]\n<ul>\n<li>monobande \u00e0 trois pi\u00e8ces=\u2009paroi ext\u00e9rieure du coffret<\/li>\n<li>deux parties lat\u00e9rales\u00a0 =\u2009parois lat\u00e9rales du coffret<\/li>\n<li>couvercle<\/li>\n<\/ul>\n[\/vc_toggle][vc_toggle title=\u00a0\u00bboptions\u00a0\u00bb style=\u00a0\u00bbarrow\u00a0\u00bb size=\u00a0\u00bbsm\u00a0\u00bb el_id=\u00a0\u00bb1486032769091-b03e9cd4-670a\u00a0\u00bb]\n<ul>\n<li>rubans adh\u00e9sifs dans les coins des parties lat\u00e9rales &gt;&gt; fixation durable de la bo\u00eete (celle-ci ne peut plus \u00eatre plac\u00e9e \u00e0 plat)<\/li>\n<li>aimants dans les coins des parties lat\u00e9rales &gt;&gt; fixation provisoire de la bo\u00eete (celle-ci peut \u00eatre \u00e0 nouveau plac\u00e9e \u00e0 plat)<\/li>\n<li>deux rabats suppl\u00e9ments (flaps) sur les parties lat\u00e9rales sont possibles pour stabiliser et fixer la bo\u00eete par pincement \u2013 la box peut \u00eatre \u00e0 nouveau plac\u00e9e \u00e0 plat ; en cas d&rsquo;utilisation de rubans adh\u00e9sifs suppl\u00e9mentaires, une fixation durable est cr\u00e9\u00e9e<\/li>\n<li>parties lat\u00e9rales \u00e9galement possibles sans fixation \u2013 ainsi, la bo\u00eete n&rsquo;a pas de stabilit\u00e9 propre m\u00eame lorsqu&rsquo;elle est ouverte<\/li>\n<li>technologie de perforation avec bords inclin\u00e9s (pour le couvercle)<\/li>\n<li>technologie groove avec bords \u00e0 90\u00b0 (pour le couvercle)<\/li>\n<li>en option avec fen\u00eatre de visite<\/li>\n<li>inlay individuel possible<\/li>\n<li>de nombreuses possibilit\u00e9s d&rsquo;impression et d&rsquo;ennoblissement (vernis UV, cello, estampes, etc.)<\/li>\n<\/ul>\n[\/vc_toggle][\/vc_column_inner][\/vc_row_inner][\/vc_column][\/vc_row]\n","protected":false},"excerpt":{"rendered":"<p>[vc_row][vc_column][vc_single_image image=\u00a0\u00bb4847&Prime; img_size=\u00a0\u00bbfull\u00a0\u00bb alignment=\u00a0\u00bbcenter\u00a0\u00bb title=\u00a0\u00bbNewMagic\u00a0\u00bb][\/vc_column][\/vc_row][vc_row css=\u00a0\u00bb.vc_custom_1486042884266{margin-top: 50px !important;margin-right: 0px !important;margin-left: 0px !important;}\u00a0\u00bb][vc_column][vc_row_inner css=\u00a0\u00bb.vc_custom_1482965383778{padding-top: 30px !important;padding-right: 20px !important;padding-bottom: 30px !important;padding-left: 20px !important;background-color: #ffffff !important;}\u00a0\u00bb][vc_column_inner width=\u00a0\u00bb1\/3&Prime;][vc_column_text css_animation=\u00a0\u00bbleft-to-right\u00a0\u00bb css=\u00a0\u00bb.vc_custom_1494949292343{margin-bottom: 20px !important;}\u00a0\u00bb] Cartonnage \u00e0 couvercle \u00e0 rabat avec coffret Magic Le classique dans une variante toute nouvelle : un couvercle fixe repose sur un coffret pliant. Cela signifie un&#8230;<\/p>\n","protected":false},"author":1,"featured_media":0,"parent":11354,"menu_order":0,"comment_status":"closed","ping_status":"closed","template":"page-full.php","meta":[],"_links":{"self":[{"href":"https:\/\/rissmann.com\/fr\/wp-json\/wp\/v2\/pages\/10727"}],"collection":[{"href":"https:\/\/rissmann.com\/fr\/wp-json\/wp\/v2\/pages"}],"about":[{"href":"https:\/\/rissmann.com\/fr\/wp-json\/wp\/v2\/types\/page"}],"author":[{"embeddable":true,"href":"https:\/\/rissmann.com\/fr\/wp-json\/wp\/v2\/users\/1"}],"replies":[{"embeddable":true,"href":"https:\/\/rissmann.com\/fr\/wp-json\/wp\/v2\/comments?post=10727"}],"version-history":[{"count":0,"href":"https:\/\/rissmann.com\/fr\/wp-json\/wp\/v2\/pages\/10727\/revisions"}],"up":[{"embeddable":true,"href":"https:\/\/rissmann.com\/fr\/wp-json\/wp\/v2\/pages\/11354"}],"wp:attachment":[{"href":"https:\/\/rissmann.com\/fr\/wp-json\/wp\/v2\/media?parent=10727"}],"curies":[{"name":"wp","href":"https:\/\/api.w.org\/{rel}","templated":true}]}}