{"id":10686,"date":"2017-05-03T17:25:42","date_gmt":"2017-05-03T15:25:42","guid":{"rendered":"https:\/\/rissmann.com\/cartonnage-a-col-pliant\/"},"modified":"2017-05-03T17:25:43","modified_gmt":"2017-05-03T15:25:43","slug":"cartonnage-a-col-pliant","status":"publish","type":"page","link":"https:\/\/rissmann.com\/fr\/concepts\/cartonnages\/cartonnage-a-col-pliant\/","title":{"rendered":"cartonnage \u00e0 col pliant"},"content":{"rendered":"[vc_row css=\u00a0\u00bb.vc_custom_1482965191012{margin-bottom: 30px !important;padding-top: 0px !important;padding-bottom: 20px !important;}\u00a0\u00bb][vc_column][vc_single_image image=\u00a0\u00bb3435&Prime; img_size=\u00a0\u00bbfull\u00a0\u00bb alignment=\u00a0\u00bbcenter\u00a0\u00bb title=\u00a0\u00bbcartonnage \u00e0 col pliant\u00a0\u00bb][\/vc_column][\/vc_row][vc_row css=\u00a0\u00bb.vc_custom_1482964638532{margin-right: 0px !important;margin-bottom: 35px !important;margin-left: 0px !important;}\u00a0\u00bb][vc_column][vc_row_inner css=\u00a0\u00bb.vc_custom_1482965383778{padding-top: 30px !important;padding-right: 20px !important;padding-bottom: 30px !important;padding-left: 20px !important;background-color: #ffffff !important;}\u00a0\u00bb][vc_column_inner width=\u00a0\u00bb1\/3&Prime;][vc_column_text css_animation=\u00a0\u00bbleft-to-right\u00a0\u00bb css=\u00a0\u00bb.vc_custom_1484572911387{margin-bottom: 20px !important;}\u00a0\u00bb]\n<h4><strong>Cartonnage \u00e0 col pliant<\/strong><\/h4>\n<p>Ce cartonnage pr\u00e9sente parfaitement votre produit &#8211; une combinaison d&rsquo;une grande stabilit\u00e9 et d&rsquo;une grande ouverture avec diff\u00e9rentes possibilit\u00e9s de rabat.[\/vc_column_text][vc_toggle title=\u00a0\u00bbcomposants\u00a0\u00bb style=\u00a0\u00bbarrow\u00a0\u00bb size=\u00a0\u00bbsm\u00a0\u00bb css_animation=\u00a0\u00bbleft-to-right\u00a0\u00bb el_id=\u00a0\u00bb1479333630554-608df785-0f22&Prime;]\n<ul>\n<li>coffret ext\u00e9rieur<\/li>\n<li>coffret int\u00e9rieur (= col)<\/li>\n<li>couvercle pliant (reli\u00e9 au coffret ext\u00e9rieur de mani\u00e8re fixe)<\/li>\n<li>plaque avant pliante<\/li>\n<li>rabat ext\u00e9rieur\/int\u00e9rieur avant<\/li>\n<li>en option, plateforme \u00e0 l&rsquo;int\u00e9rieur<\/li>\n<\/ul>\n[\/vc_toggle][vc_toggle title=\u00a0\u00bboptions\u00a0\u00bb style=\u00a0\u00bbarrow\u00a0\u00bb size=\u00a0\u00bbsm\u00a0\u00bb css_animation=\u00a0\u00bbleft-to-right\u00a0\u00bb el_id=\u00a0\u00bb1479333689481-e0e9f43d-cef9&Prime;]\n<ul>\n<li>de nombreuses possibilit\u00e9s d&rsquo;impression et d&rsquo;ennoblissement (vernis UV, cello, estampes, etc.)<\/li>\n<\/ul>\n[\/vc_toggle][\/vc_column_inner][vc_column_inner width=\u00a0\u00bb2\/3&Prime;][vc_images_carousel images=\u00a0\u00bb4022,4021&Prime; img_size=\u00a0\u00bb710&#215;473&Prime;][\/vc_column_inner][\/vc_row_inner][\/vc_column][\/vc_row][vc_row css=\u00a0\u00bb.vc_custom_1482964429160{margin-right: 0px !important;margin-bottom: 35px !important;margin-left: 0px !important;}\u00a0\u00bb][vc_column][vc_row_inner css=\u00a0\u00bb.vc_custom_1482965393016{padding-top: 30px !important;padding-right: 20px !important;padding-bottom: 30px !important;padding-left: 20px !important;background-color: #ffffff !important;}\u00a0\u00bb][vc_column_inner width=\u00a0\u00bb2\/3&Prime;][vc_images_carousel images=\u00a0\u00bb4023,4024,4025&Prime; img_size=\u00a0\u00bb710&#215;473&Prime;][\/vc_column_inner][vc_column_inner width=\u00a0\u00bb1\/3&Prime;][vc_column_text css_animation=\u00a0\u00bbleft-to-right\u00a0\u00bb css=\u00a0\u00bb.vc_custom_1484573006489{margin-bottom: 20px !important;}\u00a0\u00bb]\n<h4><strong>Cartonnage \u00e0 col pliant<\/strong><\/h4>\n<p>Ce cartonnage pr\u00e9sente parfaitement votre produit &#8211; une combinaison d&rsquo;une grande stabilit\u00e9 et d&rsquo;une grande ouverture avec diff\u00e9rentes possibilit\u00e9s de rabat.[\/vc_column_text][vc_toggle title=\u00a0\u00bbcomposants\u00a0\u00bb style=\u00a0\u00bbarrow\u00a0\u00bb size=\u00a0\u00bbsm\u00a0\u00bb css_animation=\u00a0\u00bbleft-to-right\u00a0\u00bb el_id=\u00a0\u00bb1479334122980-5ea7abd4-6a4c\u00a0\u00bb]\n<ul>\n<li>coffret ext\u00e9rieur<\/li>\n<li>coffret int\u00e9rieur (= col)<\/li>\n<li>couvercle amovible(ici sp\u00e9cialement avec partie int\u00e9rieure)<\/li>\n<li>plaque avant pliante<\/li>\n<li>anse de transport<\/li>\n<li>rabat ext\u00e9rieur\/int\u00e9rieur avant<\/li>\n<li>en option, plateforme \u00e0 l&rsquo;int\u00e9rieur<\/li>\n<\/ul>\n[\/vc_toggle][vc_toggle title=\u00a0\u00bboptions\u00a0\u00bb style=\u00a0\u00bbarrow\u00a0\u00bb size=\u00a0\u00bbsm\u00a0\u00bb css_animation=\u00a0\u00bbleft-to-right\u00a0\u00bb el_id=\u00a0\u00bb1483015922410-3e46a525-f263&Prime;]\n<ul>\n<li>de nombreuses possibilit\u00e9s d&rsquo;impression et d&rsquo;ennoblissement (vernis UV, cello, estampes, etc.)<\/li>\n<\/ul>\n[\/vc_toggle][\/vc_column_inner][\/vc_row_inner][\/vc_column][\/vc_row]\n","protected":false},"excerpt":{"rendered":"<p>[vc_row css=\u00a0\u00bb.vc_custom_1482965191012{margin-bottom: 30px !important;padding-top: 0px !important;padding-bottom: 20px !important;}\u00a0\u00bb][vc_column][vc_single_image image=\u00a0\u00bb3435&Prime; img_size=\u00a0\u00bbfull\u00a0\u00bb alignment=\u00a0\u00bbcenter\u00a0\u00bb title=\u00a0\u00bbcartonnage \u00e0 col pliant\u00a0\u00bb][\/vc_column][\/vc_row][vc_row css=\u00a0\u00bb.vc_custom_1482964638532{margin-right: 0px !important;margin-bottom: 35px !important;margin-left: 0px !important;}\u00a0\u00bb][vc_column][vc_row_inner css=\u00a0\u00bb.vc_custom_1482965383778{padding-top: 30px !important;padding-right: 20px !important;padding-bottom: 30px !important;padding-left: 20px !important;background-color: #ffffff !important;}\u00a0\u00bb][vc_column_inner width=\u00a0\u00bb1\/3&Prime;][vc_column_text css_animation=\u00a0\u00bbleft-to-right\u00a0\u00bb css=\u00a0\u00bb.vc_custom_1484572911387{margin-bottom: 20px !important;}\u00a0\u00bb] Cartonnage \u00e0 col pliant Ce cartonnage pr\u00e9sente parfaitement votre produit &#8211; une combinaison d&rsquo;une grande stabilit\u00e9 et&#8230;<\/p>\n","protected":false},"author":1,"featured_media":0,"parent":11354,"menu_order":0,"comment_status":"closed","ping_status":"closed","template":"page-full.php","meta":[],"_links":{"self":[{"href":"https:\/\/rissmann.com\/fr\/wp-json\/wp\/v2\/pages\/10686"}],"collection":[{"href":"https:\/\/rissmann.com\/fr\/wp-json\/wp\/v2\/pages"}],"about":[{"href":"https:\/\/rissmann.com\/fr\/wp-json\/wp\/v2\/types\/page"}],"author":[{"embeddable":true,"href":"https:\/\/rissmann.com\/fr\/wp-json\/wp\/v2\/users\/1"}],"replies":[{"embeddable":true,"href":"https:\/\/rissmann.com\/fr\/wp-json\/wp\/v2\/comments?post=10686"}],"version-history":[{"count":0,"href":"https:\/\/rissmann.com\/fr\/wp-json\/wp\/v2\/pages\/10686\/revisions"}],"up":[{"embeddable":true,"href":"https:\/\/rissmann.com\/fr\/wp-json\/wp\/v2\/pages\/11354"}],"wp:attachment":[{"href":"https:\/\/rissmann.com\/fr\/wp-json\/wp\/v2\/media?parent=10686"}],"curies":[{"name":"wp","href":"https:\/\/api.w.org\/{rel}","templated":true}]}}