{"id":10679,"date":"2017-05-03T17:16:41","date_gmt":"2017-05-03T15:16:41","guid":{"rendered":"https:\/\/rissmann.com\/dossier-avec-pochettes\/"},"modified":"2017-05-19T10:12:07","modified_gmt":"2017-05-19T08:12:07","slug":"dossier","status":"publish","type":"page","link":"https:\/\/rissmann.com\/fr\/concepts\/cartonnages\/dossier\/","title":{"rendered":"dossier"},"content":{"rendered":"[vc_row css=\u00a0\u00bb.vc_custom_1484650841082{padding-top: 0px !important;}\u00a0\u00bb][vc_column][vc_single_image image=\u00a0\u00bb3434&Prime; img_size=\u00a0\u00bbfull\u00a0\u00bb alignment=\u00a0\u00bbcenter\u00a0\u00bb title=\u00a0\u00bbdossier\u00a0\u00bb][\/vc_column][\/vc_row][vc_row css=\u00a0\u00bb.vc_custom_1484650852519{margin-top: 50px !important;margin-right: 0px !important;margin-left: 0px !important;}\u00a0\u00bb][vc_column][vc_row_inner css=\u00a0\u00bb.vc_custom_1482965383778{padding-top: 30px !important;padding-right: 20px !important;padding-bottom: 30px !important;padding-left: 20px !important;background-color: #ffffff !important;}\u00a0\u00bb][vc_column_inner width=\u00a0\u00bb1\/3&Prime;][vc_column_text css_animation=\u00a0\u00bbleft-to-right\u00a0\u00bb css=\u00a0\u00bb.vc_custom_1494948309361{margin-bottom: 20px !important;}\u00a0\u00bb]\n<h4><strong>Dossier <\/strong>avec pochettes<\/h4>\n<p>Un dossier avec une technologie sophistiqu\u00e9e. Que ce soit pour les brochures reli\u00e9es, les CD ou uniquement des feuilles volantes, les pochettes r\u00e9sistent \u00e0 tous les contenus.[\/vc_column_text][vc_toggle title=\u00a0\u00bbcomposants\u00a0\u00bb style=\u00a0\u00bbarrow\u00a0\u00bb size=\u00a0\u00bbsm\u00a0\u00bb css_animation=\u00a0\u00bbleft-to-right\u00a0\u00bb el_id=\u00a0\u00bb1479333630554-608df785-0f22&Prime;]\n<ul>\n<li>monobande \u00e0 cinq pi\u00e8ces<\/li>\n<li>pochette(s)<\/li>\n<li>fermeture (aimants)<\/li>\n<\/ul>\n[\/vc_toggle][vc_toggle title=\u00a0\u00bboptions\u00a0\u00bb style=\u00a0\u00bbarrow\u00a0\u00bb size=\u00a0\u00bbsm\u00a0\u00bb css_animation=\u00a0\u00bbleft-to-right\u00a0\u00bb el_id=\u00a0\u00bb1479333689481-e0e9f43d-cef9&Prime;]\n<ul>\n<li>la monobande &amp; les poches sont imprimables et peuvent \u00eatre ennoblis (cello, estampes ou verni UV etc.)<\/li>\n<li>monobande \u00e0 trois pi\u00e8ces possibles (avec ou sans fermeture)<\/li>\n<li>autres variantes de fermeture possibles (par ex. bande de caoutchouc, bande de cuir, banderole etc.)<\/li>\n<\/ul>\n[\/vc_toggle][\/vc_column_inner][vc_column_inner width=\u00a0\u00bb2\/3&Prime;][vc_images_carousel images=\u00a0\u00bb4768,4769,4770,4771&Prime; img_size=\u00a0\u00bb710&#215;473&Prime;][\/vc_column_inner][\/vc_row_inner][\/vc_column][\/vc_row][vc_row css=\u00a0\u00bb.vc_custom_1484652076275{margin-top: 35px !important;margin-right: 0px !important;margin-left: 0px !important;}\u00a0\u00bb][vc_column][vc_row_inner css=\u00a0\u00bb.vc_custom_1482965393016{padding-top: 30px !important;padding-right: 20px !important;padding-bottom: 30px !important;padding-left: 20px !important;background-color: #ffffff !important;}\u00a0\u00bb][vc_column_inner width=\u00a0\u00bb2\/3&Prime;][vc_images_carousel images=\u00a0\u00bb4772&Prime; img_size=\u00a0\u00bb710&#215;473&Prime;][\/vc_column_inner][vc_column_inner width=\u00a0\u00bb1\/3&Prime;][vc_column_text css_animation=\u00a0\u00bbleft-to-right\u00a0\u00bb css=\u00a0\u00bb.vc_custom_1494948379472{margin-bottom: 20px !important;}\u00a0\u00bb]\n<h4><strong>Dossier <\/strong>avec pochettes<\/h4>\n<p>Un dossier avec une technologie sophistiqu\u00e9e. Que ce soit pour les brochures reli\u00e9es, les CD ou uniquement des feuilles volantes, les pochettes r\u00e9sistent \u00e0 tous les contenus.[\/vc_column_text][vc_toggle title=\u00a0\u00bbcomposants\u00a0\u00bb style=\u00a0\u00bbarrow\u00a0\u00bb size=\u00a0\u00bbsm\u00a0\u00bb css_animation=\u00a0\u00bbleft-to-right\u00a0\u00bb el_id=\u00a0\u00bb1479334122980-5ea7abd4-6a4c\u00a0\u00bb]\n<ul>\n<li>monobande \u00e0 cinq pi\u00e8ces<\/li>\n<li>pochette(s)<\/li>\n<li>fermeture (aimants)<\/li>\n<\/ul>\n[\/vc_toggle][vc_toggle title=\u00a0\u00bboptions\u00a0\u00bb style=\u00a0\u00bbarrow\u00a0\u00bb size=\u00a0\u00bbsm\u00a0\u00bb css_animation=\u00a0\u00bbleft-to-right\u00a0\u00bb el_id=\u00a0\u00bb1483015922410-3e46a525-f263&Prime;]\n<ul>\n<li>la monobande &amp; les poches sont imprimables et peuvent \u00eatre ennoblis (cello, estampes ou verni UV etc.)<\/li>\n<li>monobande \u00e0 trois pi\u00e8ces possibles (avec ou sans fermeture)<\/li>\n<li>autres variantes de fermeture possibles (par ex. bande de caoutchouc, bande de cuir, banderole etc.)<\/li>\n<\/ul>\n[\/vc_toggle][\/vc_column_inner][\/vc_row_inner][\/vc_column][\/vc_row][vc_row css=\u00a0\u00bb.vc_custom_1484650885964{margin-top: 35px !important;margin-right: 0px !important;margin-bottom: 15px !important;margin-left: 0px !important;}\u00a0\u00bb][vc_column][vc_row_inner css=\u00a0\u00bb.vc_custom_1482965401249{padding-top: 30px !important;padding-right: 20px !important;padding-bottom: 30px !important;padding-left: 20px !important;background-color: #ffffff !important;}\u00a0\u00bb][vc_column_inner width=\u00a0\u00bb1\/3&Prime;][vc_column_text css_animation=\u00a0\u00bbleft-to-right\u00a0\u00bb css=\u00a0\u00bb.vc_custom_1494948391482{margin-bottom: 20px !important;}\u00a0\u00bb]\n<h4><strong>Dossier <\/strong>avec pochettes<\/h4>\n<p>Un dossier avec une technologie sophistiqu\u00e9e. Que ce soit pour les brochures reli\u00e9es, les CD ou uniquement des feuilles volantes, les pochettes r\u00e9sistent \u00e0 tous les contenus.[\/vc_column_text][vc_toggle title=\u00a0\u00bbcomposants\u00a0\u00bb style=\u00a0\u00bbarrow\u00a0\u00bb size=\u00a0\u00bbsm\u00a0\u00bb css_animation=\u00a0\u00bbleft-to-right\u00a0\u00bb el_id=\u00a0\u00bb1479334125526-be515088-90ff\u00a0\u00bb]\n<ul>\n<li>monobande \u00e0 cinq pi\u00e8ces<\/li>\n<li>pochette(s)<\/li>\n<li>fermeture (aimants)<\/li>\n<\/ul>\n[\/vc_toggle][vc_toggle title=\u00a0\u00bboptions\u00a0\u00bb style=\u00a0\u00bbarrow\u00a0\u00bb size=\u00a0\u00bbsm\u00a0\u00bb css_animation=\u00a0\u00bbleft-to-right\u00a0\u00bb el_id=\u00a0\u00bb1479334125578-af82c6a4-b3ad\u00a0\u00bb]\n<ul>\n<li>la monobande &amp; les poches sont imprimables et peuvent \u00eatre ennoblis (cello, estampes ou verni UV etc.)<\/li>\n<li>monobande \u00e0 trois pi\u00e8ces possibles (avec ou sans fermeture)<\/li>\n<li>autres variantes de fermeture possibles (par ex. bande de caoutchouc, bande de cuir, banderole etc.)<\/li>\n<\/ul>\n[\/vc_toggle][vc_button title=\u00a0\u00bbvid\u00e9o du produit\u00a0\u00bb icon_fontawesome=\u00a0\u00bbfa fa-play-circle\u00a0\u00bb align=\u00a0\u00bbleft\u00a0\u00bb add_icon=\u00a0\u00bbtrue\u00a0\u00bb href=\u00a0\u00bbhttps:\/\/www.youtube.com\/watch?v=GjwYxYZyUDw&#038;rel=0&Prime; el_class=\u00a0\u00bbvideo\u00a0\u00bb][\/vc_column_inner][vc_column_inner width=\u00a0\u00bb2\/3&Prime;][vc_images_carousel images=\u00a0\u00bb4774,4777,4773,4776,4775&Prime; img_size=\u00a0\u00bb710&#215;473&Prime;][\/vc_column_inner][\/vc_row_inner][\/vc_column][\/vc_row]\n","protected":false},"excerpt":{"rendered":"<p>[vc_row css=\u00a0\u00bb.vc_custom_1484650841082{padding-top: 0px !important;}\u00a0\u00bb][vc_column][vc_single_image image=\u00a0\u00bb3434&Prime; img_size=\u00a0\u00bbfull\u00a0\u00bb alignment=\u00a0\u00bbcenter\u00a0\u00bb title=\u00a0\u00bbdossier\u00a0\u00bb][\/vc_column][\/vc_row][vc_row css=\u00a0\u00bb.vc_custom_1484650852519{margin-top: 50px !important;margin-right: 0px !important;margin-left: 0px !important;}\u00a0\u00bb][vc_column][vc_row_inner css=\u00a0\u00bb.vc_custom_1482965383778{padding-top: 30px !important;padding-right: 20px !important;padding-bottom: 30px !important;padding-left: 20px !important;background-color: #ffffff !important;}\u00a0\u00bb][vc_column_inner width=\u00a0\u00bb1\/3&Prime;][vc_column_text css_animation=\u00a0\u00bbleft-to-right\u00a0\u00bb css=\u00a0\u00bb.vc_custom_1494948309361{margin-bottom: 20px !important;}\u00a0\u00bb] Dossier avec pochettes Un dossier avec une technologie sophistiqu\u00e9e. Que ce soit pour les brochures reli\u00e9es, les CD ou uniquement des feuilles volantes, les&#8230;<\/p>\n","protected":false},"author":1,"featured_media":0,"parent":11354,"menu_order":0,"comment_status":"closed","ping_status":"closed","template":"page-full.php","meta":[],"_links":{"self":[{"href":"https:\/\/rissmann.com\/fr\/wp-json\/wp\/v2\/pages\/10679"}],"collection":[{"href":"https:\/\/rissmann.com\/fr\/wp-json\/wp\/v2\/pages"}],"about":[{"href":"https:\/\/rissmann.com\/fr\/wp-json\/wp\/v2\/types\/page"}],"author":[{"embeddable":true,"href":"https:\/\/rissmann.com\/fr\/wp-json\/wp\/v2\/users\/1"}],"replies":[{"embeddable":true,"href":"https:\/\/rissmann.com\/fr\/wp-json\/wp\/v2\/comments?post=10679"}],"version-history":[{"count":0,"href":"https:\/\/rissmann.com\/fr\/wp-json\/wp\/v2\/pages\/10679\/revisions"}],"up":[{"embeddable":true,"href":"https:\/\/rissmann.com\/fr\/wp-json\/wp\/v2\/pages\/11354"}],"wp:attachment":[{"href":"https:\/\/rissmann.com\/fr\/wp-json\/wp\/v2\/media?parent=10679"}],"curies":[{"name":"wp","href":"https:\/\/api.w.org\/{rel}","templated":true}]}}