{"id":10666,"date":"2017-05-03T17:08:57","date_gmt":"2017-05-03T15:08:57","guid":{"rendered":"https:\/\/rissmann.com\/flipinbox\/"},"modified":"2017-05-19T10:14:08","modified_gmt":"2017-05-19T08:14:08","slug":"flipinbox","status":"publish","type":"page","link":"https:\/\/rissmann.com\/fr\/concepts\/cartonnages\/flipinbox\/","title":{"rendered":"FlipInBox"},"content":{"rendered":"[vc_row][vc_column][vc_single_image image=\u00a0\u00bb3433&Prime; img_size=\u00a0\u00bbfull\u00a0\u00bb alignment=\u00a0\u00bbcenter\u00a0\u00bb title=\u00a0\u00bbFlipinBox\u00a0\u00bb][\/vc_column][\/vc_row][vc_row css=\u00a0\u00bb.vc_custom_1484656658826{margin-top: 50px !important;margin-right: 0px !important;margin-left: 0px !important;}\u00a0\u00bb][vc_column][vc_row_inner css=\u00a0\u00bb.vc_custom_1482965383778{padding-top: 30px !important;padding-right: 20px !important;padding-bottom: 30px !important;padding-left: 20px !important;background-color: #ffffff !important;}\u00a0\u00bb][vc_column_inner width=\u00a0\u00bb1\/3&Prime;][vc_column_text css_animation=\u00a0\u00bbleft-to-right\u00a0\u00bb css=\u00a0\u00bb.vc_custom_1484656781397{margin-bottom: 20px !important;}\u00a0\u00bb]\n<h4 id=\"toc_0\"><strong>FlipInBox<\/strong> bottle<\/h4>\n<p>Une nouvelle cr\u00e9ation dans le domaine des cartonnages durs pliants. Un conditionnement s\u00fbr et de tr\u00e8s grande qualit\u00e9 pour de nombreuses applications qui, gr\u00e2ce \u00e0 sa structure sophistiqu\u00e9e, contient tout ce que requiert un emballage &#8211; m\u00eame l&rsquo;inlay personnalis\u00e9. Cependant, ce cartonnage peut \u00eatre stock\u00e9 \u00e0 plat de mani\u00e8re tr\u00e8s compacte, aucune pi\u00e8ce suppl\u00e9mentaire n&rsquo;est n\u00e9cessaire pour l&rsquo;assemblage.[\/vc_column_text][vc_toggle title=\u00a0\u00bbcomposants\u00a0\u00bb style=\u00a0\u00bbarrow\u00a0\u00bb size=\u00a0\u00bbsm\u00a0\u00bb css_animation=\u00a0\u00bbleft-to-right\u00a0\u00bb el_id=\u00a0\u00bb1479333630554-608df785-0f22&Prime;]\n<ul>\n<li>monobande \u00e0 cinq pi\u00e8ces<\/li>\n<li>cadre int\u00e9rieur pliant<\/li>\n<li>inlay pliant, fixe, en option avec perforation<\/li>\n<li>fermeture aimant\u00e9e<\/li>\n<\/ul>\n[\/vc_toggle][vc_toggle title=\u00a0\u00bboptions\u00a0\u00bb style=\u00a0\u00bbarrow\u00a0\u00bb size=\u00a0\u00bbsm\u00a0\u00bb css_animation=\u00a0\u00bbleft-to-right\u00a0\u00bb el_id=\u00a0\u00bb1479333689481-e0e9f43d-cef9&Prime;]\n<ul>\n<li>fonction de pr\u00e9sentation &#8211; monobande enti\u00e8rement pliante ou avec r\u00e9glage en biais<\/li>\n<li>fen\u00eatre de visite en option dans la monobande<\/li>\n<li>de nombreuses possibilit\u00e9s d&rsquo;impression et d&rsquo;ennoblissement (vernis UV, cello, estampes, etc.)<\/li>\n<\/ul>\n[\/vc_toggle][vc_button title=\u00a0\u00bbvid\u00e9o du produit\u00a0\u00bb icon_fontawesome=\u00a0\u00bbfa fa-play-circle\u00a0\u00bb align=\u00a0\u00bbleft\u00a0\u00bb add_icon=\u00a0\u00bbtrue\u00a0\u00bb el_class=\u00a0\u00bbvideo\u00a0\u00bb href=\u00a0\u00bbhttps:\/\/www.youtube.com\/watch?v=8BdxEnvdr88&amp;rel=0&Prime;][\/vc_column_inner][vc_column_inner width=\u00a0\u00bb2\/3&Prime;][vc_images_carousel images=\u00a0\u00bb4868,6428,4867,4869&Prime; img_size=\u00a0\u00bb710&#215;473&Prime;][\/vc_column_inner][\/vc_row_inner][\/vc_column][\/vc_row][vc_row css=\u00a0\u00bb.vc_custom_1484656706679{margin-top: 35px !important;margin-right: 0px !important;margin-left: 0px !important;}\u00a0\u00bb][vc_column][vc_row_inner css=\u00a0\u00bb.vc_custom_1482965393016{padding-top: 30px !important;padding-right: 20px !important;padding-bottom: 30px !important;padding-left: 20px !important;background-color: #ffffff !important;}\u00a0\u00bb][vc_column_inner width=\u00a0\u00bb2\/3&Prime;][vc_images_carousel images=\u00a0\u00bb4874,4875&Prime; img_size=\u00a0\u00bb710&#215;473&Prime;][\/vc_column_inner][vc_column_inner width=\u00a0\u00bb1\/3&Prime;][vc_column_text css_animation=\u00a0\u00bbleft-to-right\u00a0\u00bb css=\u00a0\u00bb.vc_custom_1484656768254{margin-bottom: 20px !important;}\u00a0\u00bb]\n<h4 id=\"toc_1\"><strong>FlipInBox<\/strong> allround<\/h4>\n<p>Une nouvelle cr\u00e9ation dans le domaine des cartonnages durs pliants. Un conditionnement s\u00fbr et de tr\u00e8s grande qualit\u00e9 pour de nombreuses applications qui, gr\u00e2ce \u00e0 sa structure sophistiqu\u00e9e, contient tout ce que requiert un emballage \u2013 m\u00eame l&rsquo;inlay personnalis\u00e9. Cependant, ce cartonnage peut \u00eatre stock\u00e9 \u00e0 plat de mani\u00e8re tr\u00e8s compacte, aucune pi\u00e8ce suppl\u00e9mentaire n&rsquo;est n\u00e9cessaire pour l&rsquo;assemblage.[\/vc_column_text][vc_toggle title=\u00a0\u00bbcomposants\u00a0\u00bb style=\u00a0\u00bbarrow\u00a0\u00bb size=\u00a0\u00bbsm\u00a0\u00bb css_animation=\u00a0\u00bbleft-to-right\u00a0\u00bb el_id=\u00a0\u00bb1479334122980-5ea7abd4-6a4c\u00a0\u00bb]\n<ul>\n<li>monobande \u00e0 cinq pi\u00e8ces<\/li>\n<li>cadre int\u00e9rieur pliant<\/li>\n<li>inlay pliant, fixe, au niveau du fond<\/li>\n<li>fermeture aimant\u00e9e<\/li>\n<\/ul>\n[\/vc_toggle][vc_toggle title=\u00a0\u00bboptions\u00a0\u00bb style=\u00a0\u00bbarrow\u00a0\u00bb size=\u00a0\u00bbsm\u00a0\u00bb css_animation=\u00a0\u00bbleft-to-right\u00a0\u00bb el_id=\u00a0\u00bb1483015922410-3e46a525-f263&Prime;]\n<ul>\n<li>fonction de pr\u00e9sentation &#8211; monobande avec r\u00e9glage en biais<\/li>\n<li>fen\u00eatre de visite en option dans la monobande<\/li>\n<li>de nombreuses possibilit\u00e9s d&rsquo;impression et d&rsquo;ennoblissement (vernis UV, cello, estampes, etc.)<\/li>\n<\/ul>\n[\/vc_toggle][vc_button title=\u00a0\u00bbvid\u00e9o du produit\u00a0\u00bb icon_fontawesome=\u00a0\u00bbfa fa-play-circle\u00a0\u00bb align=\u00a0\u00bbleft\u00a0\u00bb add_icon=\u00a0\u00bbtrue\u00a0\u00bb el_class=\u00a0\u00bbvideo\u00a0\u00bb href=\u00a0\u00bbhttps:\/\/www.youtube.com\/watch?v=CkxMfD2X3oE&amp;rel=0&Prime;][\/vc_column_inner][\/vc_row_inner][\/vc_column][\/vc_row][vc_row css=\u00a0\u00bb.vc_custom_1484656740384{margin-top: 35px !important;margin-right: 0px !important;margin-bottom: 15px !important;margin-left: 0px !important;}\u00a0\u00bb][vc_column][vc_row_inner css=\u00a0\u00bb.vc_custom_1482965401249{padding-top: 30px !important;padding-right: 20px !important;padding-bottom: 30px !important;padding-left: 20px !important;background-color: #ffffff !important;}\u00a0\u00bb][vc_column_inner width=\u00a0\u00bb1\/3&Prime;][vc_column_text css_animation=\u00a0\u00bbleft-to-right\u00a0\u00bb css=\u00a0\u00bb.vc_custom_1484656753087{margin-bottom: 20px !important;}\u00a0\u00bb]\n<h4 id=\"toc_2\"><strong>FlipInBox<\/strong> allround inlay<\/h4>\n<p>Une nouvelle cr\u00e9ation dans le domaine des cartonnages durs pliants. Un conditionnement s\u00fbr et de tr\u00e8s grande qualit\u00e9 pour de nombreuses applications qui, gr\u00e2ce \u00e0 sa structure sophistiqu\u00e9e, contient tout ce que requiert un emballage \u2013 m\u00eame l&rsquo;inlay personnalis\u00e9. Cependant, ce cartonnage peut \u00eatre stock\u00e9 \u00e0 plat de mani\u00e8re tr\u00e8s compacte, aucune pi\u00e8ce suppl\u00e9mentaire n&rsquo;est n\u00e9cessaire pour l&rsquo;assemblage.[\/vc_column_text][vc_toggle title=\u00a0\u00bbcomposants\u00a0\u00bb style=\u00a0\u00bbarrow\u00a0\u00bb size=\u00a0\u00bbsm\u00a0\u00bb css_animation=\u00a0\u00bbleft-to-right\u00a0\u00bb el_id=\u00a0\u00bb1479334125526-be515088-90ff\u00a0\u00bb]\n<ul>\n<li>monobande \u00e0 cinq pi\u00e8ces<\/li>\n<li>cadre int\u00e9rieur pliant<\/li>\n<li>inlay pliant, fixe, en option avec perforation, en option avec pi\u00e8ce emboutie<\/li>\n<li>bande de fixation en option<\/li>\n<li>fermeture aimant\u00e9e<\/li>\n<\/ul>\n[\/vc_toggle][vc_toggle title=\u00a0\u00bboptions\u00a0\u00bb style=\u00a0\u00bbarrow\u00a0\u00bb size=\u00a0\u00bbsm\u00a0\u00bb css_animation=\u00a0\u00bbleft-to-right\u00a0\u00bb el_id=\u00a0\u00bb1479334125578-af82c6a4-b3ad\u00a0\u00bb]\n<ul>\n<li>fonction de pr\u00e9sentation &#8211; monobande avec r\u00e9glage en biais<\/li>\n<li>fen\u00eatre de visite en option dans la monobande<\/li>\n<li>de nombreuses possibilit\u00e9s d&rsquo;impression et d&rsquo;ennoblissement (vernis UV, cello, estampes, etc.)<\/li>\n<\/ul>\n[\/vc_toggle][vc_button title=\u00a0\u00bbvid\u00e9o du produit\u00a0\u00bb icon_fontawesome=\u00a0\u00bbfa fa-play-circle\u00a0\u00bb align=\u00a0\u00bbleft\u00a0\u00bb add_icon=\u00a0\u00bbtrue\u00a0\u00bb el_class=\u00a0\u00bbvideo\u00a0\u00bb href=\u00a0\u00bbhttps:\/\/www.youtube.com\/watch?v=ZjbnbhARByE&amp;rel=0&Prime;][\/vc_column_inner][vc_column_inner width=\u00a0\u00bb2\/3&Prime;][vc_images_carousel images=\u00a0\u00bb4876,6396,6391&Prime; img_size=\u00a0\u00bb710&#215;473&Prime;][\/vc_column_inner][\/vc_row_inner][\/vc_column][\/vc_row]\n","protected":false},"excerpt":{"rendered":"<p>[vc_row][vc_column][vc_single_image image=\u00a0\u00bb3433&Prime; img_size=\u00a0\u00bbfull\u00a0\u00bb alignment=\u00a0\u00bbcenter\u00a0\u00bb title=\u00a0\u00bbFlipinBox\u00a0\u00bb][\/vc_column][\/vc_row][vc_row css=\u00a0\u00bb.vc_custom_1484656658826{margin-top: 50px !important;margin-right: 0px !important;margin-left: 0px !important;}\u00a0\u00bb][vc_column][vc_row_inner css=\u00a0\u00bb.vc_custom_1482965383778{padding-top: 30px !important;padding-right: 20px !important;padding-bottom: 30px !important;padding-left: 20px !important;background-color: #ffffff !important;}\u00a0\u00bb][vc_column_inner width=\u00a0\u00bb1\/3&Prime;][vc_column_text css_animation=\u00a0\u00bbleft-to-right\u00a0\u00bb css=\u00a0\u00bb.vc_custom_1484656781397{margin-bottom: 20px !important;}\u00a0\u00bb] FlipInBox bottle Une nouvelle cr\u00e9ation dans le domaine des cartonnages durs pliants. Un conditionnement s\u00fbr et de tr\u00e8s grande qualit\u00e9 pour de nombreuses applications qui, gr\u00e2ce \u00e0&#8230;<\/p>\n","protected":false},"author":1,"featured_media":0,"parent":11354,"menu_order":0,"comment_status":"closed","ping_status":"closed","template":"page-full.php","meta":[],"_links":{"self":[{"href":"https:\/\/rissmann.com\/fr\/wp-json\/wp\/v2\/pages\/10666"}],"collection":[{"href":"https:\/\/rissmann.com\/fr\/wp-json\/wp\/v2\/pages"}],"about":[{"href":"https:\/\/rissmann.com\/fr\/wp-json\/wp\/v2\/types\/page"}],"author":[{"embeddable":true,"href":"https:\/\/rissmann.com\/fr\/wp-json\/wp\/v2\/users\/1"}],"replies":[{"embeddable":true,"href":"https:\/\/rissmann.com\/fr\/wp-json\/wp\/v2\/comments?post=10666"}],"version-history":[{"count":0,"href":"https:\/\/rissmann.com\/fr\/wp-json\/wp\/v2\/pages\/10666\/revisions"}],"up":[{"embeddable":true,"href":"https:\/\/rissmann.com\/fr\/wp-json\/wp\/v2\/pages\/11354"}],"wp:attachment":[{"href":"https:\/\/rissmann.com\/fr\/wp-json\/wp\/v2\/media?parent=10666"}],"curies":[{"name":"wp","href":"https:\/\/api.w.org\/{rel}","templated":true}]}}