{"id":10658,"date":"2017-05-03T16:58:20","date_gmt":"2017-05-03T14:58:20","guid":{"rendered":"https:\/\/rissmann.com\/boite-pliante\/"},"modified":"2017-05-03T16:58:22","modified_gmt":"2017-05-03T14:58:22","slug":"boite-pliante","status":"publish","type":"page","link":"https:\/\/rissmann.com\/fr\/concepts\/cartonnages\/boite-pliante\/","title":{"rendered":"bo\u00eete pliante"},"content":{"rendered":"[vc_row css=\u00a0\u00bb.vc_custom_1484229027666{padding-top: 0px !important;}\u00a0\u00bb][vc_column][vc_single_image image=\u00a0\u00bb3432&Prime; img_size=\u00a0\u00bbfull\u00a0\u00bb alignment=\u00a0\u00bbcenter\u00a0\u00bb title=\u00a0\u00bbbo\u00eete pliante\u00a0\u00bb][\/vc_column][\/vc_row][vc_row css=\u00a0\u00bb.vc_custom_1484229042591{margin-top: 50px !important;margin-right: 0px !important;margin-left: 0px !important;}\u00a0\u00bb][vc_column][vc_row_inner css=\u00a0\u00bb.vc_custom_1482965383778{padding-top: 30px !important;padding-right: 20px !important;padding-bottom: 30px !important;padding-left: 20px !important;background-color: #ffffff !important;}\u00a0\u00bb][vc_column_inner width=\u00a0\u00bb1\/3&Prime;][vc_column_text css_animation=\u00a0\u00bbleft-to-right\u00a0\u00bb css=\u00a0\u00bb.vc_custom_1484229126856{margin-bottom: 20px !important;}\u00a0\u00bb]\n<h4 id=\"toc_0\"><strong>Bo\u00eete pliante<\/strong><\/h4>\n<p>Pi\u00e8ce unique perfor\u00e9e en tant que conditionnement pliant classique.[\/vc_column_text][vc_toggle title=\u00a0\u00bbcomposants\u00a0\u00bb style=\u00a0\u00bbarrow\u00a0\u00bb size=\u00a0\u00bbsm\u00a0\u00bb css_animation=\u00a0\u00bbleft-to-right\u00a0\u00bb el_id=\u00a0\u00bb1479333630554-608df785-0f22&Prime;]\n<ul>\n<li>carton perfor\u00e9\/rainur\u00e9 ou carton ondul\u00e9 perfor\u00e9<\/li>\n<\/ul>\n[\/vc_toggle][vc_toggle title=\u00a0\u00bboptions\u00a0\u00bb style=\u00a0\u00bbarrow\u00a0\u00bb size=\u00a0\u00bbsm\u00a0\u00bb css_animation=\u00a0\u00bbleft-to-right\u00a0\u00bb el_id=\u00a0\u00bb1479333689481-e0e9f43d-cef9&Prime;]\n<ul>\n<li>en option avec fen\u00eatre de visite<\/li>\n<li>livr\u00e9 \u00e0 plat<\/li>\n<li>production, installation et remplissage semi-automatiques possibles<\/li>\n<li>de nombreuses possibilit\u00e9s d&rsquo;impression et d&rsquo;ennoblissement (vernis UV, cello, estampes, etc.)<\/li>\n<\/ul>\n[\/vc_toggle][\/vc_column_inner][vc_column_inner width=\u00a0\u00bb2\/3&Prime;][vc_single_image image=\u00a0\u00bb6816&Prime; img_size=\u00a0\u00bb710&#215;473&Prime; onclick=\u00a0\u00bblink_image\u00a0\u00bb][\/vc_column_inner][\/vc_row_inner][\/vc_column][\/vc_row][vc_row css=\u00a0\u00bb.vc_custom_1484229071544{margin-top: 35px !important;margin-right: 0px !important;margin-left: 0px !important;}\u00a0\u00bb][vc_column][vc_row_inner css=\u00a0\u00bb.vc_custom_1482965393016{padding-top: 30px !important;padding-right: 20px !important;padding-bottom: 30px !important;padding-left: 20px !important;background-color: #ffffff !important;}\u00a0\u00bb][vc_column_inner width=\u00a0\u00bb2\/3&Prime;][vc_images_carousel images=\u00a0\u00bb4295,4294&Prime; img_size=\u00a0\u00bb710&#215;473&Prime;][\/vc_column_inner][vc_column_inner width=\u00a0\u00bb1\/3&Prime;][vc_column_text css_animation=\u00a0\u00bbleft-to-right\u00a0\u00bb css=\u00a0\u00bb.vc_custom_1484229139491{margin-bottom: 20px !important;}\u00a0\u00bb]\n<h4 id=\"toc_0\"><strong>Bo\u00eete pliante<\/strong><\/h4>\n<p>Pi\u00e8ce unique perfor\u00e9e en tant que conditionnement pliant classique.[\/vc_column_text][vc_toggle title=\u00a0\u00bbcomposants\u00a0\u00bb style=\u00a0\u00bbarrow\u00a0\u00bb size=\u00a0\u00bbsm\u00a0\u00bb css_animation=\u00a0\u00bbleft-to-right\u00a0\u00bb el_id=\u00a0\u00bb1479334122980-5ea7abd4-6a4c\u00a0\u00bb]\n<ul>\n<li>carton perfor\u00e9\/rainur\u00e9 ou carton ondul\u00e9 perfor\u00e9<\/li>\n<li>tablette de stabilisation<\/li>\n<li>ruban adh\u00e9sif pour stabiliser la clapet<\/li>\n<\/ul>\n[\/vc_toggle][vc_toggle title=\u00a0\u00bboptions\u00a0\u00bb style=\u00a0\u00bbarrow\u00a0\u00bb size=\u00a0\u00bbsm\u00a0\u00bb css_animation=\u00a0\u00bbleft-to-right\u00a0\u00bb el_id=\u00a0\u00bb1483015922410-3e46a525-f263&Prime;]\n<ul>\n<li>en option avec fen\u00eatre de visite<\/li>\n<li>livr\u00e9 \u00e0 plat<\/li>\n<li>production, installation et remplissage semi-automatiques possibles<\/li>\n<li>de nombreuses possibilit\u00e9s d&rsquo;impression et d&rsquo;ennoblissement (vernis UV, cello, estampes, etc.)<\/li>\n<\/ul>\n[\/vc_toggle][\/vc_column_inner][\/vc_row_inner][\/vc_column][\/vc_row][vc_row css=\u00a0\u00bb.vc_custom_1484229082704{margin-top: 35px !important;margin-right: 0px !important;margin-left: 0px !important;}\u00a0\u00bb][vc_column][vc_row_inner css=\u00a0\u00bb.vc_custom_1482965401249{padding-top: 30px !important;padding-right: 20px !important;padding-bottom: 30px !important;padding-left: 20px !important;background-color: #ffffff !important;}\u00a0\u00bb][vc_column_inner width=\u00a0\u00bb1\/3&Prime;][vc_column_text css_animation=\u00a0\u00bbleft-to-right\u00a0\u00bb css=\u00a0\u00bb.vc_custom_1484229151661{margin-bottom: 20px !important;}\u00a0\u00bb]\n<h4 id=\"toc_0\"><strong>Bo\u00eete pliante<\/strong><\/h4>\n<p>Pi\u00e8ce unique perfor\u00e9e en tant que conditionnement pliant classique.[\/vc_column_text][vc_toggle title=\u00a0\u00bbcomposants\u00a0\u00bb style=\u00a0\u00bbarrow\u00a0\u00bb size=\u00a0\u00bbsm\u00a0\u00bb css_animation=\u00a0\u00bbleft-to-right\u00a0\u00bb el_id=\u00a0\u00bb1479334125526-be515088-90ff\u00a0\u00bb]\n<ul>\n<li>carton perfor\u00e9\/rainur\u00e9 ou carton ondul\u00e9 perfor\u00e9<\/li>\n<\/ul>\n[\/vc_toggle][vc_toggle title=\u00a0\u00bboptions\u00a0\u00bb style=\u00a0\u00bbarrow\u00a0\u00bb size=\u00a0\u00bbsm\u00a0\u00bb css_animation=\u00a0\u00bbleft-to-right\u00a0\u00bb el_id=\u00a0\u00bb1479334125578-af82c6a4-b3ad\u00a0\u00bb]\n<ul>\n<li>en option avec fen\u00eatre de visite<\/li>\n<li>livr\u00e9 \u00e0 plat<\/li>\n<li>production, installation et remplissage semi-automatiques possibles<\/li>\n<li>de nombreuses possibilit\u00e9s d&rsquo;impression et d&rsquo;ennoblissement (vernis UV, cello, estampes, etc.)<\/li>\n<\/ul>\n[\/vc_toggle][\/vc_column_inner][vc_column_inner width=\u00a0\u00bb2\/3&Prime;][vc_images_carousel images=\u00a0\u00bb4291,4292&Prime; img_size=\u00a0\u00bb710&#215;473&Prime;][\/vc_column_inner][\/vc_row_inner][\/vc_column][\/vc_row][vc_row css=\u00a0\u00bb.vc_custom_1484229094826{margin-top: 35px !important;margin-right: 0px !important;margin-bottom: 15px !important;margin-left: 0px !important;}\u00a0\u00bb][vc_column][vc_row_inner css=\u00a0\u00bb.vc_custom_1482965412055{padding-top: 30px !important;padding-right: 20px !important;padding-bottom: 30px !important;padding-left: 20px !important;background-color: #ffffff !important;}\u00a0\u00bb][vc_column_inner width=\u00a0\u00bb2\/3&Prime;][vc_single_image image=\u00a0\u00bb6818&Prime; img_size=\u00a0\u00bb710&#215;473&Prime; onclick=\u00a0\u00bblink_image\u00a0\u00bb][\/vc_column_inner][vc_column_inner width=\u00a0\u00bb1\/3&Prime;][vc_column_text css_animation=\u00a0\u00bbleft-to-right\u00a0\u00bb css=\u00a0\u00bb.vc_custom_1484229215731{margin-bottom: 20px !important;}\u00a0\u00bb]\n<h4 id=\"toc_0\"><strong>Bo\u00eete pliante<\/strong><\/h4>\n<p>Pi\u00e8ce unique perfor\u00e9e en tant que conditionnement pliant classique.[\/vc_column_text][vc_toggle title=\u00a0\u00bbcomposants\u00a0\u00bb style=\u00a0\u00bbarrow\u00a0\u00bb size=\u00a0\u00bbsm\u00a0\u00bb css_animation=\u00a0\u00bbleft-to-right\u00a0\u00bb el_id=\u00a0\u00bb1479386274345-ba7c24b4-6334&Prime;]\n<ul>\n<li>carton perfor\u00e9\/rainur\u00e9 ou carton ondul\u00e9 perfor\u00e9<\/li>\n<\/ul>\n[\/vc_toggle][vc_toggle title=\u00a0\u00bboptions\u00a0\u00bb style=\u00a0\u00bbarrow\u00a0\u00bb size=\u00a0\u00bbsm\u00a0\u00bb css_animation=\u00a0\u00bbleft-to-right\u00a0\u00bb el_id=\u00a0\u00bb1483015912846-003c3460-ddab\u00a0\u00bb]\n<ul>\n<li>en option avec fen\u00eatre de visite<\/li>\n<li>livr\u00e9 \u00e0 plat<\/li>\n<li>production, installation et remplissage semi-automatiques possibles<\/li>\n<li>de nombreuses possibilit\u00e9s d&rsquo;impression et d&rsquo;ennoblissement (vernis UV, cello, estampes, etc.)<\/li>\n<\/ul>\n[\/vc_toggle][\/vc_column_inner][\/vc_row_inner][\/vc_column][\/vc_row]\n","protected":false},"excerpt":{"rendered":"<p>[vc_row css=\u00a0\u00bb.vc_custom_1484229027666{padding-top: 0px !important;}\u00a0\u00bb][vc_column][vc_single_image image=\u00a0\u00bb3432&Prime; img_size=\u00a0\u00bbfull\u00a0\u00bb alignment=\u00a0\u00bbcenter\u00a0\u00bb title=\u00a0\u00bbbo\u00eete pliante\u00a0\u00bb][\/vc_column][\/vc_row][vc_row css=\u00a0\u00bb.vc_custom_1484229042591{margin-top: 50px !important;margin-right: 0px !important;margin-left: 0px !important;}\u00a0\u00bb][vc_column][vc_row_inner css=\u00a0\u00bb.vc_custom_1482965383778{padding-top: 30px !important;padding-right: 20px !important;padding-bottom: 30px !important;padding-left: 20px !important;background-color: #ffffff !important;}\u00a0\u00bb][vc_column_inner width=\u00a0\u00bb1\/3&Prime;][vc_column_text css_animation=\u00a0\u00bbleft-to-right\u00a0\u00bb css=\u00a0\u00bb.vc_custom_1484229126856{margin-bottom: 20px !important;}\u00a0\u00bb] Bo\u00eete pliante Pi\u00e8ce unique perfor\u00e9e en tant que conditionnement pliant classique.[\/vc_column_text][vc_toggle title=\u00a0\u00bbcomposants\u00a0\u00bb style=\u00a0\u00bbarrow\u00a0\u00bb size=\u00a0\u00bbsm\u00a0\u00bb css_animation=\u00a0\u00bbleft-to-right\u00a0\u00bb el_id=\u00a0\u00bb1479333630554-608df785-0f22&Prime;] carton perfor\u00e9\/rainur\u00e9 ou carton ondul\u00e9 perfor\u00e9 [\/vc_toggle][vc_toggle&#8230;<\/p>\n","protected":false},"author":1,"featured_media":0,"parent":11354,"menu_order":0,"comment_status":"closed","ping_status":"closed","template":"page-full.php","meta":[],"_links":{"self":[{"href":"https:\/\/rissmann.com\/fr\/wp-json\/wp\/v2\/pages\/10658"}],"collection":[{"href":"https:\/\/rissmann.com\/fr\/wp-json\/wp\/v2\/pages"}],"about":[{"href":"https:\/\/rissmann.com\/fr\/wp-json\/wp\/v2\/types\/page"}],"author":[{"embeddable":true,"href":"https:\/\/rissmann.com\/fr\/wp-json\/wp\/v2\/users\/1"}],"replies":[{"embeddable":true,"href":"https:\/\/rissmann.com\/fr\/wp-json\/wp\/v2\/comments?post=10658"}],"version-history":[{"count":0,"href":"https:\/\/rissmann.com\/fr\/wp-json\/wp\/v2\/pages\/10658\/revisions"}],"up":[{"embeddable":true,"href":"https:\/\/rissmann.com\/fr\/wp-json\/wp\/v2\/pages\/11354"}],"wp:attachment":[{"href":"https:\/\/rissmann.com\/fr\/wp-json\/wp\/v2\/media?parent=10658"}],"curies":[{"name":"wp","href":"https:\/\/api.w.org\/{rel}","templated":true}]}}