{"id":10634,"date":"2017-05-03T11:48:24","date_gmt":"2017-05-03T09:48:24","guid":{"rendered":"https:\/\/rissmann.com\/boite-a-etages\/"},"modified":"2017-05-03T16:46:18","modified_gmt":"2017-05-03T14:46:18","slug":"boite-a-etages","status":"publish","type":"page","link":"https:\/\/rissmann.com\/fr\/concepts\/cartonnages\/boite-a-etages\/","title":{"rendered":"bo\u00eete \u00e0 \u00e9tages"},"content":{"rendered":"[vc_row css=\u00a0\u00bb.vc_custom_1484658988840{padding-top: 0px !important;}\u00a0\u00bb][vc_column][vc_single_image image=\u00a0\u00bb3431&Prime; img_size=\u00a0\u00bbfull\u00a0\u00bb alignment=\u00a0\u00bbcenter\u00a0\u00bb title=\u00a0\u00bbbo\u00eete \u00e0 \u00e9tages\u00a0\u00bb][\/vc_column][\/vc_row][vc_row css=\u00a0\u00bb.vc_custom_1486125355340{margin-top: 50px !important;margin-right: 0px !important;margin-left: 0px !important;}\u00a0\u00bb][vc_column][vc_row_inner css=\u00a0\u00bb.vc_custom_1482965383778{padding-top: 30px !important;padding-right: 20px !important;padding-bottom: 30px !important;padding-left: 20px !important;background-color: #ffffff !important;}\u00a0\u00bb][vc_column_inner width=\u00a0\u00bb1\/3&Prime;][vc_column_text css_animation=\u00a0\u00bbleft-to-right\u00a0\u00bb css=\u00a0\u00bb.vc_custom_1486125337796{margin-bottom: 20px !important;}\u00a0\u00bb]\n<h4 id=\"toc_0\"><strong>Bo\u00eete \u00e0 \u00e9tages<\/strong><\/h4>\n<p>Une bo\u00eete \u00e0 bascule avec trois \u00e9tages pour diff\u00e9rents produits.[\/vc_column_text][vc_toggle title=\u00a0\u00bbcomposants\u00a0\u00bb style=\u00a0\u00bbarrow\u00a0\u00bb size=\u00a0\u00bbsm\u00a0\u00bb css_animation=\u00a0\u00bbleft-to-right\u00a0\u00bb el_id=\u00a0\u00bb1479333630554-608df785-0f22&Prime;]\n<ul>\n<li>monobande \u00e0 quatre pi\u00e8ces avec cliquet<\/li>\n<li>max. trois compartiments servant d&rsquo;\u00e9tages<\/li>\n<li>inlays individuels dans les compartimentscouvercle \u00e0 rabat<\/li>\n<\/ul>\n[\/vc_toggle][vc_toggle title=\u00a0\u00bboptions\u00a0\u00bb style=\u00a0\u00bbarrow\u00a0\u00bb size=\u00a0\u00bbsm\u00a0\u00bb css_animation=\u00a0\u00bbleft-to-right\u00a0\u00bb el_id=\u00a0\u00bb1479333689481-e0e9f43d-cef9&Prime;]\n<ul>\n<li>fen\u00eatre de visite en option dans le couvercle \u00e0 rabat<\/li>\n<li>de nombreuses possibilit\u00e9s d&rsquo;impression et d&rsquo;ennoblissement (vernis UV, cello, estampes, etc.)<\/li>\n<\/ul>\n[\/vc_toggle][\/vc_column_inner][vc_column_inner width=\u00a0\u00bb2\/3&Prime;][vc_images_carousel images=\u00a0\u00bb4883,4884&Prime; img_size=\u00a0\u00bb710&#215;473&Prime;][\/vc_column_inner][\/vc_row_inner][\/vc_column][\/vc_row][vc_row css=\u00a0\u00bb.vc_custom_1486125347993{margin-top: 35px !important;margin-right: 0px !important;margin-bottom: 15px !important;margin-left: 0px !important;}\u00a0\u00bb][vc_column][vc_row_inner css=\u00a0\u00bb.vc_custom_1482965383778{padding-top: 30px !important;padding-right: 20px !important;padding-bottom: 30px !important;padding-left: 20px !important;background-color: #ffffff !important;}\u00a0\u00bb][vc_column_inner width=\u00a0\u00bb2\/3&Prime;][vc_images_carousel images=\u00a0\u00bb6622,6623,6624&Prime; img_size=\u00a0\u00bb710&#215;473&Prime;][\/vc_column_inner][vc_column_inner width=\u00a0\u00bb1\/3&Prime;][vc_column_text css_animation=\u00a0\u00bbleft-to-right\u00a0\u00bb css=\u00a0\u00bb.vc_custom_1486126689429{margin-bottom: 20px !important;}\u00a0\u00bb]\n<h4 id=\"toc_0\"><strong>Bo\u00eete \u00e0 \u00e9tages<\/strong><\/h4>\n<p>Une bo\u00eete \u00e0 bascule avec deux \u00e9tages pour diff\u00e9rents produits.[\/vc_column_text][vc_toggle title=\u00a0\u00bbcomposants\u00a0\u00bb style=\u00a0\u00bbarrow\u00a0\u00bb size=\u00a0\u00bbsm\u00a0\u00bb css_animation=\u00a0\u00bbleft-to-right\u00a0\u00bb el_id=\u00a0\u00bb1486124857623-cb83dd68-976d\u00a0\u00bb]\n<ul>\n<li>monobande \u00e0 quatre pi\u00e8ces avec cliquet<\/li>\n<li>deux compartiments servant d&rsquo;\u00e9tages<\/li>\n<li>inlays individuels dans les compartiments<\/li>\n<li>couvercle \u00e0 rabat<\/li>\n<\/ul>\n[\/vc_toggle][vc_toggle title=\u00a0\u00bboptions\u00a0\u00bb style=\u00a0\u00bbarrow\u00a0\u00bb size=\u00a0\u00bbsm\u00a0\u00bb css_animation=\u00a0\u00bbleft-to-right\u00a0\u00bb el_id=\u00a0\u00bb1486124908834-303321bd-147d\u00a0\u00bb]\n<ul>\n<li>fen\u00eatre de visite en option dans le couvercle \u00e0 rabat<\/li>\n<li>de nombreuses possibilit\u00e9s d&rsquo;impression et d&rsquo;ennoblissement (vernis UV, cello, estampes, etc.)<\/li>\n<\/ul>\n[\/vc_toggle][\/vc_column_inner][\/vc_row_inner][\/vc_column][\/vc_row]\n","protected":false},"excerpt":{"rendered":"<p>[vc_row css=\u00a0\u00bb.vc_custom_1484658988840{padding-top: 0px !important;}\u00a0\u00bb][vc_column][vc_single_image image=\u00a0\u00bb3431&Prime; img_size=\u00a0\u00bbfull\u00a0\u00bb alignment=\u00a0\u00bbcenter\u00a0\u00bb title=\u00a0\u00bbbo\u00eete \u00e0 \u00e9tages\u00a0\u00bb][\/vc_column][\/vc_row][vc_row css=\u00a0\u00bb.vc_custom_1486125355340{margin-top: 50px !important;margin-right: 0px !important;margin-left: 0px !important;}\u00a0\u00bb][vc_column][vc_row_inner css=\u00a0\u00bb.vc_custom_1482965383778{padding-top: 30px !important;padding-right: 20px !important;padding-bottom: 30px !important;padding-left: 20px !important;background-color: #ffffff !important;}\u00a0\u00bb][vc_column_inner width=\u00a0\u00bb1\/3&Prime;][vc_column_text css_animation=\u00a0\u00bbleft-to-right\u00a0\u00bb css=\u00a0\u00bb.vc_custom_1486125337796{margin-bottom: 20px !important;}\u00a0\u00bb] Bo\u00eete \u00e0 \u00e9tages Une bo\u00eete \u00e0 bascule avec trois \u00e9tages pour diff\u00e9rents produits.[\/vc_column_text][vc_toggle title=\u00a0\u00bbcomposants\u00a0\u00bb style=\u00a0\u00bbarrow\u00a0\u00bb size=\u00a0\u00bbsm\u00a0\u00bb css_animation=\u00a0\u00bbleft-to-right\u00a0\u00bb el_id=\u00a0\u00bb1479333630554-608df785-0f22&Prime;] monobande \u00e0 quatre pi\u00e8ces&#8230;<\/p>\n","protected":false},"author":1,"featured_media":0,"parent":11354,"menu_order":0,"comment_status":"closed","ping_status":"closed","template":"page-full.php","meta":[],"_links":{"self":[{"href":"https:\/\/rissmann.com\/fr\/wp-json\/wp\/v2\/pages\/10634"}],"collection":[{"href":"https:\/\/rissmann.com\/fr\/wp-json\/wp\/v2\/pages"}],"about":[{"href":"https:\/\/rissmann.com\/fr\/wp-json\/wp\/v2\/types\/page"}],"author":[{"embeddable":true,"href":"https:\/\/rissmann.com\/fr\/wp-json\/wp\/v2\/users\/1"}],"replies":[{"embeddable":true,"href":"https:\/\/rissmann.com\/fr\/wp-json\/wp\/v2\/comments?post=10634"}],"version-history":[{"count":0,"href":"https:\/\/rissmann.com\/fr\/wp-json\/wp\/v2\/pages\/10634\/revisions"}],"up":[{"embeddable":true,"href":"https:\/\/rissmann.com\/fr\/wp-json\/wp\/v2\/pages\/11354"}],"wp:attachment":[{"href":"https:\/\/rissmann.com\/fr\/wp-json\/wp\/v2\/media?parent=10634"}],"curies":[{"name":"wp","href":"https:\/\/api.w.org\/{rel}","templated":true}]}}