{"id":10595,"date":"2017-05-02T16:06:06","date_gmt":"2017-05-02T14:06:06","guid":{"rendered":"https:\/\/rissmann.com\/cartonnage-monobande\/"},"modified":"2017-05-16T17:07:54","modified_gmt":"2017-05-16T15:07:54","slug":"cartonnage-monobande","status":"publish","type":"page","link":"https:\/\/rissmann.com\/fr\/concepts\/cartonnages\/cartonnage-monobande\/","title":{"rendered":"cartonnage monobande"},"content":{"rendered":"[vc_row css=\u00a0\u00bb.vc_custom_1484227875358{padding-top: 0px !important;}\u00a0\u00bb][vc_column][vc_single_image image=\u00a0\u00bb3429&Prime; img_size=\u00a0\u00bbfull\u00a0\u00bb alignment=\u00a0\u00bbcenter\u00a0\u00bb title=\u00a0\u00bbcartonnage monobande\u00a0\u00bb][\/vc_column][\/vc_row][vc_row css=\u00a0\u00bb.vc_custom_1484227923205{margin-top: 50px !important;margin-right: 0px !important;margin-left: 0px !important;}\u00a0\u00bb][vc_column][vc_row_inner css=\u00a0\u00bb.vc_custom_1482965383778{padding-top: 30px !important;padding-right: 20px !important;padding-bottom: 30px !important;padding-left: 20px !important;background-color: #ffffff !important;}\u00a0\u00bb][vc_column_inner width=\u00a0\u00bb1\/3&Prime;][vc_column_text css_animation=\u00a0\u00bbleft-to-right\u00a0\u00bb css=\u00a0\u00bb.vc_custom_1494947221693{margin-bottom: 20px !important;}\u00a0\u00bb]\n<h4><strong>Cartonnage monobande<\/strong> avec coffret fixe<\/h4>\n<p>Un conditionnement de qualit\u00e9 et s\u00fbr pour de nombreux produits qui mettent parfaitement en sc\u00e8ne votre contenu.[\/vc_column_text][vc_toggle title=\u00a0\u00bbcomposants\u00a0\u00bb style=\u00a0\u00bbarrow\u00a0\u00bb size=\u00a0\u00bbsm\u00a0\u00bb css_animation=\u00a0\u00bbleft-to-right\u00a0\u00bb el_id=\u00a0\u00bb1479333630554-608df785-0f22&Prime;]\n<ul>\n<li>monobande \u00e0 quatre pi\u00e8ces<\/li>\n<li>coffret int\u00e9rieur fixe<\/li>\n<li>fermeture (aimants)<\/li>\n<li>inlay personnalis\u00e9s<\/li>\n<\/ul>\n[\/vc_toggle][vc_toggle title=\u00a0\u00bboptions\u00a0\u00bb style=\u00a0\u00bbarrow\u00a0\u00bb size=\u00a0\u00bbsm\u00a0\u00bb css_animation=\u00a0\u00bbleft-to-right\u00a0\u00bb el_id=\u00a0\u00bb1479333689481-e0e9f43d-cef9&Prime;]\n<ul>\n<li>fonction de pr\u00e9sentation \u2013 conditionnement avec r\u00e9glage en biais<\/li>\n<li>fen\u00eatre de visite possible dans la monobande<\/li>\n<li>plaque int\u00e9rieur de couvercle possible<\/li>\n<li>autres variantes de fermeture possibles (par ex. bande de caoutchouc, bande de cuir, banderole etc.)<\/li>\n<li>nombreuses possibilit\u00e9s d&rsquo;impression ou d&rsquo;ennoblissement (cello, estampes ou vernis UV etc.)<\/li>\n<\/ul>\n[\/vc_toggle][\/vc_column_inner][vc_column_inner width=\u00a0\u00bb2\/3&Prime;][vc_images_carousel images=\u00a0\u00bb6907,6908,6909&Prime; img_size=\u00a0\u00bb710&#215;473&Prime; wrap=\u00a0\u00bbyes\u00a0\u00bb][\/vc_column_inner][\/vc_row_inner][\/vc_column][\/vc_row][vc_row css=\u00a0\u00bb.vc_custom_1484227943731{margin-top: 35px !important;margin-right: 0px !important;margin-left: 0px !important;}\u00a0\u00bb][vc_column][vc_row_inner css=\u00a0\u00bb.vc_custom_1482965393016{padding-top: 30px !important;padding-right: 20px !important;padding-bottom: 30px !important;padding-left: 20px !important;background-color: #ffffff !important;}\u00a0\u00bb][vc_column_inner width=\u00a0\u00bb2\/3&Prime;][vc_images_carousel images=\u00a0\u00bb6910,6911&Prime; img_size=\u00a0\u00bb710&#215;473&Prime;][\/vc_column_inner][vc_column_inner width=\u00a0\u00bb1\/3&Prime; css=\u00a0\u00bb.vc_custom_1484228081767{padding-left: 18px !important;}\u00a0\u00bb][vc_column_text css_animation=\u00a0\u00bbleft-to-right\u00a0\u00bb css=\u00a0\u00bb.vc_custom_1494947243786{margin-bottom: 20px !important;}\u00a0\u00bb]\n<h4><strong>Cartonnage monobande<\/strong> avec coffret fixe<\/h4>\n<p>Un conditionnement de qualit\u00e9 et s\u00fbr pour de nombreux produits qui mettent parfaitement en sc\u00e8ne votre contenu.[\/vc_column_text][vc_toggle title=\u00a0\u00bbcomposants\u00a0\u00bb style=\u00a0\u00bbarrow\u00a0\u00bb size=\u00a0\u00bbsm\u00a0\u00bb css_animation=\u00a0\u00bbleft-to-right\u00a0\u00bb el_id=\u00a0\u00bb1479334122980-5ea7abd4-6a4c\u00a0\u00bb]\n<ul>\n<li>monobande \u00e0 quatre pi\u00e8ces<\/li>\n<li>coffret int\u00e9rieur fixe<\/li>\n<li>fermeture (aimants)<\/li>\n<li>inlay personnalis\u00e9s<\/li>\n<\/ul>\n[\/vc_toggle][vc_toggle title=\u00a0\u00bboptions\u00a0\u00bb style=\u00a0\u00bbarrow\u00a0\u00bb size=\u00a0\u00bbsm\u00a0\u00bb css_animation=\u00a0\u00bbleft-to-right\u00a0\u00bb el_id=\u00a0\u00bb1483015922410-3e46a525-f263&Prime;]\n<ul>\n<li>fonction de pr\u00e9sentation \u2013 conditionnement avec r\u00e9glage en biais<\/li>\n<li>fen\u00eatre de visite possible dans la monobande<\/li>\n<li>plaque int\u00e9rieur de couvercle possible<\/li>\n<li>autres variantes de fermeture possibles (par ex. bande de caoutchouc, bande de cuir, banderole etc.)<\/li>\n<li>nombreuses possibilit\u00e9s d&rsquo;impression ou d&rsquo;ennoblissement (cello, estampes ou vernis UV etc.)<\/li>\n<\/ul>\n[\/vc_toggle][\/vc_column_inner][\/vc_row_inner][\/vc_column][\/vc_row][vc_row css=\u00a0\u00bb.vc_custom_1484227963416{margin-top: 35px !important;margin-right: 0px !important;margin-left: 0px !important;}\u00a0\u00bb][vc_column][vc_row_inner css=\u00a0\u00bb.vc_custom_1482965401249{padding-top: 30px !important;padding-right: 20px !important;padding-bottom: 30px !important;padding-left: 20px !important;background-color: #ffffff !important;}\u00a0\u00bb][vc_column_inner width=\u00a0\u00bb1\/3&Prime;][vc_column_text css_animation=\u00a0\u00bbleft-to-right\u00a0\u00bb css=\u00a0\u00bb.vc_custom_1494947255514{margin-bottom: 20px !important;}\u00a0\u00bb]\n<h4><strong>Cartonnage monobande<\/strong> avec coffret fixe<\/h4>\n<p>Un conditionnement de qualit\u00e9 et s\u00fbr pour de nombreux produits, par ex. les spiritueux, qui mettent parfaitement en sc\u00e8ne votre contenu.[\/vc_column_text][vc_toggle title=\u00a0\u00bbcomposants\u00a0\u00bb style=\u00a0\u00bbarrow\u00a0\u00bb size=\u00a0\u00bbsm\u00a0\u00bb css_animation=\u00a0\u00bbleft-to-right\u00a0\u00bb el_id=\u00a0\u00bb1479334125526-be515088-90ff\u00a0\u00bb]\n<ul>\n<li>monobande \u00e0 cinq pi\u00e8ces<\/li>\n<li>coffret int\u00e9rieur fixe (formes individuelles possibles)<\/li>\n<li>fermeture (aimants)<\/li>\n<li>inlay personnalis\u00e9s<\/li>\n<\/ul>\n[\/vc_toggle][vc_toggle title=\u00a0\u00bboptions\u00a0\u00bb style=\u00a0\u00bbarrow\u00a0\u00bb size=\u00a0\u00bbsm\u00a0\u00bb css_animation=\u00a0\u00bbleft-to-right\u00a0\u00bb el_id=\u00a0\u00bb1479334125578-af82c6a4-b3ad\u00a0\u00bb]\n<ul>\n<li>fonction de pr\u00e9sentation \u2013 monobande enti\u00e8rement rabattable<\/li>\n<li>fen\u00eatre de visite possible dans la monobande<\/li>\n<li>plaque int\u00e9rieur de couvercle possible<\/li>\n<li>autres variantes de fermeture possibles (par ex. bande de caoutchouc, bande de cuir, banderole etc.)<\/li>\n<li>nombreuses possibilit\u00e9s d&rsquo;impression ou d&rsquo;ennoblissement (cello, estampes ou vernis UV, couleurs sp\u00e9cifiques etc.)<\/li>\n<\/ul>\n[\/vc_toggle][\/vc_column_inner][vc_column_inner width=\u00a0\u00bb2\/3&Prime;][vc_images_carousel images=\u00a0\u00bb6914,6913,6915,6912&Prime; img_size=\u00a0\u00bb710&#215;473&Prime;][\/vc_column_inner][\/vc_row_inner][\/vc_column][\/vc_row][vc_row css=\u00a0\u00bb.vc_custom_1484227982553{margin-top: 35px !important;margin-right: 0px !important;margin-bottom: 15px !important;margin-left: 0px !important;}\u00a0\u00bb][vc_column][vc_row_inner css=\u00a0\u00bb.vc_custom_1482965412055{padding-top: 30px !important;padding-right: 20px !important;padding-bottom: 30px !important;padding-left: 20px !important;background-color: #ffffff !important;}\u00a0\u00bb][vc_column_inner width=\u00a0\u00bb2\/3&Prime;][vc_images_carousel images=\u00a0\u00bb6916,6917&Prime; img_size=\u00a0\u00bb710&#215;473&Prime;][\/vc_column_inner][vc_column_inner width=\u00a0\u00bb1\/3&Prime; css=\u00a0\u00bb.vc_custom_1484228100330{padding-left: 18px !important;}\u00a0\u00bb][vc_column_text css_animation=\u00a0\u00bbleft-to-right\u00a0\u00bb css=\u00a0\u00bb.vc_custom_1494947267970{margin-bottom: 20px !important;}\u00a0\u00bb]\n<h4><strong>Cartonnage monobande<\/strong> avec coffret fixe<\/h4>\n<p>Un conditionnement de qualit\u00e9 et s\u00fbr pour de nombreux produits, par ex. les spiritueux, qui mettent parfaitement en sc\u00e8ne votre contenu.[\/vc_column_text][vc_toggle title=\u00a0\u00bbcomposants\u00a0\u00bb style=\u00a0\u00bbarrow\u00a0\u00bb size=\u00a0\u00bbsm\u00a0\u00bb css_animation=\u00a0\u00bbleft-to-right\u00a0\u00bb el_id=\u00a0\u00bb1479386274345-ba7c24b4-6334&Prime;]\n<ul>\n<li>monobande \u00e0 quatre pi\u00e8ces<\/li>\n<li>coffret int\u00e9rieur fixe<\/li>\n<li>fermeture (aimants)<\/li>\n<\/ul>\n[\/vc_toggle][vc_toggle title=\u00a0\u00bboptions\u00a0\u00bb style=\u00a0\u00bbarrow\u00a0\u00bb size=\u00a0\u00bbsm\u00a0\u00bb css_animation=\u00a0\u00bbleft-to-right\u00a0\u00bb el_id=\u00a0\u00bb1483015912846-003c3460-ddab\u00a0\u00bb]\n<ul>\n<li>fen\u00eatre de visite possible dans la monobande<\/li>\n<li>plaque int\u00e9rieur de couvercle possible<\/li>\n<li>autres variantes de fermeture possibles (par ex. bande de caoutchouc, bande de cuir, banderole etc.)<\/li>\n<li>nombreuses possibilit\u00e9s d&rsquo;impression ou d&rsquo;ennoblissement (cello, estampes ou vernis UV, couleurs sp\u00e9cifiques etc.)<\/li>\n<\/ul>\n[\/vc_toggle][\/vc_column_inner][\/vc_row_inner][\/vc_column][\/vc_row]\n","protected":false},"excerpt":{"rendered":"<p>[vc_row css=\u00a0\u00bb.vc_custom_1484227875358{padding-top: 0px !important;}\u00a0\u00bb][vc_column][vc_single_image image=\u00a0\u00bb3429&Prime; img_size=\u00a0\u00bbfull\u00a0\u00bb alignment=\u00a0\u00bbcenter\u00a0\u00bb title=\u00a0\u00bbcartonnage monobande\u00a0\u00bb][\/vc_column][\/vc_row][vc_row css=\u00a0\u00bb.vc_custom_1484227923205{margin-top: 50px !important;margin-right: 0px !important;margin-left: 0px !important;}\u00a0\u00bb][vc_column][vc_row_inner css=\u00a0\u00bb.vc_custom_1482965383778{padding-top: 30px !important;padding-right: 20px !important;padding-bottom: 30px !important;padding-left: 20px !important;background-color: #ffffff !important;}\u00a0\u00bb][vc_column_inner width=\u00a0\u00bb1\/3&Prime;][vc_column_text css_animation=\u00a0\u00bbleft-to-right\u00a0\u00bb css=\u00a0\u00bb.vc_custom_1494947221693{margin-bottom: 20px !important;}\u00a0\u00bb] Cartonnage monobande avec coffret fixe Un conditionnement de qualit\u00e9 et s\u00fbr pour de nombreux produits qui mettent parfaitement en sc\u00e8ne votre contenu.[\/vc_column_text][vc_toggle title=\u00a0\u00bbcomposants\u00a0\u00bb&#8230;<\/p>\n","protected":false},"author":1,"featured_media":0,"parent":11354,"menu_order":0,"comment_status":"closed","ping_status":"closed","template":"page-full.php","meta":[],"_links":{"self":[{"href":"https:\/\/rissmann.com\/fr\/wp-json\/wp\/v2\/pages\/10595"}],"collection":[{"href":"https:\/\/rissmann.com\/fr\/wp-json\/wp\/v2\/pages"}],"about":[{"href":"https:\/\/rissmann.com\/fr\/wp-json\/wp\/v2\/types\/page"}],"author":[{"embeddable":true,"href":"https:\/\/rissmann.com\/fr\/wp-json\/wp\/v2\/users\/1"}],"replies":[{"embeddable":true,"href":"https:\/\/rissmann.com\/fr\/wp-json\/wp\/v2\/comments?post=10595"}],"version-history":[{"count":0,"href":"https:\/\/rissmann.com\/fr\/wp-json\/wp\/v2\/pages\/10595\/revisions"}],"up":[{"embeddable":true,"href":"https:\/\/rissmann.com\/fr\/wp-json\/wp\/v2\/pages\/11354"}],"wp:attachment":[{"href":"https:\/\/rissmann.com\/fr\/wp-json\/wp\/v2\/media?parent=10595"}],"curies":[{"name":"wp","href":"https:\/\/api.w.org\/{rel}","templated":true}]}}