{"id":10580,"date":"2017-05-02T14:43:01","date_gmt":"2017-05-02T12:43:01","guid":{"rendered":"https:\/\/rissmann.com\/bookbox\/"},"modified":"2017-05-16T16:50:15","modified_gmt":"2017-05-16T14:50:15","slug":"bookbox","status":"publish","type":"page","link":"https:\/\/rissmann.com\/fr\/concepts\/cartonnages\/bookbox\/","title":{"rendered":"BookBox"},"content":{"rendered":"[vc_row css=\u00a0\u00bb.vc_custom_1484227263412{padding-top: 0px !important;}\u00a0\u00bb][vc_column][vc_single_image image=\u00a0\u00bb3428&Prime; img_size=\u00a0\u00bbfull\u00a0\u00bb alignment=\u00a0\u00bbcenter\u00a0\u00bb title=\u00a0\u00bbBookBox\u00a0\u00bb][\/vc_column][\/vc_row][vc_row css=\u00a0\u00bb.vc_custom_1484227294914{margin-top: 50px !important;margin-right: 0px !important;margin-left: 0px !important;}\u00a0\u00bb][vc_column][vc_row_inner css=\u00a0\u00bb.vc_custom_1482965383778{padding-top: 30px !important;padding-right: 20px !important;padding-bottom: 30px !important;padding-left: 20px !important;background-color: #ffffff !important;}\u00a0\u00bb][vc_column_inner width=\u00a0\u00bb1\/3&Prime;][vc_column_text css_animation=\u00a0\u00bbleft-to-right\u00a0\u00bb css=\u00a0\u00bb.vc_custom_1479460543726{margin-bottom: 20px !important;}\u00a0\u00bb]\n<h4><strong>BookBox<\/strong> avec coffret int\u00e9rieur pliant<\/h4>\n<p>Cartonnage de couverture de livre avec coffret int\u00e9rieur pliant et de nombreuses possibilit\u00e9s de fermeture &#8211; un cartonnage attrayant et \u00e9l\u00e9gant.[\/vc_column_text][vc_toggle title=\u00a0\u00bbcomposants\u00a0\u00bb style=\u00a0\u00bbarrow\u00a0\u00bb size=\u00a0\u00bbsm\u00a0\u00bb css_animation=\u00a0\u00bbleft-to-right\u00a0\u00bb el_id=\u00a0\u00bb1479333630554-608df785-0f22&Prime;]\n<ul>\n<li>monobande trois pi\u00e8ces avec coffret pliant pour un effet passepartout<\/li>\n<li>feuille de couverture interm\u00e9diaire pour un v\u00e9ritable aspect livre<\/li>\n<li>possibilit\u00e9s individuelles de fermeture (banderole ou aimants, bande de cuir, bande de caoutchouc etc.)<\/li>\n<\/ul>\n[\/vc_toggle][vc_toggle title=\u00a0\u00bboptions\u00a0\u00bb style=\u00a0\u00bbarrow\u00a0\u00bb size=\u00a0\u00bbsm\u00a0\u00bb css_animation=\u00a0\u00bbleft-to-right\u00a0\u00bb el_id=\u00a0\u00bb1479333689481-e0e9f43d-cef9&Prime;]\n<ul>\n<li>livraison apr\u00e8s montage<\/li>\n<li>en option avec fen\u00eatre de visite dans la monobande<\/li>\n<li>la monobande &amp; le coffret int\u00e9rieur sont imprimables\/peuvent \u00eatre ennoblis (vernis UV, cello, estampes etc.)<\/li>\n<\/ul>\n[\/vc_toggle][\/vc_column_inner][vc_column_inner width=\u00a0\u00bb2\/3&Prime;][vc_images_carousel images=\u00a0\u00bb6888,6891,6889,6890&Prime; img_size=\u00a0\u00bb710&#215;473&Prime;][\/vc_column_inner][\/vc_row_inner][\/vc_column][\/vc_row][vc_row css=\u00a0\u00bb.vc_custom_1484227312807{margin-top: 35px !important;margin-right: 0px !important;margin-left: 0px !important;}\u00a0\u00bb][vc_column][vc_row_inner css=\u00a0\u00bb.vc_custom_1482965393016{padding-top: 30px !important;padding-right: 20px !important;padding-bottom: 30px !important;padding-left: 20px !important;background-color: #ffffff !important;}\u00a0\u00bb][vc_column_inner width=\u00a0\u00bb2\/3&Prime;][vc_images_carousel images=\u00a0\u00bb6892,6893&Prime; img_size=\u00a0\u00bb710&#215;473&Prime;][\/vc_column_inner][vc_column_inner width=\u00a0\u00bb1\/3&Prime; css=\u00a0\u00bb.vc_custom_1484227004562{padding-left: 18px !important;}\u00a0\u00bb][vc_column_text css_animation=\u00a0\u00bbleft-to-right\u00a0\u00bb css=\u00a0\u00bb.vc_custom_1479460614145{margin-bottom: 20px !important;}\u00a0\u00bb]\n<h4><strong>BookBox<\/strong> avec coffret int\u00e9rieur fixe<\/h4>\n<p>Cartonnage de couverture de livre avec coffret int\u00e9rieur fixe et de nombreuses possibilit\u00e9s de fermeture &#8211; un cartonnage attrayant et \u00e9l\u00e9gant.[\/vc_column_text][vc_toggle title=\u00a0\u00bbcomposants\u00a0\u00bb style=\u00a0\u00bbarrow\u00a0\u00bb size=\u00a0\u00bbsm\u00a0\u00bb css_animation=\u00a0\u00bbleft-to-right\u00a0\u00bb el_id=\u00a0\u00bb1479334122980-5ea7abd4-6a4c\u00a0\u00bb]\n<ul>\n<li>monobande \u00e0 trois pi\u00e8ces avec angles arrondis, coffret int\u00e9rieur fixe<\/li>\n<li>possibilit\u00e9s individuelles de fermeture (bande de caoutchouc ou banderole, aimants, bande de cuir etc.)<\/li>\n<\/ul>\n[\/vc_toggle][vc_toggle title=\u00a0\u00bboptions\u00a0\u00bb style=\u00a0\u00bbarrow\u00a0\u00bb size=\u00a0\u00bbsm\u00a0\u00bb css_animation=\u00a0\u00bbleft-to-right\u00a0\u00bb el_id=\u00a0\u00bb1483015922410-3e46a525-f263&Prime;]\n<ul>\n<li>livraison apr\u00e8s montage<\/li>\n<li>en option avec fen\u00eatre de visite dans la monobande<\/li>\n<li>la monobande &amp; le coffret int\u00e9rieur sont imprimables\/peuvent \u00eatre ennoblis (vernis UV, cello, estampes etc.)<\/li>\n<\/ul>\n[\/vc_toggle][\/vc_column_inner][\/vc_row_inner][\/vc_column][\/vc_row][vc_row css=\u00a0\u00bb.vc_custom_1484227335452{margin-top: 35px !important;margin-right: 0px !important;margin-left: 0px !important;}\u00a0\u00bb][vc_column][vc_row_inner css=\u00a0\u00bb.vc_custom_1482965401249{padding-top: 30px !important;padding-right: 20px !important;padding-bottom: 30px !important;padding-left: 20px !important;background-color: #ffffff !important;}\u00a0\u00bb][vc_column_inner width=\u00a0\u00bb1\/3&Prime;][vc_column_text css_animation=\u00a0\u00bbleft-to-right\u00a0\u00bb css=\u00a0\u00bb.vc_custom_1479460658656{margin-bottom: 20px !important;}\u00a0\u00bb]\n<h4><strong>BookBox<\/strong> avec coffret int\u00e9rieur pliant<\/h4>\n<p>Cartonnage de couverture de livre avec coffret int\u00e9rieur pliant et de nombreuses possibilit\u00e9s de fermeture &#8211; un cartonnage attrayant et \u00e9l\u00e9gant.[\/vc_column_text][vc_toggle title=\u00a0\u00bbcomposants\u00a0\u00bb style=\u00a0\u00bbarrow\u00a0\u00bb size=\u00a0\u00bbsm\u00a0\u00bb css_animation=\u00a0\u00bbleft-to-right\u00a0\u00bb el_id=\u00a0\u00bb1479334125526-be515088-90ff\u00a0\u00bb]\n<ul>\n<li>monobande \u00e0 trois pi\u00e8ces avec coffret pliant<\/li>\n<li>possibilit\u00e9s individuelles de fermeture (aimants\/bande de caoutchouc ou banderole, bande de cuir etc.)<\/li>\n<\/ul>\n[\/vc_toggle][vc_toggle title=\u00a0\u00bboptions\u00a0\u00bb style=\u00a0\u00bbarrow\u00a0\u00bb size=\u00a0\u00bbsm\u00a0\u00bb css_animation=\u00a0\u00bbleft-to-right\u00a0\u00bb el_id=\u00a0\u00bb1479334125578-af82c6a4-b3ad\u00a0\u00bb]\n<ul>\n<li>livraison apr\u00e8s montage<\/li>\n<li>en option avec fen\u00eatre de visite dans la monobande<\/li>\n<li>la monobande &amp; le coffret int\u00e9rieur sont imprimables\/peuvent \u00eatre ennoblis (vernis UV, cello, estampes etc.)<\/li>\n<\/ul>\n[\/vc_toggle][\/vc_column_inner][vc_column_inner width=\u00a0\u00bb2\/3&Prime;][vc_images_carousel images=\u00a0\u00bb6894,6895,7838&Prime; img_size=\u00a0\u00bb710&#215;473&Prime;][\/vc_column_inner][\/vc_row_inner][\/vc_column][\/vc_row][vc_row css=\u00a0\u00bb.vc_custom_1484227349624{margin-top: 35px !important;margin-right: 0px !important;margin-bottom: 15px !important;margin-left: 0px !important;}\u00a0\u00bb][vc_column][vc_row_inner css=\u00a0\u00bb.vc_custom_1482965412055{padding-top: 30px !important;padding-right: 20px !important;padding-bottom: 30px !important;padding-left: 20px !important;background-color: #ffffff !important;}\u00a0\u00bb][vc_column_inner width=\u00a0\u00bb2\/3&Prime;][vc_images_carousel images=\u00a0\u00bb6899,6900&Prime; img_size=\u00a0\u00bb710&#215;473&Prime;][\/vc_column_inner][vc_column_inner width=\u00a0\u00bb1\/3&Prime; css=\u00a0\u00bb.vc_custom_1484227033813{padding-left: 18px !important;}\u00a0\u00bb][vc_column_text css_animation=\u00a0\u00bbleft-to-right\u00a0\u00bb css=\u00a0\u00bb.vc_custom_1479460711920{margin-bottom: 20px !important;}\u00a0\u00bb]\n<h4><strong>BookBox<\/strong> avec coffret int\u00e9rieur pliant<\/h4>\n<p>Cartonnage de couverture de livre avec coffret int\u00e9rieur fixe et de nombreuses possibilit\u00e9s de fermeture \u2013 un cartonnage attrayant et \u00e9l\u00e9gant.[\/vc_column_text][vc_toggle title=\u00a0\u00bbcomposants\u00a0\u00bb style=\u00a0\u00bbarrow\u00a0\u00bb size=\u00a0\u00bbsm\u00a0\u00bb css_animation=\u00a0\u00bbleft-to-right\u00a0\u00bb el_id=\u00a0\u00bb1479386274345-ba7c24b4-6334&Prime;]\n<ul>\n<li>monobande trois pi\u00e8ces avec coffret pliant pour un effet passepartout<\/li>\n<li>fen\u00eatre de visite dans la monobande, coll\u00e9e avec film<\/li>\n<li>possibilit\u00e9s individuelles de fermeture (bande de cuir ou banderole, aimants, bande de caoutchouc etc.)<\/li>\n<\/ul>\n[\/vc_toggle][vc_toggle title=\u00a0\u00bboptions\u00a0\u00bb style=\u00a0\u00bbarrow\u00a0\u00bb size=\u00a0\u00bbsm\u00a0\u00bb css_animation=\u00a0\u00bbleft-to-right\u00a0\u00bb el_id=\u00a0\u00bb1483015912846-003c3460-ddab\u00a0\u00bb]\n<ul>\n<li>livraison apr\u00e8s montage<\/li>\n<li>en option avec fen\u00eatre de visite dans la monobande<\/li>\n<li>la monobande &amp; le coffret int\u00e9rieur sont imprimables\/peuvent \u00eatre ennoblis (vernis UV, cello, estampes etc.)<\/li>\n<\/ul>\n[\/vc_toggle][\/vc_column_inner][\/vc_row_inner][\/vc_column][\/vc_row]\n","protected":false},"excerpt":{"rendered":"<p>[vc_row css=\u00a0\u00bb.vc_custom_1484227263412{padding-top: 0px !important;}\u00a0\u00bb][vc_column][vc_single_image image=\u00a0\u00bb3428&Prime; img_size=\u00a0\u00bbfull\u00a0\u00bb alignment=\u00a0\u00bbcenter\u00a0\u00bb title=\u00a0\u00bbBookBox\u00a0\u00bb][\/vc_column][\/vc_row][vc_row css=\u00a0\u00bb.vc_custom_1484227294914{margin-top: 50px !important;margin-right: 0px !important;margin-left: 0px !important;}\u00a0\u00bb][vc_column][vc_row_inner css=\u00a0\u00bb.vc_custom_1482965383778{padding-top: 30px !important;padding-right: 20px !important;padding-bottom: 30px !important;padding-left: 20px !important;background-color: #ffffff !important;}\u00a0\u00bb][vc_column_inner width=\u00a0\u00bb1\/3&Prime;][vc_column_text css_animation=\u00a0\u00bbleft-to-right\u00a0\u00bb css=\u00a0\u00bb.vc_custom_1479460543726{margin-bottom: 20px !important;}\u00a0\u00bb] BookBox avec coffret int\u00e9rieur pliant Cartonnage de couverture de livre avec coffret int\u00e9rieur pliant et de nombreuses possibilit\u00e9s de fermeture &#8211; un cartonnage attrayant&#8230;<\/p>\n","protected":false},"author":1,"featured_media":0,"parent":11354,"menu_order":0,"comment_status":"closed","ping_status":"closed","template":"page-full.php","meta":[],"_links":{"self":[{"href":"https:\/\/rissmann.com\/fr\/wp-json\/wp\/v2\/pages\/10580"}],"collection":[{"href":"https:\/\/rissmann.com\/fr\/wp-json\/wp\/v2\/pages"}],"about":[{"href":"https:\/\/rissmann.com\/fr\/wp-json\/wp\/v2\/types\/page"}],"author":[{"embeddable":true,"href":"https:\/\/rissmann.com\/fr\/wp-json\/wp\/v2\/users\/1"}],"replies":[{"embeddable":true,"href":"https:\/\/rissmann.com\/fr\/wp-json\/wp\/v2\/comments?post=10580"}],"version-history":[{"count":0,"href":"https:\/\/rissmann.com\/fr\/wp-json\/wp\/v2\/pages\/10580\/revisions"}],"up":[{"embeddable":true,"href":"https:\/\/rissmann.com\/fr\/wp-json\/wp\/v2\/pages\/11354"}],"wp:attachment":[{"href":"https:\/\/rissmann.com\/fr\/wp-json\/wp\/v2\/media?parent=10580"}],"curies":[{"name":"wp","href":"https:\/\/api.w.org\/{rel}","templated":true}]}}