{"id":10553,"date":"2017-05-02T13:15:25","date_gmt":"2017-05-02T11:15:25","guid":{"rendered":"https:\/\/rissmann.com\/contact\/"},"modified":"2022-10-12T18:56:17","modified_gmt":"2022-10-12T16:56:17","slug":"contact","status":"publish","type":"page","link":"https:\/\/rissmann.com\/fr\/contact\/","title":{"rendered":"contact"},"content":{"rendered":"[vc_row layout=\u00a0\u00bbwide\u00a0\u00bb css=\u00a0\u00bb.vc_custom_1483470838406{margin-top: 0px !important;}\u00a0\u00bb][vc_column][vc_single_image image=\u00a0\u00bb3317&Prime; img_size=\u00a0\u00bbfull\u00a0\u00bb alignment=\u00a0\u00bbcenter\u00a0\u00bb css=\u00a0\u00bb.vc_custom_1484139617064{margin-top: 0px !important;}\u00a0\u00bb][\/vc_column][\/vc_row][vc_row css=\u00a0\u00bb.vc_custom_1478082386928{margin-top: 35px !important;}\u00a0\u00bb][vc_column width=\u00a0\u00bb2\/6&Prime;][vc_column_text css_animation=\u00a0\u00bbleft-to-right\u00a0\u00bb css=\u00a0\u00bb.vc_custom_1484145820091{padding-left: 15px !important;}\u00a0\u00bb]\n<h3>Vous souhaitez nous contacter?<\/h3>\n[\/vc_column_text][\/vc_column][vc_column width=\u00a0\u00bb3\/6&Prime;][vc_column_text css_animation=\u00a0\u00bbright-to-left\u00a0\u00bb]<div role=\"form\" class=\"wpcf7\" id=\"wpcf7-f12893-o1\" lang=\"de-DE\" dir=\"ltr\">\n<div class=\"screen-reader-response\"><p role=\"status\" aria-live=\"polite\" aria-atomic=\"true\"><\/p> <ul><\/ul><\/div>\n<form action=\"\/fr\/wp-json\/wp\/v2\/pages\/10553#wpcf7-f12893-o1\" method=\"post\" class=\"wpcf7-form init\" novalidate=\"novalidate\" data-status=\"init\">\n<div style=\"display: none;\">\n<input type=\"hidden\" name=\"_wpcf7\" value=\"12893\" \/>\n<input type=\"hidden\" name=\"_wpcf7_version\" value=\"5.5.6\" \/>\n<input type=\"hidden\" name=\"_wpcf7_locale\" value=\"de_DE\" \/>\n<input type=\"hidden\" name=\"_wpcf7_unit_tag\" value=\"wpcf7-f12893-o1\" \/>\n<input type=\"hidden\" name=\"_wpcf7_container_post\" value=\"0\" \/>\n<input type=\"hidden\" name=\"_wpcf7_posted_data_hash\" value=\"\" \/>\n<\/div>\n<p><label> om, pr\u00e9nom *<br \/>\n    <span class=\"wpcf7-form-control-wrap your-name\"><input type=\"text\" name=\"your-name\" value=\"\" size=\"40\" class=\"wpcf7-form-control wpcf7-text wpcf7-validates-as-required\" aria-required=\"true\" aria-invalid=\"false\" \/><\/span> <\/label><br \/>\n<label> entreprise<br \/>\n    <span class=\"wpcf7-form-control-wrap your-firma\"><input type=\"text\" name=\"your-firma\" value=\"\" size=\"40\" class=\"wpcf7-form-control wpcf7-text\" aria-invalid=\"false\" \/><\/span> <\/label><\/p>\n<p><label> t\u00e9l\u00e9phone, si vous souhaitez \u00eatre rappel\u00e9<br \/>\n    <span class=\"wpcf7-form-control-wrap your-phone\"><input type=\"text\" name=\"your-phone\" value=\"\" size=\"40\" class=\"wpcf7-form-control wpcf7-text\" aria-invalid=\"false\" \/><\/span> <\/label><\/p>\n<p><label> e-mail *<br \/>\n    <span class=\"wpcf7-form-control-wrap your-email\"><input type=\"email\" name=\"your-email\" value=\"\" size=\"40\" class=\"wpcf7-form-control wpcf7-text wpcf7-email wpcf7-validates-as-required wpcf7-validates-as-email\" aria-required=\"true\" aria-invalid=\"false\" \/><\/span> <\/label><\/p>\n<p><label> message<br \/>\n    <span class=\"wpcf7-form-control-wrap your-message\"><textarea name=\"your-message\" cols=\"40\" rows=\"10\" class=\"wpcf7-form-control wpcf7-textarea\" aria-invalid=\"false\"><\/textarea><\/span> <\/label><br \/>\n<span id=\"wpcf7-69fc8fe239251-wrapper\" class=\"wpcf7-form-control-wrap phone-wrap\" style=\"display:none !important; visibility:hidden !important;\"><label for=\"wpcf7-69fc8fe239251-field\" class=\"hp-message\">Veuillez laisser ce champ vide.<\/label><input id=\"wpcf7-69fc8fe239251-field\"  class=\"wpcf7-form-control wpcf7-text\" type=\"text\" name=\"phone\" value=\"\" size=\"40\" tabindex=\"-1\" autocomplete=\"new-password\" \/><\/span><\/p>\n<p><input type=\"submit\" value=\"envoyer\" class=\"wpcf7-form-control has-spinner wpcf7-submit\" \/><\/p>\n<input type='hidden' class='wpcf7-pum' value='{\"closepopup\":false,\"closedelay\":0,\"openpopup\":false,\"openpopup_id\":0}' \/><div class=\"wpcf7-response-output\" aria-hidden=\"true\"><\/div><\/form><\/div>[\/vc_column_text][\/vc_column][vc_column width=\u00a0\u00bb1\/6&Prime;][\/vc_column][\/vc_row][vc_row css=\u00a0\u00bb.vc_custom_1484145982698{margin-top: 35px !important;margin-bottom: 15px !important;}\u00a0\u00bb][vc_column][vc_column_text css_animation=\u00a0\u00bbleft-to-right\u00a0\u00bb css=\u00a0\u00bb.vc_custom_1484145933555{margin-bottom: 0px !important;padding-left: 15px !important;}\u00a0\u00bb]\n<h3 id=\"anfahrt\">O\u00f9 nous trouver:<\/h3>\n[\/vc_column_text][\/vc_column][\/vc_row][vc_row][vc_column][vc_raw_html]JTNDaWZyYW1lJTIwd2lkdGglM0QlMjIxMTQwJTIyJTIwaGVpZ2h0JTNEJTIyNTUwJTIyJTIwZnJhbWVib3JkZXIlM0QlMjIwJTIyJTIwc2Nyb2xsaW5nJTNEJTIybm8lMjIlMjBtYXJnaW5oZWlnaHQlM0QlMjIwJTIyJTIwbWFyZ2lud2lkdGglM0QlMjIwJTIyJTIwc3JjJTNEJTIyaHR0cHMlM0ElMkYlMkZ3d3cub3BlbnN0cmVldG1hcC5vcmclMkZleHBvcnQlMkZlbWJlZC5odG1sJTNGYmJveCUzRDExLjAwMzI1ODIyODMwMjAwNCUyNTJDNDkuNDQxNDEyNjUyNjU3Njc1JTI1MkMxMS4wMzE1ODIzNTU0OTkyNjglMjUyQzQ5LjQ1NDMxNjg1MDY2OTkyNiUyNmFtcCUzQmxheWVyJTNEdHJhbnNwb3J0bWFwJTI2YW1wJTNCbWFya2VyJTNENDkuNDQ3ODY1MTc2MjM0OSUyNTJDMTEuMDE3NDIwMjkxOTAwNjM1JTIyJTIwc3R5bGUlM0QlMjJib3JkZXIlM0ElMjAwcHglMjBzb2xpZCUyMGJsYWNrJTIyJTNFJTNDJTJGaWZyYW1lJTNF[\/vc_raw_html][\/vc_column][\/vc_row]\n","protected":false},"excerpt":{"rendered":"<p>[vc_row layout=\u00a0\u00bbwide\u00a0\u00bb css=\u00a0\u00bb.vc_custom_1483470838406{margin-top: 0px !important;}\u00a0\u00bb][vc_column][vc_single_image image=\u00a0\u00bb3317&Prime; img_size=\u00a0\u00bbfull\u00a0\u00bb alignment=\u00a0\u00bbcenter\u00a0\u00bb css=\u00a0\u00bb.vc_custom_1484139617064{margin-top: 0px !important;}\u00a0\u00bb][\/vc_column][\/vc_row][vc_row css=\u00a0\u00bb.vc_custom_1478082386928{margin-top: 35px !important;}\u00a0\u00bb][vc_column width=\u00a0\u00bb2\/6&Prime;][vc_column_text css_animation=\u00a0\u00bbleft-to-right\u00a0\u00bb css=\u00a0\u00bb.vc_custom_1484145820091{padding-left: 15px !important;}\u00a0\u00bb] Vous souhaitez nous contacter? [\/vc_column_text][\/vc_column][vc_column width=\u00a0\u00bb3\/6&Prime;][vc_column_text css_animation=\u00a0\u00bbright-to-left\u00a0\u00bb][\/vc_column_text][\/vc_column][vc_column width=\u00a0\u00bb1\/6&Prime;][\/vc_column][\/vc_row][vc_row css=\u00a0\u00bb.vc_custom_1484145982698{margin-top: 35px !important;margin-bottom: 15px !important;}\u00a0\u00bb][vc_column][vc_column_text css_animation=\u00a0\u00bbleft-to-right\u00a0\u00bb css=\u00a0\u00bb.vc_custom_1484145933555{margin-bottom: 0px !important;padding-left: 15px !important;}\u00a0\u00bb] O\u00f9 nous trouver: [\/vc_column_text][\/vc_column][\/vc_row][vc_row][vc_column][vc_raw_html]JTNDaWZyYW1lJTIwd2lkdGglM0QlMjIxMTQwJTIyJTIwaGVpZ2h0JTNEJTIyNTUwJTIyJTIwZnJhbWVib3JkZXIlM0QlMjIwJTIyJTIwc2Nyb2xsaW5nJTNEJTIybm8lMjIlMjBtYXJnaW5oZWlnaHQlM0QlMjIwJTIyJTIwbWFyZ2lud2lkdGglM0QlMjIwJTIyJTIwc3JjJTNEJTIyaHR0cHMlM0ElMkYlMkZ3d3cub3BlbnN0cmVldG1hcC5vcmclMkZleHBvcnQlMkZlbWJlZC5odG1sJTNGYmJveCUzRDExLjAwMzI1ODIyODMwMjAwNCUyNTJDNDkuNDQxNDEyNjUyNjU3Njc1JTI1MkMxMS4wMzE1ODIzNTU0OTkyNjglMjUyQzQ5LjQ1NDMxNjg1MDY2OTkyNiUyNmFtcCUzQmxheWVyJTNEdHJhbnNwb3J0bWFwJTI2YW1wJTNCbWFya2VyJTNENDkuNDQ3ODY1MTc2MjM0OSUyNTJDMTEuMDE3NDIwMjkxOTAwNjM1JTIyJTIwc3R5bGUlM0QlMjJib3JkZXIlM0ElMjAwcHglMjBzb2xpZCUyMGJsYWNrJTIyJTNFJTNDJTJGaWZyYW1lJTNF[\/vc_raw_html][\/vc_column][\/vc_row]<\/p>\n","protected":false},"author":1,"featured_media":0,"parent":0,"menu_order":0,"comment_status":"closed","ping_status":"closed","template":"contact.php","meta":[],"_links":{"self":[{"href":"https:\/\/rissmann.com\/fr\/wp-json\/wp\/v2\/pages\/10553"}],"collection":[{"href":"https:\/\/rissmann.com\/fr\/wp-json\/wp\/v2\/pages"}],"about":[{"href":"https:\/\/rissmann.com\/fr\/wp-json\/wp\/v2\/types\/page"}],"author":[{"embeddable":true,"href":"https:\/\/rissmann.com\/fr\/wp-json\/wp\/v2\/users\/1"}],"replies":[{"embeddable":true,"href":"https:\/\/rissmann.com\/fr\/wp-json\/wp\/v2\/comments?post=10553"}],"version-history":[{"count":2,"href":"https:\/\/rissmann.com\/fr\/wp-json\/wp\/v2\/pages\/10553\/revisions"}],"predecessor-version":[{"id":389290,"href":"https:\/\/rissmann.com\/fr\/wp-json\/wp\/v2\/pages\/10553\/revisions\/389290"}],"wp:attachment":[{"href":"https:\/\/rissmann.com\/fr\/wp-json\/wp\/v2\/media?parent=10553"}],"curies":[{"name":"wp","href":"https:\/\/api.w.org\/{rel}","templated":true}]}}