{"id":10547,"date":"2017-05-02T13:11:04","date_gmt":"2017-05-02T11:11:04","guid":{"rendered":"https:\/\/rissmann.com\/expose\/galerie\/"},"modified":"2017-05-09T17:34:53","modified_gmt":"2017-05-09T15:34:53","slug":"galerie","status":"publish","type":"page","link":"https:\/\/rissmann.com\/fr\/expose\/galerie\/","title":{"rendered":"galerie"},"content":{"rendered":"[vc_row][vc_column][vc_single_image image=\u00a0\u00bb3292&Prime; img_size=\u00a0\u00bbfull\u00a0\u00bb alignment=\u00a0\u00bbcenter\u00a0\u00bb title=\u00a0\u00bbgalerie\u00a0\u00bb el_class=\u00a0\u00bbfs-black\u00a0\u00bb][\/vc_column][\/vc_row][vc_row css=\u00a0\u00bb.vc_custom_1484245020819{margin-top: 35px !important;}\u00a0\u00bb][vc_column width=\u00a0\u00bb1\/6&Prime;][vc_column_text css_animation=\u00a0\u00bbbottom-to-top\u00a0\u00bb css=\u00a0\u00bb.vc_custom_1485764415069{padding-right: 40px !important;padding-left: 40px !important;}\u00a0\u00bb][\/vc_column_text][\/vc_column][vc_column width=\u00a0\u00bb2\/3&Prime;][vc_column_text]\n<div class=\"page\" title=\"Page 6\">\n<div class=\"section\">\n<div class=\"layoutArea\">\n<div class=\"column\">\n<h4 style=\"text-align: center;\">Laissez-vous inspirer et laissez libre cours \u00e0 vos id\u00e9es. Nous vous conseillons volontiers afin de cr\u00e9er le conditionnement parfaitement adapt\u00e9 \u00e0 votre produit.<\/h4>\n<\/div>\n<\/div>\n<\/div>\n<\/div>\n[\/vc_column_text][\/vc_column][vc_column width=\u00a0\u00bb1\/6&Prime;][\/vc_column][\/vc_row][vc_row css=\u00a0\u00bb.vc_custom_1481883727622{margin-top: 35px !important;}\u00a0\u00bb][vc_column width=\u00a0\u00bb1\/3&Prime; el_class=\u00a0\u00bbfs-caption\u00a0\u00bb][vc_column_text css_animation=\u00a0\u00bbappear\u00a0\u00bb css=\u00a0\u00bb.vc_custom_1494342349362{padding-top: 5px !important;padding-right: 5px !important;padding-bottom: 5px !important;padding-left: 5px !important;background-color: #ffffff !important;}\u00a0\u00bb]\n<div id=\"attachment_5993\" style=\"width: 1150px\" class=\"wp-caption alignnone\"><a href=\"https:\/\/rissmann.com\/wp-content\/uploads\/2016\/10\/DSC_2356_be_1140x760px-1.jpg\" rel=\"prettyPhoto\"><img aria-describedby=\"caption-attachment-5993\" loading=\"lazy\" class=\"prettyPhoto wp-image-5993 size-full\" src=\"https:\/\/rissmann.com\/wp-content\/uploads\/2016\/10\/DSC_2356_be_1140x760px-1.jpg\" alt=\"hier auch\" width=\"1140\" height=\"760\" srcset=\"https:\/\/rissmann.com\/wp-content\/uploads\/2016\/10\/DSC_2356_be_1140x760px-1.jpg 1140w, https:\/\/rissmann.com\/wp-content\/uploads\/2016\/10\/DSC_2356_be_1140x760px-1-300x200.jpg 300w, https:\/\/rissmann.com\/wp-content\/uploads\/2016\/10\/DSC_2356_be_1140x760px-1-768x512.jpg 768w, https:\/\/rissmann.com\/wp-content\/uploads\/2016\/10\/DSC_2356_be_1140x760px-1-1024x683.jpg 1024w, https:\/\/rissmann.com\/wp-content\/uploads\/2016\/10\/DSC_2356_be_1140x760px-1-800x533.jpg 800w, https:\/\/rissmann.com\/wp-content\/uploads\/2016\/10\/DSC_2356_be_1140x760px-1-600x400.jpg 600w, https:\/\/rissmann.com\/wp-content\/uploads\/2016\/10\/DSC_2356_be_1140x760px-1-345x230.jpg 345w\" sizes=\"(max-width: 1140px) 100vw, 1140px\" \/><\/a><p id=\"caption-attachment-5993\" class=\"wp-caption-text\"><a title=\"weitere Infos auf Klick\" href=\"#\"><i>flashy<\/i><br \/>le papier kraft se met au fluo<\/a><\/p><\/div>\n[\/vc_column_text][\/vc_column][vc_column width=\u00a0\u00bb1\/3&Prime; el_class=\u00a0\u00bbfs-caption\u00a0\u00bb][vc_column_text css_animation=\u00a0\u00bbappear\u00a0\u00bb css=\u00a0\u00bb.vc_custom_1494342385417{padding-top: 5px !important;padding-right: 5px !important;padding-bottom: 5px !important;padding-left: 5px !important;background-color: #ffffff !important;}\u00a0\u00bb]\n<div id=\"attachment_5994\" style=\"width: 1150px\" class=\"wp-caption alignnone\"><a href=\"https:\/\/rissmann.com\/wp-content\/uploads\/2016\/10\/Einbandkartonage_BERGER_ambient_1.jpg\" rel=\"prettyPhoto\"><img aria-describedby=\"caption-attachment-5994\" loading=\"lazy\" class=\"wp-image-5994 size-full\" src=\"https:\/\/rissmann.com\/wp-content\/uploads\/2016\/10\/Einbandkartonage_BERGER_ambient_1.jpg\" width=\"1140\" height=\"760\" srcset=\"https:\/\/rissmann.com\/wp-content\/uploads\/2016\/10\/Einbandkartonage_BERGER_ambient_1.jpg 1140w, https:\/\/rissmann.com\/wp-content\/uploads\/2016\/10\/Einbandkartonage_BERGER_ambient_1-300x200.jpg 300w, https:\/\/rissmann.com\/wp-content\/uploads\/2016\/10\/Einbandkartonage_BERGER_ambient_1-768x512.jpg 768w, https:\/\/rissmann.com\/wp-content\/uploads\/2016\/10\/Einbandkartonage_BERGER_ambient_1-1024x683.jpg 1024w, https:\/\/rissmann.com\/wp-content\/uploads\/2016\/10\/Einbandkartonage_BERGER_ambient_1-800x533.jpg 800w, https:\/\/rissmann.com\/wp-content\/uploads\/2016\/10\/Einbandkartonage_BERGER_ambient_1-600x400.jpg 600w, https:\/\/rissmann.com\/wp-content\/uploads\/2016\/10\/Einbandkartonage_BERGER_ambient_1-345x230.jpg 345w\" sizes=\"(max-width: 1140px) 100vw, 1140px\" \/><\/a><p id=\"caption-attachment-5994\" class=\"wp-caption-text\"><i>sweet &amp; luxury<\/i><br \/>la collection d&#8217;emballages de pralines de Berger<\/p><\/div>\n[\/vc_column_text][\/vc_column][vc_column width=\u00a0\u00bb1\/3&Prime; el_class=\u00a0\u00bbfs-caption\u00a0\u00bb][vc_column_text css_animation=\u00a0\u00bbappear\u00a0\u00bb css=\u00a0\u00bb.vc_custom_1494342539747{padding-top: 5px !important;padding-right: 5px !important;padding-bottom: 5px !important;padding-left: 5px !important;background-color: #ffffff !important;}\u00a0\u00bb]\n<div id=\"attachment_5996\" style=\"width: 1150px\" class=\"wp-caption alignnone\"><a href=\"https:\/\/rissmann.com\/wp-content\/uploads\/2016\/10\/Einbandkartonage_LAURENT-PERRIER-Rose_2.jpg\" rel=\"prettyPhoto\"><img aria-describedby=\"caption-attachment-5996\" loading=\"lazy\" class=\"wp-image-5996 size-full\" src=\"https:\/\/rissmann.com\/wp-content\/uploads\/2016\/10\/Einbandkartonage_LAURENT-PERRIER-Rose_2.jpg\" width=\"1140\" height=\"760\" srcset=\"https:\/\/rissmann.com\/wp-content\/uploads\/2016\/10\/Einbandkartonage_LAURENT-PERRIER-Rose_2.jpg 1140w, https:\/\/rissmann.com\/wp-content\/uploads\/2016\/10\/Einbandkartonage_LAURENT-PERRIER-Rose_2-300x200.jpg 300w, https:\/\/rissmann.com\/wp-content\/uploads\/2016\/10\/Einbandkartonage_LAURENT-PERRIER-Rose_2-768x512.jpg 768w, https:\/\/rissmann.com\/wp-content\/uploads\/2016\/10\/Einbandkartonage_LAURENT-PERRIER-Rose_2-1024x683.jpg 1024w, https:\/\/rissmann.com\/wp-content\/uploads\/2016\/10\/Einbandkartonage_LAURENT-PERRIER-Rose_2-800x533.jpg 800w, https:\/\/rissmann.com\/wp-content\/uploads\/2016\/10\/Einbandkartonage_LAURENT-PERRIER-Rose_2-600x400.jpg 600w, https:\/\/rissmann.com\/wp-content\/uploads\/2016\/10\/Einbandkartonage_LAURENT-PERRIER-Rose_2-345x230.jpg 345w\" sizes=\"(max-width: 1140px) 100vw, 1140px\" \/><\/a><p id=\"caption-attachment-5996\" class=\"wp-caption-text\"><i>extravagant<\/i><br \/>un cartonnage avec ennoblissement de qualit\u00e9<\/p><\/div>\n[\/vc_column_text][\/vc_column][\/vc_row][vc_row css=\u00a0\u00bb.vc_custom_1484245242851{margin-top: 20px !important;}\u00a0\u00bb][vc_column width=\u00a0\u00bb1\/3&Prime; el_class=\u00a0\u00bbfs-caption\u00a0\u00bb][vc_column_text css_animation=\u00a0\u00bbappear\u00a0\u00bb css=\u00a0\u00bb.vc_custom_1494343173110{padding-top: 5px !important;padding-right: 5px !important;padding-bottom: 5px !important;padding-left: 5px !important;background-color: #ffffff !important;}\u00a0\u00bb]\n<div id=\"attachment_6830\" style=\"width: 1450px\" class=\"wp-caption alignnone\"><a href=\"https:\/\/rissmann.com\/wp-content\/uploads\/2017\/02\/Kragenkartonage_SCHEUFELEN_Likoer_ambient_1.jpg\" rel=\"prettyPhoto\"><img aria-describedby=\"caption-attachment-6830\" loading=\"lazy\" class=\"wp-image-6830 size-full\" src=\"https:\/\/rissmann.com\/wp-content\/uploads\/2017\/02\/Kragenkartonage_SCHEUFELEN_Likoer_ambient_1.jpg\" alt=\"\" width=\"1440\" height=\"960\" srcset=\"https:\/\/rissmann.com\/wp-content\/uploads\/2017\/02\/Kragenkartonage_SCHEUFELEN_Likoer_ambient_1.jpg 1440w, https:\/\/rissmann.com\/wp-content\/uploads\/2017\/02\/Kragenkartonage_SCHEUFELEN_Likoer_ambient_1-300x200.jpg 300w, https:\/\/rissmann.com\/wp-content\/uploads\/2017\/02\/Kragenkartonage_SCHEUFELEN_Likoer_ambient_1-768x512.jpg 768w, https:\/\/rissmann.com\/wp-content\/uploads\/2017\/02\/Kragenkartonage_SCHEUFELEN_Likoer_ambient_1-1024x683.jpg 1024w, https:\/\/rissmann.com\/wp-content\/uploads\/2017\/02\/Kragenkartonage_SCHEUFELEN_Likoer_ambient_1-800x533.jpg 800w, https:\/\/rissmann.com\/wp-content\/uploads\/2017\/02\/Kragenkartonage_SCHEUFELEN_Likoer_ambient_1-600x400.jpg 600w, https:\/\/rissmann.com\/wp-content\/uploads\/2017\/02\/Kragenkartonage_SCHEUFELEN_Likoer_ambient_1-345x230.jpg 345w\" sizes=\"(max-width: 1440px) 100vw, 1440px\" \/><\/a><p id=\"caption-attachment-6830\" class=\"wp-caption-text\"><em><i>clart\u00e9<\/i><br \/><\/em>l&#8217;emballage est aussi transparent que la liqueur<\/p><\/div>\n[\/vc_column_text][\/vc_column][vc_column width=\u00a0\u00bb1\/3&Prime; el_class=\u00a0\u00bbfs-caption\u00a0\u00bb][vc_column_text css_animation=\u00a0\u00bbappear\u00a0\u00bb css=\u00a0\u00bb.vc_custom_1494342622104{padding-top: 5px !important;padding-right: 5px !important;padding-bottom: 5px !important;padding-left: 5px !important;background-color: #ffffff !important;}\u00a0\u00bb]\n<div id=\"attachment_5995\" style=\"width: 1150px\" class=\"wp-caption alignnone\"><a href=\"https:\/\/rissmann.com\/wp-content\/uploads\/2016\/10\/Einbandkartonage_LAURENT-PERRIER_Detail_1.jpg\" rel=\"prettyPhoto\"><img aria-describedby=\"caption-attachment-5995\" loading=\"lazy\" class=\"wp-image-5995 size-full\" src=\"https:\/\/rissmann.com\/wp-content\/uploads\/2016\/10\/Einbandkartonage_LAURENT-PERRIER_Detail_1.jpg\" width=\"1140\" height=\"760\" srcset=\"https:\/\/rissmann.com\/wp-content\/uploads\/2016\/10\/Einbandkartonage_LAURENT-PERRIER_Detail_1.jpg 1140w, https:\/\/rissmann.com\/wp-content\/uploads\/2016\/10\/Einbandkartonage_LAURENT-PERRIER_Detail_1-300x200.jpg 300w, https:\/\/rissmann.com\/wp-content\/uploads\/2016\/10\/Einbandkartonage_LAURENT-PERRIER_Detail_1-768x512.jpg 768w, https:\/\/rissmann.com\/wp-content\/uploads\/2016\/10\/Einbandkartonage_LAURENT-PERRIER_Detail_1-1024x683.jpg 1024w, https:\/\/rissmann.com\/wp-content\/uploads\/2016\/10\/Einbandkartonage_LAURENT-PERRIER_Detail_1-800x533.jpg 800w, https:\/\/rissmann.com\/wp-content\/uploads\/2016\/10\/Einbandkartonage_LAURENT-PERRIER_Detail_1-600x400.jpg 600w, https:\/\/rissmann.com\/wp-content\/uploads\/2016\/10\/Einbandkartonage_LAURENT-PERRIER_Detail_1-345x230.jpg 345w\" sizes=\"(max-width: 1140px) 100vw, 1140px\" \/><\/a><p id=\"caption-attachment-5995\" class=\"wp-caption-text\"><i>highend<\/i><br \/>proc\u00e9d\u00e9s d&rsquo;impression &amp; d&rsquo;ennoblissement les plus vari\u00e9s<\/p><\/div>\n[\/vc_column_text][\/vc_column][vc_column width=\u00a0\u00bb1\/3&Prime; el_class=\u00a0\u00bbfs-caption\u00a0\u00bb][vc_column_text css_animation=\u00a0\u00bbappear\u00a0\u00bb css=\u00a0\u00bb.vc_custom_1494342645000{padding-top: 5px !important;padding-right: 5px !important;padding-bottom: 5px !important;padding-left: 5px !important;background-color: #ffffff !important;}\u00a0\u00bb]\n<div id=\"attachment_5992\" style=\"width: 1150px\" class=\"wp-caption alignnone\"><a href=\"https:\/\/rissmann.com\/wp-content\/uploads\/2016\/10\/Bookbox_RISSMANN-Neon_ambient_2.jpg\" rel=\"prettyPhoto\"><img aria-describedby=\"caption-attachment-5992\" loading=\"lazy\" class=\"wp-image-5992 size-full\" src=\"https:\/\/rissmann.com\/wp-content\/uploads\/2016\/10\/Bookbox_RISSMANN-Neon_ambient_2.jpg\" width=\"1140\" height=\"760\" srcset=\"https:\/\/rissmann.com\/wp-content\/uploads\/2016\/10\/Bookbox_RISSMANN-Neon_ambient_2.jpg 1140w, https:\/\/rissmann.com\/wp-content\/uploads\/2016\/10\/Bookbox_RISSMANN-Neon_ambient_2-300x200.jpg 300w, https:\/\/rissmann.com\/wp-content\/uploads\/2016\/10\/Bookbox_RISSMANN-Neon_ambient_2-768x512.jpg 768w, https:\/\/rissmann.com\/wp-content\/uploads\/2016\/10\/Bookbox_RISSMANN-Neon_ambient_2-1024x683.jpg 1024w, https:\/\/rissmann.com\/wp-content\/uploads\/2016\/10\/Bookbox_RISSMANN-Neon_ambient_2-800x533.jpg 800w, https:\/\/rissmann.com\/wp-content\/uploads\/2016\/10\/Bookbox_RISSMANN-Neon_ambient_2-600x400.jpg 600w, https:\/\/rissmann.com\/wp-content\/uploads\/2016\/10\/Bookbox_RISSMANN-Neon_ambient_2-345x230.jpg 345w\" sizes=\"(max-width: 1140px) 100vw, 1140px\" \/><\/a><p id=\"caption-attachment-5992\" class=\"wp-caption-text\"><i>la BookBox<\/i><br \/>&#8230;en look fluo avec estampe color\u00e9e<\/p><\/div>\n[\/vc_column_text][\/vc_column][\/vc_row][vc_row css=\u00a0\u00bb.vc_custom_1484245252058{margin-top: 20px !important;margin-bottom: 15px !important;}\u00a0\u00bb][vc_column width=\u00a0\u00bb1\/3&Prime; el_class=\u00a0\u00bbfs-caption\u00a0\u00bb][vc_column_text css_animation=\u00a0\u00bbappear\u00a0\u00bb css=\u00a0\u00bb.vc_custom_1494343229878{padding-top: 5px !important;padding-right: 5px !important;padding-bottom: 5px !important;padding-left: 5px !important;background-color: #ffffff !important;}\u00a0\u00bb]\n<div id=\"attachment_5997\" style=\"width: 1150px\" class=\"wp-caption alignnone\"><a href=\"https:\/\/rissmann.com\/wp-content\/uploads\/2016\/10\/Kragenkartoange_fixierter-Deckel_HEIDSIECK_1.jpg\" rel=\"prettyPhoto\"><img aria-describedby=\"caption-attachment-5997\" loading=\"lazy\" class=\"wp-image-5997 size-full\" src=\"https:\/\/rissmann.com\/wp-content\/uploads\/2016\/10\/Kragenkartoange_fixierter-Deckel_HEIDSIECK_1.jpg\" width=\"1140\" height=\"760\" srcset=\"https:\/\/rissmann.com\/wp-content\/uploads\/2016\/10\/Kragenkartoange_fixierter-Deckel_HEIDSIECK_1.jpg 1140w, https:\/\/rissmann.com\/wp-content\/uploads\/2016\/10\/Kragenkartoange_fixierter-Deckel_HEIDSIECK_1-300x200.jpg 300w, https:\/\/rissmann.com\/wp-content\/uploads\/2016\/10\/Kragenkartoange_fixierter-Deckel_HEIDSIECK_1-768x512.jpg 768w, https:\/\/rissmann.com\/wp-content\/uploads\/2016\/10\/Kragenkartoange_fixierter-Deckel_HEIDSIECK_1-1024x683.jpg 1024w, https:\/\/rissmann.com\/wp-content\/uploads\/2016\/10\/Kragenkartoange_fixierter-Deckel_HEIDSIECK_1-800x533.jpg 800w, https:\/\/rissmann.com\/wp-content\/uploads\/2016\/10\/Kragenkartoange_fixierter-Deckel_HEIDSIECK_1-600x400.jpg 600w, https:\/\/rissmann.com\/wp-content\/uploads\/2016\/10\/Kragenkartoange_fixierter-Deckel_HEIDSIECK_1-345x230.jpg 345w\" sizes=\"(max-width: 1140px) 100vw, 1140px\" \/><\/a><p id=\"caption-attachment-5997\" class=\"wp-caption-text\"><em><i>le cartonnage \u00e1 col<\/i><\/em><br \/>&#8230;d\u00e9guis\u00e9 \u00e9l\u00e9gamment en valise<\/p><\/div>\n[\/vc_column_text][\/vc_column][vc_column width=\u00a0\u00bb1\/3&Prime; el_class=\u00a0\u00bbfs-caption\u00a0\u00bb][vc_column_text css_animation=\u00a0\u00bbappear\u00a0\u00bb css=\u00a0\u00bb.vc_custom_1494343264074{padding-top: 5px !important;padding-right: 5px !important;padding-bottom: 5px !important;padding-left: 5px !important;background-color: #ffffff !important;}\u00a0\u00bb]\n<div id=\"attachment_6000\" style=\"width: 1150px\" class=\"wp-caption alignnone\"><a href=\"https:\/\/rissmann.com\/wp-content\/uploads\/2016\/10\/Stuelpdeckelkartonage_THE-KASE_ambient_1.jpg\" rel=\"prettyPhoto\"><img aria-describedby=\"caption-attachment-6000\" loading=\"lazy\" class=\"wp-image-6000 size-full\" src=\"https:\/\/rissmann.com\/wp-content\/uploads\/2016\/10\/Stuelpdeckelkartonage_THE-KASE_ambient_1.jpg\" width=\"1140\" height=\"760\" srcset=\"https:\/\/rissmann.com\/wp-content\/uploads\/2016\/10\/Stuelpdeckelkartonage_THE-KASE_ambient_1.jpg 1140w, https:\/\/rissmann.com\/wp-content\/uploads\/2016\/10\/Stuelpdeckelkartonage_THE-KASE_ambient_1-300x200.jpg 300w, https:\/\/rissmann.com\/wp-content\/uploads\/2016\/10\/Stuelpdeckelkartonage_THE-KASE_ambient_1-768x512.jpg 768w, https:\/\/rissmann.com\/wp-content\/uploads\/2016\/10\/Stuelpdeckelkartonage_THE-KASE_ambient_1-1024x683.jpg 1024w, https:\/\/rissmann.com\/wp-content\/uploads\/2016\/10\/Stuelpdeckelkartonage_THE-KASE_ambient_1-800x533.jpg 800w, https:\/\/rissmann.com\/wp-content\/uploads\/2016\/10\/Stuelpdeckelkartonage_THE-KASE_ambient_1-600x400.jpg 600w, https:\/\/rissmann.com\/wp-content\/uploads\/2016\/10\/Stuelpdeckelkartonage_THE-KASE_ambient_1-345x230.jpg 345w\" sizes=\"(max-width: 1140px) 100vw, 1140px\" \/><\/a><p id=\"caption-attachment-6000\" class=\"wp-caption-text\"><em><i>des lignes claires<\/i><\/em><br \/>&#8230;pour une \u00e9l\u00e9gance sportive<\/p><\/div>\n[\/vc_column_text][\/vc_column][vc_column width=\u00a0\u00bb1\/3&Prime; el_class=\u00a0\u00bbfs-caption\u00a0\u00bb][vc_column_text css_animation=\u00a0\u00bbappear\u00a0\u00bb css=\u00a0\u00bb.vc_custom_1494343305853{padding-top: 5px !important;padding-right: 5px !important;padding-bottom: 5px !important;padding-left: 5px !important;background-color: #ffffff !important;}\u00a0\u00bb]\n<div id=\"attachment_5999\" style=\"width: 1150px\" class=\"wp-caption alignnone\"><a href=\"https:\/\/rissmann.com\/wp-content\/uploads\/2016\/10\/Schuber_GIVANA_Detail_3_1200x800px.jpg\" rel=\"prettyPhoto\"><img aria-describedby=\"caption-attachment-5999\" loading=\"lazy\" class=\"wp-image-5999 size-full\" src=\"https:\/\/rissmann.com\/wp-content\/uploads\/2016\/10\/Schuber_GIVANA_Detail_3_1200x800px.jpg\" width=\"1140\" height=\"760\" srcset=\"https:\/\/rissmann.com\/wp-content\/uploads\/2016\/10\/Schuber_GIVANA_Detail_3_1200x800px.jpg 1140w, https:\/\/rissmann.com\/wp-content\/uploads\/2016\/10\/Schuber_GIVANA_Detail_3_1200x800px-300x200.jpg 300w, https:\/\/rissmann.com\/wp-content\/uploads\/2016\/10\/Schuber_GIVANA_Detail_3_1200x800px-768x512.jpg 768w, https:\/\/rissmann.com\/wp-content\/uploads\/2016\/10\/Schuber_GIVANA_Detail_3_1200x800px-1024x683.jpg 1024w, https:\/\/rissmann.com\/wp-content\/uploads\/2016\/10\/Schuber_GIVANA_Detail_3_1200x800px-800x533.jpg 800w, https:\/\/rissmann.com\/wp-content\/uploads\/2016\/10\/Schuber_GIVANA_Detail_3_1200x800px-600x400.jpg 600w, https:\/\/rissmann.com\/wp-content\/uploads\/2016\/10\/Schuber_GIVANA_Detail_3_1200x800px-345x230.jpg 345w\" sizes=\"(max-width: 1140px) 100vw, 1140px\" \/><\/a><p id=\"caption-attachment-5999\" class=\"wp-caption-text\"><em><i>d\u00e9corations \u00e9l\u00e9gantes<\/i><\/em><br \/>ennoblissement parfaits gr\u00e2ce \u00e0 des estampes sophistiqu\u00e9s<\/p><\/div>\n[\/vc_column_text][\/vc_column][\/vc_row]\n","protected":false},"excerpt":{"rendered":"<p>[vc_row][vc_column][vc_single_image image=\u00a0\u00bb3292&Prime; img_size=\u00a0\u00bbfull\u00a0\u00bb alignment=\u00a0\u00bbcenter\u00a0\u00bb title=\u00a0\u00bbgalerie\u00a0\u00bb el_class=\u00a0\u00bbfs-black\u00a0\u00bb][\/vc_column][\/vc_row][vc_row css=\u00a0\u00bb.vc_custom_1484245020819{margin-top: 35px !important;}\u00a0\u00bb][vc_column width=\u00a0\u00bb1\/6&Prime;][vc_column_text css_animation=\u00a0\u00bbbottom-to-top\u00a0\u00bb css=\u00a0\u00bb.vc_custom_1485764415069{padding-right: 40px !important;padding-left: 40px !important;}\u00a0\u00bb][\/vc_column_text][\/vc_column][vc_column width=\u00a0\u00bb2\/3&Prime;][vc_column_text] Laissez-vous inspirer et laissez libre cours \u00e0 vos id\u00e9es. Nous vous conseillons volontiers afin de cr\u00e9er le conditionnement parfaitement adapt\u00e9 \u00e0 votre produit. [\/vc_column_text][\/vc_column][vc_column width=\u00a0\u00bb1\/6&Prime;][\/vc_column][\/vc_row][vc_row css=\u00a0\u00bb.vc_custom_1481883727622{margin-top: 35px !important;}\u00a0\u00bb][vc_column width=\u00a0\u00bb1\/3&Prime; el_class=\u00a0\u00bbfs-caption\u00a0\u00bb][vc_column_text css_animation=\u00a0\u00bbappear\u00a0\u00bb css=\u00a0\u00bb.vc_custom_1494342349362{padding-top: 5px !important;padding-right: 5px !important;padding-bottom: 5px !important;padding-left:&#8230;<\/p>\n","protected":false},"author":1,"featured_media":0,"parent":10073,"menu_order":0,"comment_status":"closed","ping_status":"closed","template":"page-full.php","meta":[],"_links":{"self":[{"href":"https:\/\/rissmann.com\/fr\/wp-json\/wp\/v2\/pages\/10547"}],"collection":[{"href":"https:\/\/rissmann.com\/fr\/wp-json\/wp\/v2\/pages"}],"about":[{"href":"https:\/\/rissmann.com\/fr\/wp-json\/wp\/v2\/types\/page"}],"author":[{"embeddable":true,"href":"https:\/\/rissmann.com\/fr\/wp-json\/wp\/v2\/users\/1"}],"replies":[{"embeddable":true,"href":"https:\/\/rissmann.com\/fr\/wp-json\/wp\/v2\/comments?post=10547"}],"version-history":[{"count":0,"href":"https:\/\/rissmann.com\/fr\/wp-json\/wp\/v2\/pages\/10547\/revisions"}],"up":[{"embeddable":true,"href":"https:\/\/rissmann.com\/fr\/wp-json\/wp\/v2\/pages\/10073"}],"wp:attachment":[{"href":"https:\/\/rissmann.com\/fr\/wp-json\/wp\/v2\/media?parent=10547"}],"curies":[{"name":"wp","href":"https:\/\/api.w.org\/{rel}","templated":true}]}}