{"id":10073,"date":"2017-04-27T15:36:37","date_gmt":"2017-04-27T13:36:37","guid":{"rendered":"https:\/\/rissmann.com\/expose\/"},"modified":"2017-05-18T01:34:01","modified_gmt":"2017-05-17T23:34:01","slug":"expose","status":"publish","type":"page","link":"https:\/\/rissmann.com\/fr\/expose\/","title":{"rendered":"expos\u00e9"},"content":{"rendered":"[vc_row][vc_column][vc_single_image image=\u00a0\u00bb3291&Prime; img_size=\u00a0\u00bbfull\u00a0\u00bb alignment=\u00a0\u00bbcenter\u00a0\u00bb title=\u00a0\u00bbexpos\u00e9\u00a0\u00bb][\/vc_column][\/vc_row][vc_row css=\u00a0\u00bb.vc_custom_1484144696138{margin-top: 35px !important;}\u00a0\u00bb][vc_column width=\u00a0\u00bb1\/6&Prime;][\/vc_column][vc_column width=\u00a0\u00bb2\/3&Prime;][vc_column_text css_animation=\u00a0\u00bbbottom-to-top\u00a0\u00bb]\n<h4 style=\"text-align: center;\">D\u00e9couvrez une s\u00e9lection int\u00e9ressante de concepts de conditionnement r\u00e9alis\u00e9s avec succ\u00e8s ainsi qu&rsquo;un extrait de nos r\u00e9f\u00e9rences.<\/h4>\n[\/vc_column_text][\/vc_column][vc_column width=\u00a0\u00bb1\/6&Prime;][\/vc_column][\/vc_row][vc_row css=\u00a0\u00bb.vc_custom_1484144723910{margin-top: 35px !important;margin-bottom: 15px !important;}\u00a0\u00bb][vc_column width=\u00a0\u00bb1\/2&Prime; el_class=\u00a0\u00bbfs-caption\u00a0\u00bb][vc_single_image image=\u00a0\u00bb7642&Prime; img_size=\u00a0\u00bb565&#215;277&Prime; onclick=\u00a0\u00bbcustom_link\u00a0\u00bb css_animation=\u00a0\u00bbappear\u00a0\u00bb title=\u00a0\u00bbGALERIE\u00a0\u00bb link=\u00a0\u00bbhttps:\/\/rissmann.com\/fr\/expose\/galerie\/\u00a0\u00bb el_class=\u00a0\u00bbfs-level-1&Prime;][\/vc_column][vc_column width=\u00a0\u00bb1\/2&Prime; el_class=\u00a0\u00bbfs-caption\u00a0\u00bb][vc_single_image image=\u00a0\u00bb7663&Prime; img_size=\u00a0\u00bb565&#215;277&Prime; onclick=\u00a0\u00bbcustom_link\u00a0\u00bb css_animation=\u00a0\u00bbappear\u00a0\u00bb title=\u00a0\u00bbR\u00c9F\u00c9RENCES\u00a0\u00bb link=\u00a0\u00bbhttps:\/\/rissmann.com\/fr\/expose\/references\/\u00a0\u00bb el_class=\u00a0\u00bbfs-level-1&Prime;][\/vc_column][\/vc_row]\n","protected":false},"excerpt":{"rendered":"<p>[vc_row][vc_column][vc_single_image image=\u00a0\u00bb3291&Prime; img_size=\u00a0\u00bbfull\u00a0\u00bb alignment=\u00a0\u00bbcenter\u00a0\u00bb title=\u00a0\u00bbexpos\u00e9\u00a0\u00bb][\/vc_column][\/vc_row][vc_row css=\u00a0\u00bb.vc_custom_1484144696138{margin-top: 35px !important;}\u00a0\u00bb][vc_column width=\u00a0\u00bb1\/6&Prime;][\/vc_column][vc_column width=\u00a0\u00bb2\/3&Prime;][vc_column_text css_animation=\u00a0\u00bbbottom-to-top\u00a0\u00bb] D\u00e9couvrez une s\u00e9lection int\u00e9ressante de concepts de conditionnement r\u00e9alis\u00e9s avec succ\u00e8s ainsi qu&rsquo;un extrait de nos r\u00e9f\u00e9rences. [\/vc_column_text][\/vc_column][vc_column width=\u00a0\u00bb1\/6&Prime;][\/vc_column][\/vc_row][vc_row css=\u00a0\u00bb.vc_custom_1484144723910{margin-top: 35px !important;margin-bottom: 15px !important;}\u00a0\u00bb][vc_column width=\u00a0\u00bb1\/2&Prime; el_class=\u00a0\u00bbfs-caption\u00a0\u00bb][vc_single_image image=\u00a0\u00bb7642&Prime; img_size=\u00a0\u00bb565&#215;277&Prime; onclick=\u00a0\u00bbcustom_link\u00a0\u00bb css_animation=\u00a0\u00bbappear\u00a0\u00bb title=\u00a0\u00bbGALERIE\u00a0\u00bb link=\u00a0\u00bbhttps:\/\/rissmann.com\/fr\/expose\/galerie\/\u00a0\u00bb el_class=\u00a0\u00bbfs-level-1&Prime;][\/vc_column][vc_column width=\u00a0\u00bb1\/2&Prime; el_class=\u00a0\u00bbfs-caption\u00a0\u00bb][vc_single_image image=\u00a0\u00bb7663&Prime; img_size=\u00a0\u00bb565&#215;277&Prime; onclick=\u00a0\u00bbcustom_link\u00a0\u00bb css_animation=\u00a0\u00bbappear\u00a0\u00bb title=\u00a0\u00bbR\u00c9F\u00c9RENCES\u00a0\u00bb link=\u00a0\u00bbhttps:\/\/rissmann.com\/fr\/expose\/references\/\u00a0\u00bb el_class=\u00a0\u00bbfs-level-1&Prime;][\/vc_column][\/vc_row]<\/p>\n","protected":false},"author":1,"featured_media":0,"parent":0,"menu_order":0,"comment_status":"closed","ping_status":"closed","template":"page-full.php","meta":[],"_links":{"self":[{"href":"https:\/\/rissmann.com\/fr\/wp-json\/wp\/v2\/pages\/10073"}],"collection":[{"href":"https:\/\/rissmann.com\/fr\/wp-json\/wp\/v2\/pages"}],"about":[{"href":"https:\/\/rissmann.com\/fr\/wp-json\/wp\/v2\/types\/page"}],"author":[{"embeddable":true,"href":"https:\/\/rissmann.com\/fr\/wp-json\/wp\/v2\/users\/1"}],"replies":[{"embeddable":true,"href":"https:\/\/rissmann.com\/fr\/wp-json\/wp\/v2\/comments?post=10073"}],"version-history":[{"count":0,"href":"https:\/\/rissmann.com\/fr\/wp-json\/wp\/v2\/pages\/10073\/revisions"}],"wp:attachment":[{"href":"https:\/\/rissmann.com\/fr\/wp-json\/wp\/v2\/media?parent=10073"}],"curies":[{"name":"wp","href":"https:\/\/api.w.org\/{rel}","templated":true}]}}