{"id":10064,"date":"2017-04-27T15:34:20","date_gmt":"2017-04-27T13:34:20","guid":{"rendered":"https:\/\/rissmann.com\/effets\/papier\/"},"modified":"2017-05-18T14:03:56","modified_gmt":"2017-05-18T12:03:56","slug":"papier","status":"publish","type":"page","link":"https:\/\/rissmann.com\/fr\/effets\/papier\/","title":{"rendered":"papier"},"content":{"rendered":"[vc_row][vc_column][vc_single_image image=\u00a0\u00bb3271&Prime; img_size=\u00a0\u00bbfull\u00a0\u00bb alignment=\u00a0\u00bbcenter\u00a0\u00bb title=\u00a0\u00bbeffets\u00a0\u00bb][\/vc_column][\/vc_row][vc_row css=\u00a0\u00bb.vc_custom_1484147608868{margin-top: 50px !important;margin-right: 0px !important;margin-left: 0px !important;}\u00a0\u00bb][vc_column][vc_row_inner css=\u00a0\u00bb.vc_custom_1483013060204{padding-top: 30px !important;padding-right: 20px !important;padding-bottom: 30px !important;padding-left: 20px !important;background-color: #ffffff !important;}\u00a0\u00bb][vc_column_inner width=\u00a0\u00bb1\/2&Prime;][vc_column_text css_animation=\u00a0\u00bbright-to-left\u00a0\u00bb css=\u00a0\u00bb.vc_custom_1485350386490{padding-bottom: 26px !important;}\u00a0\u00bb]\n<h4 id=\"papier\" style=\"text-align: left;\"><strong>Papier<\/strong><\/h4>\n<p>Nous avons acc\u00e8s aux portfolios de papier complets de nos partenaires afin de cr\u00e9er et de produire un produit personnalis\u00e9 pour vous.<br \/>\nLa mati\u00e8re de d\u00e9part, le papier, peut \u00eatre utilis\u00e9 et transform\u00e9 dans des variantes innombrables, que ce soit pour un sac dans une qualit\u00e9 \u00e9prouv\u00e9e, avec un ennoblissement simple ou complexe, ou en tant que mati\u00e8re de r\u00e9f\u00e9rence ou doublure int\u00e9rieure pour les cartonnages.<br \/>\nVos d\u00e9sirs ne connaissent (presque) aucune limite en termes de toucher et de design visuel&#8230;[\/vc_column_text][\/vc_column_inner][vc_column_inner width=\u00a0\u00bb1\/2&Prime;][vc_images_carousel images=\u00a0\u00bb5662,6438,6437&Prime; img_size=\u00a0\u00bb530&#215;353&Prime;][\/vc_column_inner][\/vc_row_inner][\/vc_column][\/vc_row][vc_row css=\u00a0\u00bb.vc_custom_1485278797476{margin-top: 35px !important;margin-right: 0px !important;margin-bottom: 0px !important;margin-left: 0px !important;}\u00a0\u00bb][vc_column][vc_row_inner css=\u00a0\u00bb.vc_custom_1483013060204{padding-top: 30px !important;padding-right: 20px !important;padding-bottom: 30px !important;padding-left: 20px !important;background-color: #ffffff !important;}\u00a0\u00bb][vc_column_inner width=\u00a0\u00bb1\/2&Prime;][vc_images_carousel images=\u00a0\u00bb5663,5665,5894,6040&Prime; img_size=\u00a0\u00bb530&#215;353&Prime;][\/vc_column_inner][vc_column_inner width=\u00a0\u00bb1\/2&Prime; css=\u00a0\u00bb.vc_custom_1484226396996{padding-left: 23px !important;}\u00a0\u00bb][vc_column_text css_animation=\u00a0\u00bbright-to-left\u00a0\u00bb]\n<h4 id=\"druck\" style=\"text-align: left;\"><strong>Impression<\/strong><\/h4>\n<p>Vous pouvez faire imprimer la mati\u00e8re de votre cartonnage ou de votre sac personnalis\u00e9 selon tous les proc\u00e9d\u00e9s d&rsquo;impression classiques.<br \/>\nL&rsquo;impression offset, par exemple, offre un large champ de possibilit\u00e9s de personnalisation cr\u00e9ative et avantageuse avec de nombreuses couleurs sp\u00e9cifiques et des options d&rsquo;ennoblissement verni.<br \/>\nPar des techniques sp\u00e9ciales de s\u00e9rigraphie, il est possible d&rsquo;appliquer des \u00e9paisseurs de couche sp\u00e9ciales ou des mati\u00e8res sp\u00e9cifiques.[\/vc_column_text][\/vc_column_inner][\/vc_row_inner][\/vc_column][\/vc_row][vc_row css=\u00a0\u00bb.vc_custom_1485278807386{margin-top: 35px !important;margin-right: 0px !important;margin-left: 0px !important;}\u00a0\u00bb][vc_column][vc_row_inner css=\u00a0\u00bb.vc_custom_1483013060204{padding-top: 30px !important;padding-right: 20px !important;padding-bottom: 30px !important;padding-left: 20px !important;background-color: #ffffff !important;}\u00a0\u00bb][vc_column_inner width=\u00a0\u00bb1\/2&Prime;][vc_column_text css_animation=\u00a0\u00bbright-to-left\u00a0\u00bb css=\u00a0\u00bb.vc_custom_1485364214854{padding-bottom: 26px !important;}\u00a0\u00bb]\n<h4 id=\"cellophanierung\" style=\"text-align: left;\"><strong>Pelliculage<\/strong><\/h4>\n<p>Le pelliculage est la couverture du papier \/ du carton avec un film fin. L&rsquo;avantage du rev\u00eatement film est la protection sup\u00e9rieure de la mati\u00e8re, notamment contre l&rsquo;usure, la rupture des bords, les rayures et l&rsquo;humidit\u00e9. De plus, on obtient en plus un effet visuel et au toucher d&rsquo;ennoblissement.<br \/>\nNous pouvons volontiers vous conseiller sur les diverses possibilit\u00e9s de pelliculage pour votre conditionnement personnel.[\/vc_column_text][\/vc_column_inner][vc_column_inner width=\u00a0\u00bb1\/2&Prime;][vc_images_carousel images=\u00a0\u00bb12959,5579,12961&Prime; img_size=\u00a0\u00bb530&#215;353&Prime;][\/vc_column_inner][\/vc_row_inner][\/vc_column][\/vc_row][vc_row css=\u00a0\u00bb.vc_custom_1485278816532{margin-top: 35px !important;margin-right: 0px !important;margin-bottom: 15px !important;margin-left: 0px !important;}\u00a0\u00bb][vc_column][vc_row_inner css=\u00a0\u00bb.vc_custom_1483013060204{padding-top: 30px !important;padding-right: 20px !important;padding-bottom: 30px !important;padding-left: 20px !important;background-color: #ffffff !important;}\u00a0\u00bb][vc_column_inner width=\u00a0\u00bb1\/2&Prime;][vc_images_carousel images=\u00a0\u00bb10234,10233,10235,10232&Prime; img_size=\u00a0\u00bb530&#215;353&Prime;][\/vc_column_inner][vc_column_inner width=\u00a0\u00bb1\/2&Prime; css=\u00a0\u00bb.vc_custom_1484226396996{padding-left: 23px !important;}\u00a0\u00bb][vc_column_text css_animation=\u00a0\u00bbright-to-left\u00a0\u00bb]\n<h4 id=\"praegung\" style=\"text-align: left;\"><strong>Estampe<\/strong><\/h4>\n<p>Mettez en valeur votre emballage individuel avec une estampe sp\u00e9ciale et conf\u00e9rez-lui ainsi un effet original.<br \/>\nAvec une estampe \u00e0 film chaud, \u00e0 la place de l&rsquo;encre d&rsquo;impression, on applique par exemple un film fin en plastique sur le papier dans le cadre d&rsquo;un proc\u00e9d\u00e9 d&rsquo;estampe \u00e0 chaud. Ici, nous proposons un large choix de couleurs et d&rsquo;effets, avec des films m\u00e9tallis\u00e9s, mats ou m\u00eame holographiques.<br \/>\nBien \u00e9videmment, vous avez \u00e9galement la possibilit\u00e9 d&#8217;embosser votre motif dans un effet relief sophistiqu\u00e9 ou en profondeur ou de le combiner avec un film \u00e0 chaud.<\/p>\n<p>Optez pour une estampe et provoquez un effet choc avec votre produit![\/vc_column_text][\/vc_column_inner][\/vc_row_inner][\/vc_column][\/vc_row]\n","protected":false},"excerpt":{"rendered":"<p>[vc_row][vc_column][vc_single_image image=\u00a0\u00bb3271&Prime; img_size=\u00a0\u00bbfull\u00a0\u00bb alignment=\u00a0\u00bbcenter\u00a0\u00bb title=\u00a0\u00bbeffets\u00a0\u00bb][\/vc_column][\/vc_row][vc_row css=\u00a0\u00bb.vc_custom_1484147608868{margin-top: 50px !important;margin-right: 0px !important;margin-left: 0px !important;}\u00a0\u00bb][vc_column][vc_row_inner css=\u00a0\u00bb.vc_custom_1483013060204{padding-top: 30px !important;padding-right: 20px !important;padding-bottom: 30px !important;padding-left: 20px !important;background-color: #ffffff !important;}\u00a0\u00bb][vc_column_inner width=\u00a0\u00bb1\/2&Prime;][vc_column_text css_animation=\u00a0\u00bbright-to-left\u00a0\u00bb css=\u00a0\u00bb.vc_custom_1485350386490{padding-bottom: 26px !important;}\u00a0\u00bb] Papier Nous avons acc\u00e8s aux portfolios de papier complets de nos partenaires afin de cr\u00e9er et de produire un produit personnalis\u00e9 pour vous. La mati\u00e8re de d\u00e9part,&#8230;<\/p>\n","protected":false},"author":1,"featured_media":0,"parent":10047,"menu_order":0,"comment_status":"closed","ping_status":"closed","template":"page-full.php","meta":[],"_links":{"self":[{"href":"https:\/\/rissmann.com\/fr\/wp-json\/wp\/v2\/pages\/10064"}],"collection":[{"href":"https:\/\/rissmann.com\/fr\/wp-json\/wp\/v2\/pages"}],"about":[{"href":"https:\/\/rissmann.com\/fr\/wp-json\/wp\/v2\/types\/page"}],"author":[{"embeddable":true,"href":"https:\/\/rissmann.com\/fr\/wp-json\/wp\/v2\/users\/1"}],"replies":[{"embeddable":true,"href":"https:\/\/rissmann.com\/fr\/wp-json\/wp\/v2\/comments?post=10064"}],"version-history":[{"count":0,"href":"https:\/\/rissmann.com\/fr\/wp-json\/wp\/v2\/pages\/10064\/revisions"}],"up":[{"embeddable":true,"href":"https:\/\/rissmann.com\/fr\/wp-json\/wp\/v2\/pages\/10047"}],"wp:attachment":[{"href":"https:\/\/rissmann.com\/fr\/wp-json\/wp\/v2\/media?parent=10064"}],"curies":[{"name":"wp","href":"https:\/\/api.w.org\/{rel}","templated":true}]}}