{"id":10047,"date":"2017-04-27T15:16:53","date_gmt":"2017-04-27T13:16:53","guid":{"rendered":"https:\/\/rissmann.com\/effets\/"},"modified":"2017-05-18T01:20:52","modified_gmt":"2017-05-17T23:20:52","slug":"effets","status":"publish","type":"page","link":"https:\/\/rissmann.com\/fr\/effets\/","title":{"rendered":"effets"},"content":{"rendered":"[vc_row][vc_column][vc_single_image image=\u00a0\u00bb5638&Prime; img_size=\u00a0\u00bbfull\u00a0\u00bb alignment=\u00a0\u00bbcenter\u00a0\u00bb title=\u00a0\u00bbeffets\u00a0\u00bb][\/vc_column][\/vc_row][vc_row css=\u00a0\u00bb.vc_custom_1484145384318{margin-top: 35px !important;}\u00a0\u00bb][vc_column width=\u00a0\u00bb1\/6&Prime;][\/vc_column][vc_column width=\u00a0\u00bb2\/3&Prime;][vc_column_text css_animation=\u00a0\u00bbbottom-to-top\u00a0\u00bb]\n<h4 style=\"text-align: center;\">Les ennoblissements cr\u00e9atifs et techniquement complexes offrent des possibilit\u00e9s et des effets innombrables pour pr\u00e9senter votre produit de mani\u00e8re encore plus r\u00e9ussie.<\/h4>\n[\/vc_column_text][\/vc_column][vc_column width=\u00a0\u00bb1\/6&Prime;][\/vc_column][\/vc_row][vc_row css=\u00a0\u00bb.vc_custom_1484145403014{margin-top: 35px !important;margin-bottom: 15px !important;}\u00a0\u00bb][vc_column width=\u00a0\u00bb1\/4&Prime; el_class=\u00a0\u00bbfs-caption\u00a0\u00bb][vc_single_image image=\u00a0\u00bb7145&Prime; img_size=\u00a0\u00bb277&#215;277&Prime; onclick=\u00a0\u00bbcustom_link\u00a0\u00bb css_animation=\u00a0\u00bbappear\u00a0\u00bb title=\u00a0\u00bbPAPIER\u00a0\u00bb link=\u00a0\u00bbhttps:\/\/rissmann.com\/fr\/effets\/papier\/#papier\u00a0\u00bb el_class=\u00a0\u00bbfs-level-1&Prime;][\/vc_column][vc_column width=\u00a0\u00bb1\/4&Prime; el_class=\u00a0\u00bbfs-caption\u00a0\u00bb][vc_single_image image=\u00a0\u00bb5636&Prime; img_size=\u00a0\u00bb277&#215;277&Prime; onclick=\u00a0\u00bbcustom_link\u00a0\u00bb css_animation=\u00a0\u00bbappear\u00a0\u00bb title=\u00a0\u00bbIMPRESSION\u00a0\u00bb link=\u00a0\u00bbhttps:\/\/rissmann.com\/fr\/effets\/papier\/#druck\u00a0\u00bb el_class=\u00a0\u00bbfs-level-1&Prime;][\/vc_column][vc_column width=\u00a0\u00bb1\/4&Prime; el_class=\u00a0\u00bbfs-caption\u00a0\u00bb][vc_single_image image=\u00a0\u00bb5643&Prime; img_size=\u00a0\u00bb277&#215;277&Prime; onclick=\u00a0\u00bbcustom_link\u00a0\u00bb css_animation=\u00a0\u00bbappear\u00a0\u00bb title=\u00a0\u00bbPELLICULAGE\u00a0\u00bb link=\u00a0\u00bbhttps:\/\/rissmann.com\/fr\/effets\/papier\/#cellophanierung\u00a0\u00bb el_class=\u00a0\u00bbfs-level-1&Prime;][\/vc_column][vc_column width=\u00a0\u00bb1\/4&Prime; el_class=\u00a0\u00bbfs-caption\u00a0\u00bb][vc_single_image image=\u00a0\u00bb10268&Prime; img_size=\u00a0\u00bb277&#215;277&Prime; onclick=\u00a0\u00bbcustom_link\u00a0\u00bb css_animation=\u00a0\u00bbappear\u00a0\u00bb title=\u00a0\u00bbESTAMPE\u00a0\u00bb link=\u00a0\u00bbhttps:\/\/rissmann.com\/fr\/effets\/papier\/#praegung\u00a0\u00bb el_class=\u00a0\u00bbfs-level-1&Prime;][\/vc_column][\/vc_row]\n","protected":false},"excerpt":{"rendered":"<p>[vc_row][vc_column][vc_single_image image=\u00a0\u00bb5638&Prime; img_size=\u00a0\u00bbfull\u00a0\u00bb alignment=\u00a0\u00bbcenter\u00a0\u00bb title=\u00a0\u00bbeffets\u00a0\u00bb][\/vc_column][\/vc_row][vc_row css=\u00a0\u00bb.vc_custom_1484145384318{margin-top: 35px !important;}\u00a0\u00bb][vc_column width=\u00a0\u00bb1\/6&Prime;][\/vc_column][vc_column width=\u00a0\u00bb2\/3&Prime;][vc_column_text css_animation=\u00a0\u00bbbottom-to-top\u00a0\u00bb] Les ennoblissements cr\u00e9atifs et techniquement complexes offrent des possibilit\u00e9s et des effets innombrables pour pr\u00e9senter votre produit de mani\u00e8re encore plus r\u00e9ussie. [\/vc_column_text][\/vc_column][vc_column width=\u00a0\u00bb1\/6&Prime;][\/vc_column][\/vc_row][vc_row css=\u00a0\u00bb.vc_custom_1484145403014{margin-top: 35px !important;margin-bottom: 15px !important;}\u00a0\u00bb][vc_column width=\u00a0\u00bb1\/4&Prime; el_class=\u00a0\u00bbfs-caption\u00a0\u00bb][vc_single_image image=\u00a0\u00bb7145&Prime; img_size=\u00a0\u00bb277&#215;277&Prime; onclick=\u00a0\u00bbcustom_link\u00a0\u00bb css_animation=\u00a0\u00bbappear\u00a0\u00bb title=\u00a0\u00bbPAPIER\u00a0\u00bb link=\u00a0\u00bbhttps:\/\/rissmann.com\/fr\/effets\/papier\/#papier\u00a0\u00bb el_class=\u00a0\u00bbfs-level-1&Prime;][\/vc_column][vc_column width=\u00a0\u00bb1\/4&Prime; el_class=\u00a0\u00bbfs-caption\u00a0\u00bb][vc_single_image image=\u00a0\u00bb5636&Prime; img_size=\u00a0\u00bb277&#215;277&Prime; onclick=\u00a0\u00bbcustom_link\u00a0\u00bb css_animation=\u00a0\u00bbappear\u00a0\u00bb&#8230;<\/p>\n","protected":false},"author":1,"featured_media":0,"parent":0,"menu_order":0,"comment_status":"closed","ping_status":"closed","template":"page-full.php","meta":[],"_links":{"self":[{"href":"https:\/\/rissmann.com\/fr\/wp-json\/wp\/v2\/pages\/10047"}],"collection":[{"href":"https:\/\/rissmann.com\/fr\/wp-json\/wp\/v2\/pages"}],"about":[{"href":"https:\/\/rissmann.com\/fr\/wp-json\/wp\/v2\/types\/page"}],"author":[{"embeddable":true,"href":"https:\/\/rissmann.com\/fr\/wp-json\/wp\/v2\/users\/1"}],"replies":[{"embeddable":true,"href":"https:\/\/rissmann.com\/fr\/wp-json\/wp\/v2\/comments?post=10047"}],"version-history":[{"count":0,"href":"https:\/\/rissmann.com\/fr\/wp-json\/wp\/v2\/pages\/10047\/revisions"}],"wp:attachment":[{"href":"https:\/\/rissmann.com\/fr\/wp-json\/wp\/v2\/media?parent=10047"}],"curies":[{"name":"wp","href":"https:\/\/api.w.org\/{rel}","templated":true}]}}